{"id":317,"date":"2013-01-24T10:17:59","date_gmt":"2013-01-24T09:17:59","guid":{"rendered":"http:\/\/bibliotecas.unileon.es\/ciencias-economicas-empresariales\/?page_id=317"},"modified":"2025-06-25T10:16:14","modified_gmt":"2025-06-25T08:16:14","slug":"novedades-bibliograficas-2","status":"publish","type":"page","link":"https:\/\/bibliotecas.unileon.es\/ciencias-economicas-empresariales\/novedades-bibliograficas-2\/","title":{"rendered":"Novedades bibliogr\u00e1ficas"},"content":{"rendered":"<p>Difundimos peri\u00f3dicamente un Bolet\u00edn de novedades con los libros recibidos por compra o donaci\u00f3n en\u00a0 la Biblioteca y las \u00c1reas de conocimiento. Este es el \u00faltimo disponible:<\/p>\n<p><strong>Novedades marzo-junio.\u00a0 <\/strong><strong>Listados para imprimir\/descargar<\/strong><\/p>\n<p><a href=\"https:\/\/bibliotecas.unileon.es\/ciencias-economicas-empresariales\/files\/2025\/06\/Novedades-Biblio-junio25.pdf\" class=\"mtli_attachment mtli_pdf\" target=\"_blank\" rel=\"noopener\">Biblioteca<\/a><\/p>\n<p><a href=\"https:\/\/bibliotecas.unileon.es\/ciencias-economicas-empresariales\/files\/2025\/06\/Novedades-areas-junio25.pdf\" class=\"mtli_attachment mtli_pdf\" target=\"_blank\" rel=\"noopener\">\u00c1reas de conocimiento<\/a><\/p>\n<p>&nbsp;<\/p>\n<p style=\"text-align: justify;\">En la <a href=\"https:\/\/catoute.unileon.es\/discovery\/search?query=any,contains,%3F&amp;tab=Everything&amp;search_scope=MyInst_and_CI&amp;sortby=title&amp;vid=34BUC_ULE:VU1&amp;facet=library,exclude,5772%E2%80%93165108060005772&amp;facet=library,exclude,5772%E2%80%93165103880005772&amp;facet=library,exclude,5772%E2%80%93165104260005772&amp;facet=library,exclude,5772%E2%80%93165106540005772&amp;facet=library,exclude,5772%E2%80%93165104640005772&amp;facet=library,exclude,5772%E2%80%93165106160005772&amp;facet=library,exclude,5772%E2%80%93165107300005772&amp;facet=library,exclude,5772%E2%80%93165108820005772&amp;facet=library,exclude,5772%E2%80%93165103500005772&amp;facet=library,exclude,5772%E2%80%93165108440005772&amp;facet=library,exclude,5772%E2%80%93165109960005772&amp;facet=library,exclude,5772%E2%80%93165109200005772&amp;facet=library,exclude,5772%E2%80%93165107680005772&amp;facet=library,exclude,5772%E2%80%93165105400005772&amp;mfacet=library,include,5772%E2%80%93165105780005772,1&amp;mfacet=location_code,include,5772%E2%80%93165105780005772%E2%80%93je%20nov,2&amp;offset=0&amp;came_from=sort\" target=\"_blank\" rel=\"noopener\"><span style=\"color: #ff6600;\"><strong>Estanter\u00eda de novedades<\/strong><\/span><\/a> ubicamos una selecci\u00f3n de los libros m\u00e1s interesantes recibidos en las \u00faltimas semanas y la renovamos de forma peri\u00f3dica. Pinchando sobre la imagen se puede ver la lista de los libros que est\u00e1n actualmente en la Estanter\u00eda de novedades.<\/p>\n<p><a href=\"https:\/\/catoute.unileon.es\/discovery\/search?query=any,contains,%3F&amp;tab=Everything&amp;search_scope=MyInst_and_CI&amp;sortby=title&amp;vid=34BUC_ULE:VU1&amp;facet=library,exclude,5772%E2%80%93165108060005772&amp;facet=library,exclude,5772%E2%80%93165103880005772&amp;facet=library,exclude,5772%E2%80%93165104260005772&amp;facet=library,exclude,5772%E2%80%93165106540005772&amp;facet=library,exclude,5772%E2%80%93165104640005772&amp;facet=library,exclude,5772%E2%80%93165106160005772&amp;facet=library,exclude,5772%E2%80%93165107300005772&amp;facet=library,exclude,5772%E2%80%93165108820005772&amp;facet=library,exclude,5772%E2%80%93165103500005772&amp;facet=library,exclude,5772%E2%80%93165108440005772&amp;facet=library,exclude,5772%E2%80%93165109960005772&amp;facet=library,exclude,5772%E2%80%93165109200005772&amp;facet=library,exclude,5772%E2%80%93165107680005772&amp;facet=library,exclude,5772%E2%80%93165105400005772&amp;mfacet=library,include,5772%E2%80%93165105780005772,1&amp;mfacet=location_code,include,5772%E2%80%93165105780005772%E2%80%93je%20nov,2&amp;offset=0&amp;came_from=sort\" target=\"_blank\" rel=\"https:\/\/catoute.unileon.es\/discovery\/search?query=holding_call_number,contains,Temporalmente,AND&amp;tab=LibraryCatalog&amp;search_scope=MyInstitution&amp;sortby=title&amp;vid=34BUC_ULE:VU1&amp;lang=es&amp;mode=advanced&amp;offset=0 noopener\"><img loading=\"lazy\" decoding=\"async\" class=\"aligncenter\" src=\"https:\/\/bibliotecas.unileon.es\/ciencias-economicas-empresariales\/files\/2022\/01\/estanteria-de-novedades.jpg\" alt=\"\" width=\"546\" height=\"203\" \/><\/a><\/p>\n<p><strong>Acceso a las Novedades desde las colecciones del Cat\u00e1logo<\/strong><\/p>\n<p style=\"text-align: justify;\">Desde septiembre de 2021 el Bolet\u00edn de novedades se puede consultar tambi\u00e9n desde la opci\u00f3n \u00ab<a href=\"https:\/\/catoute.unileon.es\/discovery\/collectionDiscovery?vid=34BUC_ULE:VU1&amp;collectionId=81140138200005772\" target=\"_blank\" rel=\"noopener\">Colecciones \/ Biblioteca de Econ\u00f3micas \/ \u00daltimas adquisiciones<\/a>\u00bb del cat\u00e1logo de la Biblioteca.<\/p>\n<p style=\"text-align: justify;\">Podr\u00e1s ver directamente en el Cat\u00e1logo un listado de los nuevos libros recibidos en la <a href=\"https:\/\/catoute.unileon.es\/discovery\/collectionDiscovery?vid=34BUC_ULE:VU1&amp;collectionId=81140438420005772&amp;sortItemsBy=title\" target=\"_blank\" rel=\"noopener\">Biblioteca<\/a> y en las distintas \u00c1reas de conocimiento (<a href=\"https:\/\/catoute.unileon.es\/discovery\/collectionDiscovery?vid=34BUC_ULE:VU1&amp;collectionId=81140438410005772&amp;sortItemsBy=title\" target=\"_blank\" rel=\"noopener\">Contabilidad<\/a>, <a href=\"https:\/\/catoute.unileon.es\/discovery\/collectionDiscovery?vid=34BUC_ULE:VU1&amp;collectionId=81140438400005772&amp;sortItemsBy=title\" target=\"_blank\" rel=\"noopener\">Finanzas<\/a>, <a href=\"https:\/\/catoute.unileon.es\/discovery\/collectionDiscovery?vid=34BUC_ULE:VU1&amp;collectionId=81140438390005772&amp;sortItemsBy=title\" target=\"_blank\" rel=\"noopener\">Marketing<\/a>, <a href=\"https:\/\/catoute.unileon.es\/discovery\/collectionDiscovery?vid=34BUC_ULE:VU1&amp;collectionId=81140438360005772&amp;sortItemsBy=title\" target=\"_blank\" rel=\"noopener\">Organizaci\u00f3n de empresas<\/a>, <a href=\"https:\/\/catoute.unileon.es\/discovery\/collectionDiscovery?vid=34BUC_ULE:VU1&amp;collectionId=81140438380005772&amp;sortItemsBy=title\" target=\"_blank\" rel=\"noopener\">Econom\u00eda aplicada<\/a>, <a href=\"https:\/\/catoute.unileon.es\/discovery\/collectionDiscovery?vid=34BUC_ULE:VU1&amp;collectionId=81179561990005772&amp;lang=es\" target=\"_blank\" rel=\"noopener\">Historia e Instituciones Econ\u00f3micas<\/a>, <a href=\"https:\/\/catoute.unileon.es\/discovery\/collectionDiscovery?vid=34BUC_ULE:VU1&amp;collectionId=81179561950005772&amp;lang=es\" target=\"_blank\" rel=\"noopener\">M\u00e9todos cuantitativos para la econom\u00eda y la empresa<\/a>, y <a href=\"https:\/\/catoute.unileon.es\/discovery\/collectionDiscovery?vid=34BUC_ULE:VU1&amp;collectionId=81140438370005772&amp;sortItemsBy=title\" target=\"_blank\" rel=\"noopener\">Estad\u00edstica<\/a>) y conocer su ubicaci\u00f3n y disponibilidad.<\/p>\n<h3 style=\"text-align: center;\"><a href=\"https:\/\/catoute.unileon.es\/discovery\/collectionDiscovery?vid=34BUC_ULE:VU1\" target=\"_blank\" rel=\"noopener\"><img loading=\"lazy\" decoding=\"async\" class=\"alignnone\" src=\"https:\/\/bibliotecas.unileon.es\/ciencias-economicas-empresariales\/files\/2022\/02\/colecciones-primo-novedades.jpg\" alt=\"\" width=\"626\" height=\"457\" \/><\/a><\/h3>\n<p>&nbsp;<\/p>\n<p>&nbsp;<\/p>\n<p>&nbsp;<\/p>\n<p>&nbsp;<\/p>\n<p>&nbsp;<\/p>\n","protected":false},"excerpt":{"rendered":"<p>Difundimos peri\u00f3dicamente un Bolet\u00edn de novedades con los libros recibidos por compra o donaci\u00f3n en\u00a0 la Biblioteca y las \u00c1reas de conocimiento. Este es el \u00faltimo disponible: Novedades marzo-junio.\u00a0 Listados para imprimir\/descargar Biblioteca \u00c1reas de conocimiento &nbsp; En la Estanter\u00eda &hellip; <a href=\"https:\/\/bibliotecas.unileon.es\/ciencias-economicas-empresariales\/novedades-bibliograficas-2\/\">Sigue leyendo <span class=\"meta-nav\">&rarr;<\/span><\/a><\/p>\n","protected":false},"author":22,"featured_media":0,"parent":0,"menu_order":0,"comment_status":"open","ping_status":"open","template":"","meta":{"_bbp_topic_count":0,"_bbp_reply_count":0,"_bbp_total_topic_count":0,"_bbp_total_reply_count":0,"_bbp_voice_count":0,"_bbp_anonymous_reply_count":0,"_bbp_topic_count_hidden":0,"_bbp_reply_count_hidden":0,"_bbp_forum_subforum_count":0,"footnotes":""},"class_list":["post-317","page","type-page","status-publish","hentry"],"_links":{"self":[{"href":"https:\/\/bibliotecas.unileon.es\/ciencias-economicas-empresariales\/wp-json\/wp\/v2\/pages\/317","targetHints":{"allow":["GET"]}}],"collection":[{"href":"https:\/\/bibliotecas.unileon.es\/ciencias-economicas-empresariales\/wp-json\/wp\/v2\/pages"}],"about":[{"href":"https:\/\/bibliotecas.unileon.es\/ciencias-economicas-empresariales\/wp-json\/wp\/v2\/types\/page"}],"author":[{"embeddable":true,"href":"https:\/\/bibliotecas.unileon.es\/ciencias-economicas-empresariales\/wp-json\/wp\/v2\/users\/22"}],"replies":[{"embeddable":true,"href":"https:\/\/bibliotecas.unileon.es\/ciencias-economicas-empresariales\/wp-json\/wp\/v2\/comments?post=317"}],"version-history":[{"count":41,"href":"https:\/\/bibliotecas.unileon.es\/ciencias-economicas-empresariales\/wp-json\/wp\/v2\/pages\/317\/revisions"}],"predecessor-version":[{"id":2164,"href":"https:\/\/bibliotecas.unileon.es\/ciencias-economicas-empresariales\/wp-json\/wp\/v2\/pages\/317\/revisions\/2164"}],"wp:attachment":[{"href":"https:\/\/bibliotecas.unileon.es\/ciencias-economicas-empresariales\/wp-json\/wp\/v2\/media?parent=317"}],"curies":[{"name":"wp","href":"https:\/\/api.w.org\/{rel}","templated":true}]}}