{"id":445,"date":"2013-02-22T13:04:32","date_gmt":"2013-02-22T12:04:32","guid":{"rendered":"http:\/\/bibliotecas.unileon.es\/ciencias-economicas-empresariales\/?page_id=445"},"modified":"2021-09-16T12:40:16","modified_gmt":"2021-09-16T10:40:16","slug":"prestamo-interbibliotecario","status":"publish","type":"page","link":"https:\/\/bibliotecas.unileon.es\/ciencias-economicas-empresariales\/prestamo-interbibliotecario\/","title":{"rendered":"Pr\u00e9stamo interbibliotecario"},"content":{"rendered":"<p>El servicio de pr\u00e9stamo interbibliotecario tiene como objetivo la obtenci\u00f3n de documentos que no se encuentran entre los fondos de\u00a0 la Biblioteca de la Universidad de Le\u00f3n, bien por medio del pr\u00e9stamo o de la reproducci\u00f3n de los documentos originales.<\/p>\n<p>M\u00e1s informaci\u00f3n, normativa, formulario de solicitud y tarifas en el apartado <a href=\"https:\/\/biblioteca.unileon.es\/c.php?g=687720&amp;p=4918450#s-lg-box-wrapper-18272769\" target=\"_blank\" rel=\"noopener\">Utiliza\/Pr\u00e9stamo interbibliotecario<\/a> del Portal de la Biblioteca Universitaria.<\/p>\n<p>&nbsp;<\/p>\n","protected":false},"excerpt":{"rendered":"<p>El servicio de pr\u00e9stamo interbibliotecario tiene como objetivo la obtenci\u00f3n de documentos que no se encuentran entre los fondos de\u00a0 la Biblioteca de la Universidad de Le\u00f3n, bien por medio del pr\u00e9stamo o de la reproducci\u00f3n de los documentos originales. &hellip; <a href=\"https:\/\/bibliotecas.unileon.es\/ciencias-economicas-empresariales\/prestamo-interbibliotecario\/\">Sigue leyendo <span class=\"meta-nav\">&rarr;<\/span><\/a><\/p>\n","protected":false},"author":22,"featured_media":0,"parent":0,"menu_order":0,"comment_status":"open","ping_status":"open","template":"","meta":{"_bbp_topic_count":0,"_bbp_reply_count":0,"_bbp_total_topic_count":0,"_bbp_total_reply_count":0,"_bbp_voice_count":0,"_bbp_anonymous_reply_count":0,"_bbp_topic_count_hidden":0,"_bbp_reply_count_hidden":0,"_bbp_forum_subforum_count":0,"footnotes":""},"class_list":["post-445","page","type-page","status-publish","hentry"],"_links":{"self":[{"href":"https:\/\/bibliotecas.unileon.es\/ciencias-economicas-empresariales\/wp-json\/wp\/v2\/pages\/445","targetHints":{"allow":["GET"]}}],"collection":[{"href":"https:\/\/bibliotecas.unileon.es\/ciencias-economicas-empresariales\/wp-json\/wp\/v2\/pages"}],"about":[{"href":"https:\/\/bibliotecas.unileon.es\/ciencias-economicas-empresariales\/wp-json\/wp\/v2\/types\/page"}],"author":[{"embeddable":true,"href":"https:\/\/bibliotecas.unileon.es\/ciencias-economicas-empresariales\/wp-json\/wp\/v2\/users\/22"}],"replies":[{"embeddable":true,"href":"https:\/\/bibliotecas.unileon.es\/ciencias-economicas-empresariales\/wp-json\/wp\/v2\/comments?post=445"}],"version-history":[{"count":1,"href":"https:\/\/bibliotecas.unileon.es\/ciencias-economicas-empresariales\/wp-json\/wp\/v2\/pages\/445\/revisions"}],"predecessor-version":[{"id":446,"href":"https:\/\/bibliotecas.unileon.es\/ciencias-economicas-empresariales\/wp-json\/wp\/v2\/pages\/445\/revisions\/446"}],"wp:attachment":[{"href":"https:\/\/bibliotecas.unileon.es\/ciencias-economicas-empresariales\/wp-json\/wp\/v2\/media?parent=445"}],"curies":[{"name":"wp","href":"https:\/\/api.w.org\/{rel}","templated":true}]}}