{"id":463,"date":"2013-02-25T09:36:11","date_gmt":"2013-02-25T08:36:11","guid":{"rendered":"http:\/\/bibliotecas.unileon.es\/ciencias-economicas-empresariales\/?page_id=463"},"modified":"2017-03-17T11:25:19","modified_gmt":"2017-03-17T10:25:19","slug":"acceso-desde-fuera-de-la-ule","status":"publish","type":"page","link":"https:\/\/bibliotecas.unileon.es\/ciencias-economicas-empresariales\/acceso-desde-fuera-de-la-ule\/","title":{"rendered":"Acceso desde fuera de la ULE"},"content":{"rendered":"<p>Cuando se\u00a0consultan los recursos electr\u00f3nicos desde un ordenador de la ULE (tanto desde \u00a0la red fija como Wi-Fi) el acceso es inmediato. El proveedor reconoce la IP del equipo y permite la\u00a0consulta al identificarla como procedente de un usuario autorizado.<br \/>\nNo obstante, cuando el acceso se hace desde casa es imprescindible identificarse. Este proceso de identificaci\u00f3n var\u00eda en funci\u00f3n de las bases de datos.<br \/>\nEl objetivo de la Biblioteca Universitaria es implantar en los pr\u00f3ximos meses un modo de acceso \u00fanico desde fuera del Campus para todos los recursos electr\u00f3nicos mediante\u00a0los datos de usuario y contrase\u00f1a de la cuenta institucional de correo electr\u00f3nico. No obstante, en estos momentos todav\u00eda conviven diferentes sistemas e\u00a0incluso el acceso a un mismo recurso puede hacerse por distintas v\u00edas.<\/p>\n<p>&nbsp;<\/p>\n<p><span style=\"color: #ff6600; font-size: large;\"><strong>1. Identificaci\u00f3n mediante los datos de la cuenta de correo (Usuario y contrase\u00f1a) a trav\u00e9s de la RedIris.<\/strong><strong><br \/>\n<\/strong><\/span>En las bases de datos que utilizan este sistema de identificaci\u00f3n remota, el usuario simplemente tendr\u00e1 que elegir, entre un desplegable de instituciones, aquella a la que pertenece (Universidad de Le\u00f3n) e identificarse con el usuario y contrase\u00f1a de su cuenta de correo electr\u00f3nico institucional. En estos momentos, esta identifiaci\u00f3n es v\u00e1lida para acceder a:<\/p>\n<p>ABI\/Inform Complete<br \/>\nEmerald<br \/>\nScienceDirect<br \/>\nScopus<br \/>\nSpringerLink<br \/>\nWeb of knowledge (Web of Science y Journal Citations Report)<\/p>\n<p>&nbsp;<\/p>\n<p><span style=\"font-size: large; color: #ff6600;\"><strong>2. Identificaci\u00f3n realizada por la Biblioteca a trav\u00e9s de los datos del carnet universitario (WAM, Web Access Management)<\/strong><\/span><br \/>\nEl sistema solicita nombre de usuario (apelidos + nombre)\u00a0y n\u00famero que figura encima del c\u00f3digo de barras del carnet universitario.\u00a0Esta forma de identificaci\u00f3n es v\u00e1lida para las siguientes bases de datos y colecciones de revistas electr\u00f3nicas de inter\u00e9s para econom\u00eda y empresa:<\/p>\n<p>ISOC<br \/>\nWestlaw<br \/>\nJSTOR Business<br \/>\nEmerald Fulltext<br \/>\nSpringerLink<br \/>\nWiley Online Library<\/p>\n<p><em>Es muy importante que el carnet universitario est\u00e9 vigente para que la identificaci\u00f3n sea correcta.<\/em><\/p>\n<p>&nbsp;<\/p>\n<p><span style=\"font-size: large;\"><strong><span style=\"color: #ff6600;\">3. Identificaci\u00f3n realizada directamente por el proveedor<\/span><\/strong><\/span><br \/>\n<em><span style=\"color: #ff6600;\">a). Mediante registro personal con usuario y contrase\u00f1a<\/span><\/em><br \/>\nEn este caso <span style=\"text-decoration: underline;\"><strong>el usuario tendr\u00e1 que <\/strong><strong>haber creado previamente una cuenta de acceso a la base de datos desde un ordenador de la Universidad<\/strong><\/span>. Para ello hay que entrar en la base de datos y buscar la opci\u00f3n \u00abCrear una cuenta\u00bb, \u00abRegister\u00bb, \u00abSign in\u00bb\u00a0o similar\u00a0.<br \/>\nLa creaci\u00f3n de una cuenta permite adem\u00e1s\u00a0el acceso a determinadas opciones personalizadas como crear y recibir alertas, guardar b\u00fasquedas, etc.<br \/>\nUna vez creada la cuenta, el acceso desde fuera del Campus se realiza mediante el nombre de usuario y la contrase\u00f1a elegidos. Esta forma de identificaci\u00f3n es posible para:<\/p>\n<p>ABI\/Inform Complete<br \/>\nWeb of knowledge (incluye Web of Science y Journal Citation Reports -JCR-)<br \/>\nScienceDirect<br \/>\nScopus (los datos de la cuenta creada en ScienceDirect sirven tambi\u00e9n para acceder a Scopus)<\/p>\n<p><em><span style=\"color: #ff6600;\">b). Mediante usuario y contrase\u00f1a proporcionadas por el editor<br \/>\n<\/span><\/em><span style=\"color: #333333;\">En otras es el proveedor el que nos proporciona un usuario y una contrase\u00f1a para acceder al recurso, tanto desde dentro como desde fuera de la ULE. Es necesario solicitar esta informaci\u00f3n en el mostrador de la Biblioteca.<br \/>\nEsta forma de identificaci\u00f3n es necesaria para las bases de datos UNComtrade y TradeLibrary. Tambi\u00e9n muchas revistas individuales, sobre todo espa\u00f1olas, permiten el acceso a la versi\u00f3n electr\u00f3nica por este medio.<\/span><em><span style=\"color: #ff6600;\"><br \/>\n<\/span><\/em><\/p>\n<p>En\u00a0los apartados <a href=\"http:\/\/bibliotecas.unileon.es\/ciencias-economicas-empresariales\/bases-de-datos\/\" target=\"_blank\">\u00abBases de datos suscritas\u00bb<\/a> y <a href=\"http:\/\/bibliotecas.unileon.es\/ciencias-economicas-empresariales\/revistas-electronicas\/\" target=\"_blank\">\u00abRevistas electr\u00f3nicas (colecciones y t\u00edtulos) <\/a>de este blog se puede consultar una gu\u00eda con todos los pasos a seguir para realizar el acceso desde casa a cada uno de los recursos contratados por cualquiera de estos m\u00e9todos.<br \/>\nIgualmente, desde el registro en el cat\u00e1logo bibliogr\u00e1fico, en\u00a0el apartado \u00abDescripci\u00f3n del recurso, gu\u00edas&#8230;\u00bb se accede a esta informaci\u00f3n.<\/p>\n<p>&nbsp;<\/p>\n<p>&nbsp;<\/p>\n","protected":false},"excerpt":{"rendered":"<p>Cuando se\u00a0consultan los recursos electr\u00f3nicos desde un ordenador de la ULE (tanto desde \u00a0la red fija como Wi-Fi) el acceso es inmediato. El proveedor reconoce la IP del equipo y permite la\u00a0consulta al identificarla como procedente de un usuario autorizado. &hellip; <a href=\"https:\/\/bibliotecas.unileon.es\/ciencias-economicas-empresariales\/acceso-desde-fuera-de-la-ule\/\">Sigue leyendo <span class=\"meta-nav\">&rarr;<\/span><\/a><\/p>\n","protected":false},"author":22,"featured_media":0,"parent":0,"menu_order":0,"comment_status":"open","ping_status":"open","template":"","meta":{"_bbp_topic_count":0,"_bbp_reply_count":0,"_bbp_total_topic_count":0,"_bbp_total_reply_count":0,"_bbp_voice_count":0,"_bbp_anonymous_reply_count":0,"_bbp_topic_count_hidden":0,"_bbp_reply_count_hidden":0,"_bbp_forum_subforum_count":0,"footnotes":""},"class_list":["post-463","page","type-page","status-publish","hentry"],"_links":{"self":[{"href":"https:\/\/bibliotecas.unileon.es\/ciencias-economicas-empresariales\/wp-json\/wp\/v2\/pages\/463","targetHints":{"allow":["GET"]}}],"collection":[{"href":"https:\/\/bibliotecas.unileon.es\/ciencias-economicas-empresariales\/wp-json\/wp\/v2\/pages"}],"about":[{"href":"https:\/\/bibliotecas.unileon.es\/ciencias-economicas-empresariales\/wp-json\/wp\/v2\/types\/page"}],"author":[{"embeddable":true,"href":"https:\/\/bibliotecas.unileon.es\/ciencias-economicas-empresariales\/wp-json\/wp\/v2\/users\/22"}],"replies":[{"embeddable":true,"href":"https:\/\/bibliotecas.unileon.es\/ciencias-economicas-empresariales\/wp-json\/wp\/v2\/comments?post=463"}],"version-history":[{"count":25,"href":"https:\/\/bibliotecas.unileon.es\/ciencias-economicas-empresariales\/wp-json\/wp\/v2\/pages\/463\/revisions"}],"predecessor-version":[{"id":491,"href":"https:\/\/bibliotecas.unileon.es\/ciencias-economicas-empresariales\/wp-json\/wp\/v2\/pages\/463\/revisions\/491"}],"wp:attachment":[{"href":"https:\/\/bibliotecas.unileon.es\/ciencias-economicas-empresariales\/wp-json\/wp\/v2\/media?parent=463"}],"curies":[{"name":"wp","href":"https:\/\/api.w.org\/{rel}","templated":true}]}}