{"id":469,"date":"2013-02-25T09:37:20","date_gmt":"2013-02-25T08:37:20","guid":{"rendered":"http:\/\/bibliotecas.unileon.es\/ciencias-economicas-empresariales\/?page_id=469"},"modified":"2026-04-08T15:11:47","modified_gmt":"2026-04-08T13:11:47","slug":"revistas-electronicas","status":"publish","type":"page","link":"https:\/\/bibliotecas.unileon.es\/ciencias-economicas-empresariales\/revistas-electronicas\/","title":{"rendered":"Revistas electr\u00f3nicas (colecciones y t\u00edtulos)"},"content":{"rendered":"<p>Todas las revistas electr\u00f3nicas suscritas por la Biblioteca pueden ser buscadas por su t\u00edtulo en el <a href=\"https:\/\/catoute.unileon.es\/discovery\/search?vid=34BUC_ULE:VU1&amp;lang=es\" target=\"_blank\" rel=\"noopener noreferrer\">Cat\u00e1logo bibliogr\u00e1fico<\/a>, bien en el \u00abCat\u00e1logo general\u00bb o en la b\u00fasqueda espec\u00edfica de \u00ab<a href=\"https:\/\/catoute.unileon.es\/discovery\/jsearch?vid=34BUC_ULE:VU1&amp;lang=es\" target=\"_blank\" rel=\"noopener noreferrer\">Revistas<\/a>\u00ab, tanto si forman parte de una colecci\u00f3n como si han sido adquiridos individualmente.<\/p>\n<p>Una vez localizado el registro debes prestar especial atenci\u00f3n al apartado \u00abLocalizaci\u00f3n\u00bb donde podr\u00e1s encontrar informaci\u00f3n sobre los a\u00f1os disponibles as\u00ed como un enlace que te llevar\u00e1 a la colecci\u00f3n de revistas o base de datos en la que este t\u00edtulo est\u00e9 incluido en caso de estar disponible en formato electr\u00f3nico.<br \/>\nTen en cuenta que el editor impone en ocasiones restricciones de acceso a algunos a\u00f1os. Si esto sucede y la Biblioteca no dispone de versi\u00f3n impresa de la revista\u00a0puedes conseguir el texto del art\u00edculo mediante <a href=\"http:\/\/biblioteca.unileon.es\/servicios\/prestamo-interbibliotecario\" target=\"_blank\" rel=\"noopener noreferrer\">pr\u00e9stamo interbibliotecario<\/a>.<\/p>\n<p>&nbsp;<\/p>\n<p><span style=\"font-size: large; color: #ff6600;\"><strong>COLECCIONES DE REVISTAS ELECTR\u00d3NICAS<\/strong><\/span><\/p>\n<p>&nbsp;<\/p>\n<table border=\"1\" cellspacing=\"0\" cellpadding=\"0\">\n<tbody>\n<tr>\n<td valign=\"top\" width=\"192\">\n<p align=\"center\"><span style=\"color: #ff6600;\"><b>T\u00edtulo<\/b><\/span><\/p>\n<p align=\"center\"><span style=\"color: #ff6600;\"><b>(pinchar para acceder)<\/b><\/span><\/p>\n<\/td>\n<td valign=\"top\" width=\"192\">\n<p align=\"center\"><span style=\"color: #ff6600;\"><b>Productor<\/b><\/span><\/p>\n<p align=\"center\"><span style=\"color: #ff6600;\"><b>Contenido<\/b><\/span><\/p>\n<\/td>\n<td valign=\"top\" width=\"192\">\n<p align=\"center\"><span style=\"color: #ff6600;\"><b>Acceso, Gu\u00edas de uso y Tutoriales<\/b><\/span><\/p>\n<\/td>\n<\/tr>\n<tr>\n<td style=\"width: 90px;\" valign=\"top\" width=\"192\">\n<p align=\"center\"><a href=\"https:\/\/catoute.unileon.es\/discovery\/dbfulldisplay?docid=alma99307942206036&amp;context=L&amp;vid=34BUC_ULE:VU1&amp;lang=es\" target=\"_blank\" rel=\"noopener noreferrer\"><img loading=\"lazy\" decoding=\"async\" class=\"\" src=\"http:\/\/bibliotecas.unileon.es\/ciencias-economicas-empresariales\/files\/2015\/03\/jstor-logo.png\" alt=\"\" width=\"84\" height=\"84\" \/><\/a><\/p>\n<h6 align=\"center\"><a href=\"https:\/\/catoute.unileon.es\/discovery\/dbfulldisplay?docid=alma99307942206036&amp;context=L&amp;vid=34BUC_ULE:VU1&amp;lang=es\" target=\"_blank\" rel=\"noopener noreferrer\"><strong>JSTOR. Business<\/strong><\/a><\/h6>\n<\/td>\n<td valign=\"top\" width=\"192\">JSTOR. 60 revistas sobre negocios con la particularidad de estar disponibles desde el primer n\u00famero publicado. Sin embargo, no ofrece acceso a los a\u00f1os recientes.<\/td>\n<td style=\"text-align: center;\" valign=\"top\" width=\"192\"><a href=\"https:\/\/videos.unileon.es\/video\/5eb931258f420898538b4570\" target=\"_blank\" rel=\"noopener noreferrer\">Acceso desde casa.Videotutorial<\/a><a href=\"https:\/\/support.jstor.org\/hc\/en-us\/p\/tutorials\" target=\"_blank\" rel=\"noopener\">Videotutoriales y tutoriales en l\u00ednea (en ingl\u00e9s<\/a>)<\/p>\n<p>&nbsp;<\/td>\n<\/tr>\n<tr>\n<td valign=\"top\" width=\"192\">\n<p align=\"center\"><a href=\"https:\/\/catoute.unileon.es\/discovery\/dbfulldisplay?docid=alma991005733979705772&amp;context=L&amp;vid=34BUC_ULE:VU1&amp;lang=es\" target=\"_blank\" rel=\"noopener noreferrer\"><img loading=\"lazy\" decoding=\"async\" src=\"http:\/\/bibliotecas.unileon.es\/ciencias-economicas-empresariales\/files\/2015\/03\/emerald_logo_new.gif\" alt=\"\" width=\"178\" height=\"34\" \/><\/a><\/p>\n<h6 align=\"center\"><a href=\"https:\/\/catoute.unileon.es\/discovery\/dbfulldisplay?docid=alma991005733979705772&amp;context=L&amp;vid=34BUC_ULE:VU1&amp;lang=es\" target=\"_blank\" rel=\"noopener noreferrer\"><strong>Emerald Fulltext<\/strong><\/a><\/h6>\n<\/td>\n<td valign=\"top\" width=\"192\">\u00a0111 revistas a texto completo de la editorial MCB sobre administraci\u00f3n y gesti\u00f3n de empresas.<\/td>\n<td valign=\"top\" width=\"192\">\n<p align=\"center\"><a href=\"https:\/\/videos.unileon.es\/video\/5eb92f0e8f4208e4528b4573\" target=\"_blank\" rel=\"noopener noreferrer\">Acceso desde casa. Videotutorial<\/a><\/p>\n<p align=\"center\"><a href=\"https:\/\/www.emeraldgrouppublishing.com\/how-to\" target=\"_blank\" rel=\"noopener\">Ayuda en la web de Emerald<\/a><\/p>\n<p align=\"center\">\n<\/td>\n<\/tr>\n<tr>\n<td valign=\"top\" width=\"192\">\n<p align=\"center\"><a href=\"https:\/\/catoute.unileon.es\/permalink\/34BUC_ULE\/fj2rcr\/alma991008727977205772\" target=\"_blank\" rel=\"noopener noreferrer\"><img loading=\"lazy\" decoding=\"async\" class=\"alignnone\" src=\"http:\/\/bibliotecas.unileon.es\/ciencias-economicas-empresariales\/files\/2015\/03\/sciencedirect-logo.jpg\" alt=\"\" width=\"194\" height=\"43\" \/><\/a><\/p>\n<\/td>\n<td valign=\"top\" width=\"192\">Elsevier. Texto completo, sumarios y res\u00famenes de casi 2.000 revistas de las editoriales Elsevier, Pergamon y Northolland (multidisciplinar)<\/td>\n<td valign=\"top\" width=\"192\">\n<p align=\"center\"><a href=\"https:\/\/videos.unileon.es\/video\/5eb92d568f420858528b457d\" target=\"_blank\" rel=\"noopener noreferrer\">Acceso desde casa. Videotutorial<\/a><\/p>\n<p align=\"center\"><a href=\"https:\/\/elsevier.libguides.com\/sciencedirect\" target=\"_blank\" rel=\"noopener\">Gu\u00eda en la web de Elsevier<\/a><\/p>\n<p align=\"center\">\n<\/td>\n<\/tr>\n<tr>\n<td valign=\"top\" width=\"192\">\n<p align=\"center\"><a href=\"https:\/\/catoute.unileon.es\/discovery\/dbfulldisplay?docid=alma991005735329705772&amp;context=L&amp;vid=34BUC_ULE:VU1&amp;lang=es\" target=\"_blank\" rel=\"noopener noreferrer\"><img loading=\"lazy\" decoding=\"async\" src=\"http:\/\/bibliotecas.unileon.es\/ciencias-economicas-empresariales\/files\/2015\/03\/logo-springer.jpg\" alt=\"\" width=\"196\" height=\"56\" \/><\/a><\/p>\n<\/td>\n<td valign=\"top\" width=\"192\">\u00a0M\u00e1s de 1.500 t\u00edtulos a texto completo de los grupos editoriales Springer y Kluwer (multidisciplinar)<\/td>\n<td valign=\"top\" width=\"192\">\n<p align=\"center\"><a href=\"https:\/\/videos.unileon.es\/video\/5eb92faa8f420898538b4568\" target=\"_blank\" rel=\"noopener noreferrer\">Acceso desde casa. Videotutorial<\/a><\/p>\n<p align=\"center\"><a href=\"https:\/\/www.springernature.com\/gp\/librarians\/tools-services\/learn\/tutorials-training-sessions\" target=\"_blank\" rel=\"noopener\">Videotutoriales en ingl\u00e9s<\/a><\/p>\n<p align=\"center\"><a href=\"http:\/\/bibliotecas.unileon.es\/ciencias-economicas-empresariales\/files\/2013\/02\/springerlink.pdf\" class=\"mtli_attachment mtli_pdf\" target=\"_blank\" rel=\"noopener noreferrer\">Gu\u00eda r\u00e1pida en ingl\u00e9s<\/a><\/p>\n<p align=\"center\">\n<\/td>\n<\/tr>\n<tr>\n<td valign=\"top\" width=\"192\">\n<p align=\"center\"><a href=\"https:\/\/catoute.unileon.es\/discovery\/dbfulldisplay?docid=alma991005738169705772&amp;context=L&amp;vid=34BUC_ULE:VU1&amp;lang=es\" target=\"_blank\" rel=\"noopener noreferrer\"><img loading=\"lazy\" decoding=\"async\" class=\"alignnone\" src=\"http:\/\/bibliotecas.unileon.es\/ciencias-economicas-empresariales\/files\/2015\/03\/logo-wiley.png\" alt=\"\" width=\"162\" height=\"57\" \/><\/a><\/p>\n<p align=\"center\"><b>\u00a0<\/b><\/p>\n<\/td>\n<td valign=\"top\" width=\"192\">\u00a0Texto completo de m\u00e1s de 1.000 revistas del grupo Wiley &amp; Sons (multidisciplinar)<\/td>\n<td valign=\"top\" width=\"192\">\n<p align=\"center\"><a href=\"https:\/\/videos.unileon.es\/video\/5eb92da98f420857528b4577\" target=\"_blank\" rel=\"noopener noreferrer\">Acceso desde casa. Videotutorial<\/a><\/p>\n<p align=\"center\"><a href=\"https:\/\/www.wiley.com\/customer-success\/wiley-online-library-spanish?elq_mid=61926&amp;elq_cid=1669774&amp;utm_campaign=38675&amp;utm_source=eloquaEmail&amp;utm_medium=email&amp;utm_content=EM3_Spanish_RM-CEXP_WOL%2C%20TCL_Mass%20Trainings%20Promotion_Q2_R8SHN\" target=\"_blank\" rel=\"noopener\">Recursos de formaci\u00f3n<\/a><\/p>\n<p align=\"center\"><a href=\"http:\/\/bibliotecas.unileon.es\/ciencias-economicas-empresariales\/files\/2013\/02\/wiley-onlinelibrary-guia-rapida-ingles.pdf\" class=\"mtli_attachment mtli_pdf\" target=\"_blank\" rel=\"noopener noreferrer\">Gu\u00eda r\u00e1pida en ingl\u00e9s<\/a><\/p>\n<\/td>\n<\/tr>\n<\/tbody>\n<\/table>\n<p>&nbsp;<\/p>\n<p><span style=\"color: #ff6600;\">M\u00e1s informaci\u00f3n:<\/span><\/p>\n<p><a href=\"https:\/\/bibliotecas.unileon.es\/ciencias-economicas-empresariales\/files\/2026\/04\/recursos-electronicos-color.pdf\" class=\"mtli_attachment mtli_pdf\" target=\"_blank\" rel=\"noopener\">Recursos electr\u00f3nicos sobre Econom\u00eda y Empresa<\/a> (folleto elaborado por la Biblioteca)<\/p>\n<p><a href=\"http:\/\/bibliotecas.unileon.es\/ciencias-economicas-empresariales\/files\/2017\/02\/consejos-de-busqueda-en-bdds-color-web.pdf\" class=\"mtli_attachment mtli_pdf\" target=\"_blank\" rel=\"noopener noreferrer\">C\u00f3mo consultar una base de datos bibliogr\u00e1fica<\/a> (folleto elaborado por la Biblioteca)<\/p>\n<p>&nbsp;<\/p>\n<p><span style=\"font-size: large;\"><strong><span style=\"color: #0000ff;\"><br \/>\n<span style=\"color: #ff6600;\">REVISTAS ELECTR\u00d3NICAS POR MATERIAS (T\u00cdTULOS)<\/span><\/span><\/strong><\/span><\/p>\n<p><a href=\"https:\/\/catoute.unileon.es\/discovery\/jsearch?query=any,contains,marketing%20OR%20PUBLICIDAD%20OR%20ADVERTISING&amp;tab=jsearch_slot&amp;vid=34BUC_ULE:VU1&amp;mfacet=tlevel,include,online_resources,1&amp;lang=es&amp;offset=0&amp;journals=any,marketing%20OR%20PUBLICIDAD%20OR%20ADVERTISING\" target=\"_blank\" rel=\"noopener noreferrer\">Marketing, publicidad<\/a><br \/>\n<a href=\"https:\/\/catoute.unileon.es\/discovery\/jsearch?query=any,contains,TURISMO%20OR%20TOURISM%20OR%20TRAVEL%20OR%20HOSPITALITY&amp;tab=jsearch_slot&amp;vid=34BUC_ULE:VU1&amp;mfacet=tlevel,include,online_resources,1&amp;lang=es&amp;offset=0&amp;journals=any,TURISMO%20OR%20TOURISM%20OR%20TRAVEL%20OR%20HOSPITALITY\" target=\"_blank\" rel=\"noopener noreferrer\">Turismo<\/a><br \/>\n<a href=\"https:\/\/catoute.unileon.es\/discovery\/jsearch?query=any,contains,CONTABILIDAD%20OR%20ACCOUNTANCY&amp;tab=jsearch_slot&amp;vid=34BUC_ULE:VU1&amp;mfacet=tlevel,include,online_resources,1&amp;lang=es&amp;offset=0&amp;journals=any,CONTABILIDAD%20OR%20ACCOUNTANCY\" target=\"_blank\" rel=\"noopener noreferrer\">Contabilidad<\/a><br \/>\n<a href=\"https:\/\/catoute.unileon.es\/discovery\/jsearch?query=any,contains,FINAN*&amp;tab=jsearch_slot&amp;vid=34BUC_ULE:VU1&amp;mfacet=tlevel,include,online_resources,1&amp;lang=es&amp;offset=0&amp;journals=any,FINAN*\" target=\"_blank\" rel=\"noopener noreferrer\">Finanzas<\/a><br \/>\n<a href=\"https:\/\/catoute.unileon.es\/discovery\/jsearch?query=any,contains,MANAGEMENT%20OR%20GESTION%20OR%20%22HUMAN%20RESOURCES%22%20OR%20%22RECURSOS%20HUMANOS%22%20OR%20DIRECCION%20OR%20STRATEGY&amp;tab=jsearch_slot&amp;sortby=title&amp;vid=34BUC_ULE:VU1&amp;mfacet=tlevel,include,online_resources,1&amp;lang=es&amp;offset=0&amp;journals=any,MANAGEMENT%20OR%20GESTION%20OR%20%22HUMAN%20RESOURCES%22%20OR%20%22RECURSOS%20HUMANOS%22%20OR%20DIRECCION%20OR%20STRATEGY\" target=\"_blank\" rel=\"noopener noreferrer\">Gesti\u00f3n de empresas, recursos humanos, negocios<\/a><br \/>\n<a href=\"https:\/\/catoute.unileon.es\/discovery\/jsearch?query=any,contains,ECONOMIA%20OR%20ECONOMICS&amp;tab=jsearch_slot&amp;sortby=title&amp;vid=34BUC_ULE:VU1&amp;mfacet=tlevel,include,online_resources,1&amp;lang=es&amp;offset=0&amp;journals=any,ECONOMIA%20OR%20ECONOMICS\" target=\"_blank\" rel=\"noopener noreferrer\">Econom\u00eda<\/a><br \/>\n<a href=\"https:\/\/catoute.unileon.es\/discovery\/jsearch?query=any,contains,STATISTICS%20OR%20ESTADISTICA%20OR%20PROBAB*&amp;tab=jsearch_slot&amp;sortby=title&amp;vid=34BUC_ULE:VU1&amp;lang=es&amp;offset=0&amp;journals=any,STATISTICS%20OR%20ESTADISTICA%20OR%20PROBAB*\" target=\"_blank\" rel=\"noopener noreferrer\">Estad\u00edstica<\/a><\/p>\n<p>&nbsp;<\/p>\n","protected":false},"excerpt":{"rendered":"<p>Todas las revistas electr\u00f3nicas suscritas por la Biblioteca pueden ser buscadas por su t\u00edtulo en el Cat\u00e1logo bibliogr\u00e1fico, bien en el \u00abCat\u00e1logo general\u00bb o en la b\u00fasqueda espec\u00edfica de \u00abRevistas\u00ab, tanto si forman parte de una colecci\u00f3n como si han &hellip; <a href=\"https:\/\/bibliotecas.unileon.es\/ciencias-economicas-empresariales\/revistas-electronicas\/\">Sigue leyendo <span class=\"meta-nav\">&rarr;<\/span><\/a><\/p>\n","protected":false},"author":22,"featured_media":0,"parent":0,"menu_order":0,"comment_status":"open","ping_status":"open","template":"","meta":{"_bbp_topic_count":0,"_bbp_reply_count":0,"_bbp_total_topic_count":0,"_bbp_total_reply_count":0,"_bbp_voice_count":0,"_bbp_anonymous_reply_count":0,"_bbp_topic_count_hidden":0,"_bbp_reply_count_hidden":0,"_bbp_forum_subforum_count":0,"footnotes":""},"class_list":["post-469","page","type-page","status-publish","hentry"],"_links":{"self":[{"href":"https:\/\/bibliotecas.unileon.es\/ciencias-economicas-empresariales\/wp-json\/wp\/v2\/pages\/469","targetHints":{"allow":["GET"]}}],"collection":[{"href":"https:\/\/bibliotecas.unileon.es\/ciencias-economicas-empresariales\/wp-json\/wp\/v2\/pages"}],"about":[{"href":"https:\/\/bibliotecas.unileon.es\/ciencias-economicas-empresariales\/wp-json\/wp\/v2\/types\/page"}],"author":[{"embeddable":true,"href":"https:\/\/bibliotecas.unileon.es\/ciencias-economicas-empresariales\/wp-json\/wp\/v2\/users\/22"}],"replies":[{"embeddable":true,"href":"https:\/\/bibliotecas.unileon.es\/ciencias-economicas-empresariales\/wp-json\/wp\/v2\/comments?post=469"}],"version-history":[{"count":19,"href":"https:\/\/bibliotecas.unileon.es\/ciencias-economicas-empresariales\/wp-json\/wp\/v2\/pages\/469\/revisions"}],"predecessor-version":[{"id":536,"href":"https:\/\/bibliotecas.unileon.es\/ciencias-economicas-empresariales\/wp-json\/wp\/v2\/pages\/469\/revisions\/536"}],"wp:attachment":[{"href":"https:\/\/bibliotecas.unileon.es\/ciencias-economicas-empresariales\/wp-json\/wp\/v2\/media?parent=469"}],"curies":[{"name":"wp","href":"https:\/\/api.w.org\/{rel}","templated":true}]}}