{"id":472,"date":"2013-02-25T09:37:55","date_gmt":"2013-02-25T08:37:55","guid":{"rendered":"http:\/\/bibliotecas.unileon.es\/ciencias-economicas-empresariales\/?page_id=472"},"modified":"2021-04-28T13:24:25","modified_gmt":"2021-04-28T11:24:25","slug":"recursos-open-access","status":"publish","type":"page","link":"https:\/\/bibliotecas.unileon.es\/ciencias-economicas-empresariales\/recursos-open-access\/","title":{"rendered":"Revistas open access"},"content":{"rendered":"<p>Muchas revistas ofrecen la posibilidad de consultar sus textos completos de forma libre y gratuita a trav\u00e9s de Internet. Es lo que se conoce como \u00abrevistas open access\u00bb. A continuaci\u00f3n, ofrecemos una recopilaci\u00f3n de t\u00edtulos \u00abopen access\u00bb contenidos en las plataformas REDIB (antes E-revistas), Redalyc y DOAJ (Directory of Open Acess Journals).<br \/>\nDesde cualquiera de estos recursos se pueden hacer b\u00fasquedas tem\u00e1ticas<\/p>\n<p>&nbsp;<\/p>\n<p><span style=\"font-size: large;\"><strong><span style=\"color: #ff6600;\"><span style=\"color: #ff6600;\"><a href=\"https:\/\/www.redib.org\/\" target=\"_blank\" rel=\"noopener\">REDIB<\/a><\/span><\/span><\/strong><\/span><br \/>\nRed Iberoamericana de Innovaci\u00f3n y Conocimiento Cient\u00edfico. Plataforma de agregaci\u00f3n de contenidos cient\u00edficos y acad\u00e9micos en formato electr\u00f3nico producidos en el \u00e1mbito iberoamericano patrocinada por el Consejo Superior de Investigaciones Cient\u00edficas y Universia.<br \/>\n<a href=\"https:\/\/redib.org\/Serials\/Search\/Results?join=AND&amp;lookfor0%5B%5D=&amp;type0%5B%5D=AllFields&amp;lookfor0%5B%5D=&amp;type0%5B%5D=AllFields&amp;lookfor0%5B%5D=&amp;type0%5B%5D=AllFields&amp;bool0%5B%5D=AND&amp;filter%5B%5D=%7Eclassification%3A%22classification---177%22\" target=\"_blank\" rel=\"noopener\">Revistas de Econom\u00eda<\/a><br \/>\n<a href=\"https:\/\/redib.org\/Serials\/Search\/Results?join=AND&amp;lookfor0%5B%5D=&amp;type0%5B%5D=AllFields&amp;bool0%5B%5D=AND&amp;filter%5B%5D=%7Eclassification%3A%22classification---167%22\" target=\"_blank\" rel=\"noopener\">Revistas de Econom\u00eda y Pol\u00edtica agraria<\/a><br \/>\n<a href=\"https:\/\/redib.org\/Serials\/Search\/Results?join=AND&amp;lookfor0%5B%5D=&amp;type0%5B%5D=AllFields&amp;bool0%5B%5D=AND&amp;filter%5B%5D=%7Eclassification%3A%22classification---263%22\" target=\"_blank\" rel=\"noopener\">Revistas de Estudios de Desarrollo<\/a><br \/>\n<a href=\"https:\/\/redib.org\/Serials\/Search\/Results?join=AND&amp;lookfor0%5B%5D=&amp;type0%5B%5D=AllFields&amp;bool0%5B%5D=AND&amp;filter%5B%5D=%7Eclassification%3A%22classification---172%22\" target=\"_blank\" rel=\"noopener\">Revistas de Finanzas<\/a><br \/>\n<a href=\"https:\/\/redib.org\/Serials\/Search\/Results?join=AND&amp;lookfor0%5B%5D=&amp;type0%5B%5D=AllFields&amp;bool0%5B%5D=AND&amp;filter%5B%5D=%7Eclassification%3A%22classification---171%22\" target=\"_blank\" rel=\"noopener\">Revistas de Negocios<\/a><br \/>\n<a href=\"https:\/\/redib.org\/Serials\/Search\/Results?join=AND&amp;lookfor0%5B%5D=&amp;type0%5B%5D=AllFields&amp;bool0%5B%5D=AND&amp;filter%5B%5D=%7Eclassification%3A%22classification---195%22\" target=\"_blank\" rel=\"noopener\">Revistas de Gesti\u00f3n<\/a><br \/>\n<a href=\"https:\/\/redib.org\/Serials\/Search\/Results?join=AND&amp;lookfor0%5B%5D=&amp;type0%5B%5D=AllFields&amp;bool0%5B%5D=AND&amp;filter%5B%5D=%7Eclassification%3A%22classification---198%22\" target=\"_blank\" rel=\"noopener\">Revistas de Planificaci\u00f3n y Desarrollo<\/a><br \/>\n<a href=\"https:\/\/redib.org\/Serials\/Search\/Results?join=AND&amp;lookfor0%5B%5D=&amp;type0%5B%5D=AllFields&amp;bool0%5B%5D=AND&amp;filter%5B%5D=%7Eclassification%3A%22classification---191%22\" target=\"_blank\" rel=\"noopener\">Revistas de Relaciones Internacionales<\/a><br \/>\n<a href=\"https:\/\/redib.org\/Serials\/Search\/Results?join=AND&amp;lookfor0%5B%5D=&amp;type0%5B%5D=AllFields&amp;bool0%5B%5D=AND&amp;filter%5B%5D=%7Eclassification%3A%22classification---219%22\" target=\"_blank\" rel=\"noopener\">Revistas de Estad\u00edstica y Probabilidad<\/a><\/p>\n<p>&nbsp;<\/p>\n<p><span style=\"font-size: large;\"><strong><span style=\"color: #ff6600;\"><a href=\"http:\/\/www.redalyc.org\/home.oa\" target=\"_blank\" rel=\"noopener\"><span style=\"color: #ff6600;\">Redalyc<\/span><\/a>, Red de revistas cient\u00edficas de Acceso Abierto no comercial propiedad de la academia<\/span><\/strong><\/span><br \/>\nRed de Revistas Cient\u00edficas de Am\u00e9rica Latina y El Caribe, Espa\u00f1a y Portugal patrocinada por la Universidad Aut\u00f3noma de M\u00e9xico. Contiene revistas de todas las materias y las siguientes relacionadas con la econom\u00eda y la empresa:<br \/>\n<a href=\"http:\/\/www.redalyc.org\/area.oa?id=8&amp;tipo=coleccion\" target=\"_blank\" rel=\"noopener\">Econom\u00eda y finanzas<\/a><br \/>\n<a href=\"http:\/\/www.redalyc.org\/area.oa?id=1&amp;tipo=coleccion\" target=\"_blank\" rel=\"noopener\">Administraci\u00f3n y contabilidad<\/a><br \/>\n<a href=\"https:\/\/www.redalyc.org\/area.oa?id=47\" target=\"_blank\" rel=\"noopener\">Turismo<\/a><br \/>\n<a href=\"https:\/\/www.redalyc.org\/area.oa?id=10\" target=\"_blank\" rel=\"noopener\">Estudios territoriales<\/a><\/p>\n<p>&nbsp;<\/p>\n<p><span style=\"font-size: large;\"><strong><span style=\"color: #ff6600;\"><a href=\"http:\/\/www.doaj.org\/\" target=\"_blank\" rel=\"noopener\"><span style=\"color: #ff6600;\">DOAJ<\/span><\/a><\/span><\/strong><\/span><br \/>\nDirectorio mundial de revistas en acceso abierto con gran n\u00famero de t\u00edtulos sobre econom\u00eda y empresa<\/p>\n<p><a href=\"https:\/\/doaj.org\/search\/journals?source=%7B%22query%22%3A%7B%22filtered%22%3A%7B%22filter%22%3A%7B%22bool%22%3A%7B%22must%22%3A%5B%7B%22terms%22%3A%7B%22index.schema_codes_tree.exact%22%3A%5B%22LCC%3AHF5001-6182%22%5D%7D%7D%5D%7D%7D%2C%22query%22%3A%7B%22match_all%22%3A%7B%7D%7D%7D%7D%2C%22size%22%3A50%2C%22sort%22%3A%5B%7B%22created_date%22%3A%7B%22order%22%3A%22desc%22%7D%7D%5D%7D\" target=\"_blank\" rel=\"noopener\">Business<\/a><br \/>\n<a href=\"https:\/\/doaj.org\/search\/journals?source=%7B%22query%22%3A%7B%22filtered%22%3A%7B%22filter%22%3A%7B%22bool%22%3A%7B%22must%22%3A%5B%7B%22terms%22%3A%7B%22index.schema_codes_tree.exact%22%3A%5B%22LCC%3AHD28-70%22%5D%7D%7D%5D%7D%7D%2C%22query%22%3A%7B%22match_all%22%3A%7B%7D%7D%7D%7D%2C%22size%22%3A50%2C%22sort%22%3A%5B%7B%22index.unpunctitle.exact%22%3A%7B%22order%22%3A%22asc%22%7D%7D%5D%7D\" target=\"_blank\" rel=\"noopener\">Management. Industrial management<\/a><br \/>\n<a href=\"https:\/\/doaj.org\/search\/journals?source=%7B%22query%22%3A%7B%22filtered%22%3A%7B%22filter%22%3A%7B%22bool%22%3A%7B%22must%22%3A%5B%7B%22terms%22%3A%7B%22index.schema_codes_tree.exact%22%3A%5B%22LCC%3AHB1-3840%22%5D%7D%7D%5D%7D%7D%2C%22query%22%3A%7B%22match_all%22%3A%7B%7D%7D%7D%7D%2C%22size%22%3A50%2C%22sort%22%3A%5B%7B%22index.unpunctitle.exact%22%3A%7B%22order%22%3A%22asc%22%7D%7D%5D%7D\" target=\"_blank\" rel=\"noopener\">Economic theory. Demography<\/a><br \/>\n<a href=\"https:\/\/doaj.org\/search\/journals?source=%7B%22query%22%3A%7B%22filtered%22%3A%7B%22filter%22%3A%7B%22bool%22%3A%7B%22must%22%3A%5B%7B%22terms%22%3A%7B%22index.schema_codes_tree.exact%22%3A%5B%22LCC%3AHF1-6182%22%5D%7D%7D%5D%7D%7D%2C%22query%22%3A%7B%22match_all%22%3A%7B%7D%7D%7D%7D%2C%22size%22%3A50%2C%22sort%22%3A%5B%7B%22index.unpunctitle.exact%22%3A%7B%22order%22%3A%22asc%22%7D%7D%5D%7D\" target=\"_blank\" rel=\"noopener\">Commerce<\/a><br \/>\n<a href=\"https:\/\/doaj.org\/search\/journals?source=%7B%22query%22%3A%7B%22filtered%22%3A%7B%22filter%22%3A%7B%22bool%22%3A%7B%22must%22%3A%5B%7B%22terms%22%3A%7B%22index.schema_codes_tree.exact%22%3A%5B%22LCC%3AQA273-280%22%5D%7D%7D%5D%7D%7D%2C%22query%22%3A%7B%22match_all%22%3A%7B%7D%7D%7D%7D%2C%22size%22%3A50%2C%22sort%22%3A%5B%7B%22index.unpunctitle.exact%22%3A%7B%22order%22%3A%22asc%22%7D%7D%5D%7D\" target=\"_blank\" rel=\"noopener\">Probabilities. Mathematical statistics <\/a><\/p>\n<p>&nbsp;<\/p>\n<p><span style=\"font-size: large;\"><strong><span style=\"color: #ff6600;\"><a href=\"http:\/\/www.journals4free.com\/\" target=\"_blank\" rel=\"noopener\">Journals for free<\/a><br \/>\n<\/span><\/strong><\/span>Es un directorio de revistas de acceso abierto que contiene m\u00e1s de 8.000 t\u00edtulos. Entre sus opciones de filtrado permite limitar los resultados de b\u00fasqueda a revistas incluidas en la Web of Science o Scopus.<br \/>\nAdem\u00e1s, desde la actualizaci\u00f3n de enero de 2014 WoS permite limitar los resultados de la b\u00fasqueda por revistas open access coincidiendo con la incorporaci\u00f3n de la colecci\u00f3n de revistas-e de Scielo.<\/p>\n<p>&nbsp;<\/p>\n<p>&nbsp;<\/p>\n<p>&nbsp;<\/p>\n<p>&nbsp;<\/p>\n","protected":false},"excerpt":{"rendered":"<p>Muchas revistas ofrecen la posibilidad de consultar sus textos completos de forma libre y gratuita a trav\u00e9s de Internet. Es lo que se conoce como \u00abrevistas open access\u00bb. A continuaci\u00f3n, ofrecemos una recopilaci\u00f3n de t\u00edtulos \u00abopen access\u00bb contenidos en las &hellip; <a href=\"https:\/\/bibliotecas.unileon.es\/ciencias-economicas-empresariales\/recursos-open-access\/\">Sigue leyendo <span class=\"meta-nav\">&rarr;<\/span><\/a><\/p>\n","protected":false},"author":22,"featured_media":0,"parent":0,"menu_order":0,"comment_status":"open","ping_status":"open","template":"","meta":{"_bbp_topic_count":0,"_bbp_reply_count":0,"_bbp_total_topic_count":0,"_bbp_total_reply_count":0,"_bbp_voice_count":0,"_bbp_anonymous_reply_count":0,"_bbp_topic_count_hidden":0,"_bbp_reply_count_hidden":0,"_bbp_forum_subforum_count":0,"footnotes":""},"class_list":["post-472","page","type-page","status-publish","hentry"],"_links":{"self":[{"href":"https:\/\/bibliotecas.unileon.es\/ciencias-economicas-empresariales\/wp-json\/wp\/v2\/pages\/472","targetHints":{"allow":["GET"]}}],"collection":[{"href":"https:\/\/bibliotecas.unileon.es\/ciencias-economicas-empresariales\/wp-json\/wp\/v2\/pages"}],"about":[{"href":"https:\/\/bibliotecas.unileon.es\/ciencias-economicas-empresariales\/wp-json\/wp\/v2\/types\/page"}],"author":[{"embeddable":true,"href":"https:\/\/bibliotecas.unileon.es\/ciencias-economicas-empresariales\/wp-json\/wp\/v2\/users\/22"}],"replies":[{"embeddable":true,"href":"https:\/\/bibliotecas.unileon.es\/ciencias-economicas-empresariales\/wp-json\/wp\/v2\/comments?post=472"}],"version-history":[{"count":5,"href":"https:\/\/bibliotecas.unileon.es\/ciencias-economicas-empresariales\/wp-json\/wp\/v2\/pages\/472\/revisions"}],"predecessor-version":[{"id":906,"href":"https:\/\/bibliotecas.unileon.es\/ciencias-economicas-empresariales\/wp-json\/wp\/v2\/pages\/472\/revisions\/906"}],"wp:attachment":[{"href":"https:\/\/bibliotecas.unileon.es\/ciencias-economicas-empresariales\/wp-json\/wp\/v2\/media?parent=472"}],"curies":[{"name":"wp","href":"https:\/\/api.w.org\/{rel}","templated":true}]}}