{"id":548,"date":"2013-02-27T08:54:43","date_gmt":"2013-02-27T07:54:43","guid":{"rendered":"http:\/\/bibliotecas.unileon.es\/ciencias-economicas-empresariales\/?page_id=548"},"modified":"2021-09-24T09:47:47","modified_gmt":"2021-09-24T07:47:47","slug":"sugerencias-quejas-y-felicitaciones","status":"publish","type":"page","link":"https:\/\/bibliotecas.unileon.es\/ciencias-economicas-empresariales\/sugerencias-quejas-y-felicitaciones\/","title":{"rendered":"Sugerencias, quejas y felicitaciones"},"content":{"rendered":"<p>Las sugerencias y quejas nos ayudan a corregir errores y mejorar el servicio.<br \/>\nLas felicitaciones nos animan\u00a0a seguir d\u00eda a d\u00eda.<\/p>\n<p>Contacto por tel\u00e9fono: 987 291706\/07<br \/>\nCorreo-e: bufee@unileon.es<br \/>\nBuz\u00f3n de sugerencias ubicado en la planta baja de la Biblioteca<\/p>\n","protected":false},"excerpt":{"rendered":"<p>Las sugerencias y quejas nos ayudan a corregir errores y mejorar el servicio. Las felicitaciones nos animan\u00a0a seguir d\u00eda a d\u00eda. Contacto por tel\u00e9fono: 987 291706\/07 Correo-e: bufee@unileon.es Buz\u00f3n de sugerencias ubicado en la planta baja de la Biblioteca<\/p>\n","protected":false},"author":22,"featured_media":0,"parent":0,"menu_order":0,"comment_status":"open","ping_status":"open","template":"","meta":{"_bbp_topic_count":0,"_bbp_reply_count":0,"_bbp_total_topic_count":0,"_bbp_total_reply_count":0,"_bbp_voice_count":0,"_bbp_anonymous_reply_count":0,"_bbp_topic_count_hidden":0,"_bbp_reply_count_hidden":0,"_bbp_forum_subforum_count":0,"footnotes":""},"class_list":["post-548","page","type-page","status-publish","hentry"],"_links":{"self":[{"href":"https:\/\/bibliotecas.unileon.es\/ciencias-economicas-empresariales\/wp-json\/wp\/v2\/pages\/548","targetHints":{"allow":["GET"]}}],"collection":[{"href":"https:\/\/bibliotecas.unileon.es\/ciencias-economicas-empresariales\/wp-json\/wp\/v2\/pages"}],"about":[{"href":"https:\/\/bibliotecas.unileon.es\/ciencias-economicas-empresariales\/wp-json\/wp\/v2\/types\/page"}],"author":[{"embeddable":true,"href":"https:\/\/bibliotecas.unileon.es\/ciencias-economicas-empresariales\/wp-json\/wp\/v2\/users\/22"}],"replies":[{"embeddable":true,"href":"https:\/\/bibliotecas.unileon.es\/ciencias-economicas-empresariales\/wp-json\/wp\/v2\/comments?post=548"}],"version-history":[{"count":2,"href":"https:\/\/bibliotecas.unileon.es\/ciencias-economicas-empresariales\/wp-json\/wp\/v2\/pages\/548\/revisions"}],"predecessor-version":[{"id":2028,"href":"https:\/\/bibliotecas.unileon.es\/ciencias-economicas-empresariales\/wp-json\/wp\/v2\/pages\/548\/revisions\/2028"}],"wp:attachment":[{"href":"https:\/\/bibliotecas.unileon.es\/ciencias-economicas-empresariales\/wp-json\/wp\/v2\/media?parent=548"}],"curies":[{"name":"wp","href":"https:\/\/api.w.org\/{rel}","templated":true}]}}