{"id":654,"date":"2013-04-18T11:39:39","date_gmt":"2013-04-18T09:39:39","guid":{"rendered":"http:\/\/bibliotecas.unileon.es\/ciencias-economicas-empresariales\/?page_id=654"},"modified":"2018-02-07T09:07:55","modified_gmt":"2018-02-07T08:07:55","slug":"solicitar-un-curso-de-formacion","status":"publish","type":"page","link":"https:\/\/bibliotecas.unileon.es\/ciencias-economicas-empresariales\/solicitar-un-curso-de-formacion\/","title":{"rendered":"Solicitar un curso de formaci\u00f3n"},"content":{"rendered":"<h3><span style=\"color: #ff6600;\"><strong>\u00bfQui\u00e9n puede solicitar un curso de formaci\u00f3n?<\/strong><\/span><\/h3>\n<p>Cualquier profesor puede solicitar\u00a0a la Biblioteca de la Facultad la impartici\u00f3n de cursos de formaci\u00f3n para sus alumnos sobre b\u00fasqueda de informaci\u00f3n, recursos electr\u00f3nicos para la econom\u00eda y la empresa disponibles en la ULE\u00a0y gesti\u00f3n de referencias bibliogr\u00e1ficas con Mendeley.<\/p>\n<p>Del mismo modo, un grupo de alumnos (no menos de 5) puede solicitar sesiones de formaci\u00f3n sobre los mismos temas.<\/p>\n<h3><span style=\"color: #ff6600;\"><strong>Horario de las formaciones<\/strong><\/span><\/h3>\n<p>Las sesiones\u00a0se impartir\u00e1n dentro del horario lectivo, en sesiones de ma\u00f1ana o tarde.<\/p>\n<h3><span style=\"color: #ff6600;\"><strong>Lugar de celebraci\u00f3n<\/strong><\/span><\/h3>\n<p>Los cursos solicitados por un Profesor se impartir\u00e1n en el Aula que \u00e9ste determine.<\/p>\n<p>Los cursos organizados a iniciativa propia de la Biblioteca o de un grupo de alumnos se impartir\u00e1n en el Aula de formaci\u00f3n situada en la primera planta de la Biblioteca (hasta 15 alumnos)\u00a0 utilizando los ordenadores port\u00e1tiles disponibles. Si el n\u00famero de alumnos supera los 15 la formaci\u00f3n se impartir\u00e1 en alguna de las Aulas de inform\u00e1tica de la Facultad\u00a0 o del Edificio CRAI-TIC.<\/p>\n<h3><span style=\"color: #ff6600;\"><strong>Formador<\/strong><\/span><\/h3>\n<p>Todas las formaciones correr\u00e1n a cargo de\u00a0 Mar Garc\u00eda Casado, responsable de la Biblioteca de la Facultad.<\/p>\n<h3><span style=\"color: #ff6600;\"><strong>Solicitudes<\/strong><\/span><\/h3>\n<p>Por tel\u00e9fono: 987 29 1706<br \/>\nPor correo-e: bufee@unileon.es<br \/>\nEn el despacho de la Biblioteca<\/p>\n<p>En el apartado <a href=\"http:\/\/bibliotecas.unileon.es\/ciencias-economicas-empresariales\/formacion\/\" target=\"_blank\" rel=\"noopener\">Calendario de formaciones<\/a> de esta web se pueden consultar los cursos programados y las formaciones ya impartidas.<\/p>\n","protected":false},"excerpt":{"rendered":"<p>\u00bfQui\u00e9n puede solicitar un curso de formaci\u00f3n? Cualquier profesor puede solicitar\u00a0a la Biblioteca de la Facultad la impartici\u00f3n de cursos de formaci\u00f3n para sus alumnos sobre b\u00fasqueda de informaci\u00f3n, recursos electr\u00f3nicos para la econom\u00eda y la empresa disponibles en la &hellip; <a href=\"https:\/\/bibliotecas.unileon.es\/ciencias-economicas-empresariales\/solicitar-un-curso-de-formacion\/\">Sigue leyendo <span class=\"meta-nav\">&rarr;<\/span><\/a><\/p>\n","protected":false},"author":22,"featured_media":0,"parent":0,"menu_order":0,"comment_status":"open","ping_status":"open","template":"","meta":{"_bbp_topic_count":0,"_bbp_reply_count":0,"_bbp_total_topic_count":0,"_bbp_total_reply_count":0,"_bbp_voice_count":0,"_bbp_anonymous_reply_count":0,"_bbp_topic_count_hidden":0,"_bbp_reply_count_hidden":0,"_bbp_forum_subforum_count":0,"footnotes":""},"class_list":["post-654","page","type-page","status-publish","hentry"],"_links":{"self":[{"href":"https:\/\/bibliotecas.unileon.es\/ciencias-economicas-empresariales\/wp-json\/wp\/v2\/pages\/654","targetHints":{"allow":["GET"]}}],"collection":[{"href":"https:\/\/bibliotecas.unileon.es\/ciencias-economicas-empresariales\/wp-json\/wp\/v2\/pages"}],"about":[{"href":"https:\/\/bibliotecas.unileon.es\/ciencias-economicas-empresariales\/wp-json\/wp\/v2\/types\/page"}],"author":[{"embeddable":true,"href":"https:\/\/bibliotecas.unileon.es\/ciencias-economicas-empresariales\/wp-json\/wp\/v2\/users\/22"}],"replies":[{"embeddable":true,"href":"https:\/\/bibliotecas.unileon.es\/ciencias-economicas-empresariales\/wp-json\/wp\/v2\/comments?post=654"}],"version-history":[{"count":4,"href":"https:\/\/bibliotecas.unileon.es\/ciencias-economicas-empresariales\/wp-json\/wp\/v2\/pages\/654\/revisions"}],"predecessor-version":[{"id":1015,"href":"https:\/\/bibliotecas.unileon.es\/ciencias-economicas-empresariales\/wp-json\/wp\/v2\/pages\/654\/revisions\/1015"}],"wp:attachment":[{"href":"https:\/\/bibliotecas.unileon.es\/ciencias-economicas-empresariales\/wp-json\/wp\/v2\/media?parent=654"}],"curies":[{"name":"wp","href":"https:\/\/api.w.org\/{rel}","templated":true}]}}