{"id":729,"date":"2013-06-03T11:11:19","date_gmt":"2013-06-03T09:11:19","guid":{"rendered":"http:\/\/bibliotecas.unileon.es\/ciencias-economicas-empresariales\/?page_id=729"},"modified":"2019-05-20T10:11:45","modified_gmt":"2019-05-20T08:11:45","slug":"revistas-espanolas-de-economia-y-empresa-en-jcr-y-sjr","status":"publish","type":"page","link":"https:\/\/bibliotecas.unileon.es\/ciencias-economicas-empresariales\/revistas-espanolas-de-economia-y-empresa-en-jcr-y-sjr\/","title":{"rendered":"Revistas espa\u00f1olas de econom\u00eda y empresa en JCR y SJR"},"content":{"rendered":"<h3><span style=\"color: #ff6600;\"><strong>Revistas espa\u00f1olas de econom\u00eda y empresa en JCR\u00a0 <a href=\"http:\/\/catoute.unileon.es\/record=b1374320~S1*spi\" target=\"_blank\" rel=\"noopener noreferrer\">(Journal Citation Reports)<\/a><\/strong><\/span><\/h3>\n<p>El Journal Citation Reports es un listado de revistas de alto nivel que se construye a partir de las citas recibidas por las revistas incluidas en la Web of Science. WOS incluye revistas de todo el mundo aunque predominan las revistas en lengua inglesa.<br \/>\nEn funci\u00f3n del n\u00famero de citas que sus art\u00edculos reciben las revistas se ordenan seg\u00fan su <strong>Factor de Impacto<\/strong> (FI). Este indicador permite conocer qu\u00e9 revistas son las m\u00e1s influyentes en un \u00e1rea determinada.<br \/>\nEl FI se calcula sumando las citas que en el a\u00f1o en curso han recibido los art\u00edculos publicados en una revista en los dos a\u00f1os anteriores. La suma se divide por el n\u00famero total de art\u00edculos publicados en dicha revista. El resultado es el FI.<br \/>\nM\u00e1s informaci\u00f3n sobre el significado y c\u00e1lculo del FI en el apartado <a href=\"http:\/\/bibliotecas.unileon.es\/ciencias-economicas-empresariales\/factor-de-impacto-jcr-y-scopus\/\" target=\"_blank\" rel=\"noopener noreferrer\">Investigadores-Buscar indicadores de calidad \/ Factor de impacto en JCR<\/a> de esta web<\/p>\n<p>Aunque el n\u00famero va creciendo a\u00f1o tras a\u00f1o, en general no son muchas las revistas espa\u00f1olas con Factor de Impacto incluidas en JCR (127 en 2017). Por lo que respecta a las revistas de econom\u00eda, empresa y \u00e1reas afines, la Biblioteca ha preparado un listado con informaci\u00f3n sobre el factor de impacto de la revista y el cuartil en el que se situa entre las de su categor\u00eda tem\u00e1tica:<br \/>\n<a href=\"http:\/\/bibliotecas.unileon.es\/ciencias-economicas-empresariales\/files\/2019\/05\/revistas-espa\u00f1olas-de-economia-en-jcr-2017.pdf\" class=\"mtli_attachment mtli_pdf\" target=\"_blank\" rel=\"noopener noreferrer\">Consultar el listado para el a\u00f1o 2017<\/a><\/p>\n<p>&nbsp;<\/p>\n<p><a href=\"http:\/\/bibliotecas.unileon.es\/ciencias-economicas-empresariales\/files\/2014\/09\/revistas-espa\u00f1olas-de-economia-en-jcr-2013.pdf\" class=\"mtli_attachment mtli_pdf\" target=\"_blank\" rel=\"noopener noreferrer\">Revistas espa\u00f1olas de econom\u00eda y empresa en JCR en 2013<\/a><\/p>\n<p><a href=\"http:\/\/bibliotecas.unileon.es\/ciencias-economicas-empresariales\/files\/2015\/11\/revistas-espa\u00f1olas-de-economia-en-jcr-2014.pdf\" class=\"mtli_attachment mtli_pdf\" target=\"_blank\" rel=\"noopener noreferrer\">Revistas espa\u00f1olas de econom\u00eda y empresa en JCR en 2014<\/a><\/p>\n<p><a href=\"http:\/\/bibliotecas.unileon.es\/ciencias-economicas-empresariales\/files\/2016\/10\/revistas-espa%C3%B1olas-de-economia-en-jcr-2015.pdf\" class=\"mtli_attachment mtli_pdf\" target=\"_blank\" rel=\"noopener noreferrer\">Revistas espa\u00f1olas de econom\u00eda y empresa en JCR en 2015<\/a><\/p>\n<p><a href=\"http:\/\/bibliotecas.unileon.es\/ciencias-economicas-empresariales\/files\/2017\/12\/revistas-espa%C3%B1olas-de-economia-en-jcr-2016.pdf\" class=\"mtli_attachment mtli_pdf\" target=\"_blank\" rel=\"noopener noreferrer\">Revistas espa\u00f1olas de econom\u00eda y empresa en JCR en 2016<\/a><\/p>\n<p>&nbsp;<\/p>\n<p>En la\u00a0 <a href=\"https:\/\/www.recursoscientificos.fecyt.es\/indices-de-impacto\" target=\"_blank\" rel=\"noopener noreferrer\">web de FECyT <\/a>se puede acceder a una herramienta de an\u00e1lisis del JCR que permite consultas muy precisas y la exportaci\u00f3n de los resultados en PDF.<\/p>\n<p>&nbsp;<\/p>\n<h3><span style=\"color: #ff6600;\"><strong>Revistas latinoamericanas de econom\u00eda y empresa en JCR 2017<\/strong><\/span><\/h3>\n<p><a href=\"http:\/\/bibliotecas.unileon.es\/ciencias-economicas-empresariales\/files\/2019\/05\/revistas-latinoamericanas-de-economia-en-jcr-2017.pdf\" class=\"mtli_attachment mtli_pdf\" target=\"_blank\" rel=\"noopener noreferrer\">Listado de revistas<\/a> latinoamericanas con factor de impacto en la Edici\u00f3n de 2017 pertenecientes a Argentina, Brasil, M\u00e9xico, Chile y Colombia.<\/p>\n<p>&nbsp;<\/p>\n<p><a href=\"http:\/\/bibliotecas.unileon.es\/ciencias-economicas-empresariales\/files\/2014\/09\/revistas-latinoamericanas-de-economia-en-jcr-2013.pdf\" class=\"mtli_attachment mtli_pdf\" target=\"_blank\" rel=\"noopener noreferrer\">Revistas latinoamericanas de econom\u00eda y empresa en JCR Ed. 2013<\/a><\/p>\n<p><a href=\"http:\/\/bibliotecas.unileon.es\/ciencias-economicas-empresariales\/files\/2015\/11\/revistas-latinoamericanas-de-economia-en-jcr-2014.pdf\" class=\"mtli_attachment mtli_pdf\" target=\"_blank\" rel=\"noopener noreferrer\">Revistas latinoamericanas de econom\u00eda y empresa en JCR Ed. 2014<\/a><\/p>\n<p><a href=\"http:\/\/bibliotecas.unileon.es\/ciencias-economicas-empresariales\/files\/2016\/10\/revistas-latinoamericanas-de-economia-en-jcr-2015.pdf\" class=\"mtli_attachment mtli_pdf\" target=\"_blank\" rel=\"noopener noreferrer\">Revistas latinoamericanas de econom\u00eda y empresa en JCR Ed. 2015<\/a><\/p>\n<p><a href=\"http:\/\/bibliotecas.unileon.es\/ciencias-economicas-empresariales\/files\/2018\/06\/revistas-latinoamericanas-de-economia-en-jcr-2016-1.pdf\" class=\"mtli_attachment mtli_pdf\" target=\"_blank\" rel=\"noopener noreferrer\">Revistas latinoamericanas de econom\u00eda y empresa en JCR, Ed. 2016<\/a><\/p>\n<p>&nbsp;<\/p>\n<h3><span style=\"color: #ff6600;\"><strong>Revistas espa\u00f1olas de econom\u00eda y empresa en SJR (2017)<\/strong><\/span><a href=\"http:\/\/www.scimagojr.com\/index.php\" target=\"_blank\" rel=\"noopener noreferrer\"> (Scimago Journal and Country Rank) <\/a><\/h3>\n<p>El <strong>SJR<\/strong> es un indicador que se obtiene a partir de las citas recibidas por las revistas incluidas en la base de datos Scopus (Elsevier). En su c\u00e1lculo interviene no s\u00f3lo la cantidad de citas recibidas sino tambi\u00e9n el prestigio de la revista citante. Se tienen en cuenta las citas de los tres \u00faltimos a\u00f1os.<br \/>\nEn las tablas de SJR se incluyen otras m\u00e9tricas de citaci\u00f3n como el <strong>\u00cdndice H<\/strong> de la revista. El \u00cdndice H es el punto donde coinciden el n\u00famero de art\u00edculos publicados y el n\u00famero de citas recibidas. Si una revista tiene un \u00cdndice H de 5 quiere decir que 5 del total de art\u00edculos publicados han recibido, como m\u00ednimo, 5 citas cada uno.<\/p>\n<p>En el a\u00f1o 2017 hay 573 revistas espa\u00f1olas incluidas en SJR. Ofrecemos informaci\u00f3n por categor\u00edas tem\u00e1ticas relacionadas con nuestros temas de inter\u00e9s:<\/p>\n<ul>\n<li>Revistas espa\u00f1olas con SJR en la categor\u00eda <a href=\"https:\/\/www.scimagojr.com\/journalrank.php?country=ES&amp;area=1400\" target=\"_blank\" rel=\"noopener noreferrer\">Business, management, accounting<\/a><\/li>\n<li>Revistas espa\u00f1olas con SJR en la categor\u00eda <a href=\"https:\/\/www.scimagojr.com\/journalrank.php?country=ES&amp;area=2000\" target=\"_blank\" rel=\"noopener noreferrer\">Economics, econometrics and finance<\/a><\/li>\n<li>Revistas espa\u00f1olas con SJR en la categor\u00eda <a href=\"https:\/\/www.scimagojr.com\/journalrank.php?country=ES&amp;area=1800\" target=\"_blank\" rel=\"noopener noreferrer\">Decision Sciences<\/a><\/li>\n<li>Revistas espa\u00f1olas con SJR en la categor\u00eda <a href=\"https:\/\/www.scimagojr.com\/journalrank.php?country=ES&amp;area=3200\" target=\"_blank\" rel=\"noopener noreferrer\">Psychology<\/a><\/li>\n<\/ul>\n<p>&nbsp;<\/p>\n<h3><span style=\"color: #ff6600;\"><strong>Revistas latinoamericanas de econom\u00eda y empresa en SJR (2017)<br \/>\n<\/strong><\/span><\/h3>\n<p>Categor\u00eda <a href=\"https:\/\/www.scimagojr.com\/journalrank.php?area=1400&amp;country=Latin%20America\" target=\"_blank\" rel=\"noopener noreferrer\">Business, management, accounting<\/a><\/p>\n<p>Categor\u00eda <a href=\"https:\/\/www.scimagojr.com\/journalrank.php?country=Latin%20America&amp;area=2000\" target=\"_blank\" rel=\"noopener noreferrer\">Economics, econometrics and finance<\/a><\/p>\n<p>Categor\u00eda <a href=\"https:\/\/www.scimagojr.com\/journalrank.php?country=Latin%20America&amp;area=1800\" target=\"_blank\" rel=\"noopener noreferrer\">Decision Sciences<\/a><\/p>\n<p>&nbsp;<\/p>\n","protected":false},"excerpt":{"rendered":"<p>Revistas espa\u00f1olas de econom\u00eda y empresa en JCR\u00a0 (Journal Citation Reports) El Journal Citation Reports es un listado de revistas de alto nivel que se construye a partir de las citas recibidas por las revistas incluidas en la Web of &hellip; <a href=\"https:\/\/bibliotecas.unileon.es\/ciencias-economicas-empresariales\/revistas-espanolas-de-economia-y-empresa-en-jcr-y-sjr\/\">Sigue leyendo <span class=\"meta-nav\">&rarr;<\/span><\/a><\/p>\n","protected":false},"author":22,"featured_media":0,"parent":0,"menu_order":0,"comment_status":"open","ping_status":"open","template":"","meta":{"_bbp_topic_count":0,"_bbp_reply_count":0,"_bbp_total_topic_count":0,"_bbp_total_reply_count":0,"_bbp_voice_count":0,"_bbp_anonymous_reply_count":0,"_bbp_topic_count_hidden":0,"_bbp_reply_count_hidden":0,"_bbp_forum_subforum_count":0,"footnotes":""},"class_list":["post-729","page","type-page","status-publish","hentry"],"_links":{"self":[{"href":"https:\/\/bibliotecas.unileon.es\/ciencias-economicas-empresariales\/wp-json\/wp\/v2\/pages\/729","targetHints":{"allow":["GET"]}}],"collection":[{"href":"https:\/\/bibliotecas.unileon.es\/ciencias-economicas-empresariales\/wp-json\/wp\/v2\/pages"}],"about":[{"href":"https:\/\/bibliotecas.unileon.es\/ciencias-economicas-empresariales\/wp-json\/wp\/v2\/types\/page"}],"author":[{"embeddable":true,"href":"https:\/\/bibliotecas.unileon.es\/ciencias-economicas-empresariales\/wp-json\/wp\/v2\/users\/22"}],"replies":[{"embeddable":true,"href":"https:\/\/bibliotecas.unileon.es\/ciencias-economicas-empresariales\/wp-json\/wp\/v2\/comments?post=729"}],"version-history":[{"count":5,"href":"https:\/\/bibliotecas.unileon.es\/ciencias-economicas-empresariales\/wp-json\/wp\/v2\/pages\/729\/revisions"}],"predecessor-version":[{"id":735,"href":"https:\/\/bibliotecas.unileon.es\/ciencias-economicas-empresariales\/wp-json\/wp\/v2\/pages\/729\/revisions\/735"}],"wp:attachment":[{"href":"https:\/\/bibliotecas.unileon.es\/ciencias-economicas-empresariales\/wp-json\/wp\/v2\/media?parent=729"}],"curies":[{"name":"wp","href":"https:\/\/api.w.org\/{rel}","templated":true}]}}