{"id":80,"date":"2012-11-09T14:35:15","date_gmt":"2012-11-09T12:35:15","guid":{"rendered":"http:\/\/bibliotecas.unileon.es\/ciencias-economicas-empresariales\/?page_id=80"},"modified":"2024-12-03T12:43:29","modified_gmt":"2024-12-03T11:43:29","slug":"espacios-y-equipamiento","status":"publish","type":"page","link":"https:\/\/bibliotecas.unileon.es\/ciencias-economicas-empresariales\/espacios-y-equipamiento\/","title":{"rendered":"Espacios y equipamiento"},"content":{"rendered":"<p><span style=\"text-decoration: underline;\"><strong><span style=\"color: #993300; text-decoration: underline;\">DISTRIBUCI\u00d3N DE ESPACIOS<\/span><\/strong><\/span><\/p>\n<p>&nbsp;<\/p>\n<p>El espacio de la Biblioteca se distribuye en dos plantas:<\/p>\n<p><strong><span style=\"color: #ff6600;\">Planta baja<\/span><\/strong><br \/>\n&#8211; Mostrador de informaci\u00f3n y pr\u00e9stamo<br \/>\n&#8211; Centro de documentaci\u00f3n estad\u00edstica (24 puestos de consulta)<br \/>\n&#8211; Hemeroteca (32 puestos de consulta)<br \/>\n&#8211; Zona de consulta p\u00fablica de ordenadores (8 puestos)<br \/>\n&#8211; Secci\u00f3n de Referencia<br \/>\n&#8211; Secci\u00f3n de Manuales<br \/>\n&#8211; Secci\u00f3n General de Monograf\u00edas<br \/>\n&#8211; Sala de estudio con puestos individuales (64 plazas)<br \/>\n&#8211; Sala de estudio con puestos colectivos (48 plazas)<br \/>\n&#8211; Biblioteca de verano en el patio interior (15 puestos)<br \/>\n&#8211; Despacho<br \/>\n&#8211; Salas de trabajo en grupo n. 0, 1 y 2 (18 puestos)<\/p>\n<p><strong><span style=\"color: #ff6600;\">Primera planta<\/span><\/strong><br \/>\n&#8211; Sala de estudio individual (72 plazas)<br \/>\n&#8211; Salas de trabajo en grupo n. 3, 4, 5, 6, 7, 8 y 9 (48 puestos)<br \/>\n&#8211; Ordenadores de acceso al cat\u00e1logo (OPAC)<br \/>\n&#8211; Aula de formaci\u00f3n.<\/p>\n<p>&nbsp;<\/p>\n<p>&nbsp;<\/p>\n<p><span style=\"text-decoration: underline;\"><strong><span style=\"color: #993300; text-decoration: underline;\">EQUIPAMIENTO INFORM\u00c1TICO<\/span><\/strong><\/span><\/p>\n<p>&#8211; Toda la Biblioteca dispone de conexi\u00f3n a la red inal\u00e1mbrica Wi-Fi<br \/>\n&#8211; 8 ordenadores para trabajo en la Sala de la planta baja con aplicaciones de docencia instaladas.<br \/>\n&#8211; 1 ordenador para consulta del cat\u00e1logo al lado del mostrador de informaci\u00f3n, en la planta baja.<br \/>\n&#8211; 3 ordenadores de consulta del cat\u00e1logo en la primera planta.<br \/>\n&#8211; 1 ordenador en el Aula de formaci\u00f3n.<br \/>\n&#8211; 55 ordenadores port\u00e1tiles para pr\u00e9stamo.<br \/>\n&#8211; Otro equipamiento inform\u00e1tico: 28 ratones, 8 teclados inal\u00e1mbricos, 9 memorias USB, 2 auriculares, 3 ca\u00f1ones videoproyectores para pr\u00e9stamo y otro fijo en el Aula de formaci\u00f3n, 11 punteros l\u00e1ser para presentaciones, 52 calculadoras financieras, 15 calculadoras cient\u00edficas y 2 lectores\/reproductores de DVD.<\/p>\n<p>&nbsp;<\/p>\n<p><strong><span style=\"color: #993300;\">OTROS EQUIPOS<br \/>\n<\/span><\/strong>&#8211; 7 atriles para uso en sala<\/p>\n","protected":false},"excerpt":{"rendered":"<p>DISTRIBUCI\u00d3N DE ESPACIOS &nbsp; El espacio de la Biblioteca se distribuye en dos plantas: Planta baja &#8211; Mostrador de informaci\u00f3n y pr\u00e9stamo &#8211; Centro de documentaci\u00f3n estad\u00edstica (24 puestos de consulta) &#8211; Hemeroteca (32 puestos de consulta) &#8211; Zona de &hellip; <a href=\"https:\/\/bibliotecas.unileon.es\/ciencias-economicas-empresariales\/espacios-y-equipamiento\/\">Sigue leyendo <span class=\"meta-nav\">&rarr;<\/span><\/a><\/p>\n","protected":false},"author":22,"featured_media":0,"parent":0,"menu_order":0,"comment_status":"open","ping_status":"open","template":"","meta":{"_bbp_topic_count":0,"_bbp_reply_count":0,"_bbp_total_topic_count":0,"_bbp_total_reply_count":0,"_bbp_voice_count":0,"_bbp_anonymous_reply_count":0,"_bbp_topic_count_hidden":0,"_bbp_reply_count_hidden":0,"_bbp_forum_subforum_count":0,"footnotes":""},"class_list":["post-80","page","type-page","status-publish","hentry"],"_links":{"self":[{"href":"https:\/\/bibliotecas.unileon.es\/ciencias-economicas-empresariales\/wp-json\/wp\/v2\/pages\/80","targetHints":{"allow":["GET"]}}],"collection":[{"href":"https:\/\/bibliotecas.unileon.es\/ciencias-economicas-empresariales\/wp-json\/wp\/v2\/pages"}],"about":[{"href":"https:\/\/bibliotecas.unileon.es\/ciencias-economicas-empresariales\/wp-json\/wp\/v2\/types\/page"}],"author":[{"embeddable":true,"href":"https:\/\/bibliotecas.unileon.es\/ciencias-economicas-empresariales\/wp-json\/wp\/v2\/users\/22"}],"replies":[{"embeddable":true,"href":"https:\/\/bibliotecas.unileon.es\/ciencias-economicas-empresariales\/wp-json\/wp\/v2\/comments?post=80"}],"version-history":[{"count":4,"href":"https:\/\/bibliotecas.unileon.es\/ciencias-economicas-empresariales\/wp-json\/wp\/v2\/pages\/80\/revisions"}],"predecessor-version":[{"id":121,"href":"https:\/\/bibliotecas.unileon.es\/ciencias-economicas-empresariales\/wp-json\/wp\/v2\/pages\/80\/revisions\/121"}],"wp:attachment":[{"href":"https:\/\/bibliotecas.unileon.es\/ciencias-economicas-empresariales\/wp-json\/wp\/v2\/media?parent=80"}],"curies":[{"name":"wp","href":"https:\/\/api.w.org\/{rel}","templated":true}]}}