{"id":801,"date":"2013-07-15T10:30:58","date_gmt":"2013-07-15T08:30:58","guid":{"rendered":"http:\/\/bibliotecas.unileon.es\/ciencias-economicas-empresariales\/?page_id=801"},"modified":"2025-03-18T12:31:21","modified_gmt":"2025-03-18T11:31:21","slug":"oferta-de-duplicados","status":"publish","type":"page","link":"https:\/\/bibliotecas.unileon.es\/ciencias-economicas-empresariales\/oferta-de-duplicados\/","title":{"rendered":"Oferta de duplicados"},"content":{"rendered":"<p>Las solicitudes se enviar\u00e1n por correo-e a nuestra direcci\u00f3n <a href=\"mailto:bufee@unileon.es\">bufee@unileon.es<\/a><\/p>\n<ul>\n<li>Todas las peticiones ser\u00e1n atendidas por orden de recepci\u00f3n.<\/li>\n<li>Los gastos de env\u00edo correr\u00e1n a cargo de la Biblioteca peticionaria.<\/li>\n<li>La Biblioteca solicitante ser\u00e1 la encargada de contactar con la empresa de transporte con la que trabaje habitualmente y ordenar la recogida en Le\u00f3n. En caso contrario los env\u00edos se realizar\u00e1n a trav\u00e9s de SEUR.<\/li>\n<\/ul>\n<p>&nbsp;<\/p>\n<p>Listados\u00a0 (actualizados, marzo 2025)<\/p>\n<p><a href=\"https:\/\/bibliotecas.unileon.es\/ciencias-economicas-empresariales\/files\/2025\/03\/Duplicados-revistas-marzo-2025.pdf\" class=\"mtli_attachment mtli_pdf\" target=\"_blank\" rel=\"noopener\">Duplicados revistas<\/a><br \/>\n<a href=\"https:\/\/bibliotecas.unileon.es\/ciencias-economicas-empresariales\/files\/2025\/03\/Duplicados-estadisticas-e-informes-marzo-2025.pdf\" class=\"mtli_attachment mtli_pdf\" target=\"_blank\" rel=\"noopener\">Duplicados estad\u00edsticas<\/a><\/p>\n","protected":false},"excerpt":{"rendered":"<p>Las solicitudes se enviar\u00e1n por correo-e a nuestra direcci\u00f3n bufee@unileon.es Todas las peticiones ser\u00e1n atendidas por orden de recepci\u00f3n. Los gastos de env\u00edo correr\u00e1n a cargo de la Biblioteca peticionaria. La Biblioteca solicitante ser\u00e1 la encargada de contactar con la &hellip; <a href=\"https:\/\/bibliotecas.unileon.es\/ciencias-economicas-empresariales\/oferta-de-duplicados\/\">Sigue leyendo <span class=\"meta-nav\">&rarr;<\/span><\/a><\/p>\n","protected":false},"author":22,"featured_media":0,"parent":0,"menu_order":0,"comment_status":"open","ping_status":"open","template":"","meta":{"_bbp_topic_count":0,"_bbp_reply_count":0,"_bbp_total_topic_count":0,"_bbp_total_reply_count":0,"_bbp_voice_count":0,"_bbp_anonymous_reply_count":0,"_bbp_topic_count_hidden":0,"_bbp_reply_count_hidden":0,"_bbp_forum_subforum_count":0,"footnotes":""},"class_list":["post-801","page","type-page","status-publish","hentry"],"_links":{"self":[{"href":"https:\/\/bibliotecas.unileon.es\/ciencias-economicas-empresariales\/wp-json\/wp\/v2\/pages\/801","targetHints":{"allow":["GET"]}}],"collection":[{"href":"https:\/\/bibliotecas.unileon.es\/ciencias-economicas-empresariales\/wp-json\/wp\/v2\/pages"}],"about":[{"href":"https:\/\/bibliotecas.unileon.es\/ciencias-economicas-empresariales\/wp-json\/wp\/v2\/types\/page"}],"author":[{"embeddable":true,"href":"https:\/\/bibliotecas.unileon.es\/ciencias-economicas-empresariales\/wp-json\/wp\/v2\/users\/22"}],"replies":[{"embeddable":true,"href":"https:\/\/bibliotecas.unileon.es\/ciencias-economicas-empresariales\/wp-json\/wp\/v2\/comments?post=801"}],"version-history":[{"count":4,"href":"https:\/\/bibliotecas.unileon.es\/ciencias-economicas-empresariales\/wp-json\/wp\/v2\/pages\/801\/revisions"}],"predecessor-version":[{"id":804,"href":"https:\/\/bibliotecas.unileon.es\/ciencias-economicas-empresariales\/wp-json\/wp\/v2\/pages\/801\/revisions\/804"}],"wp:attachment":[{"href":"https:\/\/bibliotecas.unileon.es\/ciencias-economicas-empresariales\/wp-json\/wp\/v2\/media?parent=801"}],"curies":[{"name":"wp","href":"https:\/\/api.w.org\/{rel}","templated":true}]}}