{"id":83,"date":"2012-11-09T14:35:40","date_gmt":"2012-11-09T12:35:40","guid":{"rendered":"http:\/\/bibliotecas.unileon.es\/ciencias-economicas-empresariales\/?page_id=83"},"modified":"2024-06-12T12:10:36","modified_gmt":"2024-06-12T10:10:36","slug":"la-coleccion-bibliografica","status":"publish","type":"page","link":"https:\/\/bibliotecas.unileon.es\/ciencias-economicas-empresariales\/la-coleccion-bibliografica\/","title":{"rendered":"La colecci\u00f3n bibliogr\u00e1fica"},"content":{"rendered":"<p style=\"text-align: left;\">Nuestra colecci\u00f3n est\u00e1 formada por monograf\u00edas, publicaciones peri\u00f3dicas (revistas cient\u00edficas, prensa econ\u00f3mica, etc.), un completo fondo de publicaciones estad\u00edsticas nacionales e internacionales,\u00a0informes peri\u00f3dicos, documentos de trabajo de diversas Universidades y organismos de investigaci\u00f3n, memorias anuales de empresas y otros organismos, y publicaciones electr\u00f3nicas (bases de datos y revistas electr\u00f3nicas).<\/p>\n<p>Las b\u00fasquedas se realizan a trav\u00e9s del <a href=\"http:\/\/catoute.unileon.es:2082\/\">Cat\u00e1logo bibliogr\u00e1fico<\/a>\u00a0del que forman parte todos los recursos bibliogr\u00e1ficos de la ULE independientemente de su ubicaci\u00f3n o soporte.<\/p>\n<p>&nbsp;<\/p>\n<h3 style=\"text-align: left;\"><span style=\"color: #ff6600;\"><strong><span style=\"color: #ff6600;\">Monograf\u00edas<\/span><\/strong><\/span><\/h3>\n<p style=\"text-align: left;\"><span style=\"color: #ff6600;\"><strong><br \/>\n<\/strong><\/span>La Biblioteca de la Facultad cuenta en la actualidad con unos 35.000 vol\u00famenes distribuidos entre la Sala de lectura (22.000) y los Dep\u00f3sitos (13.000). En la Sala de lectura se encuentran las obras m\u00e1s actuales y frecuentemente demandadas para su consulta en libre acceso. Los libros anteriores al a\u00f1o 1990 se ubican en el Dep\u00f3sito y han de ser solicitados directamente en el mostrador de informaci\u00f3n.<br \/>\nLa ordenaci\u00f3n del fondo en libre acceso se hace\u00a0siguiendo la <a href=\"http:\/\/www.udcc.org\/udcsummary\/php\/index.php?lang=es\">Clasificaci\u00f3n Decimal Universal (CDU)<\/a>. Se trata de una clasificaci\u00f3n num\u00e9rica en la que cada n\u00famero representa un concepto, de forma que todos los libros clasificados bajo el mismo n\u00famero tratan de la misma materia y se\u00a0localizan juntos\u00a0en las estanter\u00edas.<br \/>\nLa materia expresada por la CDU se traslada al libro en forma de una etiqueta colocada en el lomo del mismo. Esta etiqueta se denomina <strong>tejuelo<\/strong> y contiene la <strong>signatura topogr\u00e1fica<\/strong>\u00a0que est\u00e1 formada por los primeros n\u00fameros de la CDU correspondiente y las tres primeras letras del apellido del autor (o del t\u00edtulo si la obra tiene m\u00e1s de tres autores).<\/p>\n<p><span style=\"color: #ff6600;\"><strong>658.8<\/strong><\/span>\u00a0\u00a0\u00a0\u00a0\u00a0\u00a0\u00a0 N\u00famero de CDU correspondiente a Marketing<br \/>\n<span style=\"color: #ff6600;\"><strong>KOT<\/strong><\/span>\u00a0\u00a0\u00a0\u00a0\u00a0\u00a0\u00a0\u00a0\u00a0 Inicio del apellido del autor (Kotler)<\/p>\n<p>Los libros se ordenan en las estanter\u00edas de abajo hacia arriba y de izquierda a derecha.<br \/>\nDisponemos de un folleto\u00a0con <a href=\"http:\/\/bibliotecas.unileon.es\/ciencias-economicas-empresariales\/files\/2013\/09\/esquema-topografico-nueva-web.pdf\" class=\"mtli_attachment mtli_pdf\" target=\"_blank\" rel=\"noopener noreferrer\">Signaturas de CDU y materias equivalentes<\/a>\u00a0utilizadas en la Biblioteca.<\/p>\n<p style=\"text-align: left;\">La colecci\u00f3n se organiza en las siguientes Secciones:<\/p>\n<p style=\"text-align: left;\"><span style=\"color: #000000;\"><strong>\u00a0<\/strong><\/span><\/p>\n<table style=\"width: 640px;\">\n<tbody>\n<tr>\n<td style=\"width: 130.467px;\"><span style=\"color: #ff6600;\"><strong>Manuales<\/strong><\/span><\/td>\n<td style=\"width: 408.533px;\">Bibliograf\u00eda b\u00e1sica y complementaria recomendada en las Gu\u00edas docentes de las distintas asignaturas.<br \/>\nDesde la opci\u00f3n <a href=\"https:\/\/catoute.unileon.es\/discovery\/search?vid=34BUC_ULE:VU1\" target=\"_blank\" rel=\"noopener\">Leganto: bibliograf\u00eda por asignaturas<\/a> del cat\u00e1logo de la Biblioteca se puede consultar la bibliograf\u00eda recomendada por asignaturas y nombre del profesor.<\/td>\n<\/tr>\n<tr>\n<td style=\"width: 130.467px;\"><span style=\"color: #ff6600;\"><strong>Otras monograf\u00edas<\/strong><\/span><\/td>\n<td style=\"width: 408.533px;\">Libros de inter\u00e9s sobre diversos temas \u00fatiles para la realizaci\u00f3n de trabajos de clase y el TFG.<\/td>\n<\/tr>\n<tr>\n<td style=\"width: 130.467px;\"><span style=\"color: #ff6600;\"><strong>Secci\u00f3n de Referencia<\/strong><\/span><\/td>\n<td style=\"width: 408.533px;\">Diccionarios de la lengua y especializados en temas econ\u00f3micos y empresariales<\/td>\n<\/tr>\n<tr>\n<td style=\"width: 130.467px;\"><span style=\"color: #ff6600;\"><strong>Materiales especiales<\/strong><\/span><\/td>\n<td style=\"width: 408.533px;\">Formada por obras\u00a0 y material anejo\u00a0 en DC-Rom, DVD. Han de solicitarse directamente en el mostrador.<\/td>\n<\/tr>\n<tr>\n<td style=\"width: 130.467px;\"><span style=\"color: #ff6600;\"><strong>Libros electr\u00f3nicos<\/strong><\/span><\/td>\n<td style=\"width: 408.533px;\">La colecci\u00f3n de monograf\u00edas electr\u00f3nicas de tema econ\u00f3mico se recopila en la entrada <a href=\"http:\/\/bibliotecas.unileon.es\/ciencias-economicas-empresariales\/libros-electronicos\/\" target=\"_blank\" rel=\"noopener noreferrer\"><em>Recursos electr\u00f3nicos para econom\u00eda y empresa \/ Libros electr\u00f3nicos<\/em><\/a> de esta web<\/td>\n<\/tr>\n<\/tbody>\n<\/table>\n<p>La Biblioteca colabora en la localizaci\u00f3n y pr\u00e9stamo de la colecci\u00f3n de libros ubicados en los Departamentos y \u00c1reas de conocimiento (aproximadamente unos 13.000 vol\u00famenes).<\/p>\n<p>&nbsp;<\/p>\n<h3 style=\"text-align: left;\"><span style=\"color: #ff6600;\"><strong>Publicaciones peri\u00f3dicas<br \/>\n<\/strong><\/span><\/h3>\n<p>La colecci\u00f3n de revistas se ubica \u00edntegramente en la Hemeroteca de la Facultad y no hay revistas en los Departamentos.<\/p>\n<p>&nbsp;<\/p>\n<table style=\"width: 640px;\">\n<tbody>\n<tr>\n<td style=\"width: 134.2px;\"><span style=\"color: #ff6600;\"><strong>Revistas cient\u00edficas<\/strong><\/span><\/td>\n<td style=\"width: 406.8px;\">M\u00e1s de 1000 t\u00edtulos de revistas impresas (unas 300 en curso de recepci\u00f3n). El n\u00famero m\u00e1s reciente se dispone para su consulta en el expositor. El resto de los n\u00fameros del a\u00f1o se localiza bajo el estante abatible y en la parte inferior de la estanter\u00eda. Los n\u00fameros m\u00e1s antiguos se ubican en la zona de dep\u00f3sito contigua. Las revistas se agrupan por materias en las siguientes secciones:<\/p>\n<p>1. Marketing. Investigaci\u00f3n comercial. Publicidad. Distribuci\u00f3n. Consumidores y consumo.<br \/>\n2. Finanzas. Banca. Bolsa. Seguros. Contabilidad y auditor\u00eda<br \/>\n3. Econom\u00eda de la empresa. Gesti\u00f3n de empresas. Gesti\u00f3n de RR.HH<br \/>\n4. Gesti\u00f3n de la producci\u00f3n. Tecnolog\u00eda. Innovaci\u00f3n. Calidad.<br \/>\n5a. Teor\u00eda econ\u00f3mica. Metodolog\u00eda. Sectores econ\u00f3micos. Empleo. Hacienda p\u00fablica. Econom\u00eda internacional<br \/>\n5b. Econom\u00eda (revistas en espa\u00f1ol)<br \/>\n6. Castilla y Le\u00f3n<br \/>\n7. Estad\u00edstica aplicada. Econometr\u00eda. Demograf\u00eda<br \/>\n9. Prensa econ\u00f3mica. Semanarios<\/td>\n<\/tr>\n<tr>\n<td style=\"width: 134.2px;\"><span style=\"color: #ff6600;\"><strong>Prensa<\/strong> <\/span><\/td>\n<td style=\"width: 406.8px;\">Local, nacional y especializada<\/td>\n<\/tr>\n<tr>\n<td style=\"width: 134.2px;\"><span style=\"color: #ff6600;\"><strong>Estad\u00edsticas<\/strong><\/span><\/td>\n<td style=\"width: 406.8px;\">Publicaciones con datos estad\u00edsticos nacionales e internacionales agrupadas por materias y entidades.<br \/>\nLas estad\u00edsticas en soporte inform\u00e1tico han de ser solicitadas al personal de la Biblioteca en el mostrador de pr\u00e9stamo.<\/td>\n<\/tr>\n<tr>\n<td style=\"width: 134.2px;\"><span style=\"color: #ff6600;\"><strong>Memorias de empresas y bancos<\/strong><\/span><\/td>\n<td style=\"width: 406.8px;\">Para los datos financieros de empresas se recomienda adem\u00e1s utilizar la <a href=\"http:\/\/catoute.unileon.es\/record=b1739782~S1*spi\" target=\"_blank\" rel=\"noopener noreferrer\">Base de datos SABI<\/a><\/td>\n<\/tr>\n<tr>\n<td style=\"width: 134.2px;\"><span style=\"color: #ff6600;\"><strong>Documentos de trabajo<\/strong><\/span><\/td>\n<td style=\"width: 406.8px;\">186 series. Ordenados alfab\u00e9ticamente por la entidad que los elabora. Hay unos 10.900 documentos de trabajo catalogados individualmente e incorporados al cat\u00e1logo bibliogr\u00e1fico.<\/td>\n<\/tr>\n<\/tbody>\n<\/table>\n<p>&nbsp;<\/p>\n<p><a href=\"http:\/\/bibliotecas.unileon.es\/ciencias-economicas-empresariales\/files\/2017\/06\/listado-de-revistas-por-secciones-2017.pdf\" class=\"mtli_attachment mtli_pdf\" target=\"_blank\" rel=\"noopener noreferrer\">Listado de revistas en curso por Secciones<\/a><br \/>\n<a href=\"http:\/\/bibliotecas.unileon.es\/ciencias-economicas-empresariales\/files\/2017\/06\/Listado-alfabetico-de-revistas-2017.pdf\" class=\"mtli_attachment mtli_pdf\" target=\"_blank\" rel=\"noopener noreferrer\">Listado alfab\u00e9tico de revistas en curso<\/a><\/p>\n<h3 style=\"text-align: left;\"><\/h3>\n<p>&nbsp;<\/p>\n<h3 style=\"text-align: left;\"><span style=\"color: #ff6600;\"><strong>Trabajos de Fin de Grado y M\u00e1ster<\/strong><\/span><\/h3>\n<p><span style=\"color: #000000;\">Una copia de todos los TFGs presentados en la Facultad se deposita en la Biblioteca y se incluye en el cat\u00e1logo bibliogr\u00e1fico M\u00e1s informaci\u00f3n en el apartado <a href=\"http:\/\/bibliotecas.unileon.es\/ciencias-economicas-empresariales\/trabajos-de-fin-de-grado-y-master\/\" target=\"_blank\" rel=\"noopener noreferrer\">\u00abCat\u00e1logo \/ Trabajos de Fin de Grado\u00bb<\/a> de esta web.\u00a0 <\/span><span style=\"color: #993300; text-decoration: underline;\"><strong><br \/>\n<\/strong><\/span><\/p>\n<p>&nbsp;<\/p>\n<h3 style=\"text-align: left;\"><span style=\"color: #ff6600;\"><strong>Bases de datos y revistas electr\u00f3nicas<\/strong><\/span><\/h3>\n<p>Accesibles desde cualquier ordenador conectado a la red local de la ULE y desde casa previa identificaci\u00f3n como usuario autorizado (imprescindible carn\u00e9 universitario). Para facilitar el acceso\u00a0se ha elaborado un folleto que contiene una selecci\u00f3n de\u00a0<a href=\"http:\/\/bibliotecas.unileon.es\/ciencias-economicas-empresariales\/files\/2013\/03\/recursos-electr\u00f3nicos-nueva-web1.pdf\" class=\"mtli_attachment mtli_pdf\" target=\"_blank\" rel=\"noopener noreferrer\">Recursos electr\u00f3nicos para econom\u00eda y empresa<\/a>\u00a0disponibles en la Universidad.<br \/>\nM\u00e1s informaci\u00f3n en los apartados \u00ab<a href=\"http:\/\/bibliotecas.unileon.es\/ciencias-economicas-empresariales\/bases-de-datos\/\" target=\"_blank\" rel=\"noopener noreferrer\">Recursos electr\u00f3nicos para econom\u00eda y empresa \/ Bases de datos suscritas<\/a>\u00bb y \u00ab<a href=\"http:\/\/bibliotecas.unileon.es\/ciencias-economicas-empresariales\/revistas-electronicas\/\" target=\"_blank\" rel=\"noopener noreferrer\">Recursos electr\u00f3nicos para econom\u00eda y empresa \/ Revistas electr\u00f3nicas (Colecciones y t\u00edtulos)<\/a>\u00bb de esta web<\/p>\n","protected":false},"excerpt":{"rendered":"<p>Nuestra colecci\u00f3n est\u00e1 formada por monograf\u00edas, publicaciones peri\u00f3dicas (revistas cient\u00edficas, prensa econ\u00f3mica, etc.), un completo fondo de publicaciones estad\u00edsticas nacionales e internacionales,\u00a0informes peri\u00f3dicos, documentos de trabajo de diversas Universidades y organismos de investigaci\u00f3n, memorias anuales de empresas y otros organismos, &hellip; <a href=\"https:\/\/bibliotecas.unileon.es\/ciencias-economicas-empresariales\/la-coleccion-bibliografica\/\">Sigue leyendo <span class=\"meta-nav\">&rarr;<\/span><\/a><\/p>\n","protected":false},"author":22,"featured_media":0,"parent":0,"menu_order":0,"comment_status":"open","ping_status":"open","template":"","meta":{"_bbp_topic_count":0,"_bbp_reply_count":0,"_bbp_total_topic_count":0,"_bbp_total_reply_count":0,"_bbp_voice_count":0,"_bbp_anonymous_reply_count":0,"_bbp_topic_count_hidden":0,"_bbp_reply_count_hidden":0,"_bbp_forum_subforum_count":0,"footnotes":""},"class_list":["post-83","page","type-page","status-publish","hentry"],"_links":{"self":[{"href":"https:\/\/bibliotecas.unileon.es\/ciencias-economicas-empresariales\/wp-json\/wp\/v2\/pages\/83","targetHints":{"allow":["GET"]}}],"collection":[{"href":"https:\/\/bibliotecas.unileon.es\/ciencias-economicas-empresariales\/wp-json\/wp\/v2\/pages"}],"about":[{"href":"https:\/\/bibliotecas.unileon.es\/ciencias-economicas-empresariales\/wp-json\/wp\/v2\/types\/page"}],"author":[{"embeddable":true,"href":"https:\/\/bibliotecas.unileon.es\/ciencias-economicas-empresariales\/wp-json\/wp\/v2\/users\/22"}],"replies":[{"embeddable":true,"href":"https:\/\/bibliotecas.unileon.es\/ciencias-economicas-empresariales\/wp-json\/wp\/v2\/comments?post=83"}],"version-history":[{"count":19,"href":"https:\/\/bibliotecas.unileon.es\/ciencias-economicas-empresariales\/wp-json\/wp\/v2\/pages\/83\/revisions"}],"predecessor-version":[{"id":868,"href":"https:\/\/bibliotecas.unileon.es\/ciencias-economicas-empresariales\/wp-json\/wp\/v2\/pages\/83\/revisions\/868"}],"wp:attachment":[{"href":"https:\/\/bibliotecas.unileon.es\/ciencias-economicas-empresariales\/wp-json\/wp\/v2\/media?parent=83"}],"curies":[{"name":"wp","href":"https:\/\/api.w.org\/{rel}","templated":true}]}}