{"id":861,"date":"2013-11-08T13:33:10","date_gmt":"2013-11-08T12:33:10","guid":{"rendered":"http:\/\/bibliotecas.unileon.es\/ciencias-economicas-empresariales\/?page_id=861"},"modified":"2013-11-08T14:48:42","modified_gmt":"2013-11-08T13:48:42","slug":"pecunia-la-revista-de-nuestra-facultad","status":"publish","type":"page","link":"https:\/\/bibliotecas.unileon.es\/ciencias-economicas-empresariales\/pecunia-la-revista-de-nuestra-facultad\/","title":{"rendered":"Pecunia : la revista de nuestra Facultad"},"content":{"rendered":"<p><img loading=\"lazy\" decoding=\"async\" alt=\"\" src=\"http:\/\/bibliotecas.unileon.es\/ciencias-economicas-empresariales\/files\/2013\/11\/pecunia-cabecera-e1383917515736.png\" width=\"600\" height=\"123\" \/><\/p>\n<p><strong>\u00a0\u00abPecunia : revista de la Facultad de Ciencias Econ\u00f3micas y Empresariales\u00bb<\/strong>\u00a0se fund\u00f3 en el a\u00f1o 2005 y desde 2013 se publica exclusivamente en formato electr\u00f3nico.<\/p>\n<p>El texto completo de todos sus art\u00edculos se puede consultar a trav\u00e9s del\u00a0<a href=\"http:\/\/revpubli.unileon.es\/ojs\/index.php\/Pecvnia\" target=\"_blank\">Portal de revistas de la Universidad de Le\u00f3n<\/a>.<\/p>\n<p>Pecunia est\u00e1 disponible adem\u00e1s en las siguientes bases de datos:<\/p>\n<p><a href=\"http:\/\/dialnet.unirioja.es\/servlet\/revista?codigo=6765\" target=\"_blank\">Dialnet<\/a><br \/>\n<a href=\"http:\/\/www.doaj.org\/doaj?func=issues&amp;jId=84431&amp;uiLanguage=en\" target=\"_blank\">DOAJ<\/a>\u00a0Directory of Open Access Journals<br \/>\n<a href=\"http:\/\/www.erevistas.csic.es\/ficha_revista.php?oai_iden=oai_revista538\" target=\"_blank\">E-revistas<\/a> (Plataforma Open Access de revistas Cient\u00edficas Espa\u00f1olas e Hispanoamericanas<a href=\"http:\/\/www.erevistas.csic.es\/ficha_revista.php?oai_iden=oai_revista538\" target=\"_blank\"><br \/>\n<\/a><a href=\"http:\/\/bddoc.csic.es:8080\/isoc.html\" target=\"_blank\"><span style=\"text-decoration: underline\">I<\/span>SOC<\/a>\u00a0(Ciencias Sociales y Humanidades, Consejo Superior de Investigaciones Cient\u00edficas)<br \/>\n<a href=\"http:\/\/catoute.unileon.es\/record=b1662476~S1*spi\" target=\"_blank\">ABI\/Inform Complete<\/a><\/p>\n<p>&nbsp;<\/p>\n<p><img loading=\"lazy\" decoding=\"async\" class=\"aligncenter\" alt=\"\" src=\"http:\/\/bibliotecas.unileon.es\/ciencias-economicas-empresariales\/files\/2013\/11\/mercurio-pecunia.gif\" width=\"67\" height=\"157\" \/><\/p>\n","protected":false},"excerpt":{"rendered":"<p>\u00a0\u00abPecunia : revista de la Facultad de Ciencias Econ\u00f3micas y Empresariales\u00bb\u00a0se fund\u00f3 en el a\u00f1o 2005 y desde 2013 se publica exclusivamente en formato electr\u00f3nico. El texto completo de todos sus art\u00edculos se puede consultar a trav\u00e9s del\u00a0Portal de revistas &hellip; <a href=\"https:\/\/bibliotecas.unileon.es\/ciencias-economicas-empresariales\/pecunia-la-revista-de-nuestra-facultad\/\">Sigue leyendo <span class=\"meta-nav\">&rarr;<\/span><\/a><\/p>\n","protected":false},"author":22,"featured_media":0,"parent":0,"menu_order":0,"comment_status":"open","ping_status":"open","template":"","meta":{"_bbp_topic_count":0,"_bbp_reply_count":0,"_bbp_total_topic_count":0,"_bbp_total_reply_count":0,"_bbp_voice_count":0,"_bbp_anonymous_reply_count":0,"_bbp_topic_count_hidden":0,"_bbp_reply_count_hidden":0,"_bbp_forum_subforum_count":0,"footnotes":""},"class_list":["post-861","page","type-page","status-publish","hentry"],"_links":{"self":[{"href":"https:\/\/bibliotecas.unileon.es\/ciencias-economicas-empresariales\/wp-json\/wp\/v2\/pages\/861","targetHints":{"allow":["GET"]}}],"collection":[{"href":"https:\/\/bibliotecas.unileon.es\/ciencias-economicas-empresariales\/wp-json\/wp\/v2\/pages"}],"about":[{"href":"https:\/\/bibliotecas.unileon.es\/ciencias-economicas-empresariales\/wp-json\/wp\/v2\/types\/page"}],"author":[{"embeddable":true,"href":"https:\/\/bibliotecas.unileon.es\/ciencias-economicas-empresariales\/wp-json\/wp\/v2\/users\/22"}],"replies":[{"embeddable":true,"href":"https:\/\/bibliotecas.unileon.es\/ciencias-economicas-empresariales\/wp-json\/wp\/v2\/comments?post=861"}],"version-history":[{"count":1,"href":"https:\/\/bibliotecas.unileon.es\/ciencias-economicas-empresariales\/wp-json\/wp\/v2\/pages\/861\/revisions"}],"predecessor-version":[{"id":865,"href":"https:\/\/bibliotecas.unileon.es\/ciencias-economicas-empresariales\/wp-json\/wp\/v2\/pages\/861\/revisions\/865"}],"wp:attachment":[{"href":"https:\/\/bibliotecas.unileon.es\/ciencias-economicas-empresariales\/wp-json\/wp\/v2\/media?parent=861"}],"curies":[{"name":"wp","href":"https:\/\/api.w.org\/{rel}","templated":true}]}}