{"id":907,"date":"2014-03-05T09:36:55","date_gmt":"2014-03-05T08:36:55","guid":{"rendered":"http:\/\/bibliotecas.unileon.es\/ciencias-economicas-empresariales\/?page_id=907"},"modified":"2021-02-19T10:07:48","modified_gmt":"2021-02-19T09:07:48","slug":"otros-recursos-en-acceso-abierto","status":"publish","type":"page","link":"https:\/\/bibliotecas.unileon.es\/ciencias-economicas-empresariales\/otros-recursos-en-acceso-abierto\/","title":{"rendered":"Otros recursos en acceso abierto"},"content":{"rendered":"<p>La gran difusi\u00f3n de las pol\u00edticas open access ha dado lugar a un gran volumen de informaci\u00f3n cient\u00edfica disponible para su uso y consulta de forma gratuita a trav\u00e9s de Internet. Estos son algunos sitios imprescindibles.<\/p>\n<p><strong><span style=\"font-size: large; color: #ff6600;\"><a href=\"https:\/\/buleria.unileon.es\/\" target=\"_blank\" rel=\"noopener\"><span style=\"color: #ff6600;\">BULERIA<\/span><\/a><\/span><\/strong> (Biblioteca Universitaria de Le\u00f3n. Repositorio Institucional Abierto)<\/p>\n<p>Archivo digital que recoge la producci\u00f3n cient\u00edfica de la ULE. Almacena las revistas editadas por la instituci\u00f3n, tesis doctorales y trabajos de Fin de Grado, entre ellos los de la Facultad de Ciencias Econ\u00f3micas y Empresariales.<\/p>\n<p>&nbsp;<\/p>\n<p><span style=\"font-size: large;\"><strong><span style=\"color: #ff6600;\"><a href=\"http:\/\/recolecta.fecyt.es\/\" target=\"_blank\" rel=\"noopener\"><span style=\"color: #ff6600;\">Recolecta<\/span><\/a><\/span><\/strong><\/span><\/p>\n<p>Gran archivo digital de toda la ciencia open access en espa\u00f1ol que permite la b\u00fasqueda conjunta en todos los repositorios cient\u00edficos espa\u00f1oles. Patrocinado por la FECyT (Fundaci\u00f3n Espa\u00f1ola para la Ciencia y la Tecnolog\u00eda) y REBIUN (Red de Bibliotecas Universitarias Espa\u00f1olas). BULERIA se incluye en Recolecta.<\/p>\n<p>&nbsp;<\/p>\n<p><span style=\"font-size: large;\"><strong><span style=\"color: #ff6600;\"><a href=\"http:\/\/www.oclc.org\/oaister.en.html?urlm=168646\" target=\"_blank\" rel=\"noopener\"><span style=\"color: #ff6600;\">OAIster<\/span><\/a><\/span><\/strong><\/span><\/p>\n<p>Permite el acceso a m\u00e1s de 1000 repositorios cient\u00edficos nacionales de todo el mundo. La consulta se hace a trav\u00e9s de WorldCat, cat\u00e1logo colectivo mundial. Recolecta se incluye en OAIster.<\/p>\n<p>&nbsp;<\/p>\n<p><span style=\"font-size: large;\"><strong><span style=\"color: #ff6600;\"><a href=\"http:\/\/worldwidescience.org\/index.html\" target=\"_blank\" rel=\"noopener\"><span style=\"color: #ff6600;\">World Wide Science<\/span><\/a><\/span><\/strong><\/span><\/p>\n<p>Pasarela cooperativa internacional auspiciada por los gobiernos de muchos pa\u00edses que permite la b\u00fasqueda simult\u00e1nea en decenas de archivos digitales de todo el mundo. Recoge la ciencia producida en los organismos cient\u00edficos nacionales, por ejemplo los documentos incluidos en <a href=\"http:\/\/digital.csic.es\/\" target=\"_blank\" rel=\"noopener\">Digital CSIC<\/a> para Espa\u00f1a.<\/p>\n<p>&nbsp;<\/p>\n<p><span style=\"font-size: large; color: #ff6600;\"><strong><a style=\"color: #ff6600;\" href=\"http:\/\/www.ssrn.com\/en\/\" target=\"_blank\" rel=\"noopener\">SSRN. Social Science Research Network<\/a><\/strong><\/span><\/p>\n<p>El m\u00e1s grande repositorio internacional con referencias y textos completos de art\u00edculos de revistas, documentos de trabajo, informes, etc. sobre Ciencias Sociales, en particular sobre econom\u00eda, finanzas, negocios y administraci\u00f3n de empresas. Fue adquirido por Elsevier en mayo de 2016.<\/p>\n<p>&nbsp;<\/p>\n<p><span style=\"font-size: large;\"><strong><span style=\"color: #ff6600;\"><a href=\"http:\/\/repec.org\/\" target=\"_blank\" rel=\"noopener\"><span style=\"color: #ff6600;\">RePEc, Research Papers in Economics<\/span><\/a><\/span><\/strong><\/span><\/p>\n<p>Red internacional de repositorios digitales de acceso abierto especializada en econom\u00eda. Contiene fundamentalmente art\u00edculos de revista y documentos de trabajo pero tambi\u00e9n libros y cap\u00edtulos de libros.<\/p>\n<p>&nbsp;<\/p>\n<p><span style=\"font-size: large; color: #ff6600;\"><strong><a style=\"color: #ff6600;\" href=\"https:\/\/osf.io\/view\/socarxiv\/\" target=\"_blank\" rel=\"noopener\">SocArXiv<\/a><\/strong><\/span><\/p>\n<p>Elaborado por Open Science Framework y lanzado en junio de 2016. Almacena documentos pre-print relacionados con las Ciencias Sociales en general. Aspira a convertirse en la alternativa editorial a las revistas tradicionales<\/p>\n<p>&nbsp;<\/p>\n<p><a href=\"https:\/\/www.researchgate.net\/\" target=\"_blank\" rel=\"noopener\"><span style=\"font-size: large; color: #ff6600;\"><strong>ResearchGate<\/strong><\/span><\/a><\/p>\n<p>Red social acad\u00e9mica fundada en Alemania en 2008. Contiene documentos acad\u00e9micos (art\u00edculos de revistas, comunicaciones presentadas a Congresos, materiales de cursos, presentaciones) depositados por sus propios autores. Permite contactar con investigadores de todo el mundo y obtener estad\u00edsticas de uso personalizadas de los materiales depositados. En 2021 m\u00e1s de 19 millones de usuarios utilizan ResearchGate para difundir sus trabajos cient\u00edficos y contiene m\u00e1s de 135 millones de documentos. Para hacer b\u00fasquedas de contenido es necesario registrarse.<\/p>\n<p><a href=\"https:\/\/core.ac.uk\/\" target=\"_blank\" rel=\"noopener\"><strong><span style=\"color: #ff6600;\">CORE<\/span><\/strong><\/a><\/p>\n<p>CORE es un agregador de contenidos de acceso abierto de documentos cient\u00edficos gestionado conjuntamente entre la <a href=\"http:\/\/www.open.ac.uk\/\" target=\"_blank\" rel=\"noopener\">Open University<\/a> y <a href=\"https:\/\/www.jisc.ac.uk\/\" target=\"_blank\" rel=\"noopener\">JISC<\/a> que\u00a0 contiene m\u00e1s de 200 millones de documentos entre art\u00edculos de acceso abierto, res\u00famenes,\u00a0 textos completos alojados y validados y enlaces directos a trabajos de investigaci\u00f3n alojados en otros sitios web. La informaci\u00f3n procede de miles de repositorios institucionales, repositorios tem\u00e1ticos y de los propios editores de revistas.<\/p>\n<p>&nbsp;<\/p>\n","protected":false},"excerpt":{"rendered":"<p>La gran difusi\u00f3n de las pol\u00edticas open access ha dado lugar a un gran volumen de informaci\u00f3n cient\u00edfica disponible para su uso y consulta de forma gratuita a trav\u00e9s de Internet. Estos son algunos sitios imprescindibles. BULERIA (Biblioteca Universitaria de &hellip; <a href=\"https:\/\/bibliotecas.unileon.es\/ciencias-economicas-empresariales\/otros-recursos-en-acceso-abierto\/\">Sigue leyendo <span class=\"meta-nav\">&rarr;<\/span><\/a><\/p>\n","protected":false},"author":22,"featured_media":0,"parent":0,"menu_order":0,"comment_status":"open","ping_status":"open","template":"","meta":{"_bbp_topic_count":0,"_bbp_reply_count":0,"_bbp_total_topic_count":0,"_bbp_total_reply_count":0,"_bbp_voice_count":0,"_bbp_anonymous_reply_count":0,"_bbp_topic_count_hidden":0,"_bbp_reply_count_hidden":0,"_bbp_forum_subforum_count":0,"footnotes":""},"class_list":["post-907","page","type-page","status-publish","hentry"],"_links":{"self":[{"href":"https:\/\/bibliotecas.unileon.es\/ciencias-economicas-empresariales\/wp-json\/wp\/v2\/pages\/907","targetHints":{"allow":["GET"]}}],"collection":[{"href":"https:\/\/bibliotecas.unileon.es\/ciencias-economicas-empresariales\/wp-json\/wp\/v2\/pages"}],"about":[{"href":"https:\/\/bibliotecas.unileon.es\/ciencias-economicas-empresariales\/wp-json\/wp\/v2\/types\/page"}],"author":[{"embeddable":true,"href":"https:\/\/bibliotecas.unileon.es\/ciencias-economicas-empresariales\/wp-json\/wp\/v2\/users\/22"}],"replies":[{"embeddable":true,"href":"https:\/\/bibliotecas.unileon.es\/ciencias-economicas-empresariales\/wp-json\/wp\/v2\/comments?post=907"}],"version-history":[{"count":1,"href":"https:\/\/bibliotecas.unileon.es\/ciencias-economicas-empresariales\/wp-json\/wp\/v2\/pages\/907\/revisions"}],"predecessor-version":[{"id":1133,"href":"https:\/\/bibliotecas.unileon.es\/ciencias-economicas-empresariales\/wp-json\/wp\/v2\/pages\/907\/revisions\/1133"}],"wp:attachment":[{"href":"https:\/\/bibliotecas.unileon.es\/ciencias-economicas-empresariales\/wp-json\/wp\/v2\/media?parent=907"}],"curies":[{"name":"wp","href":"https:\/\/api.w.org\/{rel}","templated":true}]}}