{"id":941,"date":"2014-05-26T09:37:23","date_gmt":"2014-05-26T07:37:23","guid":{"rendered":"http:\/\/bibliotecas.unileon.es\/ciencias-economicas-empresariales\/?page_id=941"},"modified":"2019-09-12T11:27:34","modified_gmt":"2019-09-12T09:27:34","slug":"los-libros-mas-prestados-en-el-ano-2013","status":"publish","type":"page","link":"https:\/\/bibliotecas.unileon.es\/ciencias-economicas-empresariales\/los-libros-mas-prestados-en-el-ano-2013\/","title":{"rendered":"Los libros m\u00e1s prestados en el a\u00f1o 2018"},"content":{"rendered":"<p>&nbsp;<\/p>\n<p>Estos fueron los libros m\u00e1s prestados en nuestra Biblioteca durante el a\u00f1o 2018. Si pinchas sobre el t\u00edtulo podr\u00e1s ver toda la informaci\u00f3n sobre la obra en el cat\u00e1logo bibliogr\u00e1fico.<\/p>\n<p>&nbsp;<\/p>\n<p>&nbsp;<\/p>\n<table style=\"height: 940px;\" width=\"639\">\n<tbody>\n<tr>\n<td width=\"47\"><\/td>\n<td width=\"501\">\n<h5 style=\"text-align: center;\"><strong><span style=\"color: #ff6600;\">T\u00edtulo y autor<\/span><\/strong><\/h5>\n<\/td>\n<td width=\"99\">\n<h5 style=\"text-align: center;\"><strong><span style=\"color: #ff6600;\">Pr\u00e9stamos en 2018<\/span><\/strong><\/h5>\n<\/td>\n<\/tr>\n<tr>\n<td width=\"47\">\n<h3><strong><span style=\"color: #ff6600;\">1<\/span><\/strong><\/h3>\n<\/td>\n<td width=\"501\"><a href=\"http:\/\/catoute.unileon.es\/record=b1887043~S1*spi\" target=\"_blank\" rel=\"noopener noreferrer\">Introducci\u00f3n a la contabilidad financiera: adaptado a la peque\u00f1a y mediana empresa <\/a>\/ Carmen Fern\u00e1ndez Cuesta, Cristina Guti\u00e9rrez L\u00f3pez (Tambi\u00e9n disponible en e-book en <a href=\"http:\/\/grial.unileon.es\/Record\/Xebook1-1596\" target=\"_blank\" rel=\"noopener noreferrer\">GRIAL<\/a>)<\/td>\n<td style=\"text-align: center;\" width=\"99\"><strong>420<\/strong><\/td>\n<\/tr>\n<tr>\n<td width=\"47\">\n<h3><strong><span style=\"color: #ff6600;\">2<\/span><\/strong><\/h3>\n<\/td>\n<td width=\"501\"><a href=\"http:\/\/catoute.unileon.es\/record=b1555390~S1*spi\" target=\"_blank\" rel=\"noopener noreferrer\">Econom\u00eda : teor\u00eda y pr\u00e1ctica<\/a> \/ Juan Manuel Blanco S\u00e1nchez<\/td>\n<td style=\"text-align: center;\" width=\"99\"><strong>303<\/strong><\/td>\n<\/tr>\n<tr>\n<td width=\"47\">\n<h3><strong><span style=\"color: #ff6600;\">3<\/span><\/strong><\/h3>\n<\/td>\n<td width=\"501\"><a href=\"http:\/\/catoute.unileon.es\/record=b1125755~S1*spi\" target=\"_blank\" rel=\"noopener noreferrer\">An\u00e1lisis de las operaciones financiera<\/a>s \/ Jos\u00e9 Luis Fanjul Su\u00e1rez, \u00c1ngel Almoguera G\u00f3mez, Mar\u00eda del Carmen Gonz\u00e1lez Velasco<\/td>\n<td style=\"text-align: center;\" width=\"99\"><strong>258<\/strong><\/td>\n<\/tr>\n<tr>\n<td width=\"47\">\n<h3><strong><span style=\"color: #ff6600;\">4<\/span><\/strong><\/h3>\n<\/td>\n<td width=\"501\"><a href=\"http:\/\/catoute.unileon.es\/record=b1754770~S1*spi\" target=\"_blank\" rel=\"noopener noreferrer\">Microeconom\u00eda<\/a> \/ Robert S. Pindyck<\/td>\n<td style=\"text-align: center;\" width=\"99\"><strong>179<\/strong><\/td>\n<\/tr>\n<tr>\n<td width=\"47\">\n<h3><strong><span style=\"color: #ff6600;\">5<\/span><\/strong><\/h3>\n<\/td>\n<td width=\"501\"><a href=\"http:\/\/catoute.unileon.es\/record=b1879360~S1*spi\" target=\"_blank\" rel=\"noopener noreferrer\">Econom\u00eda<\/a> \/ N. Gregory Mankiw, Mark P Taylor<\/td>\n<td style=\"text-align: center;\" width=\"99\"><strong>147<\/strong><\/td>\n<\/tr>\n<tr>\n<td width=\"47\">\n<h3><strong><span style=\"color: #ff6600;\">6<\/span><\/strong><\/h3>\n<\/td>\n<td width=\"501\"><a href=\"http:\/\/catoute.unileon.es\/record=b1709553~S1*spi\" target=\"_blank\" rel=\"noopener noreferrer\">Macroeconom\u00eda<\/a> \/ Olivier Blanchard<\/td>\n<td style=\"text-align: center;\" width=\"99\"><strong>128<\/strong><\/td>\n<\/tr>\n<tr>\n<td width=\"47\">\n<h3><strong><span style=\"color: #ff6600;\">7<\/span><\/strong><\/h3>\n<\/td>\n<td width=\"501\"><a href=\"http:\/\/catoute.unileon.es\/record=b1854695~S1*spi\" target=\"_blank\" rel=\"noopener noreferrer\">Contabilidad financiera para peque\u00f1as y medianas empresas<\/a> \/ Cristina Guti\u00e9rrez L\u00f3pez, Carmen Fern\u00e1ndez Cuesta (tambi\u00e9n disponible en e-book en <a href=\"http:\/\/catoute.unileon.es\/record=b1855390~S1*spi\" target=\"_blank\" rel=\"noopener noreferrer\">GRIAL<\/a>)<\/td>\n<td style=\"text-align: center;\" width=\"99\"><strong>127<\/strong><\/td>\n<\/tr>\n<tr>\n<td width=\"47\">\n<h3><strong><span style=\"color: #ff6600;\">8<\/span><\/strong><\/h3>\n<\/td>\n<td width=\"501\"><a href=\"http:\/\/catoute.unileon.es\/record=b1507428~S1*spi\" target=\"_blank\" rel=\"noopener noreferrer\">An\u00e1lisis de las operaciones financieras: 220 supuestos resueltos <\/a>\/ Mar\u00eda del Carmen Gonz\u00e1lez Velasco<\/p>\n<p>&nbsp;<\/td>\n<td style=\"text-align: center;\" width=\"99\"><strong>112<\/strong><\/td>\n<\/tr>\n<tr>\n<td width=\"47\">\n<h3><strong><span style=\"color: #ff6600;\">9<\/span><\/strong><\/h3>\n<\/td>\n<td width=\"501\"><a href=\"http:\/\/catoute.unileon.es\/record=b1727158~S1*spi\" target=\"_blank\" rel=\"noopener noreferrer\">Direcci\u00f3n de personas: evidencias y perspectivas para el siglo XXI<\/a> \/ Jaime Bonache, \u00c1ngel Cabrera (directores)<\/td>\n<td style=\"text-align: center;\" width=\"99\"><strong>106<\/strong><\/td>\n<\/tr>\n<tr>\n<td width=\"47\">\n<h3><strong><span style=\"color: #ff6600;\">10<\/span><\/strong><\/h3>\n<\/td>\n<td width=\"501\"><a href=\"http:\/\/catoute.unileon.es\/record=b1825023~S1*spi\" target=\"_blank\" rel=\"noopener noreferrer\">La direcci\u00f3n estrat\u00e9gica de la empresa: teor\u00eda y aplicaciones <\/a>\/ Luis \u00c1ngel Guerras Mart\u00edn, Jos\u00e9 Emilio Navas L\u00f3pez<\/td>\n<td style=\"text-align: center;\" width=\"99\"><strong>95<\/strong><\/td>\n<\/tr>\n<tr>\n<td width=\"47\">\n<h3><strong><span style=\"color: #ff6600;\">11<\/span><\/strong><\/h3>\n<\/td>\n<td width=\"501\"><a href=\"http:\/\/catoute.unileon.es\/record=b1874675~S1*spi\" target=\"_blank\" rel=\"noopener noreferrer\">Fundamentos y t\u00e9cnicas de investigaci\u00f3n comercial<\/a> \/ Ildefonso Grande Esteban, Elena Abascal Fern\u00e1ndez<\/td>\n<td style=\"text-align: center;\" width=\"99\"><strong>87<\/strong><\/td>\n<\/tr>\n<tr>\n<td width=\"47\">\n<h3><strong><span style=\"color: #ff6600;\">12<\/span><\/strong><\/h3>\n<\/td>\n<td width=\"501\"><a href=\"http:\/\/catoute.unileon.es\/record=b1869757~S1*spi\" target=\"_blank\" rel=\"noopener noreferrer\">Introducci\u00f3n a la contabilidad financiera: ejercicios b\u00e1sicos<\/a> \/ Esther Albelda, Laura Sierra<\/td>\n<td style=\"text-align: center;\" width=\"99\"><strong>74<\/strong><\/td>\n<\/tr>\n<tr>\n<td>\n<h3><strong><span style=\"color: #ff6600;\">13<br \/>\n<\/span><\/strong><\/h3>\n<\/td>\n<td><a href=\"http:\/\/catoute.unileon.es\/record=b1770602~S1*spi\" target=\"_blank\" rel=\"noopener noreferrer\">Conducta del consumidor : estrategias y t\u00e1cticas aplicadas al marketing<\/a> \/ Jaime Rivera Camino, Rolando Arellano Cuevas<\/td>\n<td style=\"text-align: center;\"><strong>69<br \/>\n<\/strong><\/td>\n<\/tr>\n<tr>\n<td>\n<h3><strong><span style=\"color: #ff6600;\">14<\/span><\/strong><\/h3>\n<h3><strong><span style=\"color: #ff6600;\">\u00a0<\/span><\/strong><\/h3>\n<\/td>\n<td><a href=\"http:\/\/catoute.unileon.es\/record=b1876625~S1*spi\" target=\"_blank\" rel=\"noopener noreferrer\">Gesti\u00f3n y operativa bancaria<\/a> \/ coordinador, Francisco Javier Casta\u00f1o Guti\u00e9rrez; colaboradoras, Mar\u00eda Teresa Tasc\u00f3n Fern\u00e1ndez, Paula Castro Castro<\/td>\n<td style=\"text-align: center;\"><strong>67<br \/>\n<\/strong><\/td>\n<\/tr>\n<tr>\n<td>\n<h3><strong><span style=\"color: #ff6600;\">15<br \/>\n<\/span><\/strong><\/h3>\n<\/td>\n<td><a href=\"http:\/\/catoute.unileon.es\/record=b1492940~S1*spi\" target=\"_blank\" rel=\"noopener noreferrer\">An\u00e1lisis de las operaciones financieras : (Core Syllabus for actuarial training in Europe)<\/a> \/ Mar\u00eda del Carmen Gonz\u00e1lez Velasco<\/td>\n<td style=\"text-align: center;\"><strong>62<br \/>\n<\/strong><\/td>\n<\/tr>\n<\/tbody>\n<\/table>\n<p>&nbsp;<\/p>\n<p>&nbsp;<\/p>\n<p>Listado completo <a href=\"http:\/\/bibliotecas.unileon.es\/ciencias-economicas-empresariales\/files\/2019\/05\/los-mas-prestados-en-2018-tablon-y-web.pdf\" class=\"mtli_attachment mtli_pdf\" target=\"_blank\" rel=\"noopener noreferrer\">a\u00f1o 2018<\/a><\/p>\n<p>Listado completo <a href=\"http:\/\/bibliotecas.unileon.es\/ciencias-economicas-empresariales\/files\/2018\/01\/los-mas-prestados-en-2017-tablon-y-web.pdf\" class=\"mtli_attachment mtli_pdf\" target=\"_blank\" rel=\"noopener noreferrer\">a\u00f1o 2017<\/a><\/p>\n<p>Listado completo <a href=\"http:\/\/bibliotecas.unileon.es\/ciencias-economicas-empresariales\/files\/2016\/01\/los-mas-prestados-en-2015-tablon-y-web.pdf\" class=\"mtli_attachment mtli_pdf\">a\u00f1o 2015<\/a><\/p>\n<p>Listado completo <a href=\"http:\/\/bibliotecas.unileon.es\/ciencias-economicas-empresariales\/files\/2015\/02\/los-mas-prestados-en-2014-tablon-y-web.pdf\" class=\"mtli_attachment mtli_pdf\" target=\"_blank\" rel=\"noopener noreferrer\">a\u00f1o 2014<\/a><\/p>\n<p>Listado completo <a href=\"http:\/\/bibliotecas.unileon.es\/ciencias-economicas-empresariales\/files\/2015\/02\/Los-m\u00e1s-prestados-en-2013.pdf\" class=\"mtli_attachment mtli_pdf\" target=\"_blank\" rel=\"noopener noreferrer\">a\u00f1o 2013<\/a><\/p>\n<p>&nbsp;<\/p>\n","protected":false},"excerpt":{"rendered":"<p>&nbsp; Estos fueron los libros m\u00e1s prestados en nuestra Biblioteca durante el a\u00f1o 2018. Si pinchas sobre el t\u00edtulo podr\u00e1s ver toda la informaci\u00f3n sobre la obra en el cat\u00e1logo bibliogr\u00e1fico. &nbsp; &nbsp; T\u00edtulo y autor Pr\u00e9stamos en 2018 1 &hellip; <a href=\"https:\/\/bibliotecas.unileon.es\/ciencias-economicas-empresariales\/los-libros-mas-prestados-en-el-ano-2013\/\">Sigue leyendo <span class=\"meta-nav\">&rarr;<\/span><\/a><\/p>\n","protected":false},"author":22,"featured_media":0,"parent":0,"menu_order":0,"comment_status":"open","ping_status":"open","template":"","meta":{"_bbp_topic_count":0,"_bbp_reply_count":0,"_bbp_total_topic_count":0,"_bbp_total_reply_count":0,"_bbp_voice_count":0,"_bbp_anonymous_reply_count":0,"_bbp_topic_count_hidden":0,"_bbp_reply_count_hidden":0,"_bbp_forum_subforum_count":0,"footnotes":""},"class_list":["post-941","page","type-page","status-publish","hentry"],"_links":{"self":[{"href":"https:\/\/bibliotecas.unileon.es\/ciencias-economicas-empresariales\/wp-json\/wp\/v2\/pages\/941","targetHints":{"allow":["GET"]}}],"collection":[{"href":"https:\/\/bibliotecas.unileon.es\/ciencias-economicas-empresariales\/wp-json\/wp\/v2\/pages"}],"about":[{"href":"https:\/\/bibliotecas.unileon.es\/ciencias-economicas-empresariales\/wp-json\/wp\/v2\/types\/page"}],"author":[{"embeddable":true,"href":"https:\/\/bibliotecas.unileon.es\/ciencias-economicas-empresariales\/wp-json\/wp\/v2\/users\/22"}],"replies":[{"embeddable":true,"href":"https:\/\/bibliotecas.unileon.es\/ciencias-economicas-empresariales\/wp-json\/wp\/v2\/comments?post=941"}],"version-history":[{"count":0,"href":"https:\/\/bibliotecas.unileon.es\/ciencias-economicas-empresariales\/wp-json\/wp\/v2\/pages\/941\/revisions"}],"wp:attachment":[{"href":"https:\/\/bibliotecas.unileon.es\/ciencias-economicas-empresariales\/wp-json\/wp\/v2\/media?parent=941"}],"curies":[{"name":"wp","href":"https:\/\/api.w.org\/{rel}","templated":true}]}}