{"id":956,"date":"2014-05-28T12:30:56","date_gmt":"2014-05-28T10:30:56","guid":{"rendered":"http:\/\/bibliotecas.unileon.es\/ciencias-economicas-empresariales\/?page_id=956"},"modified":"2020-02-12T11:25:18","modified_gmt":"2020-02-12T10:25:18","slug":"como-buscar-en-una-base-de-datos-o-coleccion-de-revistas-e","status":"publish","type":"page","link":"https:\/\/bibliotecas.unileon.es\/ciencias-economicas-empresariales\/como-buscar-en-una-base-de-datos-o-coleccion-de-revistas-e\/","title":{"rendered":"C\u00f3mo buscar en una base de datos o colecci\u00f3n de revistas-e"},"content":{"rendered":"<p>&nbsp;<\/p>\n<p>Aunque todas las bases de datos y\/o colecciones de revistas electr\u00f3nicas son en apariencia diferentes, en el fondo comparten muchos elementos porque todas tienen un objetivo com\u00fan que es facilitar la recuperaci\u00f3n de la informaci\u00f3n.<\/p>\n<p>Desde la Biblioteca hemos elaborado un sencillo folleto que le ayudar\u00e1 a buscar informaci\u00f3n en este tipo de recursos titulado <a href=\"https:\/\/bibliotecas.unileon.es\/ciencias-economicas-empresariales\/files\/2020\/02\/consejos-de-busqueda-en-bdds-color-web.pdf\" class=\"mtli_attachment mtli_pdf\" target=\"_blank\" rel=\"noopener noreferrer\">\u00abC\u00f3mo consultar una base de datos bibliogr\u00e1fica en diez pasos\u00bb<\/a><\/p>\n","protected":false},"excerpt":{"rendered":"<p>&nbsp; Aunque todas las bases de datos y\/o colecciones de revistas electr\u00f3nicas son en apariencia diferentes, en el fondo comparten muchos elementos porque todas tienen un objetivo com\u00fan que es facilitar la recuperaci\u00f3n de la informaci\u00f3n. Desde la Biblioteca hemos &hellip; <a href=\"https:\/\/bibliotecas.unileon.es\/ciencias-economicas-empresariales\/como-buscar-en-una-base-de-datos-o-coleccion-de-revistas-e\/\">Sigue leyendo <span class=\"meta-nav\">&rarr;<\/span><\/a><\/p>\n","protected":false},"author":22,"featured_media":0,"parent":0,"menu_order":0,"comment_status":"open","ping_status":"open","template":"","meta":{"_bbp_topic_count":0,"_bbp_reply_count":0,"_bbp_total_topic_count":0,"_bbp_total_reply_count":0,"_bbp_voice_count":0,"_bbp_anonymous_reply_count":0,"_bbp_topic_count_hidden":0,"_bbp_reply_count_hidden":0,"_bbp_forum_subforum_count":0,"footnotes":""},"class_list":["post-956","page","type-page","status-publish","hentry"],"_links":{"self":[{"href":"https:\/\/bibliotecas.unileon.es\/ciencias-economicas-empresariales\/wp-json\/wp\/v2\/pages\/956","targetHints":{"allow":["GET"]}}],"collection":[{"href":"https:\/\/bibliotecas.unileon.es\/ciencias-economicas-empresariales\/wp-json\/wp\/v2\/pages"}],"about":[{"href":"https:\/\/bibliotecas.unileon.es\/ciencias-economicas-empresariales\/wp-json\/wp\/v2\/types\/page"}],"author":[{"embeddable":true,"href":"https:\/\/bibliotecas.unileon.es\/ciencias-economicas-empresariales\/wp-json\/wp\/v2\/users\/22"}],"replies":[{"embeddable":true,"href":"https:\/\/bibliotecas.unileon.es\/ciencias-economicas-empresariales\/wp-json\/wp\/v2\/comments?post=956"}],"version-history":[{"count":0,"href":"https:\/\/bibliotecas.unileon.es\/ciencias-economicas-empresariales\/wp-json\/wp\/v2\/pages\/956\/revisions"}],"wp:attachment":[{"href":"https:\/\/bibliotecas.unileon.es\/ciencias-economicas-empresariales\/wp-json\/wp\/v2\/media?parent=956"}],"curies":[{"name":"wp","href":"https:\/\/api.w.org\/{rel}","templated":true}]}}