{"id":982,"date":"2014-10-15T12:59:44","date_gmt":"2014-10-15T10:59:44","guid":{"rendered":"http:\/\/bibliotecas.unileon.es\/ciencias-economicas-empresariales\/?page_id=982"},"modified":"2024-12-13T09:15:06","modified_gmt":"2024-12-13T08:15:06","slug":"el-plagio-y-la-honestidad-academica","status":"publish","type":"page","link":"https:\/\/bibliotecas.unileon.es\/ciencias-economicas-empresariales\/el-plagio-y-la-honestidad-academica\/","title":{"rendered":"El plagio y la honestidad acad\u00e9mica"},"content":{"rendered":"<h3><span style=\"color: #ff6600;\"><strong>\u00bfQu\u00e9 es plagiar?<\/strong><\/span><\/h3>\n<p>Plagiar es hacer pasar como propios textos o ideas de otras personas sin indicar su procedencia. Por ello, para evitar que te acusen de plagio, es imprescindible citar todos aquellos documentos que hayas utilizado para escribir tu trabajo de clase, art\u00edculo de revista, ponencia de Congreso, tesis doctoral, Trabajo de Fin de Grado o M\u00e1ster, etc.<\/p>\n<p>El plagio atenta contra los pilares b\u00e1sicos de la instituci\u00f3n universitaria. Copiar vulnera la misi\u00f3n principal de la Universidad y lastra el desarrollo de la ciencia al impedir la generaci\u00f3n de nuevo conocimiento basado en la revisi\u00f3n constante y cr\u00edtica de postulados previos.<\/p>\n<p>&nbsp;<\/p>\n<h3><span style=\"color: #ff6600;\"><strong>\u00bfPor qu\u00e9 hay que citar?<\/strong><\/span><\/h3>\n<ul>\n<li>Por respeto a los autores y como forma de reconocimiento de su trabajo.<\/li>\n<li>Por respeto a ti mismo. Copiar es admitir que no puedes aportar nada personal y que no has aprendido nada. Copiar te degrada ante los dem\u00e1s y merma su confianza en ti.<\/li>\n<li>Para dar credibilidad a tu trabajo, que todos vean que te has documentado,\u00a0 que has utilizando fuentes fiables y sabes de lo que hablas.<\/li>\n<li>Por respeto a los que lean tu trabajo. Las referencias bibliogr\u00e1ficas\u00a0 permiten a los lectores comprobar la veracidad de aquello que dices y obtener fuentes de informaci\u00f3n adicionales sobre un tema concreto.<\/li>\n<li>Y sobre todo, para evitar que te acusen de plagio. Copiar no s\u00f3lo es inmoral, adem\u00e1s es ilegal. Las obras de los autores est\u00e1n protegidas por la <a href=\"https:\/\/www.boe.es\/buscar\/act.php?id=BOE-A-1996-8930\" target=\"_blank\" rel=\"noopener\">Ley de Propiedad Intelectual<\/a> y cualquiera que vea vulnerados sus derechos puede denunciarlo.<\/li>\n<\/ul>\n<p>&nbsp;<\/p>\n<h3>\u00a0<span style=\"color: #ff6600;\"><strong>\u00bfQu\u00e9 se debe citar?<\/strong><\/span><\/h3>\n<p>En general todo tipo de materiales consultados para la realizaci\u00f3n de un trabajo, tanto impresos como electr\u00f3nicos. Tambi\u00e9n los sitios web. Sin embargo, no es necesario citar datos, fechas o hechos conocidos por todos. Por ejemplo, si en tu texto citas El Quijote no es necesario que incluyas al final del trabajo la correspondiente referencia bibliogr\u00e1fica de Cervantes.<\/p>\n<p>&nbsp;<\/p>\n<p style=\"text-align: center;\"><span style=\"color: #ff6600;\">Ten en cuenta que en la era digital es muy f\u00e1cil copiar y pegar pero tambi\u00e9n es muy f\u00e1cil detectarlo.<\/span><\/p>\n<p>Hay programas inform\u00e1ticos que rastrean millones de documentos en la web y son capaces de detectar si un documento ha sido copiado. No te arriesgues. Las consecuencias pueden ser muy graves<\/p>\n<p>&nbsp;<\/p>\n<h3 style=\"padding-left: 60px;\"><span style=\"color: #ff6600;\">Para saber m\u00e1s:<\/span><\/h3>\n<ul>\n<li><a href=\"https:\/\/www.ci2.es\/plagio\/\" target=\"_blank\" rel=\"noopener\">Qu\u00e9 es plagio y qu\u00e9 no. Plagio voluntario e involuntario<\/a>, disponible en la web CI2, Competencias Inform\u00e1ticas e Informacionales.<\/li>\n<li>V\u00eddeos y consejos sobre plagio y c\u00f3mo evitarlo en la web de <a href=\"https:\/\/www.plagiarism.org\/\" target=\"_blank\" rel=\"noopener\">Plagiarism.org<\/a><\/li>\n<li>Definici\u00f3n y tipos de plagio en el <a href=\"https:\/\/apastyle.apa.org\/style-grammar-guidelines\/citations\/plagiarism?utm_campaign=apa_publishing&amp;utm_medium=direct_email&amp;utm_source=books&amp;utm_content=apa-style-monthly-newsletter_apastyle_dec24_newsletter_12122024&amp;utm_term=text_middle_review\" target=\"_blank\" rel=\"noopener\">Blog de APA<\/a><\/li>\n<\/ul>\n","protected":false},"excerpt":{"rendered":"<p>\u00bfQu\u00e9 es plagiar? Plagiar es hacer pasar como propios textos o ideas de otras personas sin indicar su procedencia. Por ello, para evitar que te acusen de plagio, es imprescindible citar todos aquellos documentos que hayas utilizado para escribir tu &hellip; <a href=\"https:\/\/bibliotecas.unileon.es\/ciencias-economicas-empresariales\/el-plagio-y-la-honestidad-academica\/\">Sigue leyendo <span class=\"meta-nav\">&rarr;<\/span><\/a><\/p>\n","protected":false},"author":22,"featured_media":0,"parent":0,"menu_order":0,"comment_status":"open","ping_status":"open","template":"","meta":{"_bbp_topic_count":0,"_bbp_reply_count":0,"_bbp_total_topic_count":0,"_bbp_total_reply_count":0,"_bbp_voice_count":0,"_bbp_anonymous_reply_count":0,"_bbp_topic_count_hidden":0,"_bbp_reply_count_hidden":0,"_bbp_forum_subforum_count":0,"footnotes":""},"class_list":["post-982","page","type-page","status-publish","hentry"],"_links":{"self":[{"href":"https:\/\/bibliotecas.unileon.es\/ciencias-economicas-empresariales\/wp-json\/wp\/v2\/pages\/982","targetHints":{"allow":["GET"]}}],"collection":[{"href":"https:\/\/bibliotecas.unileon.es\/ciencias-economicas-empresariales\/wp-json\/wp\/v2\/pages"}],"about":[{"href":"https:\/\/bibliotecas.unileon.es\/ciencias-economicas-empresariales\/wp-json\/wp\/v2\/types\/page"}],"author":[{"embeddable":true,"href":"https:\/\/bibliotecas.unileon.es\/ciencias-economicas-empresariales\/wp-json\/wp\/v2\/users\/22"}],"replies":[{"embeddable":true,"href":"https:\/\/bibliotecas.unileon.es\/ciencias-economicas-empresariales\/wp-json\/wp\/v2\/comments?post=982"}],"version-history":[{"count":1,"href":"https:\/\/bibliotecas.unileon.es\/ciencias-economicas-empresariales\/wp-json\/wp\/v2\/pages\/982\/revisions"}],"predecessor-version":[{"id":1017,"href":"https:\/\/bibliotecas.unileon.es\/ciencias-economicas-empresariales\/wp-json\/wp\/v2\/pages\/982\/revisions\/1017"}],"wp:attachment":[{"href":"https:\/\/bibliotecas.unileon.es\/ciencias-economicas-empresariales\/wp-json\/wp\/v2\/media?parent=982"}],"curies":[{"name":"wp","href":"https:\/\/api.w.org\/{rel}","templated":true}]}}