{"id":984,"date":"2014-10-15T13:00:49","date_gmt":"2014-10-15T11:00:49","guid":{"rendered":"http:\/\/bibliotecas.unileon.es\/ciencias-economicas-empresariales\/?page_id=984"},"modified":"2014-10-22T15:09:03","modified_gmt":"2014-10-22T13:09:03","slug":"citas-y-referencias-bibliograficas","status":"publish","type":"page","link":"https:\/\/bibliotecas.unileon.es\/ciencias-economicas-empresariales\/citas-y-referencias-bibliograficas\/","title":{"rendered":"Citas y referencias bibliogr\u00e1ficas. Los estilos bibliogr\u00e1ficos."},"content":{"rendered":"<p>Si ya tienes claro que es obligatorio citar todos los materiales que hayas consultado para realizar tu trabajo, en este apartado veremos la forma general de hacerlo.<\/p>\n<p>Cuando escribimos un documento y queremos reflejar de d\u00f3nde hemos tomado la informaci\u00f3n tenemos que incluir en el mismo citas y referencias bibliogr\u00e1ficas. A menudo estos dos conceptos se confunden pero no es lo mismo una cita que una referencia.<\/p>\n<p>&nbsp;<\/p>\n<h3><span style=\"color: #ff6600;\"><strong>Cita bibliogr\u00e1fica (dentro del texto)<\/strong><\/span><\/h3>\n<p>Una cita es una llamada dentro del texto que indica brevemente al lector que la informaci\u00f3n que est\u00e1 leyendo ha sido tomada de otro autor. De esta forma se diferencia claramente lo que es aportaci\u00f3n personal de lo que no. Hay distintas formas de citar aunque b\u00e1sicamente son dos:<\/p>\n<ul>\n<li>Autor-fecha: Se indica en el texto entre par\u00e9ntesis el apellido\/s del autor\/es, y a continuaci\u00f3n el a\u00f1o del documento consultado: (Guti\u00e9rrez Arag\u00f3n, 2013)<\/li>\n<li>N\u00famero: En el texto se incluyen n\u00fameros sucesivos que indican que en ese punto la informaci\u00f3n se ha tomado de una fuente externa: (1), (2), (3), o [1], [2], [3]<\/li>\n<\/ul>\n<p>&nbsp;<\/p>\n<h3><span style=\"color: #ff6600;\"><strong>Referencia bibliogr\u00e1fica (al final del texto)<\/strong><\/span><\/h3>\n<p>Sea cual sea el m\u00e9todo elegido para citar, en ambos casos, al final del trabajo es necesario incluir el listado completo y detallado de todas las citas que se hayan incluido a lo largo del texto. As\u00ed, cada cita bibliogr\u00e1fica breve se convierte en una referencia bibliogr\u00e1fica donde se hacen constar todos los elementos que servir\u00e1n al lector para identificar los trabajos citados (autores completos, t\u00edtulos, documentos fuente, URLs, etc.). La cita en el texto (Guti\u00e9rrez Arag\u00f3n, 2013) se convierte al final del texto en la siguiente referencia bibliogr\u00e1fica:<br \/>\n<span class=\"TF\">Guti\u00e9rrez Arag\u00f3n, \u00d3. (2013). <i>Fundamentos de administraci\u00f3n de empresas<\/i>. Madrid: Pir\u00e1mide.<\/span><\/p>\n<p>El listado final va precedido del t\u00e9rmino \u00abReferencias\u00bb, no Bibliograf\u00eda. [Una bibliograf\u00eda es una recopilaci\u00f3n exhaustiva de obras sobre un determinado tema]. El listado se ordena alfab\u00e9ticamente si la cita se ha redactado conforme al esquema autor-fecha, o secuencialmente por orden de aparici\u00f3n si las citas en el texto se han expresado mediante n\u00fameros.<\/p>\n<p>A trav\u00e9s de las referencias bibliogr\u00e1ficas el lector podr\u00e1 comprobar la veracidad del contenido y valorar la fiabilidad de las fuentes utilizadas por el autor.<\/p>\n<p>&nbsp;<\/p>\n<h3><span style=\"color: #ff6600;\"><strong>Estilos o formatos bibliogr\u00e1ficos<\/strong><\/span><\/h3>\n<p>Un formato bibliogr\u00e1fico es un est\u00e1ndar, una norma, es decir, un conjunto de especificaciones que indican c\u00f3mo se redactan\u00a0 las citas y las referencias bibliogr\u00e1ficas que acompa\u00f1an a un documento cient\u00edfico.\u00a0 En estas normas se hace referencia a diversos aspectos como por ejemplo:<\/p>\n<ul>\n<li>Si la cita dentro del texto se hace de acuerdo al esquema autor-fecha (formatos de autor-fecha) o n\u00famero secuencial (formatos num\u00e9ricos)<\/li>\n<li>El orden de las referencias en el listado final: alfab\u00e9tico en los formatos de autor-fecha y por orden de aparici\u00f3n en los formatos num\u00e9ricos<\/li>\n<li>Qu\u00e9 elementos identificativos incluye cada una de las referencias bibliogr\u00e1ficas. Estos elementos variar\u00e1n en funci\u00f3n del tipo de documento al que se refiera la cita (libro entero, cap\u00edtulo de libro, art\u00edculo de revista, tesis doctoral, p\u00e1gina web, mapa, etc.)<\/li>\n<li>En qu\u00e9 orden se colocan esos elementos.<\/li>\n<li>La puntuaci\u00f3n que separa unos elementos de otros.<\/li>\n<li>Su tipograf\u00eda (may\u00fasculas\/min\u00fasculas, cursivas, negritas&#8230;), etc.<\/li>\n<\/ul>\n<p>En estos momentos hay m\u00e1s de 3.000 formatos bibliogr\u00e1ficos v\u00e1lidos y cada disciplina o revista se decanta por uno de ellos. En general, las Ciencias Sociales prefieren formatos de autor-fecha mientras que las Ciencias puras, la Medicina y las Ingenier\u00edas utilizan formatos num\u00e9ricos. Algunos est\u00e1n avalados por Asociaciones profesionales de larga tradici\u00f3n (APA-American Psychological Association, ASA-Americal Sociological Association, MLA-Modern Language Association), otros por prestigiosas Universidades (Harvard, Chicago), otros responden a acuerdos entre editores (Vancouver para las revistas de Ciencias de la Salud) e incluso hay muchas revistas que utilizan sus propios formatos (Nature, Science, revistas Elsevier, etc.). En la d\u00e9cada de los 80 surgi\u00f3 el formato ISO 690 con el objetivo de convertirse en un est\u00e1ndar internacionalmente aceptado pero ha acabado siendo un formato m\u00e1s.<\/p>\n<p>&nbsp;<\/p>\n<p style=\"text-align: center;\"><span style=\"color: #ff6600;\"><strong>El formato bibliogr\u00e1fico utilizado en los Trabajos de Fin de Grado de la Facultad de Econ\u00f3micas de la ULE es APA<\/strong><\/span><\/p>\n","protected":false},"excerpt":{"rendered":"<p>Si ya tienes claro que es obligatorio citar todos los materiales que hayas consultado para realizar tu trabajo, en este apartado veremos la forma general de hacerlo. Cuando escribimos un documento y queremos reflejar de d\u00f3nde hemos tomado la informaci\u00f3n &hellip; <a href=\"https:\/\/bibliotecas.unileon.es\/ciencias-economicas-empresariales\/citas-y-referencias-bibliograficas\/\">Sigue leyendo <span class=\"meta-nav\">&rarr;<\/span><\/a><\/p>\n","protected":false},"author":22,"featured_media":0,"parent":0,"menu_order":0,"comment_status":"open","ping_status":"open","template":"","meta":{"_bbp_topic_count":0,"_bbp_reply_count":0,"_bbp_total_topic_count":0,"_bbp_total_reply_count":0,"_bbp_voice_count":0,"_bbp_anonymous_reply_count":0,"_bbp_topic_count_hidden":0,"_bbp_reply_count_hidden":0,"_bbp_forum_subforum_count":0,"footnotes":""},"class_list":["post-984","page","type-page","status-publish","hentry"],"_links":{"self":[{"href":"https:\/\/bibliotecas.unileon.es\/ciencias-economicas-empresariales\/wp-json\/wp\/v2\/pages\/984","targetHints":{"allow":["GET"]}}],"collection":[{"href":"https:\/\/bibliotecas.unileon.es\/ciencias-economicas-empresariales\/wp-json\/wp\/v2\/pages"}],"about":[{"href":"https:\/\/bibliotecas.unileon.es\/ciencias-economicas-empresariales\/wp-json\/wp\/v2\/types\/page"}],"author":[{"embeddable":true,"href":"https:\/\/bibliotecas.unileon.es\/ciencias-economicas-empresariales\/wp-json\/wp\/v2\/users\/22"}],"replies":[{"embeddable":true,"href":"https:\/\/bibliotecas.unileon.es\/ciencias-economicas-empresariales\/wp-json\/wp\/v2\/comments?post=984"}],"version-history":[{"count":1,"href":"https:\/\/bibliotecas.unileon.es\/ciencias-economicas-empresariales\/wp-json\/wp\/v2\/pages\/984\/revisions"}],"predecessor-version":[{"id":1018,"href":"https:\/\/bibliotecas.unileon.es\/ciencias-economicas-empresariales\/wp-json\/wp\/v2\/pages\/984\/revisions\/1018"}],"wp:attachment":[{"href":"https:\/\/bibliotecas.unileon.es\/ciencias-economicas-empresariales\/wp-json\/wp\/v2\/media?parent=984"}],"curies":[{"name":"wp","href":"https:\/\/api.w.org\/{rel}","templated":true}]}}