{"id":150,"date":"2013-05-06T16:43:55","date_gmt":"2013-05-06T14:43:55","guid":{"rendered":"http:\/\/bibliotecas.unileon.es\/ciencias-salud\/?page_id=150"},"modified":"2020-07-10T11:46:33","modified_gmt":"2020-07-10T09:46:33","slug":"guia-tematica-de-enfermeria","status":"publish","type":"page","link":"https:\/\/bibliotecas.unileon.es\/ciencias-salud\/guia-tematica-de-enfermeria\/","title":{"rendered":"Gu\u00eda tem\u00e1tica de Enfermer\u00eda"},"content":{"rendered":"<h2 id=\"enfermeria\">Enfermer\u00eda<\/h2>\n<p><strong>SEDES WEB<\/strong><\/p>\n<p><strong>&#8212; Institucionales<\/strong><\/p>\n<ul>\n<li><a title=\"Biblioteca\" href=\"http:\/\/www.asm.org\/\" target=\"_blank\" rel=\"noopener noreferrer\">American Society for Microbiology<\/a><\/li>\n<li><a title=\"Biblioteca\" href=\"http:\/\/campus.usal.es\/~anatomiaehistologia\/\" target=\"_blank\" rel=\"noopener noreferrer\">Anatom\u00eda e histolog\u00eda humanas<\/a>: Universidad de Salamanca.<\/li>\n<li><a title=\"Biblioteca\" href=\"http:\/\/www.enfermeriacomunitaria.org\/\" target=\"_blank\" rel=\"noopener noreferrer\">Asociaci\u00f3n de Enfermer\u00eda Comunitaria<\/a><\/li>\n<li><a title=\"Biblioteca\" href=\"http:\/\/www.aehh.org\/\" target=\"_blank\" rel=\"noopener noreferrer\">Asociaci\u00f3n Espa\u00f1ola de Hematolog\u00eda y Hemoterapia<\/a><\/li>\n<li><a title=\"Biblioteca\" href=\"http:\/\/www.aentde.com\/\" target=\"_blank\" rel=\"noopener noreferrer\">Asociaci\u00f3n Espa\u00f1ola de Nomenclatura, Taxonom\u00eda y Diagn\u00f3stico de Enfermer\u00eda<\/a><\/li>\n<li><a title=\"Bibloteca\" href=\"http:\/\/www.sclhh.org\/\" target=\"_blank\" rel=\"noopener noreferrer\">Asociaci\u00f3n Castellano-Leonesa de Hematolog\u00eda y Hemoterapia<\/a><\/li>\n<li><a title=\"Biblioteca\" href=\"http:\/\/www.aeesme.org\/\" target=\"_blank\" rel=\"noopener noreferrer\">Asociaci\u00f3n Espa\u00f1ola de Enfermer\u00eda de Salud Mental<\/a><\/li>\n<li><a title=\"Biblioteca\" href=\"http:\/\/www.donantesdesangre.net\/\" target=\"_blank\" rel=\"noopener noreferrer\">Federaci\u00f3n Espa\u00f1ola de Donantes de Sangre<\/a><\/li>\n<li><a title=\"Biblioteca\" href=\"http:\/\/www.mjusticia.gob.es\/cs\/Satellite\/Portal\/es\/ministerio\/organismos-ministerio-justicia\/instituto-nacional\" target=\"_blank\" rel=\"noopener noreferrer\">Instituto Nacional de Toxicolog\u00eda y Ciencias Forenses<\/a><\/li>\n<li><a title=\"Biblioteca\" href=\"http:\/\/www.nida.nih.gov\/\" target=\"_blank\" rel=\"noopener noreferrer\">National Instituto of Drug Abuse<\/a><\/li>\n<li><a title=\"Biblioteca\" href=\"http:\/\/www.faecap.com\/\" target=\"_blank\" rel=\"noopener noreferrer\">Federaci\u00f3n de Asociaciones de Enfermer\u00eda Comunitaria y Atenci\u00f3n Primaria&lt;(a&gt;<\/a><\/li>\n<li><a title=\"Biblioteca\" href=\"http:\/\/www.fuden.es\/\" target=\"_blank\" rel=\"noopener noreferrer\">Fundaci\u00f3n para el Desarrollo de la Enfermer\u00eda<\/a><\/li>\n<li><a title=\"Biblioteca\" href=\"http:\/\/www.nlm.nih.gov\/\" target=\"_blank\" rel=\"noopener noreferrer\">National Library of Medicine<\/a><\/li>\n<li><a title=\"Biblioteca\" href=\"http:\/\/www.paho.org\/\" target=\"_blank\" rel=\"noopener noreferrer\">PanAmerican Health Organization<\/a><\/li>\n<li><a title=\"Biblioteca\" href=\"http:\/\/www.semfyc.es\/\" target=\"_blank\" rel=\"noopener noreferrer\">SemFYC<\/a><\/li>\n<li><a title=\"Biblioteca\" href=\"https:\/\/www.semergen.es\/\" target=\"_blank\" rel=\"noopener noreferrer\">Sociedad Espa\u00f1ola de M\u00e9dicos de Atenci\u00f3n Primaria<\/a><\/li>\n<li><a title=\"Biblioteca\" href=\"http:\/\/www.secpal.com\/\" target=\"_blank\" rel=\"noopener noreferrer\">Sociedad Espa\u00f1ola de Cuidados Paliativos<\/a><\/li>\n<li><a title=\"Biblioteca\" href=\"http:\/\/www.enfermeriadeurgencias.com\/\" target=\"_blank\" rel=\"noopener noreferrer\">Sociedad Espa\u00f1ola de Enfermer\u00eda de Urgencias<\/a><\/li>\n<li><a title=\"Biblioteca\" href=\"http:\/\/www.seegg.es\/\" target=\"_blank\" rel=\"noopener noreferrer\">Sociedad Espa\u00f1ola de Enfermer\u00eda Geri\u00e1trica y Gerontol\u00f3gica<\/a><\/li>\n<li><a title=\"Biblioteca\" href=\"http:\/\/seeiuc.org\/\" target=\"_blank\" rel=\"noopener noreferrer\">Sociedad Espa\u00f1ola de Enfermer\u00eda Intensiva y Unidades Coronarias<\/a><\/li>\n<li><a title=\"Biblioteca\" href=\"http:\/\/www.seeo.org\/\" target=\"_blank\" rel=\"noopener noreferrer\">Sociedad Espa\u00f1ola de Enfermer\u00eda Oncol\u00f3gica<\/a><\/li>\n<li><a title=\"Biblioteca\" href=\"http:\/\/www.seis.es\/\" target=\"_blank\" rel=\"noopener noreferrer\">Sociedad Espa\u00f1ola de Inform\u00e1tica de la Salud<\/a><\/li>\n<li><a title=\"Biblioteca\" href=\"http:\/\/www.who.org\/\" target=\"_blank\" rel=\"noopener noreferrer\">World Health Organization<\/a><\/li>\n<\/ul>\n<p><strong>&#8212; Personales<\/strong><\/p>\n<ul>\n<li><a href=\"https:\/\/rafabravo.blog\/\" target=\"_blank\" rel=\"noopener noreferrer\">Blog de informaci\u00f3n m\u00e9dica Rafael Bravo<\/a><\/li>\n<li><a title=\"Biblioteca\" href=\"http:\/\/www.tinet.org\/%7Eamelero\/\" target=\"_blank\" rel=\"noopener noreferrer\">Enfermer\u00eda en Salud y Seguridad Laboral<\/a><\/li>\n<li><a title=\"Biblioteca\" href=\"http:\/\/www.enferpro.com\/\" target=\"_blank\" rel=\"noopener noreferrer\">Enferpro<\/a><\/li>\n<\/ul>\n<p><strong>OBRAS DE REFERENCIA<\/strong><\/p>\n<p><strong>&#8212; Cat\u00e1logos tem\u00e1ticos<\/strong><\/p>\n<ul>\n<li><a title=\"Biblioteca\" href=\"http:\/\/www.pitt.edu\/%7Esuper1\/\" target=\"_blank\" rel=\"noopener noreferrer\">Supercourse<\/a><\/li>\n<\/ul>\n<p><strong>&#8212; Diccionarios<\/strong><\/p>\n<ul>\n<li><a title=\"Biblioteca\" href=\"http:\/\/www.online-medical-dictionary.org\/\" target=\"_blank\" rel=\"noopener noreferrer\">Online Medical Dictionary<\/a><\/li>\n<li><a href=\"https:\/\/www.cun.es\/diccionario-medico\" target=\"_blank\" rel=\"noopener noreferrer\">Diccionario M\u00e9dico Universidad de Navarra<\/a><\/li>\n<\/ul>\n<p><strong>&#8212; Directorios<\/strong><\/p>\n<ul>\n<li><a title=\"Biblioteca\" href=\"http:\/\/www.enfersalud.com\/\" target=\"_blank\" rel=\"noopener noreferrer\">Enfersalud<\/a>: Directorio de enfermer\u00eda.<\/li>\n<li><a title=\"Biblioteca\" href=\"http:\/\/www.lib.uiowa.edu\/hardin\/md\/index.html\" target=\"_blank\" rel=\"noopener noreferrer\">Hardin M.D.<\/a><\/li>\n<\/ul>\n<p><strong>&#8212; Enciclopedias<\/strong><\/p>\n<ul>\n<li><a title=\"Biblioteca\" href=\"http:\/\/www.msd.com.mx\/msdmexico\/patients\/enciclopedia\/adam_sp.html\" target=\"_blank\" rel=\"noopener noreferrer\">Enciclopedia Ilustrada de la Salud<\/a><\/li>\n<li><a href=\"http:\/\/www.nlm.nih.gov\/mesh\/MBrowser.html\" target=\"_blank\" rel=\"noopener noreferrer\">National Library of Medicine<\/a><\/li>\n<li><a href=\"https:\/\/medlineplus.gov\/spanish\/encyclopedia.html\" target=\"_blank\" rel=\"noopener noreferrer\">Enciclopedia m\u00e9dica: Medline Plus<\/a><\/li>\n<\/ul>\n<p><strong>&#8212; Tesauros<\/strong><\/p>\n<ul>\n<li><a title=\"Biblioteca\" href=\"http:\/\/decs.bvs.br\/cgi-bin\/wxis1660.exe\/decsserver\/?IsisScript=..\/cgi-bin\/decsserver\/decsserver.xis&amp;interface_language=e&amp;previous_page=homepage&amp;previous_task=NULL&amp;task=start\" target=\"_blank\" rel=\"noopener noreferrer\">Descriptores en Ciencias de la Salud<\/a><\/li>\n<li><a title=\"Biblioteca\" href=\"http:\/\/www.healthinsite.gov.au\/search\/thesaurus_search_new.cfm?access=standard&amp;visitorName=\" target=\"_blank\" rel=\"noopener noreferrer\">Health Thesaurus<\/a><\/li>\n<\/ul>\n<p><strong>BASES DE DATOS<\/strong><\/p>\n<ul>\n<li><a title=\"Biblioteca\" href=\"http:\/\/bddoc.csic.es:8080\/inicioBuscarSimple.do?tabla=docu&amp;bd=IME&amp;estado_formulario=show5\" target=\"_blank\" rel=\"noopener noreferrer\">\u00cdndice m\u00e9dico espa\u00f1ol<\/a>: Sumarios de revistas de Biomedicina elaborado por el CINDOC<\/li>\n<li><a href=\"http:\/\/cuiden.fundacionindex.com\/cuiden\/\" target=\"_blank\" rel=\"noopener noreferrer\">CUIDEN<\/a>: Base de datos de enfermer\u00eda en espa\u00f1ol.<\/li>\n<li><a title=\"Biblioteca\" href=\"http:\/\/teledoc.urv.es\/cuidatge\/\" target=\"_blank\" rel=\"noopener noreferrer\">CUIDATGE<\/a>: Referencias bibliogr\u00e1ficas de la Universitat Rovira i Virgili.<\/li>\n<li><a title=\"Biblioteca\" href=\"http:\/\/www.uv.es\/%7Edocmed\/documed\/documed.html\" target=\"_blank\" rel=\"noopener noreferrer\">DOCUMED<\/a>: Base de datos correspondiente a Documentaci\u00f3n M\u00e9dica Espa\u00f1ola, repertorio bibliogr\u00e1fico de res\u00famenes desarrollado en el Instituto de Estudios Documentales e Hist\u00f3ricos sobre la Ciencia (Universitat de Val\u00e8ncia-CSIC).<\/li>\n<li><a title=\"Biblioteca\" href=\"http:\/\/alfama.sim.ucm.es\/isishtm\/Enfispo.asp\" target=\"_blank\" rel=\"noopener noreferrer\">ENFISPO<\/a>: Base de datos de revistas de la Biblioteca Enfermer\u00eda, Fisioterapia y Podolog\u00eda de la Universidad Complutense de Madrid. .<\/li>\n<li><a title=\"Biblioteca\" href=\"http:\/\/www.ncbi.nlm.nih.gov\/sites\/entrez\" target=\"_blank\" rel=\"noopener noreferrer\">PubMed<\/a>: Base de datos de referencias bibligr\u00e1ficas y citas de revistas biom\u00e9dicas desde 1950.<\/li>\n<li><a title=\"Biblioteca\" href=\"http:\/\/www.vademecum.es\/\" target=\"_blank\" rel=\"noopener noreferrer\">VADEMECUM<\/a>: Informaci\u00f3n sobre medicamentos.<\/li>\n<li><a title=\"Biblioteca\" href=\"http:\/\/www.cinahl.com\/\" target=\"_blank\" rel=\"noopener noreferrer\">Cinahl Information Systems<\/a><\/li>\n<li><a title=\"Biblioteca\" href=\"http:\/\/www.healthgate.com\/\" target=\"_blank\" rel=\"noopener noreferrer\">Healtgate<\/a><\/li>\n<li><a href=\"https:\/\/www.nlm.nih.gov\/pubs\/techbull\/mj11\/mj11_gateway.html\" target=\"_blank\" rel=\"noopener noreferrer\">NLM Gateway<\/a><\/li>\n<li><a title=\"Biblioteca\" href=\"http:\/\/www.clinicaltrials.gov\/\" target=\"_blank\" rel=\"noopener noreferrer\">ClinicalTrials<\/a><\/li>\n<li><a href=\"https:\/\/www.nlm.nih.gov\/databases\/alerts\/clinical_alerts.html\" target=\"_blank\" rel=\"noopener noreferrer\">NIH Clinical Alerts and Advisories<\/a><\/li>\n<\/ul>\n<p><strong>RECURSOS WEB EN ABIERTO<\/strong><\/p>\n<p><strong>&#8212; Revistas tem\u00e1ticas Open Access<\/strong><\/p>\n<ul>\n<li><a title=\"Biblioteca\" href=\"http:\/\/www.enfervalencia.org\/ei\/anteriores\/index_anteriores.htm\" target=\"_blank\" rel=\"noopener noreferrer\">Enfermer\u00eda integral<\/a><\/li>\n<li><a title=\"Biblioteca\" href=\"https:\/\/www.magonlinelibrary.com\/page\/collections\/internurse\" target=\"_blank\" rel=\"noopener noreferrer\">Internurse<\/a><\/li>\n<li><a title=\"Biblioteca\" href=\"http:\/\/www.revenfermeria.sld.cu\/index.php\/enf\" target=\"_blank\" rel=\"noopener noreferrer\">Revista cubana de enfermer\u00eda<\/a><\/li>\n<li><a title=\"Biblioteca\" href=\"http:\/\/www.priory.com\/psych.htm\" target=\"_blank\" rel=\"noopener noreferrer\">Psychiatry Online<\/a><\/li>\n<li><a title=\"Biblioteca\" href=\"http:\/\/www.ajnonline.com\/pt\/re\/ajn\/home.htm;jsessionid=JtWLLnyHJGg5GQjmKBMLBZ5jxtyQRpH3pcJ6gR1lBTlLpSvnc8xh%21-1529289070%21181195628%218091%21-1\" target=\"_blank\" rel=\"noopener noreferrer\">American Journal of Nursing<\/a><\/li>\n<li><a title=\"Biblioteca\" href=\"http:\/\/www.biomedcentral.com\/bmcnurs\/\" target=\"_blank\" rel=\"noopener noreferrer\">BCM Nursing<\/a><\/li>\n<li><a title=\"Biblioteca\" href=\"http:\/\/www.index-f.com\/dce\/revista.php\" target=\"_blank\" rel=\"noopener noreferrer\">Desarrollo Cient\u00edfico de Enfermer\u00eda<\/a><\/li>\n<li><a title=\"Biblioteca\" href=\"http:\/\/www.enfermeria21.com\/revistas\/educare\/\" target=\"_blank\" rel=\"noopener noreferrer\">Educare21<\/a><\/li>\n<li><a title=\"Biblioteca\" href=\"https:\/\/www.enfermeriaencardiologia.com\/revista\/\" target=\"_blank\" rel=\"noopener noreferrer\">Enfermer\u00eda en Cardiolog\u00eda<\/a><\/li>\n<li><a title=\"Biblioteca\" href=\"http:\/\/revistas.um.es\/eglobal\" target=\"_blank\" rel=\"noopener noreferrer\">Enfermer\u00eda Global<\/a><\/li>\n<li><a title=\"Biblioteca\" href=\"http:\/\/www.index-f.com\/evidentia\/inicio.php\" target=\"_blank\" rel=\"noopener noreferrer\">Evidentia<\/a><\/li>\n<li><a title=\"Biblioteca\" href=\"http:\/\/www.index-f.com\/inquietudes\/revista.php\" target=\"_blank\" rel=\"noopener noreferrer\">Inquietudes<\/a><\/li>\n<li><a title=\"Biblioteca\" href=\"http:\/\/www.nureinvestigacion.es\/\" target=\"_blank\" rel=\"noopener noreferrer\">Nure Investigaci\u00f3n<\/a><\/li>\n<\/ul>\n<p><strong>BLOGS Y WIKIS<\/strong><\/p>\n<ul>\n<li><a title=\"Biblioteca\" href=\"http:\/\/enfeps.blogspot.com\/\" target=\"_blank\" rel=\"noopener noreferrer\">Enfermer\u00eda Avanza<\/a><\/li>\n<\/ul>\n<p><strong>PORTALES TEM\u00c1TICOS<\/strong><\/p>\n<ul>\n<li><a title=\"Biblioteca\" href=\"http:\/\/medlineplus.gov\/spanish\/\" target=\"_blank\" rel=\"noopener noreferrer\">MedlinePlus<\/a>: Un servicio de la Biblioteca Nacional de Medicina de Estados Unidos y los Institutos Nacionales de la Salud.<\/li>\n<li><a title=\"Biblioteca\" href=\"http:\/\/www.karger.com\/\" target=\"_blank\" rel=\"noopener noreferrer\">Kruger Medical and Scientif Publishers<\/a><\/li>\n<li><a title=\"Biblioteca\" href=\"https:\/\/www.clinicalkey.com\/#!\/\" target=\"_blank\" rel=\"noopener noreferrer\">MD Consult<\/a><\/li>\n<li><a title=\"Biblioteca\" href=\"http:\/\/www.medscape.com\/home\" target=\"_blank\" rel=\"noopener noreferrer\">Medscape<\/a><\/li>\n<li><a title=\"Biblioteca\" href=\"http:\/\/www.ugr.es\/%7Edlcruz\/index.htm\" target=\"_blank\" rel=\"noopener noreferrer\">Anatom\u00eda funcional<\/a><\/li>\n<li><a title=\"Biblioteca\" href=\"http:\/\/msjensen.cehd.umn.edu\/webanatomy\/\" target=\"_blank\" rel=\"noopener noreferrer\">Webanatomy<\/a><\/li>\n<li><a title=\"Biblioteca\" href=\"http:\/\/www.enfermeria21.com\/\" target=\"_blank\" rel=\"noopener noreferrer\">Enfermer\u00eda 21<\/a><\/li>\n<li><a title=\"Biblioteca\" href=\"http:\/\/www.nursingcenter.com\/\" target=\"_blank\" rel=\"noopener noreferrer\">Nursing Center<\/a><\/li>\n<li><a title=\"Biblioteca\" href=\"http:\/\/www.fisterra.com\/index.asp\" target=\"_blank\" rel=\"noopener noreferrer\">Fisterra<\/a><\/li>\n<li><a title=\"Biblioteca\" href=\"http:\/\/www.psiquiatria.com\/\" target=\"_blank\" rel=\"noopener noreferrer\">Psiquiatr\u00eda.com<\/a><\/li>\n<li><a title=\"Bbilioteca\" href=\"http:\/\/www.uned.es\/pea-nutricion-y-dietetica-I\/guia\/\" target=\"_blank\" rel=\"noopener noreferrer\">Gu\u00eda de alimentaci\u00f3n y salud<\/a><\/li>\n<li><a title=\"Biblioteca\" href=\"http:\/\/www.portalfarma.com\/home.nsf\" target=\"_blank\" rel=\"noopener noreferrer\">PortalFarma<\/a><\/li>\n<\/ul>\n<p><strong>LISTAS DE DISTRIBUCI\u00d3N<\/strong><\/p>\n<ul>\n<li><a title=\"Biblioteca\" href=\"http:\/\/www.enferpro.com\/ucie.htm\" target=\"_blank\" rel=\"noopener noreferrer\">UCIE<\/a>: Lista de distribuci\u00f3n sobre cuidados cr\u00edticos en enfermer\u00eda.<\/li>\n<li><a title=\"Biblioteca\" href=\"http:\/\/www.investigacionencuidados.es\/\" target=\"_blank\" rel=\"noopener noreferrer\">INVESTEN<\/a>: Investigaci\u00f3n en Enfermer\u00eda.<\/li>\n<li><a title=\"Biblioteca\" href=\"http:\/\/listas.uninet.edu\/mailman\/listinfo\/mintensiva\" target=\"_blank\" rel=\"noopener noreferrer\">Mintensiva<\/a><\/li>\n<li><a title=\"Biblioteca\" href=\"http:\/\/www.rediris.es\/list\/info\/alzheimer.html\" target=\"_blank\" rel=\"noopener noreferrer\">Alzheimer<\/a><\/li>\n<li><a title=\"Biblioteca\" href=\"http:\/\/www.rediris.es\/list\/info\/enfaps.html\" target=\"_blank\" rel=\"noopener noreferrer\">ENFAPS<\/a><\/li>\n<li><a title=\"Biblioteca\" href=\"http:\/\/www.rediris.es\/list\/info\/evicuida.html\" target=\"_blank\" rel=\"noopener noreferrer\">EVICUIDA<\/a><\/li>\n<\/ul>\n<p><strong>OTROS<\/strong><\/p>\n<ul>\n<li><a title=\"Biblioteca\" href=\"http:\/\/www.visembryo.com\/baby\/index.html\" target=\"_blank\" rel=\"noopener noreferrer\">The Visible Embryo<\/a><\/li>\n<li><a title=\"Biblioteca\" href=\"http:\/\/www.med.unc.edu\/embryo_images\/\" target=\"_blank\" rel=\"noopener noreferrer\">Embryo images<\/a><\/li>\n<li><a title=\"Biblioteca\" href=\"http:\/\/www.med.umich.edu\/lrc\/coursepages\/m1\/anatomy2010\/html\/courseinfo\/labs_systemic.html\" target=\"_blank\" rel=\"noopener noreferrer\">Medical Gross Anatomy<\/a><\/li>\n<li><a title=\"Biblioteca\" href=\"http:\/\/www.meddean.luc.edu\/lumen\/meded\/grossanatomy\/dissector\/mml\/mmlregn.htm\" target=\"_blank\" rel=\"noopener noreferrer\">Master Muscle List<\/a><\/li>\n<li><a href=\"http:\/\/www.meddean.luc.edu\/lumen\/MedEd\/GrossAnatomy\/learnem\/bones\/main_bone.htm\" target=\"_blank\" rel=\"noopener noreferrer\">Bones of the body<\/a><\/li>\n<li><a title=\"Biblioteca\" href=\"http:\/\/157.88.208.5\/~biocel\/Practicas\/PHistologia\/Histologia_Humana.html\" target=\"_blank\" rel=\"noopener noreferrer\">Histolog\u00eda humana<\/a>: Clases practicas.<\/li>\n<li><a title=\"Biblioteca\" href=\"http:\/\/bvsalud.isciii.es\/php\/index.php\" target=\"_blank\" rel=\"noopener noreferrer\">Biblioteca Virtual en Salud<\/a><\/li>\n<li><a title=\"Biblioteca\" href=\"https:\/\/www.cochranelibrary.com\/es\/home\" target=\"_blank\" rel=\"noopener noreferrer\">La Biblioteca Cochrane<\/a><\/li>\n<li><a href=\"http:\/\/www.consejogeneralenfermeria.org\/index.php\" target=\"_blank\" rel=\"noopener noreferrer\">Organizaci\u00f3n Colegial de Enfermer\u00eda<\/a><\/li>\n<li><a title=\"Biblioteca\" href=\"http:\/\/www.index-f.com\/cuiden_cit\/formulario.php\" target=\"_blank\" rel=\"noopener noreferrer\">\u00cdndice de Citas de Revistas de Enfermer\u00eda<\/a><\/li>\n<li><a title=\"Biblioteca\" href=\"http:\/\/ebm.bmj.com\/\" target=\"_blank\" rel=\"noopener noreferrer\">EBM online<\/a><\/li>\n<\/ul>\n<p>E<em>laborada por la Biblioteca de Ciencias Biol\u00f3gicas y Ambientales.<\/em><br \/>\nFecha de actualizaci\u00f3n: Julio 2020<\/p>\n\n<!-- This is the start of the WP Twitter Button code -->\n<div id=\"rk_wp_twitter_button\" style=\"margin: 0px 0px 0px 0px; float: left\"><a href=\"http:\/\/twitter.com\/share\" class=\"twitter-share-button\" data-url=\"https:\/\/bibliotecas.unileon.es\/ciencias-salud\/guia-tematica-de-enfermeria\/\" data-count=\"horizontal\">Tweet<\/a><script type=\"text\/javascript\" src=\"http:\/\/platform.twitter.com\/widgets.js\"><\/script><\/div>\n<!-- This is the end of the WP Twitter Button code -->\n\n","protected":false},"excerpt":{"rendered":"<p>Enfermer\u00eda SEDES WEB &#8212; Institucionales American Society for Microbiology Anatom\u00eda e histolog\u00eda humanas: Universidad de Salamanca. Asociaci\u00f3n de Enfermer\u00eda Comunitaria Asociaci\u00f3n Espa\u00f1ola de Hematolog\u00eda y Hemoterapia Asociaci\u00f3n Espa\u00f1ola de Nomenclatura, Taxonom\u00eda y Diagn\u00f3stico de Enfermer\u00eda Asociaci\u00f3n Castellano-Leonesa de Hematolog\u00eda y &hellip; <a href=\"https:\/\/bibliotecas.unileon.es\/ciencias-salud\/guia-tematica-de-enfermeria\/\">Sigue leyendo <span class=\"meta-nav\">&rarr;<\/span><\/a><\/p>\n","protected":false},"author":54,"featured_media":0,"parent":0,"menu_order":0,"comment_status":"open","ping_status":"open","template":"","meta":{"_bbp_topic_count":0,"_bbp_reply_count":0,"_bbp_total_topic_count":0,"_bbp_total_reply_count":0,"_bbp_voice_count":0,"_bbp_anonymous_reply_count":0,"_bbp_topic_count_hidden":0,"_bbp_reply_count_hidden":0,"_bbp_forum_subforum_count":0,"footnotes":""},"class_list":["post-150","page","type-page","status-publish","hentry"],"_links":{"self":[{"href":"https:\/\/bibliotecas.unileon.es\/ciencias-salud\/wp-json\/wp\/v2\/pages\/150","targetHints":{"allow":["GET"]}}],"collection":[{"href":"https:\/\/bibliotecas.unileon.es\/ciencias-salud\/wp-json\/wp\/v2\/pages"}],"about":[{"href":"https:\/\/bibliotecas.unileon.es\/ciencias-salud\/wp-json\/wp\/v2\/types\/page"}],"author":[{"embeddable":true,"href":"https:\/\/bibliotecas.unileon.es\/ciencias-salud\/wp-json\/wp\/v2\/users\/54"}],"replies":[{"embeddable":true,"href":"https:\/\/bibliotecas.unileon.es\/ciencias-salud\/wp-json\/wp\/v2\/comments?post=150"}],"version-history":[{"count":2,"href":"https:\/\/bibliotecas.unileon.es\/ciencias-salud\/wp-json\/wp\/v2\/pages\/150\/revisions"}],"predecessor-version":[{"id":348,"href":"https:\/\/bibliotecas.unileon.es\/ciencias-salud\/wp-json\/wp\/v2\/pages\/150\/revisions\/348"}],"wp:attachment":[{"href":"https:\/\/bibliotecas.unileon.es\/ciencias-salud\/wp-json\/wp\/v2\/media?parent=150"}],"curies":[{"name":"wp","href":"https:\/\/api.w.org\/{rel}","templated":true}]}}