{"id":7,"date":"2012-10-25T09:41:53","date_gmt":"2012-10-25T07:41:53","guid":{"rendered":"http:\/\/bibliotecas.unileon.es\/ciencias-salud\/?page_id=7"},"modified":"2017-10-06T13:02:18","modified_gmt":"2017-10-06T11:02:18","slug":"horario","status":"publish","type":"page","link":"https:\/\/bibliotecas.unileon.es\/ciencias-salud\/horario\/","title":{"rendered":"Horario"},"content":{"rendered":"<p>El horario de la Biblioteca es el siguiente:<\/p>\n<p>De lunes a jueves:<\/p>\n<p>Ma\u00f1anas: de 9:00 h. a 14:00 h.<br \/>\nTardes: de 17:00 h. a 19:00 h.<\/p>\n<p>Viernes:<\/p>\n<p>Ma\u00f1anas: de 8:00 h. a 15:00 h.<\/p>\n<p>Los horarios especiales se anunciar\u00e1n en la propia Biblioteca<\/p>\n<p>&nbsp;<\/p>\n\n<!-- This is the start of the WP Twitter Button code -->\n<div id=\"rk_wp_twitter_button\" style=\"margin: 0px 0px 0px 0px; float: left\"><a href=\"http:\/\/twitter.com\/share\" class=\"twitter-share-button\" data-url=\"https:\/\/bibliotecas.unileon.es\/ciencias-salud\/horario\/\" data-count=\"horizontal\">Tweet<\/a><script type=\"text\/javascript\" src=\"http:\/\/platform.twitter.com\/widgets.js\"><\/script><\/div>\n<!-- This is the end of the WP Twitter Button code -->\n\n","protected":false},"excerpt":{"rendered":"<p>El horario de la Biblioteca es el siguiente: De lunes a jueves: Ma\u00f1anas: de 9:00 h. a 14:00 h. Tardes: de 17:00 h. a 19:00 h. Viernes: Ma\u00f1anas: de 8:00 h. a 15:00 h. Los horarios especiales se anunciar\u00e1n en &hellip; <a href=\"https:\/\/bibliotecas.unileon.es\/ciencias-salud\/horario\/\">Sigue leyendo <span class=\"meta-nav\">&rarr;<\/span><\/a><\/p>\n","protected":false},"author":3,"featured_media":0,"parent":0,"menu_order":0,"comment_status":"closed","ping_status":"closed","template":"","meta":{"_bbp_topic_count":0,"_bbp_reply_count":0,"_bbp_total_topic_count":0,"_bbp_total_reply_count":0,"_bbp_voice_count":0,"_bbp_anonymous_reply_count":0,"_bbp_topic_count_hidden":0,"_bbp_reply_count_hidden":0,"_bbp_forum_subforum_count":0,"footnotes":""},"class_list":["post-7","page","type-page","status-publish","hentry"],"_links":{"self":[{"href":"https:\/\/bibliotecas.unileon.es\/ciencias-salud\/wp-json\/wp\/v2\/pages\/7","targetHints":{"allow":["GET"]}}],"collection":[{"href":"https:\/\/bibliotecas.unileon.es\/ciencias-salud\/wp-json\/wp\/v2\/pages"}],"about":[{"href":"https:\/\/bibliotecas.unileon.es\/ciencias-salud\/wp-json\/wp\/v2\/types\/page"}],"author":[{"embeddable":true,"href":"https:\/\/bibliotecas.unileon.es\/ciencias-salud\/wp-json\/wp\/v2\/users\/3"}],"replies":[{"embeddable":true,"href":"https:\/\/bibliotecas.unileon.es\/ciencias-salud\/wp-json\/wp\/v2\/comments?post=7"}],"version-history":[{"count":6,"href":"https:\/\/bibliotecas.unileon.es\/ciencias-salud\/wp-json\/wp\/v2\/pages\/7\/revisions"}],"predecessor-version":[{"id":240,"href":"https:\/\/bibliotecas.unileon.es\/ciencias-salud\/wp-json\/wp\/v2\/pages\/7\/revisions\/240"}],"wp:attachment":[{"href":"https:\/\/bibliotecas.unileon.es\/ciencias-salud\/wp-json\/wp\/v2\/media?parent=7"}],"curies":[{"name":"wp","href":"https:\/\/api.w.org\/{rel}","templated":true}]}}