{"id":9,"date":"2012-10-25T09:42:06","date_gmt":"2012-10-25T07:42:06","guid":{"rendered":"http:\/\/bibliotecas.unileon.es\/ciencias-salud\/?page_id=9"},"modified":"2021-01-20T12:31:35","modified_gmt":"2021-01-20T10:31:35","slug":"la-biblioteca-en-cifras","status":"publish","type":"page","link":"https:\/\/bibliotecas.unileon.es\/ciencias-salud\/la-biblioteca-en-cifras\/","title":{"rendered":"La biblioteca en cifras"},"content":{"rendered":"<p>Datos correspondientes al a\u00f1o 2020<\/p>\n<table border=\"1\" cellspacing=\"3\" cellpadding=\"0\">\n<tbody>\n<tr>\n<td valign=\"top\" width=\"288\">Superficie<\/td>\n<td valign=\"top\" width=\"288\">\n<ul>\n<li>152 m2<\/li>\n<\/ul>\n<p>&nbsp;<\/td>\n<\/tr>\n<tr>\n<td valign=\"top\" width=\"288\">Instalaciones<\/td>\n<td valign=\"top\" width=\"288\">\n<ul>\n<li>1 sala de estudio<\/li>\n<li>1 dep\u00f3sito de libros y revistas<\/li>\n<\/ul>\n<p>&nbsp;<\/td>\n<\/tr>\n<tr>\n<td valign=\"top\" width=\"288\">Estanter\u00edas (m. lineales)<\/td>\n<td valign=\"top\" width=\"288\">\n<ul>\n<li>89,70 m. en libre acceso<\/li>\n<li>59,80 m. en dep\u00f3sito<\/li>\n<\/ul>\n<p>&nbsp;<\/td>\n<\/tr>\n<tr>\n<td valign=\"top\" width=\"288\">Puestos de lectura<\/td>\n<td valign=\"top\" width=\"288\">\n<ul>\n<li>59<\/li>\n<\/ul>\n<p>&nbsp;<\/td>\n<\/tr>\n<tr>\n<td valign=\"top\" width=\"288\">Equipamiento inform\u00e1tico<\/td>\n<td valign=\"top\" width=\"288\">\n<ul>\n<li>1 ordenador fijo para consulta<\/li>\n<li>1 ordenador port\u00e1til (tipo notebook) para pr\u00e9stamo<\/li>\n<li>1 tableta para acceso a la plataforma de libros electr\u00f3nicos GRIAL<\/li>\n<li>1 ordenador fijo para trabajo del personal<\/li>\n<\/ul>\n<p>&nbsp;<\/td>\n<\/tr>\n<tr>\n<td valign=\"top\" width=\"288\">Colecci\u00f3n (s\u00f3lo Biblioteca, excluidos libros ubicados en Departamentos)<\/td>\n<td valign=\"top\" width=\"288\">\n<ul>\n<li>2.888 manuales y bibliograf\u00eda b\u00e1sica<\/li>\n<li>1.547 monograf\u00edas<\/li>\n<li>193 obras de referencia (diccionarios, enciclopedias, etc.)<\/li>\n<li>59 materiales especiales (CD, DVD, etc.)<\/li>\n<li>158 t\u00edtulos de revistas en soporte f\u00edsico (16 en curso de recepci\u00f3n)<\/li>\n<\/ul>\n<p>&nbsp;<\/td>\n<\/tr>\n<tr>\n<td valign=\"top\" width=\"288\">Pr\u00e9stamos<\/td>\n<td valign=\"top\" width=\"288\">\n<ul>\n<li>66 de manuales y bibliograf\u00eda b\u00e1sica<\/li>\n<li>22 de monograf\u00edas y otros materiales<\/li>\n<\/ul>\n<p>&nbsp;<\/td>\n<\/tr>\n<tr>\n<td valign=\"top\" width=\"288\">Accesos de usuarios<\/td>\n<td valign=\"top\" width=\"288\">\n<ul>\n<li>2.452 entradas<\/li>\n<\/ul>\n<p>&nbsp;<\/td>\n<\/tr>\n<tr>\n<td valign=\"top\" width=\"288\">Presupuesto<\/td>\n<td valign=\"top\" width=\"288\">\n<ul>\n<li>Compra de libros: 349,38 \u20ac<\/li>\n<li>Compra de revistas: 1.040,14 \u20ac<\/li>\n<\/ul>\n<p>&nbsp;<\/td>\n<\/tr>\n<\/tbody>\n<\/table>\n<p>&nbsp;<\/p>\n\n<!-- This is the start of the WP Twitter Button code -->\n<div id=\"rk_wp_twitter_button\" style=\"margin: 0px 0px 0px 0px; float: left\"><a href=\"http:\/\/twitter.com\/share\" class=\"twitter-share-button\" data-url=\"https:\/\/bibliotecas.unileon.es\/ciencias-salud\/la-biblioteca-en-cifras\/\" data-count=\"horizontal\">Tweet<\/a><script type=\"text\/javascript\" src=\"http:\/\/platform.twitter.com\/widgets.js\"><\/script><\/div>\n<!-- This is the end of the WP Twitter Button code -->\n\n","protected":false},"excerpt":{"rendered":"<p>Datos correspondientes al a\u00f1o 2020 Superficie 152 m2 &nbsp; Instalaciones 1 sala de estudio 1 dep\u00f3sito de libros y revistas &nbsp; Estanter\u00edas (m. lineales) 89,70 m. en libre acceso 59,80 m. en dep\u00f3sito &nbsp; Puestos de lectura 59 &nbsp; Equipamiento &hellip; <a href=\"https:\/\/bibliotecas.unileon.es\/ciencias-salud\/la-biblioteca-en-cifras\/\">Sigue leyendo <span class=\"meta-nav\">&rarr;<\/span><\/a><\/p>\n","protected":false},"author":3,"featured_media":0,"parent":0,"menu_order":0,"comment_status":"closed","ping_status":"closed","template":"","meta":{"_bbp_topic_count":0,"_bbp_reply_count":0,"_bbp_total_topic_count":0,"_bbp_total_reply_count":0,"_bbp_voice_count":0,"_bbp_anonymous_reply_count":0,"_bbp_topic_count_hidden":0,"_bbp_reply_count_hidden":0,"_bbp_forum_subforum_count":0,"footnotes":""},"class_list":["post-9","page","type-page","status-publish","hentry"],"_links":{"self":[{"href":"https:\/\/bibliotecas.unileon.es\/ciencias-salud\/wp-json\/wp\/v2\/pages\/9","targetHints":{"allow":["GET"]}}],"collection":[{"href":"https:\/\/bibliotecas.unileon.es\/ciencias-salud\/wp-json\/wp\/v2\/pages"}],"about":[{"href":"https:\/\/bibliotecas.unileon.es\/ciencias-salud\/wp-json\/wp\/v2\/types\/page"}],"author":[{"embeddable":true,"href":"https:\/\/bibliotecas.unileon.es\/ciencias-salud\/wp-json\/wp\/v2\/users\/3"}],"replies":[{"embeddable":true,"href":"https:\/\/bibliotecas.unileon.es\/ciencias-salud\/wp-json\/wp\/v2\/comments?post=9"}],"version-history":[{"count":4,"href":"https:\/\/bibliotecas.unileon.es\/ciencias-salud\/wp-json\/wp\/v2\/pages\/9\/revisions"}],"predecessor-version":[{"id":216,"href":"https:\/\/bibliotecas.unileon.es\/ciencias-salud\/wp-json\/wp\/v2\/pages\/9\/revisions\/216"}],"wp:attachment":[{"href":"https:\/\/bibliotecas.unileon.es\/ciencias-salud\/wp-json\/wp\/v2\/media?parent=9"}],"curies":[{"name":"wp","href":"https:\/\/api.w.org\/{rel}","templated":true}]}}