{"id":1188,"date":"2016-06-08T11:02:49","date_gmt":"2016-06-08T09:02:49","guid":{"rendered":"http:\/\/bibliotecas.unileon.es\/derecho\/?page_id=1188"},"modified":"2020-05-10T18:59:26","modified_gmt":"2020-05-10T16:59:26","slug":"rediuris","status":"publish","type":"page","link":"https:\/\/bibliotecas.unileon.es\/derecho\/rediuris\/","title":{"rendered":"Rediuris"},"content":{"rendered":"<p><a href=\"http:\/\/www.rediuris.com\" target=\"_blank\" rel=\"noopener noreferrer\">Rediuris<\/a> descarga diariamente una amplia selecci\u00f3n de normas publicadas en el BOE, en los diarios oficiales de las Comunidades Aut\u00f3nomas y en el Diario oficial de la Uni\u00f3n Europea.<\/p>\n<p><a href=\"http:\/\/www.rediuris.com\" target=\"_blank\" rel=\"attachment noopener wp-att-1733 noreferrer\"><img loading=\"lazy\" decoding=\"async\" class=\"size-full wp-image-1733 aligncenter\" src=\"http:\/\/bibliotecas.unileon.es\/derecho\/files\/2018\/07\/Rediuris-1.png\" alt=\"\" width=\"173\" height=\"53\" \/><\/a><\/p>\n<p>El acceso es libre y gratuito. Cada usuario puede crear su perfil y seleccionar sus preferencias de materias y \u00e1mbitos territoriales. Esta selecci\u00f3n ser\u00e1 la que visualizar\u00e1 cuando entre a la plataforma y la que recibir\u00e1 por correo electr\u00f3nico en un bolet\u00edn semanal.<\/p>\n<p>Se pueden consultar tambi\u00e9n sentencias, informes y dict\u00e1menes de inter\u00e9s de \u00f3rganos consultivos y de control, adem\u00e1s de bibliograf\u00eda e informaci\u00f3n sobre cursos y jornadas.<\/p>\n<p>Cuenta con una selecci\u00f3n de blogs jur\u00eddicos, monogr\u00e1ficos y res\u00famenes de prensa.<\/p>\n<p>&nbsp;<\/p>\n<div class=\"yj6qo ajU\">\n<div id=\":qa\" class=\"ajR\" tabindex=\"0\" data-tooltip=\"Mostrar contenido reducido\"><img decoding=\"async\" class=\"ajT\" src=\"https:\/\/ssl.gstatic.com\/ui\/v1\/icons\/mail\/images\/cleardot.gif\" \/><\/div>\n<\/div>\n","protected":false},"excerpt":{"rendered":"<p>Rediuris descarga diariamente una amplia selecci\u00f3n de normas publicadas en el BOE, en los diarios oficiales de las Comunidades Aut\u00f3nomas y en el Diario oficial de la Uni\u00f3n Europea. El acceso es libre y gratuito. Cada usuario puede crear su &hellip; <a href=\"https:\/\/bibliotecas.unileon.es\/derecho\/rediuris\/\">Sigue leyendo <span class=\"meta-nav\">&rarr;<\/span><\/a><\/p>\n","protected":false},"author":23,"featured_media":0,"parent":0,"menu_order":0,"comment_status":"closed","ping_status":"closed","template":"","meta":{"_bbp_topic_count":0,"_bbp_reply_count":0,"_bbp_total_topic_count":0,"_bbp_total_reply_count":0,"_bbp_voice_count":0,"_bbp_anonymous_reply_count":0,"_bbp_topic_count_hidden":0,"_bbp_reply_count_hidden":0,"_bbp_forum_subforum_count":0,"footnotes":""},"class_list":["post-1188","page","type-page","status-publish","hentry"],"_links":{"self":[{"href":"https:\/\/bibliotecas.unileon.es\/derecho\/wp-json\/wp\/v2\/pages\/1188","targetHints":{"allow":["GET"]}}],"collection":[{"href":"https:\/\/bibliotecas.unileon.es\/derecho\/wp-json\/wp\/v2\/pages"}],"about":[{"href":"https:\/\/bibliotecas.unileon.es\/derecho\/wp-json\/wp\/v2\/types\/page"}],"author":[{"embeddable":true,"href":"https:\/\/bibliotecas.unileon.es\/derecho\/wp-json\/wp\/v2\/users\/23"}],"replies":[{"embeddable":true,"href":"https:\/\/bibliotecas.unileon.es\/derecho\/wp-json\/wp\/v2\/comments?post=1188"}],"version-history":[{"count":1,"href":"https:\/\/bibliotecas.unileon.es\/derecho\/wp-json\/wp\/v2\/pages\/1188\/revisions"}],"predecessor-version":[{"id":1192,"href":"https:\/\/bibliotecas.unileon.es\/derecho\/wp-json\/wp\/v2\/pages\/1188\/revisions\/1192"}],"wp:attachment":[{"href":"https:\/\/bibliotecas.unileon.es\/derecho\/wp-json\/wp\/v2\/media?parent=1188"}],"curies":[{"name":"wp","href":"https:\/\/api.w.org\/{rel}","templated":true}]}}