{"id":1713,"date":"2018-07-03T13:07:46","date_gmt":"2018-07-03T11:07:46","guid":{"rendered":"http:\/\/bibliotecas.unileon.es\/derecho\/?page_id=1713"},"modified":"2018-07-05T09:55:24","modified_gmt":"2018-07-05T07:55:24","slug":"novedades-bibliograficas","status":"publish","type":"page","link":"https:\/\/bibliotecas.unileon.es\/derecho\/novedades-bibliograficas\/","title":{"rendered":"Novedades bibliogr\u00e1ficas"},"content":{"rendered":"<p>Para estar informado de las novedades del Cat\u00e1logo puedes hacerlo suscribi\u00e9ndote a RSS en distintas materias o, visitando nuestro <a href=\"https:\/\/www.pinterest.es\/biblioderechoULE\/novedades-bibliograficas\/\" target=\"_blank\" rel=\"noopener\">tablero en Pinterest<\/a>\u00a0donde encontrar\u00e1s las portadas de los libros que vamos incorporando a la Colecci\u00f3n.<\/p>\n<h2>Novedades en el Cat\u00e1logo v\u00eda RSS<\/h2>\n<p>Puedes <a href=\"http:\/\/catoute.unileon.es\/screens\/rss.html\" target=\"_blank\" rel=\"noopener\">suscribirte a los RSS<\/a> <a href=\"http:\/\/catoute.unileon.es\/screens\/rss.html\" rel=\"attachment wp-att-1714\"><img loading=\"lazy\" decoding=\"async\" class=\"alignnone wp-image-1714\" src=\"http:\/\/bibliotecas.unileon.es\/derecho\/files\/2018\/07\/rss.png\" alt=\"Icono suscripci\u00f3n RSS\" width=\"18\" height=\"18\" \/><\/a>para conocer las \u00faltimas adquisiciones que se van incorporando al cat\u00e1logo de la \u00a0Biblioteca de la ULe.\u00a0 Te explicamos en qu\u00e9 consiste el servicio de\u00a0RSS (<em>Really Simple Sindication<\/em>) y c\u00f3mo suscribirte desde tu navegador y desde dispositivos m\u00f3viles.<\/p>\n<p>En la pesta\u00f1a de CC. Jur\u00eddicas podr\u00e1s elegir las materias:<\/p>\n<ul>\n<li>Derecho administrativo<\/li>\n<li>Derecho constitucional<\/li>\n<li>Derecho econ\u00f3mico<\/li>\n<li>Derecho financiero y tributario<\/li>\n<li>Derecho mercantil<\/li>\n<li>Derecho procesal<\/li>\n<li>Historia del Derecho<\/li>\n<li>Trabajo, Derecho del trabajo y Seguridad Social<\/li>\n<li>Derecho civil<\/li>\n<li>Derecho eclesi\u00e1stico<\/li>\n<li>Derecho en general, Filosof\u00eda del Derecho<\/li>\n<li>Derecho internacional<\/li>\n<li>Derecho penal<\/li>\n<li>Pol\u00edtica<\/li>\n<\/ul>\n<p>\u00a1No dejes de explorar otras materias!<\/p>\n","protected":false},"excerpt":{"rendered":"<p>Para estar informado de las novedades del Cat\u00e1logo puedes hacerlo suscribi\u00e9ndote a RSS en distintas materias o, visitando nuestro tablero en Pinterest\u00a0donde encontrar\u00e1s las portadas de los libros que vamos incorporando a la Colecci\u00f3n. Novedades en el Cat\u00e1logo v\u00eda RSS &hellip; <a href=\"https:\/\/bibliotecas.unileon.es\/derecho\/novedades-bibliograficas\/\">Sigue leyendo <span class=\"meta-nav\">&rarr;<\/span><\/a><\/p>\n","protected":false},"author":23,"featured_media":0,"parent":0,"menu_order":0,"comment_status":"closed","ping_status":"closed","template":"","meta":{"_bbp_topic_count":0,"_bbp_reply_count":0,"_bbp_total_topic_count":0,"_bbp_total_reply_count":0,"_bbp_voice_count":0,"_bbp_anonymous_reply_count":0,"_bbp_topic_count_hidden":0,"_bbp_reply_count_hidden":0,"_bbp_forum_subforum_count":0,"footnotes":""},"class_list":["post-1713","page","type-page","status-publish","hentry"],"_links":{"self":[{"href":"https:\/\/bibliotecas.unileon.es\/derecho\/wp-json\/wp\/v2\/pages\/1713","targetHints":{"allow":["GET"]}}],"collection":[{"href":"https:\/\/bibliotecas.unileon.es\/derecho\/wp-json\/wp\/v2\/pages"}],"about":[{"href":"https:\/\/bibliotecas.unileon.es\/derecho\/wp-json\/wp\/v2\/types\/page"}],"author":[{"embeddable":true,"href":"https:\/\/bibliotecas.unileon.es\/derecho\/wp-json\/wp\/v2\/users\/23"}],"replies":[{"embeddable":true,"href":"https:\/\/bibliotecas.unileon.es\/derecho\/wp-json\/wp\/v2\/comments?post=1713"}],"version-history":[{"count":0,"href":"https:\/\/bibliotecas.unileon.es\/derecho\/wp-json\/wp\/v2\/pages\/1713\/revisions"}],"wp:attachment":[{"href":"https:\/\/bibliotecas.unileon.es\/derecho\/wp-json\/wp\/v2\/media?parent=1713"}],"curies":[{"name":"wp","href":"https:\/\/api.w.org\/{rel}","templated":true}]}}