{"id":1805,"date":"2020-04-24T19:05:05","date_gmt":"2020-04-24T17:05:05","guid":{"rendered":"https:\/\/bibliotecas.unileon.es\/derecho\/?page_id=1805"},"modified":"2020-05-01T22:08:00","modified_gmt":"2020-05-01T20:08:00","slug":"libros-electronicos","status":"publish","type":"page","link":"https:\/\/bibliotecas.unileon.es\/derecho\/libros-electronicos\/","title":{"rendered":"Libros electr\u00f3nicos"},"content":{"rendered":"<p style=\"text-align: justify;\"><span style=\"font-family: georgia, palatino, serif; font-size: 14pt; color: #3366ff;\">Libros electr\u00f3nicos de Ciencias Jur\u00eddicas en la plataforma \u201cBiblioteca Virtual Tirant\u201d<\/span><\/p>\n<p><span style=\"font-family: georgia, palatino, serif;\">La Biblioteca Virtual Tirant es una plataforma digital desde la que se puede acceder a libros publicados por la editorial Tirant lo Blanch en formato electr\u00f3nico.<\/span><\/p>\n<p style=\"text-align: justify; padding-left: 40px;\"><a href=\"https:\/\/catoute.unileon.es\/permalink\/34BUC_ULE\/1ekdeev\/alma991005500799705772\" rel=\"attachment wp-att-1806\"><img loading=\"lazy\" decoding=\"async\" class=\"alignleft wp-image-1806\" src=\"https:\/\/bibliotecas.unileon.es\/derecho\/files\/2020\/04\/Biblioteca-Virtual-Tirant.jpg\" alt=\"\" width=\"180\" height=\"88\" \/><\/a><\/p>\n<p><span style=\"font-family: georgia, palatino, serif;\">Es una Biblioteca en continua actualizaci\u00f3n, que recoge las mejores obras de Ciencias Jur\u00eddicas, tanto manuales como monograf\u00edas.<br \/>\n<\/span><\/p>\n<ul style=\"text-align: justify;\">\n<li><span style=\"font-family: georgia, palatino, serif;\">La forma de<a href=\"https:\/\/catoute.unileon.es\/permalink\/34BUC_ULE\/1ekdeev\/alma991005500799705772\" target=\"_blank\" rel=\"noopener noreferrer\"> acceso<\/a> desde fuera del Campus es con usuario y contrase\u00f1a del correo-e institucional.<\/span><\/li>\n<li><span style=\"font-family: georgia, palatino, serif;\">La consulta se hace en l\u00ednea desde cualquier ordenador de la red local del Campus.<\/span><\/li>\n<\/ul>\n<p style=\"text-align: justify;\"><span style=\"font-family: georgia, palatino, serif;\">Una vez en la p\u00e1gina de inicio el usuario podr\u00e1 buscar por libros o por autores, o bien navegar por materias o por la biblioteca ordenada alfab\u00e9ticamente. Los listados de libros son susceptibles de ordenaci\u00f3n cronol\u00f3gica.<\/span><\/p>\n<p style=\"text-align: justify;\"><span style=\"font-family: georgia, palatino, serif;\">Si necesitas m\u00e1s informaci\u00f3n, puedes consultar la <a href=\"https:\/\/bibliotecas.unileon.es\/derecho\/files\/2020\/04\/GUIA_USUARIO-Biblioteca-Virtual-Tirant.pdf\" class=\"mtli_attachment mtli_pdf\" target=\"_blank\" rel=\"noopener noreferrer\">gu\u00eda de uso<\/a><\/span><\/p>\n<p>&nbsp;<\/p>\n<p><span style=\"font-size: 14pt; color: #3366ff;\">Libros electr\u00f3nicos de Ciencias Jur\u00eddicas en la plataforma \u201ceLibro\u201d<\/span><\/p>\n<p>eLibro es la Plataforma de libros electr\u00f3nicos de contenido acad\u00e9mico a texto completo de prestigiosas editoriales.<\/p>\n<p><a href=\"https:\/\/catoute.unileon.es\/permalink\/34BUC_ULE\/1ekdeev\/alma991008791789805772\" target=\"_blank\" rel=\"attachment noopener wp-att-1818 noreferrer\"><img loading=\"lazy\" decoding=\"async\" class=\"alignleft wp-image-1818\" src=\"https:\/\/bibliotecas.unileon.es\/derecho\/files\/2020\/04\/elibro-imagen.jpg\" alt=\"\" width=\"275\" height=\"110\" \/><\/a><\/p>\n<p>&nbsp;<\/p>\n<p>Ofrece <a href=\"https:\/\/catoute.unileon.es\/discovery\/fulldisplay?docid=alma991008791789805772&amp;context=L&amp;vid=34BUC_ULE:VU1&amp;lang=es&amp;search_scope=MyInst_and_CI&amp;adaptor=Local%20Search%20Engine&amp;tab=Everything&amp;query=any,contains,elibro&amp;offset=0\" target=\"_blank\" rel=\"noopener noreferrer\">acceso<\/a> \u00a0 a m\u00e1s de 86.000 t\u00edtulos de tem\u00e1tica relacionada con todas las disciplinas acad\u00e9micas: Ciencias sociales, Derecho, Ciencias pol\u00edticas, Historia, Tecnolog\u00eda\u2026<\/p>\n<p>Se permiten dos modalidades de consulta:<\/p>\n<ul>\n<li>La visualizaci\u00f3n en l\u00ednea. Permite abrir el libro y consultar su contenido.<\/li>\n<li>La descarga del libro completo o por cap\u00edtulos. Siendo necesario crear una cuenta de usuario dentro de la propia plataforma. Para crear una cuenta, una vez dentro de la plataforma clicamos \u00a0sobre el bot\u00f3n <a href=\"https:\/\/elibro-net.unileon.idm.oclc.org\/es\/lc\/unileon\/inicio\" target=\"_blank\" rel=\"noopener noreferrer\">Registrarse<\/a>, arriba a la derecha.<\/li>\n<\/ul>\n<p>La forma de <a href=\"https:\/\/catoute.unileon.es\/permalink\/34BUC_ULE\/1ekdeev\/alma991008791789805772\" target=\"_blank\" rel=\"noopener noreferrer\">acceso<\/a> desde fuera del Campus es con usuario y contrase\u00f1a del correo-e<\/p>\n<table width=\"478\">\n<tbody>\n<tr>\n<td rowspan=\"4\" width=\"104\"><strong>\u00a0<\/strong><strong>LIBROS DE <\/strong><\/td>\n<td width=\"374\"><a href=\"https:\/\/elibro-net.unileon.idm.oclc.org\/es\/lc\/unileon\/busqueda_avanzada?as_parent_theme=derecho&amp;as_parent_theme_op=unaccent__iexact&amp;prev=as\" target=\"_blank\" rel=\"noopener noreferrer\">Derecho,<\/a> <a href=\"https:\/\/elibro-net.unileon.idm.oclc.org\/es\/lc\/unileon\/busqueda_avanzada?as_parent_theme=derecho__administrativo&amp;as_parent_theme_op=unaccent__iexact&amp;prev=as\" target=\"_blank\" rel=\"noopener noreferrer\">Derecho administrativo<\/a>, <a href=\"https:\/\/elibro-net.unileon.idm.oclc.org\/es\/lc\/unileon\/busqueda_avanzada?as_parent_theme=derecho__civil&amp;as_parent_theme_op=unaccent__iexact&amp;prev=as\" target=\"_blank\" rel=\"noopener noreferrer\">Derecho civil<\/a><\/td>\n<\/tr>\n<tr>\n<td width=\"374\"><a href=\"https:\/\/elibro-net.unileon.idm.oclc.org\/es\/lc\/unileon\/busqueda_avanzada?as_parent_theme=derecho__constitucional&amp;as_parent_theme_op=unaccent__iexact&amp;prev=as\" target=\"_blank\" rel=\"noopener noreferrer\">Derecho constitucional<\/a>, <a href=\"https:\/\/elibro-net.unileon.idm.oclc.org\/es\/lc\/unileon\/busqueda_avanzada?as_parent_theme=derecho__laboral&amp;as_parent_theme_op=unaccent__iexact&amp;prev=as\" target=\"_blank\" rel=\"noopener noreferrer\">Derecho del trabajo<\/a>,<\/td>\n<\/tr>\n<tr>\n<td width=\"374\"><a href=\"https:\/\/elibro-net.unileon.idm.oclc.org\/es\/lc\/unileon\/busqueda_avanzada?as_parent_theme=derecho__internacional&amp;as_parent_theme_op=unaccent__iexact&amp;prev=as\" target=\"_blank\" rel=\"noopener noreferrer\">Derecho internacional<\/a>, <a href=\"https:\/\/elibro-net.unileon.idm.oclc.org\/es\/lc\/unileon\/busqueda_avanzada?as_parent_theme=derecho__mercantil&amp;as_parent_theme_op=unaccent__iexact&amp;prev=as\" target=\"_blank\" rel=\"noopener noreferrer\">Derecho mercantil<\/a><\/td>\n<\/tr>\n<tr>\n<td width=\"374\"><a href=\"https:\/\/elibro-net.unileon.idm.oclc.org\/es\/lc\/unileon\/busqueda_avanzada?as_parent_theme=derecho__penal&amp;as_parent_theme_op=unaccent__iexact&amp;prev=as\" target=\"_blank\" rel=\"noopener noreferrer\">Derecho penal<\/a>, <a href=\"https:\/\/elibro-net.unileon.idm.oclc.org\/es\/lc\/unileon\/busqueda_avanzada?as_parent_theme=derecho__procesal&amp;as_parent_theme_op=unaccent__iexact&amp;prev=as\" target=\"_blank\" rel=\"noopener noreferrer\">Derecho procesal<\/a>, <a href=\"https:\/\/elibro-net.unileon.idm.oclc.org\/es\/lc\/unileon\/busqueda_avanzada?as_parent_theme=impuestos&amp;as_parent_theme_op=unaccent__iexact&amp;prev=as\" target=\"_blank\" rel=\"noopener noreferrer\">Derecho tributario<\/a><\/td>\n<\/tr>\n<\/tbody>\n<\/table>\n<p>&nbsp;<\/p>\n<p>Si necesitas m\u00e1s informaci\u00f3n, puedes consultar la <a href=\"http:\/\/www.elibro.com\/descarga\/ayuda\/eLibro%20-%20Tutorial%20usuarios.pdf\" class=\"mtli_attachment mtli_pdf\" target=\"_blank\" rel=\"noopener noreferrer\">gu\u00eda de uso<\/a> y <a href=\"http:\/\/elibro.com\/material-marketing.html\" target=\"_blank\" rel=\"noopener noreferrer\">v\u00eddeos de ayuda<\/a><\/p>\n<p>&nbsp;<\/p>\n<p><span style=\"font-size: 14pt; color: #3366ff;\">Libros electr\u00f3nicos de Ciencias Jur\u00eddicas en la plataforma \u201cIngebook\u201d<\/span><\/p>\n<p>Ingebook es una plataforma que contiene libros electr\u00f3nicos a texto completo, incluyendo manuales universitarios en espa\u00f1ol, de editores de prestigio como McGraw-Hill, Garc\u00eda Maroto, Pearson y Revert\u00e9.<\/p>\n<p><a href=\"https:\/\/catoute.unileon.es\/permalink\/34BUC_ULE\/1ekdeev\/alma991006333289705772\" target=\"_blank\" rel=\"attachment noopener wp-att-1821 noreferrer\"><img loading=\"lazy\" decoding=\"async\" class=\"wp-image-1821  alignright\" src=\"https:\/\/bibliotecas.unileon.es\/derecho\/files\/2020\/05\/Ingebook.jpg\" alt=\"\" width=\"167\" height=\"168\" \/><\/a><\/p>\n<p>En su cat\u00e1logo multidisciplinar destacan los manuales sobre ciencias sociales, jur\u00eddicas, ingenier\u00edas, ciencias de la salud, administraci\u00f3n de empresas, etc.<\/p>\n<p>La forma de <a href=\"https:\/\/catoute.unileon.es\/permalink\/34BUC_ULE\/1ekdeev\/alma991006333289705772\" target=\"_blank\" rel=\"noopener noreferrer\">acceso<\/a> desde fuera del Campus es con usuario y contrase\u00f1a del correo-e.<\/p>\n<ul>\n<li>Permite la consulta online de los libros, en streaming, sin la posibilidad de imprimir o descargar.<\/li>\n<li>Si quieres disfrutar de todas las funcionalidades debes <a href=\"http:\/\/www.ingebook.com.unileon.idm.oclc.org\/ib\/NPcd\/IB_Registro\" target=\"_blank\" rel=\"noopener noreferrer\">registrarte<\/a> en la plataforma, as\u00ed accedes a un perfil personalizado: biblioteca personal, favoritos, notas, \u00faltimo libro le\u00eddo, participaci\u00f3n en blogs y foros, comentarios, tests, resoluci\u00f3n de ex\u00e1menes, etc.<\/li>\n<\/ul>\n<table width=\"478\">\n<tbody>\n<tr>\n<td rowspan=\"4\" width=\"104\"><strong>\u00a0<\/strong><\/p>\n<p><strong>LIBROS DE\u00a0 (248)<\/strong><\/td>\n<td width=\"374\">\u00a0<a href=\"http:\/\/www.ingebook.com.unileon.idm.oclc.org\/ib\/NPcd\/IB_LstBooks?cod_primaria=1000187&amp;Sch_orden=1&amp;Sch_todo=derecho\" target=\"_blank\" rel=\"noopener noreferrer\">Derecho<\/a>, <a href=\"http:\/\/www.ingebook.com.unileon.idm.oclc.org\/ib\/NPcd\/IB_LstBooks?cod_primaria=1000187&amp;buscar=1&amp;busqueda_av=&amp;Sch_todo2=derecho&amp;Sch_nombre=&amp;Sch_autor=&amp;Sch_isbn=&amp;Sch_isbn_ebook=&amp;Sch_editorial=&amp;Sch_area=7175&amp;Sch_seccion=7208&amp;Sch_Grado=&amp;Sch_etiqueta=&amp;Sch_ano=&amp;Sch_orden=1&amp;Sch_orden_2=desc&amp;NPcd_PageLines=12\" target=\"_blank\" rel=\"noopener noreferrer\">Derecho administrativo<\/a>, <a href=\"http:\/\/www.ingebook.com.unileon.idm.oclc.org\/ib\/NPcd\/IB_LstBooks?cod_primaria=1000187&amp;buscar=1&amp;busqueda_av=&amp;Sch_todo2=&amp;Sch_nombre=&amp;Sch_autor=&amp;Sch_isbn=&amp;Sch_isbn_ebook=&amp;Sch_editorial=&amp;Sch_area=&amp;Sch_seccion=7200&amp;Sch_Grado=&amp;Sch_etiqueta=&amp;Sch_ano=&amp;Sch_orden=1&amp;Sch_orden_2=desc&amp;NPcd_PageLines=12\" target=\"_blank\" rel=\"noopener noreferrer\">Derecho civil<\/a><\/td>\n<\/tr>\n<tr>\n<td width=\"374\"><a href=\"http:\/\/www.ingebook.com.unileon.idm.oclc.org\/ib\/NPcd\/IB_LstBooks?cod_primaria=1000187&amp;buscar=1&amp;busqueda_av=&amp;Sch_todo2=&amp;Sch_nombre=&amp;Sch_autor=&amp;Sch_isbn=&amp;Sch_isbn_ebook=&amp;Sch_editorial=&amp;Sch_area=7175&amp;Sch_seccion=7207&amp;Sch_Grado=&amp;Sch_etiqueta=&amp;Sch_ano=&amp;Sch_orden=1&amp;Sch_orden_2=desc&amp;NPcd_PageLines=12\" target=\"_blank\" rel=\"noopener noreferrer\">Derecho constitucional<\/a>, <a href=\"http:\/\/www.ingebook.com.unileon.idm.oclc.org\/ib\/NPcd\/IB_LstBooks?cod_primaria=1000187&amp;buscar=1&amp;busqueda_av=&amp;Sch_todo2=&amp;Sch_nombre=&amp;Sch_autor=&amp;Sch_isbn=&amp;Sch_isbn_ebook=&amp;Sch_editorial=&amp;Sch_area=7175&amp;Sch_seccion=7212&amp;Sch_Grado=&amp;Sch_etiqueta=&amp;Sch_ano=&amp;Sch_orden=1&amp;Sch_orden_2=desc&amp;NPcd_PageLines=12\" target=\"_blank\" rel=\"noopener noreferrer\">Derecho del trabajo<\/a>, <a href=\"http:\/\/www.ingebook.com.unileon.idm.oclc.org\/ib\/NPcd\/IB_LstBooks?cod_primaria=1000187&amp;buscar=1&amp;busqueda_av=&amp;Sch_todo2=&amp;Sch_nombre=&amp;Sch_autor=&amp;Sch_isbn=&amp;Sch_isbn_ebook=&amp;Sch_editorial=&amp;Sch_area=7175&amp;Sch_seccion=7385&amp;Sch_Grado=&amp;Sch_etiqueta=&amp;Sch_ano=&amp;Sch_orden=1&amp;Sch_orden_2=desc&amp;NPcd_PageLines=12\" target=\"_blank\" rel=\"noopener noreferrer\">Arbitraje y mediaci\u00f3n<\/a><\/td>\n<\/tr>\n<tr>\n<td width=\"374\"><a href=\"http:\/\/www.ingebook.com.unileon.idm.oclc.org\/ib\/NPcd\/IB_LstBooks?cod_primaria=1000187&amp;buscar=1&amp;busqueda_av=&amp;Sch_todo2=&amp;Sch_nombre=&amp;Sch_autor=&amp;Sch_isbn=&amp;Sch_isbn_ebook=&amp;Sch_editorial=&amp;Sch_area=7175&amp;Sch_seccion=7206&amp;Sch_Grado=&amp;Sch_etiqueta=&amp;Sch_ano=&amp;Sch_orden=1&amp;Sch_orden_2=desc&amp;NPcd_PageLines=12\" target=\"_blank\" rel=\"noopener noreferrer\">Derecho internacional<\/a>, <a href=\"http:\/\/www.ingebook.com.unileon.idm.oclc.org\/ib\/NPcd\/IB_LstBooks?cod_primaria=1000187&amp;buscar=1&amp;busqueda_av=&amp;Sch_todo2=&amp;Sch_nombre=&amp;Sch_autor=&amp;Sch_isbn=&amp;Sch_isbn_ebook=&amp;Sch_editorial=&amp;Sch_area=7175&amp;Sch_seccion=7204&amp;Sch_Grado=&amp;Sch_etiqueta=&amp;Sch_ano=&amp;Sch_orden=1&amp;Sch_orden_2=desc&amp;NPcd_PageLines=12\" target=\"_blank\" rel=\"noopener noreferrer\">Derecho mercantil<\/a><\/td>\n<\/tr>\n<tr>\n<td width=\"374\"><a href=\"http:\/\/www.ingebook.com.unileon.idm.oclc.org\/ib\/NPcd\/IB_LstBooks?cod_primaria=1000187&amp;buscar=1&amp;busqueda_av=&amp;Sch_todo2=&amp;Sch_nombre=&amp;Sch_autor=&amp;Sch_isbn=&amp;Sch_isbn_ebook=&amp;Sch_editorial=&amp;Sch_area=7175&amp;Sch_seccion=7203&amp;Sch_Grado=&amp;Sch_etiqueta=&amp;Sch_ano=&amp;Sch_orden=1&amp;Sch_orden_2=desc&amp;NPcd_PageLines=12\" target=\"_blank\" rel=\"noopener noreferrer\">Derecho penal<\/a>, <a href=\"http:\/\/www.ingebook.com.unileon.idm.oclc.org\/ib\/NPcd\/IB_LstBooks?cod_primaria=1000187&amp;buscar=1&amp;busqueda_av=&amp;Sch_todo2=&amp;Sch_nombre=&amp;Sch_autor=&amp;Sch_isbn=&amp;Sch_isbn_ebook=&amp;Sch_editorial=&amp;Sch_area=7175&amp;Sch_seccion=7202&amp;Sch_Grado=&amp;Sch_etiqueta=&amp;Sch_ano=&amp;Sch_orden=1&amp;Sch_orden_2=desc&amp;NPcd_PageLines=12\" target=\"_blank\" rel=\"noopener noreferrer\">Derecho tributario<\/a>, <a href=\"http:\/\/www.ingebook.com.unileon.idm.oclc.org\/ib\/NPcd\/IB_LstBooks?cod_primaria=1000187&amp;buscar=1&amp;busqueda_av=&amp;Sch_todo2=&amp;Sch_nombre=&amp;Sch_autor=&amp;Sch_isbn=&amp;Sch_isbn_ebook=&amp;Sch_editorial=&amp;Sch_area=7175&amp;Sch_seccion=7210&amp;Sch_Grado=&amp;Sch_etiqueta=&amp;Sch_ano=&amp;Sch_orden=1&amp;Sch_orden_2=desc&amp;NPcd_PageLines=12\" target=\"_blank\" rel=\"noopener noreferrer\">Filosof\u00eda del derecho,<\/a> <a href=\"http:\/\/www.ingebook.com.unileon.idm.oclc.org\/ib\/NPcd\/IB_LstBooks?cod_primaria=1000187&amp;buscar=1&amp;busqueda_av=&amp;Sch_todo2=&amp;Sch_nombre=&amp;Sch_autor=&amp;Sch_isbn=&amp;Sch_isbn_ebook=&amp;Sch_editorial=&amp;Sch_area=7175&amp;Sch_seccion=7201&amp;Sch_Grado=&amp;Sch_etiqueta=&amp;Sch_ano=&amp;Sch_orden=1&amp;Sch_orden_2=desc&amp;NPcd_PageLines=12\" target=\"_blank\" rel=\"noopener noreferrer\">Historia del Derecho<\/a><\/td>\n<\/tr>\n<\/tbody>\n<\/table>\n<p>&nbsp;<\/p>\n<p>Si necesitas m\u00e1s informaci\u00f3n, puedes consultar <a href=\"http:\/\/www.ingebook.com.unileon.idm.oclc.org\/ib\/NPcd\/N_GV_LstGaleriaVideos?cod_primaria=1000213\" target=\"_blank\" rel=\"noopener noreferrer\">\u201clos tutoriales de la plataforma\u201d<\/a>.<\/p>\n<p>&nbsp;<\/p>\n","protected":false},"excerpt":{"rendered":"<p>Libros electr\u00f3nicos de Ciencias Jur\u00eddicas en la plataforma \u201cBiblioteca Virtual Tirant\u201d La Biblioteca Virtual Tirant es una plataforma digital desde la que se puede acceder a libros publicados por la editorial Tirant lo Blanch en formato electr\u00f3nico. Es una Biblioteca &hellip; <a href=\"https:\/\/bibliotecas.unileon.es\/derecho\/libros-electronicos\/\">Sigue leyendo <span class=\"meta-nav\">&rarr;<\/span><\/a><\/p>\n","protected":false},"author":23,"featured_media":0,"parent":0,"menu_order":0,"comment_status":"closed","ping_status":"closed","template":"","meta":{"_bbp_topic_count":0,"_bbp_reply_count":0,"_bbp_total_topic_count":0,"_bbp_total_reply_count":0,"_bbp_voice_count":0,"_bbp_anonymous_reply_count":0,"_bbp_topic_count_hidden":0,"_bbp_reply_count_hidden":0,"_bbp_forum_subforum_count":0,"footnotes":""},"class_list":["post-1805","page","type-page","status-publish","hentry"],"_links":{"self":[{"href":"https:\/\/bibliotecas.unileon.es\/derecho\/wp-json\/wp\/v2\/pages\/1805","targetHints":{"allow":["GET"]}}],"collection":[{"href":"https:\/\/bibliotecas.unileon.es\/derecho\/wp-json\/wp\/v2\/pages"}],"about":[{"href":"https:\/\/bibliotecas.unileon.es\/derecho\/wp-json\/wp\/v2\/types\/page"}],"author":[{"embeddable":true,"href":"https:\/\/bibliotecas.unileon.es\/derecho\/wp-json\/wp\/v2\/users\/23"}],"replies":[{"embeddable":true,"href":"https:\/\/bibliotecas.unileon.es\/derecho\/wp-json\/wp\/v2\/comments?post=1805"}],"version-history":[{"count":0,"href":"https:\/\/bibliotecas.unileon.es\/derecho\/wp-json\/wp\/v2\/pages\/1805\/revisions"}],"wp:attachment":[{"href":"https:\/\/bibliotecas.unileon.es\/derecho\/wp-json\/wp\/v2\/media?parent=1805"}],"curies":[{"name":"wp","href":"https:\/\/api.w.org\/{rel}","templated":true}]}}