{"id":1827,"date":"2020-05-06T11:20:00","date_gmt":"2020-05-06T09:20:00","guid":{"rendered":"https:\/\/bibliotecas.unileon.es\/derecho\/?page_id=1827"},"modified":"2020-05-07T12:36:12","modified_gmt":"2020-05-07T10:36:12","slug":"base-de-datos-de-ciencias-juridicas-aranzadi-instituciones","status":"publish","type":"page","link":"https:\/\/bibliotecas.unileon.es\/derecho\/base-de-datos-de-ciencias-juridicas-aranzadi-instituciones\/","title":{"rendered":"Base de datos de Ciencias Jur\u00eddicas \u201cAranzadi Instituciones\u201d"},"content":{"rendered":"<p><a href=\"https:\/\/catoute.unileon.es\/discovery\/fulldisplay?docid=alma991004332299705772&amp;context=L&amp;vid=34BUC_ULE:VU1&amp;lang=es&amp;search_scope=MyInst_and_CI&amp;adaptor=Local%20Search%20Engine&amp;tab=Everything&amp;query=any,contains,aranzadi%20instituciones&amp;offset=0\" target=\"_blank\" rel=\"noopener noreferrer\">Aranzadi Instituciones<\/a> es una Base de Datos de legislaci\u00f3n, jurisprudencia y bibliograf\u00eda jur\u00eddica perteneciente a Thomson Reuters.<\/p>\n<p><a href=\"https:\/\/catoute.unileon.es\/discovery\/fulldisplay?docid=alma991004332299705772&amp;context=L&amp;vid=34BUC_ULE:VU1&amp;lang=es&amp;search_scope=MyInst_and_CI&amp;adaptor=Local%20Search%20Engine&amp;tab=Everything&amp;query=any,contains,aranzadi%20instituciones&amp;offset=0\" target=\"_blank\" rel=\"attachment noopener wp-att-1833 noreferrer\"><img loading=\"lazy\" decoding=\"async\" class=\"alignleft wp-image-1833\" src=\"https:\/\/bibliotecas.unileon.es\/derecho\/files\/2020\/05\/aranzadi-instituciones-cabecera-6-mayo-2.png\" alt=\"\" width=\"386\" height=\"93\" \/><\/a><\/p>\n<ul>\n<li style=\"list-style-type: none;\">\n<ul>\n<li style=\"text-align: left;\">La forma de<a href=\"https:\/\/catoute.unileon.es\/discovery\/fulldisplay?docid=alma991004332299705772&amp;context=L&amp;vid=34BUC_ULE:VU1&amp;lang=es&amp;search_scope=MyInst_and_CI&amp;adaptor=Local%20Search%20Engine&amp;tab=Everything&amp;query=any,contains,aranzadi%20instituciones&amp;offset=0\" target=\"_blank\" rel=\"noopener noreferrer\"> acceso<\/a> desde fuera del Campus es con usuario y contrase\u00f1a del correo-e institucional.<\/li>\n<li>La consulta se hace en l\u00ednea desde cualquier ordenador de la red local del Campus<\/li>\n<\/ul>\n<\/li>\n<\/ul>\n<p>Dentro de la Base de Datos observar\u00e1s un men\u00fa desde el que puedes hacer consultas de:<\/p>\n<p><a href=\"https:\/\/catoute.unileon.es\/discovery\/fulldisplay?docid=alma991004332299705772&amp;context=L&amp;vid=34BUC_ULE:VU1&amp;lang=es&amp;search_scope=MyInst_and_CI&amp;adaptor=Local%20Search%20Engine&amp;tab=Everything&amp;query=any,contains,aranzadi%20instituciones&amp;offset=0\" target=\"_blank\" rel=\"attachment noopener wp-att-1831 noreferrer\"><img loading=\"lazy\" decoding=\"async\" class=\"alignleft wp-image-1831\" src=\"https:\/\/bibliotecas.unileon.es\/derecho\/files\/2020\/05\/arnazdi-instituciones-b\u00fasqueda-6-mayo.png\" alt=\"\" width=\"453\" height=\"124\" \/><\/a><\/p>\n<p style=\"padding-left: 40px;\"><span style=\"color: #ff6600;\">Legislaci\u00f3n: <span style=\"color: #000000;\">estatal, consolidada, auton\u00f3mica, europea, proyectos de ley estatales, convenios colectivos estatales y auton\u00f3micos y c\u00f3digos de legislaci\u00f3n b\u00e1sica.<\/span><\/span><\/p>\n<p style=\"padding-left: 40px;\"><span style=\"color: #ff6600;\">Jurisprudencia: <span style=\"color: #000000;\">del Tribunal Supremo, Tribunal Constitucional, Tribunales Superiores de Justicia y Audiencias Provinciales, Tribunal Europeo de Derechos Humanos&#8230;<\/span><\/span><\/p>\n<p style=\"padding-left: 40px;\"><span style=\"color: #ff6600;\">Doctrina administrativa: <span style=\"color: #000000;\">Direcci\u00f3n General del Registro y del Notariado, Direcci\u00f3n General de Tributos, Fiscal\u00eda,Tribunal de Cuentas, etc.<\/span><\/span><\/p>\n<p style=\"padding-left: 40px;\"><span style=\"color: #ff6600;\">Bibliograf\u00eda:<span style=\"color: #000000;\"> selecci\u00f3n de art\u00edculos doctrinales de Revistas y cap\u00edtulos de Libros m\u00e1s relevantes del fondo editorial (Aranzadi)<\/span><\/span><\/p>\n<p style=\"padding-left: 40px;\"><span style=\"color: #ff6600;\">Convenios colectivos<\/span><\/p>\n<p style=\"padding-left: 40px;\"><span style=\"color: #ff6600;\">Formularios, noticias, diccionario<\/span><\/p>\n<p>Importante la opci\u00f3n\u00a0\u00a0 <span style=\"color: #ff6600;\">\u00abSalir\u00bb<\/span> al acabar, para que no quede abierta la sesi\u00f3n, bloqueando la entrada de otra persona.<\/p>\n<p>Si necesitas m\u00e1s informaci\u00f3n, puedes consultar la <a href=\"https:\/\/bibliotecas.unileon.es\/derecho\/files\/2020\/04\/GUIA_USUARIO-Biblioteca-Virtual-Tirant-2.pdf\" class=\"mtli_attachment mtli_pdf\" target=\"_blank\" rel=\"noopener noreferrer\">Gu\u00eda de usuario<\/a><\/p>\n<p>&nbsp;<\/p>\n<p>&nbsp;<\/p>\n","protected":false},"excerpt":{"rendered":"<p>Aranzadi Instituciones es una Base de Datos de legislaci\u00f3n, jurisprudencia y bibliograf\u00eda jur\u00eddica perteneciente a Thomson Reuters. La forma de acceso desde fuera del Campus es con usuario y contrase\u00f1a del correo-e institucional. La consulta se hace en l\u00ednea desde &hellip; <a href=\"https:\/\/bibliotecas.unileon.es\/derecho\/base-de-datos-de-ciencias-juridicas-aranzadi-instituciones\/\">Sigue leyendo <span class=\"meta-nav\">&rarr;<\/span><\/a><\/p>\n","protected":false},"author":23,"featured_media":0,"parent":0,"menu_order":0,"comment_status":"closed","ping_status":"closed","template":"","meta":{"_bbp_topic_count":0,"_bbp_reply_count":0,"_bbp_total_topic_count":0,"_bbp_total_reply_count":0,"_bbp_voice_count":0,"_bbp_anonymous_reply_count":0,"_bbp_topic_count_hidden":0,"_bbp_reply_count_hidden":0,"_bbp_forum_subforum_count":0,"footnotes":""},"class_list":["post-1827","page","type-page","status-publish","hentry"],"_links":{"self":[{"href":"https:\/\/bibliotecas.unileon.es\/derecho\/wp-json\/wp\/v2\/pages\/1827","targetHints":{"allow":["GET"]}}],"collection":[{"href":"https:\/\/bibliotecas.unileon.es\/derecho\/wp-json\/wp\/v2\/pages"}],"about":[{"href":"https:\/\/bibliotecas.unileon.es\/derecho\/wp-json\/wp\/v2\/types\/page"}],"author":[{"embeddable":true,"href":"https:\/\/bibliotecas.unileon.es\/derecho\/wp-json\/wp\/v2\/users\/23"}],"replies":[{"embeddable":true,"href":"https:\/\/bibliotecas.unileon.es\/derecho\/wp-json\/wp\/v2\/comments?post=1827"}],"version-history":[{"count":1,"href":"https:\/\/bibliotecas.unileon.es\/derecho\/wp-json\/wp\/v2\/pages\/1827\/revisions"}],"predecessor-version":[{"id":1846,"href":"https:\/\/bibliotecas.unileon.es\/derecho\/wp-json\/wp\/v2\/pages\/1827\/revisions\/1846"}],"wp:attachment":[{"href":"https:\/\/bibliotecas.unileon.es\/derecho\/wp-json\/wp\/v2\/media?parent=1827"}],"curies":[{"name":"wp","href":"https:\/\/api.w.org\/{rel}","templated":true}]}}