{"id":1854,"date":"2020-05-08T19:41:57","date_gmt":"2020-05-08T17:41:57","guid":{"rendered":"https:\/\/bibliotecas.unileon.es\/derecho\/?page_id=1854"},"modified":"2020-05-08T19:41:57","modified_gmt":"2020-05-08T17:41:57","slug":"base-datos-ciencias-juridicas-laley-digital-360","status":"publish","type":"page","link":"https:\/\/bibliotecas.unileon.es\/derecho\/base-datos-ciencias-juridicas-laley-digital-360\/","title":{"rendered":"Base de datos de Ciencias Jur\u00eddicas \u201cLaley Digital 360\u201d"},"content":{"rendered":"<p><strong><a href=\"https:\/\/catoute.unileon.es\/discovery\/fulldisplay?docid=alma991006060069705772&amp;context=L&amp;vid=34BUC_ULE:VU1&amp;lang=es&amp;search_scope=MyInst_and_CI&amp;adaptor=Local%20Search%20Engine&amp;tab=Everything&amp;query=any,contains,laley%20digital&amp;offset=0\" target=\"_blank\" rel=\"noopener noreferrer\">\u00abLaley Digital 360\u00bb<\/a> es la Base de Datos jur\u00eddica del proveedor Wolters Kluwer. \u00a0 \u00a0 \u00a0 \u00a0 \u00a0 \u00a0 \u00a0 \u00a0 Cuenta con diversos buscadores para la consulta de jurisprudencia, doctrina del Tribunal Supremo, \u00f3rganos administrativos, legislaci\u00f3n, c\u00f3digos, convenios, doctrina y formularios.<\/strong><\/p>\n<p><a href=\"https:\/\/catoute.unileon.es\/discovery\/fulldisplay?docid=alma991006060069705772&amp;context=L&amp;vid=34BUC_ULE:VU1&amp;lang=es&amp;search_scope=MyInst_and_CI&amp;adaptor=Local%20Search%20Engine&amp;tab=Everything&amp;query=any,contains,laley%20digital&amp;offset=0\" target=\"_blank\" rel=\"noopener noreferrer\"><img loading=\"lazy\" decoding=\"async\" class=\"alignleft wp-image-1855\" src=\"https:\/\/bibliotecas.unileon.es\/derecho\/files\/2020\/05\/laleydigital360.png\" alt=\"\" width=\"435\" height=\"99\" \/><\/a><\/p>\n<ul style=\"list-style-type: circle;\">\n<li><strong>La forma de <a href=\"https:\/\/catoute.unileon.es\/discovery\/fulldisplay?docid=alma991006060069705772&amp;context=L&amp;vid=34BUC_ULE:VU1&amp;lang=es&amp;search_scope=MyInst_and_CI&amp;adaptor=Local%20Search%20Engine&amp;tab=Everything&amp;query=any,contains,laley%20digital&amp;offset=0\" target=\"_blank\" rel=\"noopener noreferrer\">acceso<\/a> es mediante contrase\u00f1a y est\u00e1 restringido a usuarios ULE. Las claves de acceso se solicitan en la Biblioteca de la Facultad de Derecho y Ciencias del Trabajo.<\/strong><\/li>\n<\/ul>\n<p><strong>La Base de Datos cuenta con siete grandes apartados relacionados entre s\u00ed y con una configuraci\u00f3n de b\u00fasqueda similar. <\/strong><\/p>\n<ul style=\"list-style-type: circle;\">\n<li><strong>Destaca el apartado <em>Doctrina,<\/em> contiene todos los art\u00edculos doctrinales publicados en la revista \u00a0<span style=\"color: #0000ff;\">\u201cDiario de LA LEY\u201d<\/span> desde 1985, a texto completo y multitud de referencias bibliogr\u00e1ficas de otras publicaciones jur\u00eddicas.<\/strong><\/li>\n<li><strong> La revista \u201cDiario LA LEY\u201d <em>diariamente <\/em>pone a disposici\u00f3n de sus lectores una muy cuidada informaci\u00f3n y selecci\u00f3n de contenidos.<\/strong><\/li>\n<li><strong>Adem\u00e1s, recoge a texto completo los arti\u0301culos doctrinales de muchas de las publicaciones de La Ley: \u201cActualidad administrativa\u201d, \u201cActualidad civil\u201d \u201cActualidad laboral\u201d, etc.<\/strong><\/li>\n<li><strong>A trav\u00e9s de la B\u00fasqueda Universal permite localizar toda la informaci\u00f3n contenida en las diferentes bases de datos sobre un concepto, con una \u00fanica b\u00fasqueda.<\/strong><\/li>\n<\/ul>\n<p><strong>Si necesitas m\u00e1s informaci\u00f3n, puedes consultar el\u00a0 <a href=\"https:\/\/www.youtube.com\/embed\/K9yZbAHBjs8?rel=0\" target=\"_blank\" rel=\"noopener noreferrer\"><span style=\"color: #3366ff;\">videotutorial<\/span><\/a>\u00a0 <\/strong><\/p>\n<p><strong><\/p>\n<p><\/strong><\/p>\n<p>&nbsp;<\/p>\n<p>&nbsp;<\/p>\n<p>&nbsp;<\/p>\n","protected":false},"excerpt":{"rendered":"<p>\u00abLaley Digital 360\u00bb es la Base de Datos jur\u00eddica del proveedor Wolters Kluwer. \u00a0 \u00a0 \u00a0 \u00a0 \u00a0 \u00a0 \u00a0 \u00a0 Cuenta con diversos buscadores para la consulta de jurisprudencia, doctrina del Tribunal Supremo, \u00f3rganos administrativos, legislaci\u00f3n, c\u00f3digos, convenios, doctrina &hellip; <a href=\"https:\/\/bibliotecas.unileon.es\/derecho\/base-datos-ciencias-juridicas-laley-digital-360\/\">Sigue leyendo <span class=\"meta-nav\">&rarr;<\/span><\/a><\/p>\n","protected":false},"author":23,"featured_media":0,"parent":0,"menu_order":0,"comment_status":"closed","ping_status":"closed","template":"","meta":{"_bbp_topic_count":0,"_bbp_reply_count":0,"_bbp_total_topic_count":0,"_bbp_total_reply_count":0,"_bbp_voice_count":0,"_bbp_anonymous_reply_count":0,"_bbp_topic_count_hidden":0,"_bbp_reply_count_hidden":0,"_bbp_forum_subforum_count":0,"footnotes":""},"class_list":["post-1854","page","type-page","status-publish","hentry"],"_links":{"self":[{"href":"https:\/\/bibliotecas.unileon.es\/derecho\/wp-json\/wp\/v2\/pages\/1854","targetHints":{"allow":["GET"]}}],"collection":[{"href":"https:\/\/bibliotecas.unileon.es\/derecho\/wp-json\/wp\/v2\/pages"}],"about":[{"href":"https:\/\/bibliotecas.unileon.es\/derecho\/wp-json\/wp\/v2\/types\/page"}],"author":[{"embeddable":true,"href":"https:\/\/bibliotecas.unileon.es\/derecho\/wp-json\/wp\/v2\/users\/23"}],"replies":[{"embeddable":true,"href":"https:\/\/bibliotecas.unileon.es\/derecho\/wp-json\/wp\/v2\/comments?post=1854"}],"version-history":[{"count":0,"href":"https:\/\/bibliotecas.unileon.es\/derecho\/wp-json\/wp\/v2\/pages\/1854\/revisions"}],"wp:attachment":[{"href":"https:\/\/bibliotecas.unileon.es\/derecho\/wp-json\/wp\/v2\/media?parent=1854"}],"curies":[{"name":"wp","href":"https:\/\/api.w.org\/{rel}","templated":true}]}}