{"id":1857,"date":"2020-05-10T18:37:10","date_gmt":"2020-05-10T16:37:10","guid":{"rendered":"https:\/\/bibliotecas.unileon.es\/derecho\/?page_id=1857"},"modified":"2020-05-27T14:52:15","modified_gmt":"2020-05-27T12:52:15","slug":"revistas-electronicas-de-ciencias-juridicas-iustel","status":"publish","type":"page","link":"https:\/\/bibliotecas.unileon.es\/derecho\/revistas-electronicas-de-ciencias-juridicas-iustel\/","title":{"rendered":"Revistas electr\u00f3nicas de Ciencias Jur\u00eddicas \u201cIustel\u201d"},"content":{"rendered":"<p><strong><a href=\"https:\/\/catoute.unileon.es\/permalink\/34BUC_ULE\/1ekdeev\/alma991003676499705772\" target=\"_blank\" rel=\"noopener noreferrer\">Iustel<\/a> es un servicio en l\u00ednea de Portal Derecho S. A. que permite acceder a revistas jur\u00eddicas a texto completo.<\/strong><\/p>\n<p><img loading=\"lazy\" decoding=\"async\" class=\"alignleft size-full wp-image-1860\" src=\"https:\/\/bibliotecas.unileon.es\/derecho\/files\/2020\/05\/iustel-3.gif\" alt=\"\" width=\"220\" height=\"80\" \/><\/p>\n<p>&nbsp;<\/p>\n<ul style=\"list-style-type: square;\">\n<li><strong>La forma de<a href=\"https:\/\/catoute.unileon.es\/permalink\/34BUC_ULE\/1ekdeev\/alma991003676499705772\" target=\"_blank\" rel=\"noopener noreferrer\"> acceso<\/a> desde fuera del Campus es con usuario y contrase\u00f1a del correo-e institucional.<\/strong><\/li>\n<li><strong>La consulta se hace en l\u00ednea desde cualquier ordenador de la red local del Campus.<\/strong><\/li>\n<\/ul>\n<p><strong>Las revistas electr\u00f3nicas con acceso al texto completo que tenemos <\/strong><strong>contratadas son:<img loading=\"lazy\" decoding=\"async\" class=\"alignleft wp-image-1904\" src=\"https:\/\/bibliotecas.unileon.es\/derecho\/files\/2020\/05\/iustel-revistas.png\" alt=\"\" width=\"533\" height=\"144\" \/><\/strong><\/p>\n<p><strong>Adem\u00e1s, de las Revistas Generales, est\u00e1n incluidos en la suscripci\u00f3n:<\/strong><\/p>\n<ul>\n<li><strong><span style=\"color: #334a09;\">Diario del Derecho:<\/span> publicaci\u00f3n diaria de iustel.com, en la que se le pondr\u00e1 al d\u00eda de todos los acontecimientos de relevancia jur\u00eddica que se hayan producido en el d\u00eda.<\/strong><\/li>\n<li><strong><span style=\"color: #26540c;\">Revista El Cronista del Estado Social y Democr\u00e1tico de Derecho<\/span>: constituye un observatorio permanente sobre el funcionamiento del Estado de Derecho.<\/strong><\/li>\n<\/ul>\n<p><strong>Si necesitas m\u00e1s informaci\u00f3n, puedes consultar la <a href=\"https:\/\/bibliotecas.unileon.es\/derecho\/files\/2020\/05\/Gu\u00eda-de-uso.-Iustel.pdf\" class=\"mtli_attachment mtli_pdf\" target=\"_blank\" rel=\"noopener noreferrer\">Gu\u00eda de uso<\/a><\/strong><\/p>\n<p><strong>\u00a0<\/strong><\/p>\n<p>&nbsp;<\/p>\n","protected":false},"excerpt":{"rendered":"<p>Iustel es un servicio en l\u00ednea de Portal Derecho S. A. que permite acceder a revistas jur\u00eddicas a texto completo. &nbsp; La forma de acceso desde fuera del Campus es con usuario y contrase\u00f1a del correo-e institucional. La consulta se &hellip; <a href=\"https:\/\/bibliotecas.unileon.es\/derecho\/revistas-electronicas-de-ciencias-juridicas-iustel\/\">Sigue leyendo <span class=\"meta-nav\">&rarr;<\/span><\/a><\/p>\n","protected":false},"author":23,"featured_media":0,"parent":0,"menu_order":0,"comment_status":"closed","ping_status":"closed","template":"","meta":{"_bbp_topic_count":0,"_bbp_reply_count":0,"_bbp_total_topic_count":0,"_bbp_total_reply_count":0,"_bbp_voice_count":0,"_bbp_anonymous_reply_count":0,"_bbp_topic_count_hidden":0,"_bbp_reply_count_hidden":0,"_bbp_forum_subforum_count":0,"footnotes":""},"class_list":["post-1857","page","type-page","status-publish","hentry"],"_links":{"self":[{"href":"https:\/\/bibliotecas.unileon.es\/derecho\/wp-json\/wp\/v2\/pages\/1857","targetHints":{"allow":["GET"]}}],"collection":[{"href":"https:\/\/bibliotecas.unileon.es\/derecho\/wp-json\/wp\/v2\/pages"}],"about":[{"href":"https:\/\/bibliotecas.unileon.es\/derecho\/wp-json\/wp\/v2\/types\/page"}],"author":[{"embeddable":true,"href":"https:\/\/bibliotecas.unileon.es\/derecho\/wp-json\/wp\/v2\/users\/23"}],"replies":[{"embeddable":true,"href":"https:\/\/bibliotecas.unileon.es\/derecho\/wp-json\/wp\/v2\/comments?post=1857"}],"version-history":[{"count":1,"href":"https:\/\/bibliotecas.unileon.es\/derecho\/wp-json\/wp\/v2\/pages\/1857\/revisions"}],"predecessor-version":[{"id":1905,"href":"https:\/\/bibliotecas.unileon.es\/derecho\/wp-json\/wp\/v2\/pages\/1857\/revisions\/1905"}],"wp:attachment":[{"href":"https:\/\/bibliotecas.unileon.es\/derecho\/wp-json\/wp\/v2\/media?parent=1857"}],"curies":[{"name":"wp","href":"https:\/\/api.w.org\/{rel}","templated":true}]}}