{"id":1868,"date":"2020-05-13T00:38:26","date_gmt":"2020-05-12T22:38:26","guid":{"rendered":"https:\/\/bibliotecas.unileon.es\/derecho\/?page_id=1868"},"modified":"2020-05-13T01:05:10","modified_gmt":"2020-05-12T23:05:10","slug":"revista-juridica-universidad-de-leon","status":"publish","type":"page","link":"https:\/\/bibliotecas.unileon.es\/derecho\/revista-juridica-universidad-de-leon\/","title":{"rendered":"Revista Jur\u00eddica de la Universidad de Le\u00f3n"},"content":{"rendered":"<p><strong>La<span style=\"color: #3366ff;\"> \u00ab<a style=\"color: #3366ff;\" href=\"http:\/\/revpubli.unileon.es\/index.php\/juridica\/index\" target=\"_blank\" rel=\"noopener noreferrer\"><em>Revista Jur\u00eddica de la Universidad de Le\u00f3n\u00bb<\/em><\/a><\/span> es una publicaci\u00f3n acad\u00e9mica de car\u00e1cter multidisciplinar, de periodicidad anual, de acceso abierto y revisada por pares.\u00a0<\/strong><\/p>\n<p><strong><a href=\"http:\/\/revpubli.unileon.es\/index.php\/juridica\/index\" target=\"_blank\" rel=\"noopener noreferrer\"><img loading=\"lazy\" decoding=\"async\" class=\"alignleft wp-image-1869\" src=\"https:\/\/bibliotecas.unileon.es\/derecho\/files\/2020\/05\/revista-juridica.jpg\" alt=\"\" width=\"301\" height=\"246\" \/><\/a><\/strong><\/p>\n<p>&nbsp;<\/p>\n<p><strong>La \u00ab<em>Revista Jur\u00eddica de la Universidad de Le\u00f3n\u00bb<\/em> nace en el a\u00f1o 2015 y es continuaci\u00f3n \u00a0de<a href=\"http:\/\/revpubli.unileon.es\/index.php\/juridica\/issue\/view\/142\" target=\"_blank\" rel=\"noopener noreferrer\"> \u00ab<em>Anales de la Facultad de Derecho\u00bb<\/em><\/a>. Retoma la labor de difusi\u00f3n de los resultados de la investigaci\u00f3n jur\u00eddica iniciada por un grupo de Profesores de la Facultad de Derecho en el a\u00f1o 1997.<\/strong><\/p>\n<p><strong>Acoge en sus p\u00e1ginas todo tipo de investigaci\u00f3n referente a cualquier \u00e1mbito de estudio relacionado con las diferentes ramas de conocimiento que forman las Ciencias jur\u00eddicas. <\/strong><\/p>\n<p><strong>Todos los art\u00edculos se encuentran disponibles a texto completo en: <\/strong><\/p>\n<ul style=\"list-style-type: square;\">\n<li><strong>El <a href=\"http:\/\/revpubli.unileon.es\/index.php\/juridica\/issue\/archive\" target=\"_blank\" rel=\"noopener noreferrer\">\u201cPortal ULE revistas\u201d.<\/a><\/strong><\/li>\n<li><strong>En<a href=\"https:\/\/buleria.unileon.es\/handle\/10612\/8428\" target=\"_blank\" rel=\"noopener noreferrer\"> BULERIA <\/a><\/strong><strong>(Biblioteca Universitaria de Le\u00f3n. Repositorio Institucional Abierto). <\/strong><\/li>\n<li><strong>En <a href=\"https:\/\/dialnet.unirioja.es\/servlet\/revista?codigo=24266\" target=\"_blank\" rel=\"noopener noreferrer\">Dialnet<\/a>.<\/strong><\/li>\n<\/ul>\n<p>&nbsp;<\/p>\n<p>&nbsp;<\/p>\n","protected":false},"excerpt":{"rendered":"<p>La \u00abRevista Jur\u00eddica de la Universidad de Le\u00f3n\u00bb es una publicaci\u00f3n acad\u00e9mica de car\u00e1cter multidisciplinar, de periodicidad anual, de acceso abierto y revisada por pares.\u00a0 &nbsp; La \u00abRevista Jur\u00eddica de la Universidad de Le\u00f3n\u00bb nace en el a\u00f1o 2015 y &hellip; <a href=\"https:\/\/bibliotecas.unileon.es\/derecho\/revista-juridica-universidad-de-leon\/\">Sigue leyendo <span class=\"meta-nav\">&rarr;<\/span><\/a><\/p>\n","protected":false},"author":23,"featured_media":0,"parent":0,"menu_order":0,"comment_status":"closed","ping_status":"closed","template":"","meta":{"_bbp_topic_count":0,"_bbp_reply_count":0,"_bbp_total_topic_count":0,"_bbp_total_reply_count":0,"_bbp_voice_count":0,"_bbp_anonymous_reply_count":0,"_bbp_topic_count_hidden":0,"_bbp_reply_count_hidden":0,"_bbp_forum_subforum_count":0,"footnotes":""},"class_list":["post-1868","page","type-page","status-publish","hentry"],"_links":{"self":[{"href":"https:\/\/bibliotecas.unileon.es\/derecho\/wp-json\/wp\/v2\/pages\/1868","targetHints":{"allow":["GET"]}}],"collection":[{"href":"https:\/\/bibliotecas.unileon.es\/derecho\/wp-json\/wp\/v2\/pages"}],"about":[{"href":"https:\/\/bibliotecas.unileon.es\/derecho\/wp-json\/wp\/v2\/types\/page"}],"author":[{"embeddable":true,"href":"https:\/\/bibliotecas.unileon.es\/derecho\/wp-json\/wp\/v2\/users\/23"}],"replies":[{"embeddable":true,"href":"https:\/\/bibliotecas.unileon.es\/derecho\/wp-json\/wp\/v2\/comments?post=1868"}],"version-history":[{"count":1,"href":"https:\/\/bibliotecas.unileon.es\/derecho\/wp-json\/wp\/v2\/pages\/1868\/revisions"}],"predecessor-version":[{"id":1871,"href":"https:\/\/bibliotecas.unileon.es\/derecho\/wp-json\/wp\/v2\/pages\/1868\/revisions\/1871"}],"wp:attachment":[{"href":"https:\/\/bibliotecas.unileon.es\/derecho\/wp-json\/wp\/v2\/media?parent=1868"}],"curies":[{"name":"wp","href":"https:\/\/api.w.org\/{rel}","templated":true}]}}