{"id":1872,"date":"2020-05-15T17:43:13","date_gmt":"2020-05-15T15:43:13","guid":{"rendered":"https:\/\/bibliotecas.unileon.es\/derecho\/?page_id=1872"},"modified":"2025-01-06T19:48:42","modified_gmt":"2025-01-06T17:48:42","slug":"smarteca-plataforma-multifuncional","status":"publish","type":"page","link":"https:\/\/bibliotecas.unileon.es\/derecho\/smarteca-plataforma-multifuncional\/","title":{"rendered":"\u00abLegalteca\u00bb: Plataforma multifuncional"},"content":{"rendered":"<p><a href=\"https:\/\/legalteca.aranzadilaley.es\/LinkToPublication?publication=SMT2015106&amp;type=previousissues\" target=\"_blank\" rel=\"noopener noreferrer\"><em><strong><span style=\"color: #00ccff;\">\u00abLegalteca\u00bb<\/span><\/strong><\/em><\/a> <strong>, antes Smarteca, es la plataforma virtual de Wolters Kluwer que ofrece el acceso a diferentes contenidos digitales suscritos por la Biblioteca.<\/strong><\/p>\n<p><a href=\"https:\/\/login-miespacio.aranzadilaley.es\/account\/login?ReturnUrl=%2Fconnect%2Fauthorize%3Fclient_id%3DLegalteca%26redirect_uri%3Dhttps%253A%252F%252Flegalteca.aranzadilaley.es%252Fsignin-oidc%26response_type%3Dcode%26scope%3Dopenid%2520profile%2520smarteca%2520offline_access%26code_challenge%3DQdUPMneMcaDw_ImA2H3b4BBVmwlqN3nTg1WO_7R5Dxw%26code_challenge_method%3DS256%26state%3DOpenIdConnect.AuthenticationProperties%253DwSQCF1HICqydRBB_Y-477mbM_wacLUJJsKj7dke6ROJPrUKG_79DwD6JroOIMiv4Q9tCFexOkGihb8099ztYOpX0ScJx0a_SK6XJQZkeNnc9IA3n8hOLafaeKXXXCxFRqCZqP3NjHXtZdahP8_lyqOfOgG7q6RA_bjF5TB6MZIXvUiV4XzFp8cbxnRuly-lFDqdlxbste6cq7PdjXWn3if4yurzw9Ca1nZ-ff7OVR13SxqwpXhkDLzCjenf_-Jm5XUwleoVQR9Et3bOeXqGZpkSmoA7ZYyDPdAK6jPsm4azoVwUpWWb8wjWJOiGJDMWdKZ26tE7kdjtuUTWhyB9Jb7snrGbaCxF5vLtZB2BEfNFajAfkGtpH2wagykgIf2qvHlft2sWFtDkxTMDk-KJlrjZ355z5ar_kad67yFGXMXWryLNqx3EQd82ekAr2znwV3xgx1ztjODnw0H2oYE8kEp4Qy0_VOBVGYOxF2z0gKxU%26nonce%3D638676163991004251.ZjZlZjQzZjctOWJlOS00Mzk3LThmNDgtZjNmMzdlMTY5NmQ3YTNkYjNkMDAtMWNiOS00MmNiLWJmNjAtNGY0YjBmOGQ0Mzhj%26x-client-SKU%3DID_NET472%26x-client-ver%3D8.0.2.0%26origin%3Dtwk_es%26displayPhone%3DTrue\"><strong><img loading=\"lazy\" decoding=\"async\" class=\"wp-image-1993 size-medium aligncenter\" src=\"https:\/\/bibliotecas.unileon.es\/derecho\/files\/2025\/01\/LEG-300x150.jpg\" alt=\"\" width=\"300\" height=\"150\" srcset=\"https:\/\/bibliotecas.unileon.es\/derecho\/files\/2025\/01\/LEG-300x150.jpg 300w, https:\/\/bibliotecas.unileon.es\/derecho\/files\/2025\/01\/LEG-1024x510.jpg 1024w, https:\/\/bibliotecas.unileon.es\/derecho\/files\/2025\/01\/LEG-768x383.jpg 768w, https:\/\/bibliotecas.unileon.es\/derecho\/files\/2025\/01\/LEG.jpg 1320w\" sizes=\"auto, (max-width: 300px) 100vw, 300px\" \/><\/strong><\/a><\/p>\n<p><strong>Es una biblioteca profesional en soporte electr\u00f3nico que permite personalizar las publicaciones agregando notas o dossier y trabajar sin conexi\u00f3n a internet sincronizando los cambios al volver la conexi\u00f3n. <\/strong><\/p>\n<p><strong>\u00a0Contiene revistas, monograf\u00edas, c\u00f3digos, libros anuales, manuales actualizables editados por la Ley, Bosch y Wolters Kluwer.<\/strong><\/p>\n<ul>\n<li><strong>\u00a0<\/strong><strong>El <a href=\"https:\/\/legalteca.aranzadilaley.es\/LinkToPublication?publication=SMT2015106&amp;type=previousissues\" target=\"_blank\" rel=\"noopener noreferrer\">acceso<\/a> est\u00e1 limitado a la comunidad universitaria y requiere de claves de acceso proporcionadas, por la Biblioteca de Derecho y Ciencias del Trabajo.<\/strong><\/li>\n<\/ul>\n<p><strong>Las revistas electr\u00f3nicas con acceso al texto completo que tenemos suscritas son las siguientes:<br \/>\n<\/strong><\/p>\n<p><strong><img loading=\"lazy\" decoding=\"async\" class=\"alignleft wp-image-1877\" src=\"https:\/\/bibliotecas.unileon.es\/derecho\/files\/2020\/05\/smarteca-revistas.-cuadr.png\" alt=\"\" width=\"561\" height=\"255\" \/><\/strong><\/p>\n<p><strong>Si necesitas m\u00e1s informaci\u00f3n, puedes consultar el siguiente <a href=\"https:\/\/www.youtube.com\/watch?v=36owv7CwtJM\" target=\"_blank\" rel=\"noopener noreferrer\">V\u00eddeo de ayuda<\/a><\/strong><\/p>\n<p>&nbsp;<\/p>\n","protected":false},"excerpt":{"rendered":"<p>\u00abLegalteca\u00bb , antes Smarteca, es la plataforma virtual de Wolters Kluwer que ofrece el acceso a diferentes contenidos digitales suscritos por la Biblioteca. Es una biblioteca profesional en soporte electr\u00f3nico que permite personalizar las publicaciones agregando notas o dossier y &hellip; <a href=\"https:\/\/bibliotecas.unileon.es\/derecho\/smarteca-plataforma-multifuncional\/\">Sigue leyendo <span class=\"meta-nav\">&rarr;<\/span><\/a><\/p>\n","protected":false},"author":23,"featured_media":0,"parent":0,"menu_order":0,"comment_status":"closed","ping_status":"closed","template":"","meta":{"_bbp_topic_count":0,"_bbp_reply_count":0,"_bbp_total_topic_count":0,"_bbp_total_reply_count":0,"_bbp_voice_count":0,"_bbp_anonymous_reply_count":0,"_bbp_topic_count_hidden":0,"_bbp_reply_count_hidden":0,"_bbp_forum_subforum_count":0,"footnotes":""},"class_list":["post-1872","page","type-page","status-publish","hentry"],"_links":{"self":[{"href":"https:\/\/bibliotecas.unileon.es\/derecho\/wp-json\/wp\/v2\/pages\/1872","targetHints":{"allow":["GET"]}}],"collection":[{"href":"https:\/\/bibliotecas.unileon.es\/derecho\/wp-json\/wp\/v2\/pages"}],"about":[{"href":"https:\/\/bibliotecas.unileon.es\/derecho\/wp-json\/wp\/v2\/types\/page"}],"author":[{"embeddable":true,"href":"https:\/\/bibliotecas.unileon.es\/derecho\/wp-json\/wp\/v2\/users\/23"}],"replies":[{"embeddable":true,"href":"https:\/\/bibliotecas.unileon.es\/derecho\/wp-json\/wp\/v2\/comments?post=1872"}],"version-history":[{"count":1,"href":"https:\/\/bibliotecas.unileon.es\/derecho\/wp-json\/wp\/v2\/pages\/1872\/revisions"}],"predecessor-version":[{"id":1987,"href":"https:\/\/bibliotecas.unileon.es\/derecho\/wp-json\/wp\/v2\/pages\/1872\/revisions\/1987"}],"wp:attachment":[{"href":"https:\/\/bibliotecas.unileon.es\/derecho\/wp-json\/wp\/v2\/media?parent=1872"}],"curies":[{"name":"wp","href":"https:\/\/api.w.org\/{rel}","templated":true}]}}