{"id":1879,"date":"2020-05-21T10:42:48","date_gmt":"2020-05-21T08:42:48","guid":{"rendered":"https:\/\/bibliotecas.unileon.es\/derecho\/?page_id=1879"},"modified":"2025-01-06T20:09:37","modified_gmt":"2025-01-06T18:09:37","slug":"proview-plataforma-multifuncional","status":"publish","type":"page","link":"https:\/\/bibliotecas.unileon.es\/derecho\/proview-plataforma-multifuncional\/","title":{"rendered":"\u201cProview\u201d: Plataforma multifuncional"},"content":{"rendered":"<p><strong><a href=\"https:\/\/catoute.unileon.es\/discovery\/collectionDiscovery?vid=34BUC_ULE:VU1&amp;inst=34BUC_ULE&amp;collectionId=81169996130005772\" target=\"_blank\" rel=\"noopener\">Proview<\/a> , Aranzadi Revistas, es la plataforma multifuncional de Thomson Reuters que proporciona acceso a un amplio fondo documental de publicaciones electr\u00f3nicas especializadas en el \u00e1mbito del\u00a0 Derecho.<\/strong><\/p>\n<p><a href=\"https:\/\/catoute.unileon.es\/permalink\/34BUC_ULE\/1ekdeev\/alma991008830170205772\"><img loading=\"lazy\" decoding=\"async\" class=\"aligncenter wp-image-1884\" src=\"https:\/\/bibliotecas.unileon.es\/derecho\/files\/2020\/05\/Proview-icon.png\" alt=\"\" width=\"170\" height=\"169\" \/><\/a><\/p>\n<ul style=\"list-style-type: square;\">\n<li style=\"text-align: left;\"><strong>\u00a0L<\/strong><strong>a forma de<\/strong><strong> acceso<\/strong><strong> desde fuera del Campus es con usuario y contrase\u00f1a del correo-e institucional.<\/strong><\/li>\n<li style=\"text-align: left;\"><strong>La consulta se hace en l\u00ednea desde cualquier ordenador de la red local del Campus.<\/strong><\/li>\n<\/ul>\n<p><strong>Proporciona<\/strong><strong> el acceso a libros electr\u00f3nicos \u00a0y revistas electr\u00f3nicas de las editoriales \u00a0Aranzadi, Civitas y Lex Nova. Asimismo, las revistas y libros electr\u00f3nicos est\u00e1n catalogados de manera individual, por lo que son recuperables directamente en el cat\u00e1logo por cualquier campo (<a href=\"https:\/\/catoute.unileon.es\/discovery\/search?query=any,contains,revista%20aranzadi&amp;tab=Everything&amp;search_scope=MyInst_and_CI&amp;vid=34BUC_ULE:VU1&amp;facet=rtype,include,journals&amp;facet=tlevel,include,online_resources&amp;lang=es&amp;offset=0\" target=\"_blank\" rel=\"noopener noreferrer\">t\u00edtulo<\/a>, <a href=\"https:\/\/catoute.unileon.es\/discovery\/fulldisplay?docid=alma991005968159705772&amp;context=L&amp;vid=34BUC_ULE:VU1&amp;lang=es&amp;search_scope=MyInst_and_CI&amp;adaptor=Local%20Search%20Engine&amp;tab=Everything&amp;query=any,contains,aranzadi%20t%C3%ADtulos%20electr%C3%B3nicos&amp;offset=0\" target=\"_blank\" rel=\"noopener noreferrer\">autor<\/a>, <a href=\"https:\/\/catoute.unileon.es\/discovery\/search?query=any,contains,aranzadi%20libros%20electr%C3%B3nicos&amp;tab=Everything&amp;search_scope=MyInst_and_CI&amp;vid=34BUC_ULE:VU1&amp;offset=0\" target=\"_blank\" rel=\"noopener noreferrer\">palabra clave<\/a>&#8230;). <\/strong><\/p>\n<p><strong>Para el acceso a los libros electr\u00f3nicos y a las revistas, es necesario hacer la b\u00fasqueda desde el <a href=\"https:\/\/catoute.unileon.es\/permalink\/34BUC_ULE\/1ekdeev\/alma991008830170205772\" target=\"_blank\" rel=\"noopener noreferrer\">cat\u00e1logo.<\/a><\/strong><\/p>\n<p><strong>Las revistas electr\u00f3nicas \u00a0que se pueden consultar en la actualidad son :<\/strong><img loading=\"lazy\" decoding=\"async\" class=\"alignleft wp-image-1881\" src=\"https:\/\/bibliotecas.unileon.es\/derecho\/files\/2020\/05\/proview-revistas.png\" alt=\"\" width=\"547\" height=\"369\" \/><\/p>\n<p><strong>Si necesitas m\u00e1s informaci\u00f3n puedes consultar el siguiente <a href=\"https:\/\/www.youtube.com\/watch?v=TUwB46uEa1k\">V\u00eddeo de ayuda<\/a> \u00a0 \u00a0 \u00a0 \u00a0 \u00a0\u00a0 \u00a0 \u00a0 \u00a0 \u00a0 \u00a0 \u00a0 \u00a0 \u00a0 \u00a0 \u00a0 \u00a0 \u00a0 \u00a0 \u00a0 \u00a0 \u00a0 \u00a0 \u00a0 \u00a0 \u00a0 \u00a0 \u00a0 \u00a0 \u00a0 \u00a0 \u00a0 \u00a0 \u00a0 \u00a0 \u00a0 \u00a0 \u00a0 \u00a0 \u00a0 \u00a0 \u00a0 \u00a0 \u00a0 \u00a0 \u00a0 \u00a0 \u00a0 \u00a0 \u00a0 \u00a0 \u00a0 \u00a0 \u00a0 \u00a0 \u00a0 \u00a0 \u00a0 \u00a0 \u00a0\u00a0\u00a0\u00a0 <\/strong><\/p>\n","protected":false},"excerpt":{"rendered":"<p>Proview , Aranzadi Revistas, es la plataforma multifuncional de Thomson Reuters que proporciona acceso a un amplio fondo documental de publicaciones electr\u00f3nicas especializadas en el \u00e1mbito del\u00a0 Derecho. \u00a0La forma de acceso desde fuera del Campus es con usuario y &hellip; <a href=\"https:\/\/bibliotecas.unileon.es\/derecho\/proview-plataforma-multifuncional\/\">Sigue leyendo <span class=\"meta-nav\">&rarr;<\/span><\/a><\/p>\n","protected":false},"author":23,"featured_media":0,"parent":0,"menu_order":0,"comment_status":"closed","ping_status":"closed","template":"","meta":{"_bbp_topic_count":0,"_bbp_reply_count":0,"_bbp_total_topic_count":0,"_bbp_total_reply_count":0,"_bbp_voice_count":0,"_bbp_anonymous_reply_count":0,"_bbp_topic_count_hidden":0,"_bbp_reply_count_hidden":0,"_bbp_forum_subforum_count":0,"footnotes":""},"class_list":["post-1879","page","type-page","status-publish","hentry"],"_links":{"self":[{"href":"https:\/\/bibliotecas.unileon.es\/derecho\/wp-json\/wp\/v2\/pages\/1879","targetHints":{"allow":["GET"]}}],"collection":[{"href":"https:\/\/bibliotecas.unileon.es\/derecho\/wp-json\/wp\/v2\/pages"}],"about":[{"href":"https:\/\/bibliotecas.unileon.es\/derecho\/wp-json\/wp\/v2\/types\/page"}],"author":[{"embeddable":true,"href":"https:\/\/bibliotecas.unileon.es\/derecho\/wp-json\/wp\/v2\/users\/23"}],"replies":[{"embeddable":true,"href":"https:\/\/bibliotecas.unileon.es\/derecho\/wp-json\/wp\/v2\/comments?post=1879"}],"version-history":[{"count":1,"href":"https:\/\/bibliotecas.unileon.es\/derecho\/wp-json\/wp\/v2\/pages\/1879\/revisions"}],"predecessor-version":[{"id":1958,"href":"https:\/\/bibliotecas.unileon.es\/derecho\/wp-json\/wp\/v2\/pages\/1879\/revisions\/1958"}],"wp:attachment":[{"href":"https:\/\/bibliotecas.unileon.es\/derecho\/wp-json\/wp\/v2\/media?parent=1879"}],"curies":[{"name":"wp","href":"https:\/\/api.w.org\/{rel}","templated":true}]}}