{"id":1906,"date":"2020-05-31T14:56:27","date_gmt":"2020-05-31T12:56:27","guid":{"rendered":"https:\/\/bibliotecas.unileon.es\/derecho\/?page_id=1906"},"modified":"2020-06-07T13:48:21","modified_gmt":"2020-06-07T11:48:21","slug":"revistas-en-acceso-abierto","status":"publish","type":"page","link":"https:\/\/bibliotecas.unileon.es\/derecho\/revistas-en-acceso-abierto\/","title":{"rendered":"Revistas en acceso abierto"},"content":{"rendered":"<p><span style=\"color: #ff6a00; font-size: 14pt;\"><strong><span style=\"color: #ff6a00;\"> DOAJ: Directorio de revistas cient\u00edficas y especializadas en acceso abierto<\/span> <\/strong><\/span><\/p>\n<p><strong><a href=\"https:\/\/doaj.org\/\" target=\"_blank\" rel=\"noopener noreferrer\"><span style=\"color: #ff6a00;\">DOAJ<\/span><\/a> es un directorio que contiene m\u00e1s de diez mil revistas en acceso abierto, cient\u00edficas y especializadas en cualquier \u00e1mbito del saber y en todos los idiomas.<\/strong><a href=\"https:\/\/doaj.org\/\" target=\"_blank\" rel=\"noopener noreferrer\"><img loading=\"lazy\" decoding=\"async\" class=\"alignleft wp-image-1908\" src=\"https:\/\/bibliotecas.unileon.es\/derecho\/files\/2020\/05\/doaj-2.jpg\" alt=\"\" width=\"238\" height=\"134\" \/><\/a><\/p>\n<p><strong>El objetivo es potenciar el acceso abierto a la informaci\u00f3n cient\u00edfica aumentando su visibilidad para fomentar su uso. En esta fuente de informaci\u00f3n adem\u00e1s de localizar t\u00edtulos de revista tambi\u00e9n tenemos la posibilidad de recuperar los <u>art\u00edculos a texto completo<\/u>.<\/strong><\/p>\n<p><strong>La inclusi\u00f3n de las revistas en el directorio est\u00e1 supeditada a cumplir una serie de requisitos de calidad. Asimismo, se realiza un seguimiento del cumplimiento de estos criterios lo que supone que alguna de las revistas cause baja en el directorio.<\/strong><\/p>\n<p><strong>Selecci\u00f3n de revistas en acceso abierto seg\u00fan las materias:<\/strong><\/p>\n<table style=\"width: 100%; height: 192px;\" width=\"478\">\n<tbody>\n<tr style=\"height: 48px;\">\n<td style=\"height: 192px;\" rowspan=\"6\" width=\"104\"><strong>\u00a0<\/strong><\/p>\n<p><span style=\"color: #ff6600;\"><strong><span style=\"color: #ff6600;\">MATERIAS<\/span> <\/strong><\/span><\/td>\n<td style=\"height: 48px;\" width=\"374\"><a href=\"https:\/\/doaj.org\/search?source=%7B%22query%22%3A%7B%22filtered%22%3A%7B%22filter%22%3A%7B%22bool%22%3A%7B%22must%22%3A%5B%7B%22term%22%3A%7B%22index.classification.exact%22%3A%22Law%20in%20general.%20Comparative%20and%20uniform%20law.%20Jurisprudence%22%7D%7D%2C%7B%22term%22%3A%7B%22_type%22%3A%22journal%22%7D%7D%5D%7D%7D%2C%22query%22%3A%7B%22match_all%22%3A%7B%7D%7D%7D%7D%7D\" target=\"_blank\" rel=\"noopener noreferrer\"><strong><span style=\"color: #ff6600;\">Law: Law in general. Comparative and uniform law. Jurisprudence<\/span><\/strong><\/a><\/td>\n<\/tr>\n<tr style=\"height: 24px;\">\n<td style=\"height: 24px;\" width=\"374\"><a href=\"https:\/\/doaj.org\/search?source=%7B%22query%22%3A%7B%22filtered%22%3A%7B%22filter%22%3A%7B%22bool%22%3A%7B%22must%22%3A%5B%7B%22term%22%3A%7B%22index.classification.exact%22%3A%22Law%20of%20Europe%22%7D%7D%2C%7B%22term%22%3A%7B%22_type%22%3A%22journal%22%7D%7D%5D%7D%7D%2C%22query%22%3A%7B%22match_all%22%3A%7B%7D%7D%7D%7D%7D\" target=\"_blank\" rel=\"noopener noreferrer\"><span style=\"color: #ff6600;\"><strong><span style=\"color: #ff6600;\">Law<\/span> <span style=\"color: #ff6600;\">in Europe<\/span><\/strong><\/span><\/a><\/td>\n<\/tr>\n<tr style=\"height: 24px;\">\n<td style=\"height: 24px;\" width=\"374\"><a href=\"https:\/\/doaj.org\/search?source=%7B%22query%22%3A%7B%22filtered%22%3A%7B%22filter%22%3A%7B%22bool%22%3A%7B%22must%22%3A%5B%7B%22term%22%3A%7B%22index.classification.exact%22%3A%22Law%20of%20nations%22%7D%7D%2C%7B%22term%22%3A%7B%22_type%22%3A%22journal%22%7D%7D%5D%7D%7D%2C%22query%22%3A%7B%22match_all%22%3A%7B%7D%7D%7D%7D%7D\" target=\"_blank\" rel=\"noopener noreferrer\"><strong><span style=\"color: #ff6600;\">Law<\/span> <span style=\"color: #ff6600;\">of nations<\/span><\/strong><\/a><\/td>\n<\/tr>\n<tr style=\"height: 24px;\">\n<td style=\"height: 24px;\" width=\"374\"><a href=\"https:\/\/doaj.org\/search?source=%7B%22query%22%3A%7B%22filtered%22%3A%7B%22filter%22%3A%7B%22bool%22%3A%7B%22must%22%3A%5B%7B%22term%22%3A%7B%22index.classification.exact%22%3A%22Sociology%20(General)%22%7D%7D%2C%7B%22term%22%3A%7B%22_type%22%3A%22journal%22%7D%7D%5D%7D%7D%2C%22query%22%3A%7B%22match_all%22%3A%7B%7D%7D%7D%7D%7D\" target=\"_blank\" rel=\"noopener noreferrer\"><strong><span style=\"color: #ff6600;\">Social Sciences: Sociology (General)<\/span><\/strong><\/a><\/td>\n<\/tr>\n<tr style=\"height: 48px;\">\n<td style=\"height: 48px;\" width=\"374\"><a href=\"https:\/\/doaj.org\/search?source=%7B%22query%22%3A%7B%22filtered%22%3A%7B%22filter%22%3A%7B%22bool%22%3A%7B%22must%22%3A%5B%7B%22term%22%3A%7B%22index.classification.exact%22%3A%22Social%20history%20and%20conditions.%20Social%20problems.%20Social%20reform%22%7D%7D%2C%7B%22term%22%3A%7B%22_type%22%3A%22journal%22%7D%7D%5D%7D%7D%2C%22query%22%3A%7B%22match_all%22%3A%7B%7D%7D%7D%7D%7D\" target=\"_blank\" rel=\"noopener noreferrer\"><strong><span style=\"color: #ff6600;\">Social Sciences: Social history and conditions. Social problems<\/span><\/strong><\/a><\/td>\n<\/tr>\n<tr style=\"height: 24px;\">\n<td style=\"height: 24px;\" width=\"374\"><a href=\"https:\/\/doaj.org\/search?source=%7B%22query%22%3A%7B%22filtered%22%3A%7B%22filter%22%3A%7B%22bool%22%3A%7B%22must%22%3A%5B%7B%22term%22%3A%7B%22index.classification.exact%22%3A%22International%20relations%22%7D%7D%2C%7B%22term%22%3A%7B%22_type%22%3A%22journal%22%7D%7D%5D%7D%7D%2C%22query%22%3A%7B%22match_all%22%3A%7B%7D%7D%7D%7D%7D\" target=\"_blank\" rel=\"noopener noreferrer\"><strong><span style=\"color: #ff6600;\">Political Science. International relations<\/span><\/strong><\/a><\/td>\n<\/tr>\n<\/tbody>\n<\/table>\n<h1><\/h1>\n<p>&nbsp;<\/p>\n<p>&nbsp;<\/p>\n<p><strong><span style=\"color: #800000; font-size: 14pt;\">\u00cdnDICEs-CSIC: sustituye a las bases de datos ISOC, ICYT e IME del CSIC\u00a0<\/span><br \/>\n<\/strong><\/p>\n<p><strong><a href=\"https:\/\/indices.csic.es\/\" target=\"_blank\" rel=\"noopener noreferrer\"><span style=\"color: #800000;\">\u00cdnDICEs-CSIC<\/span><\/a> es la nueva plataforma de consulta para acceder a los contenidos que antes se presentaban como Bases de datos Bibliogr\u00e1ficas del CSIC: ISOC, ICYT e IME <\/strong><\/p>\n<p><a href=\"https:\/\/indices.csic.es\/\" target=\"_blank\" rel=\"noopener noreferrer\"><img loading=\"lazy\" decoding=\"async\" class=\"alignleft wp-image-1911\" src=\"https:\/\/bibliotecas.unileon.es\/derecho\/files\/2020\/06\/\u00edndices-csic.png\" alt=\"\" width=\"187\" height=\"78\" \/><\/a><\/p>\n<p>&nbsp;<\/p>\n<p><strong>Informaci\u00f3n y Documentaci\u00f3n de la Ciencia en Espa\u00f1a (\u00cdnDICEs-CSIC) es un recurso bibliogr\u00e1fico multidisciplinar que sustituye, y es la continuaci\u00f3n a la vez, de las anteriores bases de datos de la misma instituci\u00f3n, ISOC, ICYT e<\/strong> <strong>IME<\/strong><strong>, que, durante muchos a\u00f1os fueron la principal fuente para buscar e identificar la producci\u00f3n cient\u00edfica publicada en revistas espa\u00f1olas.<\/strong><\/p>\n<p><strong>Es un recurso que recopila y difunde principalmente art\u00edculos de investigaci\u00f3n publicados en revistas cient\u00edficas espa\u00f1olas.<\/strong><\/p>\n<p><strong>Accediendo a la secci\u00f3n <span style=\"color: #800000;\">Revistas<\/span> y consultando el apartado <span style=\"color: #800000;\">Cobertura tem\u00e1tica<\/span> se obtiene un panorama general de la cobertura de revistas completamente actualizado. Al pulsar sobre un \u00e1rea tem\u00e1tica se obtiene el listado completo de las revistas incluidas.<\/strong> <strong>El listado puede organizarse en funci\u00f3n de la situaci\u00f3n de la revista, la pol\u00edtica de cobertura que se sigue, el tipo de soporte, el editor, etc.<\/strong><\/p>\n<p><img loading=\"lazy\" decoding=\"async\" class=\"alignleft  wp-image-1912\" src=\"https:\/\/bibliotecas.unileon.es\/derecho\/files\/2020\/06\/\u00edndices-csic.jpg\" alt=\"\" width=\"359\" height=\"216\" \/><\/p>\n<p><strong>\u00a0<\/strong><strong>Las revistas espa\u00f1olas incluidas, est\u00e1n englobados en las \u00e1reas tem\u00e1ticas generales de Ciencias Sociales, Ciencias Humanas, Ciencia y Tecnolog\u00eda, y Ciencias M\u00e9dicas.<\/strong><\/p>\n<p><strong>En el \u00e1rea \u00a0tem\u00e1tica de <span style=\"color: #800000;\">Ciencias Sociales<\/span> se incluye el acceso gratuito a revistas de: <span style=\"color: #800000;\">Ciencias Jur\u00eddicas, Ciencias Pol\u00edticas, Econom\u00eda, Sociolog\u00eda y Urbanismo.<\/span><\/strong><\/p>\n<p><img loading=\"lazy\" decoding=\"async\" class=\"alignleft  wp-image-1915\" src=\"https:\/\/bibliotecas.unileon.es\/derecho\/files\/2020\/06\/\u00cdndices-csic3-1.png\" alt=\"\" width=\"363\" height=\"187\" \/><\/p>\n<p><strong>La plataforma permite registrarse y crear una cuenta <\/strong><strong>para gestionar servicios personalizados: guardar documentos en una lista, guardar t\u00edtulos de revistas en una lista, guardar b\u00fasquedas, crear alertas, etc.<\/strong><\/p>\n<p><strong>El acceso al recurso tambi\u00e9n puede realizarse a trav\u00e9s del <a href=\"https:\/\/catoute.unileon.es\/discovery\/fulldisplay?docid=alma991004569129705772&amp;context=L&amp;vid=34BUC_ULE:VU1&amp;lang=es&amp;search_scope=MyInst_and_CI&amp;adaptor=Local%20Search%20Engine&amp;tab=Everything&amp;query=any,contains,%C3%ADndices%20csic&amp;offset=0\" target=\"_blank\" rel=\"noopener noreferrer\"><span style=\"color: #800000;\">cat\u00e1logo. <\/span><\/a><\/strong><\/p>\n<p><strong>Si necesitas m\u00e1s informaci\u00f3n puedes\u00a0consultar\u00a0el <span style=\"color: #800000;\"><a style=\"color: #800000;\" href=\"https:\/\/indices.csic.es\/faq\/es\" target=\"_blank\" rel=\"noopener noreferrer\">material de apoyo<\/a>.<\/span><\/strong><\/p>\n","protected":false},"excerpt":{"rendered":"<p>DOAJ: Directorio de revistas cient\u00edficas y especializadas en acceso abierto DOAJ es un directorio que contiene m\u00e1s de diez mil revistas en acceso abierto, cient\u00edficas y especializadas en cualquier \u00e1mbito del saber y en todos los idiomas. El objetivo es &hellip; <a href=\"https:\/\/bibliotecas.unileon.es\/derecho\/revistas-en-acceso-abierto\/\">Sigue leyendo <span class=\"meta-nav\">&rarr;<\/span><\/a><\/p>\n","protected":false},"author":23,"featured_media":0,"parent":0,"menu_order":0,"comment_status":"closed","ping_status":"closed","template":"","meta":{"_bbp_topic_count":0,"_bbp_reply_count":0,"_bbp_total_topic_count":0,"_bbp_total_reply_count":0,"_bbp_voice_count":0,"_bbp_anonymous_reply_count":0,"_bbp_topic_count_hidden":0,"_bbp_reply_count_hidden":0,"_bbp_forum_subforum_count":0,"footnotes":""},"class_list":["post-1906","page","type-page","status-publish","hentry"],"_links":{"self":[{"href":"https:\/\/bibliotecas.unileon.es\/derecho\/wp-json\/wp\/v2\/pages\/1906","targetHints":{"allow":["GET"]}}],"collection":[{"href":"https:\/\/bibliotecas.unileon.es\/derecho\/wp-json\/wp\/v2\/pages"}],"about":[{"href":"https:\/\/bibliotecas.unileon.es\/derecho\/wp-json\/wp\/v2\/types\/page"}],"author":[{"embeddable":true,"href":"https:\/\/bibliotecas.unileon.es\/derecho\/wp-json\/wp\/v2\/users\/23"}],"replies":[{"embeddable":true,"href":"https:\/\/bibliotecas.unileon.es\/derecho\/wp-json\/wp\/v2\/comments?post=1906"}],"version-history":[{"count":1,"href":"https:\/\/bibliotecas.unileon.es\/derecho\/wp-json\/wp\/v2\/pages\/1906\/revisions"}],"predecessor-version":[{"id":1910,"href":"https:\/\/bibliotecas.unileon.es\/derecho\/wp-json\/wp\/v2\/pages\/1906\/revisions\/1910"}],"wp:attachment":[{"href":"https:\/\/bibliotecas.unileon.es\/derecho\/wp-json\/wp\/v2\/media?parent=1906"}],"curies":[{"name":"wp","href":"https:\/\/api.w.org\/{rel}","templated":true}]}}