{"id":1927,"date":"2020-06-10T13:34:45","date_gmt":"2020-06-10T11:34:45","guid":{"rendered":"https:\/\/bibliotecas.unileon.es\/derecho\/?page_id=1927"},"modified":"2020-06-10T13:34:45","modified_gmt":"2020-06-10T11:34:45","slug":"normativa-tfg","status":"publish","type":"page","link":"https:\/\/bibliotecas.unileon.es\/derecho\/normativa-tfg\/","title":{"rendered":"Normativa TFG"},"content":{"rendered":"<p><span style=\"color: #000000;\"><strong>El Trabajo Fin de Grado (TFG) es una asignatura obligatoria incluida en todas las titulaciones y que se debe superar para poder obtener el T\u00edtulo de Grado.<\/strong> <\/span><\/p>\n<p><strong><span style=\"color: #000000;\">Consiste en un trabajo aut\u00f3nomo e individual que el estudiante, con ayuda de un tutor, deber\u00e1 realizar al final de su carrera y con el que deber\u00e1 demostrar que ha adquirido los conocimientos, competencias y aptitudes asociadas al T\u00edtulo de Grado.<\/span> <\/strong><\/p>\n<ul>\n<li style=\"text-align: left;\"><span style=\"color: #000000;\"><strong>Normativa TFG para el <a href=\"https:\/\/centros.unileon.es\/derecho\/trabajos-fin-de-grado\/\" target=\"_blank\" rel=\"noopener noreferrer\"><span style=\"color: #993366;\">Grado en Derecho.<\/span><\/a><\/strong><\/span><\/li>\n<\/ul>\n<p><img loading=\"lazy\" decoding=\"async\" class=\"alignright wp-image-1936\" src=\"https:\/\/bibliotecas.unileon.es\/derecho\/files\/2020\/06\/derecho-tfg4.png\" alt=\"\" width=\"263\" height=\"168\" \/><\/p>\n<p style=\"text-align: left;\"><strong>\u00a0\u00a0\u00a0\u00a0\u00a0\u00a0\u00a0\u00a0\u00a0\u00a0\u00a0\u00a0\u00a0\u00a0\u00a0\u00a0\u00a0\u00a0\u00a0\u00a0\u00a0\u00a0\u00a0\u00a0\u00a0\u00a0\u00a0\u00a0\u00a0\u00a0\u00a0\u00a0\u00a0\u00a0\u00a0\u00a0\u00a0\u00a0\u00a0\u00a0\u00a0\u00a0\u00a0\u00a0\u00a0\u00a0\u00a0\u00a0\u00a0\u00a0\u00a0 <\/strong><\/p>\n<ul style=\"list-style-type: square;\">\n<li><strong><span style=\"color: #000000;\">Normativa TFG para el <a href=\"https:\/\/centros.unileon.es\/cienciasdeltrabajo\/trabajo-fin-de-grado-de-relaciones-laborares-y-recursos-humanos\/\" target=\"_blank\" rel=\"noopener noreferrer\"><span style=\"color: #993366;\">Grado en Relaciones Laborales y Recursos Humanos.<\/span><\/a><\/span><br \/>\n<\/strong><\/li>\n<\/ul>\n<p><img loading=\"lazy\" decoding=\"async\" class=\"alignright wp-image-1935\" src=\"https:\/\/bibliotecas.unileon.es\/derecho\/files\/2020\/06\/Relaciones-tfg4.png\" alt=\"\" width=\"260\" height=\"170\" \/><\/p>\n","protected":false},"excerpt":{"rendered":"<p>El Trabajo Fin de Grado (TFG) es una asignatura obligatoria incluida en todas las titulaciones y que se debe superar para poder obtener el T\u00edtulo de Grado. Consiste en un trabajo aut\u00f3nomo e individual que el estudiante, con ayuda de &hellip; <a href=\"https:\/\/bibliotecas.unileon.es\/derecho\/normativa-tfg\/\">Sigue leyendo <span class=\"meta-nav\">&rarr;<\/span><\/a><\/p>\n","protected":false},"author":23,"featured_media":0,"parent":0,"menu_order":0,"comment_status":"closed","ping_status":"closed","template":"","meta":{"_bbp_topic_count":0,"_bbp_reply_count":0,"_bbp_total_topic_count":0,"_bbp_total_reply_count":0,"_bbp_voice_count":0,"_bbp_anonymous_reply_count":0,"_bbp_topic_count_hidden":0,"_bbp_reply_count_hidden":0,"_bbp_forum_subforum_count":0,"footnotes":""},"class_list":["post-1927","page","type-page","status-publish","hentry"],"_links":{"self":[{"href":"https:\/\/bibliotecas.unileon.es\/derecho\/wp-json\/wp\/v2\/pages\/1927","targetHints":{"allow":["GET"]}}],"collection":[{"href":"https:\/\/bibliotecas.unileon.es\/derecho\/wp-json\/wp\/v2\/pages"}],"about":[{"href":"https:\/\/bibliotecas.unileon.es\/derecho\/wp-json\/wp\/v2\/types\/page"}],"author":[{"embeddable":true,"href":"https:\/\/bibliotecas.unileon.es\/derecho\/wp-json\/wp\/v2\/users\/23"}],"replies":[{"embeddable":true,"href":"https:\/\/bibliotecas.unileon.es\/derecho\/wp-json\/wp\/v2\/comments?post=1927"}],"version-history":[{"count":0,"href":"https:\/\/bibliotecas.unileon.es\/derecho\/wp-json\/wp\/v2\/pages\/1927\/revisions"}],"wp:attachment":[{"href":"https:\/\/bibliotecas.unileon.es\/derecho\/wp-json\/wp\/v2\/media?parent=1927"}],"curies":[{"name":"wp","href":"https:\/\/api.w.org\/{rel}","templated":true}]}}