{"id":1943,"date":"2020-06-16T17:05:18","date_gmt":"2020-06-16T15:05:18","guid":{"rendered":"https:\/\/bibliotecas.unileon.es\/derecho\/?page_id=1943"},"modified":"2020-06-16T17:22:30","modified_gmt":"2020-06-16T15:22:30","slug":"dialnet-2","status":"publish","type":"page","link":"https:\/\/bibliotecas.unileon.es\/derecho\/dialnet-2\/","title":{"rendered":"Dialnet"},"content":{"rendered":"<p><strong><span style=\"color: #000000;\"><a href=\"https:\/\/dialnet.unirioja.es\/\" target=\"_blank\" rel=\"noopener noreferrer\"><span style=\"color: #993366;\">Dialnet<\/span><\/a> es un Portal Bibliogr\u00e1fico cuyo objetivo es proporcionar acceso y visibilidad a la literatura cient\u00edfica hispana. Fundamentalmente en los \u00e1mbitos de las Ciencias Humanas, Jur\u00eddicas y Sociales, potenciando el acceso libre a sus contenidos.<\/span><a href=\"https:\/\/dialnet.unirioja.es\/\" target=\"_blank\" rel=\"noopener noreferrer\"><img loading=\"lazy\" decoding=\"async\" class=\"alignright wp-image-1944 size-full\" src=\"https:\/\/bibliotecas.unileon.es\/derecho\/files\/2020\/06\/Dialnet-plus.jpg\" alt=\"\" width=\"300\" height=\"118\" \/><\/a><\/strong><\/p>\n<p>&nbsp;<\/p>\n<p><strong><span style=\"color: #000000;\">Los usuarios de la Universidad de Le\u00f3n tienen acceso a Dialnet Plus, la versi\u00f3n avanzada de <a href=\"https:\/\/dialnet.unirioja.es\/\" target=\"_blank\" rel=\"noopener noreferrer\"><span style=\"color: #993366;\">Dialnet<\/span><\/a>. Proporciona acceso a numerosos servicios avanzados y personalizados. Para ello es necesario registrarse con el correo electr\u00f3nico institucional.<\/span><\/strong><\/p>\n<p><span style=\"color: #000000;\"><strong>Integra distintos recursos y servicios documentales, entre otros una base de datos, una hemeroteca virtual, alertas bibliogr\u00e1ficas y un repositorio en acceso en abierto.<\/strong><\/span><\/p>\n<p><span style=\"color: #000000;\"><strong>Ofrece un directorio con m\u00e1s de diez mil revistas. Se puede buscar por materia o por el t\u00edtulo de la revista. Ofrece la posibilidad de consultar el texto completo de los art\u00edculos si estuvieran disponibles o \u00fanicamente la informaci\u00f3n referencial.<\/strong><\/span><\/p>\n<p><strong><span style=\"color: #000000;\">Podemos localizar\u00a0 publicaciones sobre la materia \u201cCiencias Jur\u00eddicas\u201d, que se divide en una serie de submaterias, como Derecho Procesal y Penal, Derecho Internacional , Derecho Constitucional, Derecho Administrativo\u2026.<\/span><img loading=\"lazy\" decoding=\"async\" class=\"alignright wp-image-1946\" src=\"https:\/\/bibliotecas.unileon.es\/derecho\/files\/2020\/06\/Dialnet-plus-2.png\" alt=\"\" width=\"374\" height=\"414\" \/><\/strong><\/p>\n<p><span style=\"color: #000000;\"><strong>En la<a href=\"https:\/\/dialnet.unirioja.es\/institucion\/unileon\" target=\"_blank\" rel=\"noopener noreferrer\"><span style=\"color: #ff1e00;\"><span style=\"color: #993366;\"> p\u00e1gina institucional de la Universidad de Le\u00f3n en Dialnet<\/span><\/span><span style=\"color: #ff1e00;\"><span style=\"color: #993366;\">,<\/span><\/span><\/a> se recogen los autores y fondos vinculados a la Universidad presentes en la base de datos.<\/strong><\/span><\/p>\n<p><strong>\u00a0<\/strong><\/p>\n<p><strong><span style=\"color: #000000;\">Puedes encontrar m\u00e1s informaci\u00f3n en la p\u00e1gina de la <\/span><span style=\"color: #993366;\"><a style=\"color: #993366;\" href=\"https:\/\/biblioteca.unileon.es\/servicios\/servicios-para-profesores\/servicio-dialnet\" target=\"_blank\" rel=\"noopener noreferrer\">Biblioteca Universitaria<\/a><\/span> <span style=\"color: #000000;\">y en el propio portal<\/span><span style=\"color: #993366;\"><a style=\"color: #993366;\" href=\"https:\/\/dialnet.unirioja.es\/info\/ayuda\/plus\" target=\"_blank\" rel=\"noopener noreferrer\"> Dialnet.<\/a><\/span><\/strong><\/p>\n","protected":false},"excerpt":{"rendered":"<p>Dialnet es un Portal Bibliogr\u00e1fico cuyo objetivo es proporcionar acceso y visibilidad a la literatura cient\u00edfica hispana. Fundamentalmente en los \u00e1mbitos de las Ciencias Humanas, Jur\u00eddicas y Sociales, potenciando el acceso libre a sus contenidos. &nbsp; Los usuarios de la &hellip; <a href=\"https:\/\/bibliotecas.unileon.es\/derecho\/dialnet-2\/\">Sigue leyendo <span class=\"meta-nav\">&rarr;<\/span><\/a><\/p>\n","protected":false},"author":23,"featured_media":0,"parent":0,"menu_order":0,"comment_status":"closed","ping_status":"closed","template":"","meta":{"_bbp_topic_count":0,"_bbp_reply_count":0,"_bbp_total_topic_count":0,"_bbp_total_reply_count":0,"_bbp_voice_count":0,"_bbp_anonymous_reply_count":0,"_bbp_topic_count_hidden":0,"_bbp_reply_count_hidden":0,"_bbp_forum_subforum_count":0,"footnotes":""},"class_list":["post-1943","page","type-page","status-publish","hentry"],"_links":{"self":[{"href":"https:\/\/bibliotecas.unileon.es\/derecho\/wp-json\/wp\/v2\/pages\/1943","targetHints":{"allow":["GET"]}}],"collection":[{"href":"https:\/\/bibliotecas.unileon.es\/derecho\/wp-json\/wp\/v2\/pages"}],"about":[{"href":"https:\/\/bibliotecas.unileon.es\/derecho\/wp-json\/wp\/v2\/types\/page"}],"author":[{"embeddable":true,"href":"https:\/\/bibliotecas.unileon.es\/derecho\/wp-json\/wp\/v2\/users\/23"}],"replies":[{"embeddable":true,"href":"https:\/\/bibliotecas.unileon.es\/derecho\/wp-json\/wp\/v2\/comments?post=1943"}],"version-history":[{"count":0,"href":"https:\/\/bibliotecas.unileon.es\/derecho\/wp-json\/wp\/v2\/pages\/1943\/revisions"}],"wp:attachment":[{"href":"https:\/\/bibliotecas.unileon.es\/derecho\/wp-json\/wp\/v2\/media?parent=1943"}],"curies":[{"name":"wp","href":"https:\/\/api.w.org\/{rel}","templated":true}]}}