{"id":1950,"date":"2020-07-09T14:02:04","date_gmt":"2020-07-09T12:02:04","guid":{"rendered":"https:\/\/bibliotecas.unileon.es\/derecho\/?page_id=1950"},"modified":"2020-07-09T14:11:53","modified_gmt":"2020-07-09T12:11:53","slug":"grial-plataforma-prestamo-libros-electronicos-ule","status":"publish","type":"page","link":"https:\/\/bibliotecas.unileon.es\/derecho\/grial-plataforma-prestamo-libros-electronicos-ule\/","title":{"rendered":"GRIAL: Plataforma de Pr\u00e9stamo de Libros Electr\u00f3nicos ULE"},"content":{"rendered":"<p><strong><a href=\"http:\/\/grial.unileon.es\/\" target=\"_blank\" rel=\"noopener noreferrer\"><span style=\"color: #993366;\">\u00abGRIAL\u00bb<\/span><\/a><\/strong> <strong>es la Plataforma de Pr\u00e9stamo de Libros Electr\u00f3nicos para todos los usuarios de la Universidad de Le\u00f3n.<\/strong><\/p>\n<p><strong><a href=\"http:\/\/grial.unileon.es\/\" target=\"_blank\" rel=\"noopener noreferrer\"><img loading=\"lazy\" decoding=\"async\" class=\"alignright wp-image-1952\" src=\"https:\/\/bibliotecas.unileon.es\/derecho\/files\/2020\/07\/GRIAL.jpg\" alt=\"\" width=\"115\" height=\"126\" \/><\/a><\/strong><\/p>\n<p><strong><a href=\"http:\/\/grial.unileon.es\/\" target=\"_blank\" rel=\"noopener noreferrer\"><span style=\"color: #993366;\">\u00abGRIAL\u00bb<\/span><\/a> (Gesti\u00f3n de Recursos de Informaci\u00f3n de Acceso en L\u00ednea) d\u00e1 acceso al pr\u00e9stamo de los libros electr\u00f3nicos de diferentes editoriales espa\u00f1olas: Tecnos, Pir\u00e1mide, Anaya S\u00edntesis, Alianza y varias editoriales universitarias. Han sido adquiridos por la Biblioteca Universitaria de Le\u00f3n. <\/strong><\/p>\n<p><strong>\u00a0<\/strong><strong>La forma de<span style=\"color: #993366;\"><a style=\"color: #993366;\" href=\"http:\/\/grial.unileon.es\/\" target=\"_blank\" rel=\"noopener noreferrer\"> acceso<\/a> <\/span>es con usuario y contrase\u00f1a del correo-e institucional<\/strong><strong>.<img loading=\"lazy\" decoding=\"async\" class=\"alignright wp-image-1951\" src=\"https:\/\/bibliotecas.unileon.es\/derecho\/files\/2020\/07\/GRIAL.1.jpg\" alt=\"\" width=\"469\" height=\"264\" \/><\/strong><\/p>\n<p>&nbsp;<\/p>\n<p><strong><em><span style=\"color: #993366;\">Libros electr\u00f3nicos de Ciencias Jur\u00eddicas en la Plataforma de Pr\u00e9stamo \u201cGRIAL\u201d<\/span><\/em><\/strong><\/p>\n<p>&nbsp;<\/p>\n<table width=\"478\">\n<tbody>\n<tr>\n<td rowspan=\"4\" width=\"104\"><strong>\u00a0<\/strong><\/p>\n<p><strong>LIBROS DE <\/strong><\/td>\n<td width=\"374\">\u00a0<a href=\"http:\/\/grial.unileon.es\/Search\/Results?join=AND&amp;bool0%5B%5D=AND&amp;lookfor0%5B%5D=derecho&amp;type0%5B%5D=AllFields&amp;lookfor0%5B%5D=administrativo&amp;type0%5B%5D=AllFields&amp;lookfor0%5B%5D=&amp;type0%5B%5D=AllFields&amp;submit=Buscar\" target=\"_blank\" rel=\"noopener noreferrer\"><span style=\"color: #993366;\">Derecho administrativo<\/span><\/a><span style=\"color: #993366;\">, <a style=\"color: #993366;\" href=\"http:\/\/grial.unileon.es\/Search\/Results?join=AND&amp;bool0%5B%5D=AND&amp;lookfor0%5B%5D=derecho&amp;type0%5B%5D=AllFields&amp;lookfor0%5B%5D=civil&amp;type0%5B%5D=AllFields&amp;lookfor0%5B%5D=&amp;type0%5B%5D=AllFields&amp;submit=Buscar\" target=\"_blank\" rel=\"noopener noreferrer\">Derecho civil<\/a><\/span><\/td>\n<\/tr>\n<tr>\n<td width=\"374\"><a href=\"http:\/\/grial.unileon.es\/Search\/Results?join=AND&amp;bool0%5B%5D=AND&amp;lookfor0%5B%5D=derecho&amp;type0%5B%5D=AllFields&amp;lookfor0%5B%5D=constitucional&amp;type0%5B%5D=AllFields&amp;lookfor0%5B%5D=&amp;type0%5B%5D=AllFields&amp;submit=Buscar\" target=\"_blank\" rel=\"noopener noreferrer\"><span style=\"color: #993366;\">Derecho constitucional,<\/span><\/a><span style=\"color: #993366;\"> <a style=\"color: #993366;\" href=\"http:\/\/grial.unileon.es\/Search\/Results?join=AND&amp;bool0%5B%5D=AND&amp;lookfor0%5B%5D=derecho&amp;type0%5B%5D=AllFields&amp;lookfor0%5B%5D=trabajo&amp;type0%5B%5D=AllFields&amp;lookfor0%5B%5D=&amp;type0%5B%5D=AllFields&amp;submit=Buscar\" target=\"_blank\" rel=\"noopener noreferrer\">Derecho del trabajo<\/a>, <a style=\"color: #993366;\" href=\"http:\/\/grial.unileon.es\/Search\/Results?lookfor=RELACIONES+LABORALES&amp;type=AllFields\" target=\"_blank\" rel=\"noopener noreferrer\">Relaciones Laborales<\/a><\/span><\/td>\n<\/tr>\n<tr>\n<td width=\"374\"><span style=\"color: #993366;\"><a style=\"color: #993366;\" href=\"http:\/\/grial.unileon.es\/Search\/Results?join=AND&amp;bool0%5B%5D=AND&amp;lookfor0%5B%5D=derecho&amp;type0%5B%5D=AllFields&amp;lookfor0%5B%5D=internacional&amp;type0%5B%5D=AllFields&amp;lookfor0%5B%5D=&amp;type0%5B%5D=AllFields&amp;submit=Buscar\" target=\"_blank\" rel=\"noopener noreferrer\">Derecho internacional<\/a>, <a style=\"color: #993366;\" href=\"http:\/\/grial.unileon.es\/Search\/Results?join=AND&amp;bool0%5B%5D=AND&amp;lookfor0%5B%5D=derecho&amp;type0%5B%5D=AllFields&amp;lookfor0%5B%5D=mercantil&amp;type0%5B%5D=AllFields&amp;lookfor0%5B%5D=&amp;type0%5B%5D=AllFields&amp;submit=Buscar\" target=\"_blank\" rel=\"noopener noreferrer\">Derecho mercantil,<\/a><\/span><\/td>\n<\/tr>\n<tr>\n<td width=\"374\"><a href=\"http:\/\/grial.unileon.es\/Search\/Results?join=AND&amp;bool0%5B%5D=AND&amp;lookfor0%5B%5D=derecho&amp;type0%5B%5D=AllFields&amp;lookfor0%5B%5D=penal&amp;type0%5B%5D=AllFields&amp;lookfor0%5B%5D=&amp;type0%5B%5D=AllFields&amp;submit=Buscar\" target=\"_blank\" rel=\"noopener noreferrer\"><span style=\"color: #993366;\">Derecho penal<\/span><\/a><span style=\"color: #993366;\">, <a style=\"color: #993366;\" href=\"http:\/\/grial.unileon.es\/Search\/Results?join=AND&amp;bool0%5B%5D=AND&amp;lookfor0%5B%5D=derecho&amp;type0%5B%5D=AllFields&amp;lookfor0%5B%5D=procesal&amp;type0%5B%5D=AllFields&amp;lookfor0%5B%5D=&amp;type0%5B%5D=AllFields&amp;submit=Buscar\" target=\"_blank\" rel=\"noopener noreferrer\">Derecho procesal<\/a>, <a style=\"color: #993366;\" href=\"http:\/\/grial.unileon.es\/Search\/Results?join=AND&amp;bool0%5B%5D=AND&amp;lookfor0%5B%5D=derecho&amp;type0%5B%5D=AllFields&amp;lookfor0%5B%5D=tributario&amp;type0%5B%5D=AllFields&amp;lookfor0%5B%5D=&amp;type0%5B%5D=AllFields&amp;submit=Buscar\" target=\"_blank\" rel=\"noopener noreferrer\">Derecho tributario<\/a><\/span><\/td>\n<\/tr>\n<\/tbody>\n<\/table>\n<p>&nbsp;<\/p>\n<p><strong><span style=\"color: #993366;\"><em><span style=\"color: #993366;\">Pr\u00e9stamo<\/span><\/em><\/span><span style=\"color: #993366;\"><em><span style=\"color: #993366;\"> y reserva<\/span><\/em><\/span><\/strong><\/p>\n<p><strong>Se puede tener un m\u00e1ximo de tres obras en pr\u00e9stamo, durante un per\u00edodo de 15 d\u00edas. No es necesario devolver el libro, el acceso desaparece al finalizar ese periodo de pr\u00e9stamo.\u00a0\u00a0\u00a0\u00a0\u00a0\u00a0\u00a0\u00a0\u00a0\u00a0\u00a0\u00a0\u00a0\u00a0\u00a0\u00a0\u00a0\u00a0\u00a0\u00a0\u00a0\u00a0\u00a0\u00a0\u00a0\u00a0\u00a0\u00a0\u00a0\u00a0\u00a0\u00a0\u00a0\u00a0\u00a0\u00a0\u00a0\u00a0\u00a0\u00a0\u00a0\u00a0\u00a0\u00a0\u00a0\u00a0\u00a0\u00a0\u00a0\u00a0\u00a0\u00a0\u00a0\u00a0\u00a0\u00a0\u00a0\u00a0\u00a0\u00a0\u00a0\u00a0\u00a0\u00a0\u00a0\u00a0\u00a0\u00a0\u00a0\u00a0\u00a0\u00a0\u00a0\u00a0\u00a0\u00a0\u00a0\u00a0\u00a0\u00a0\u00a0\u00a0\u00a0\u00a0\u00a0\u00a0\u00a0\u00a0\u00a0\u00a0\u00a0\u00a0\u00a0\u00a0\u00a0\u00a0\u00a0\u00a0\u00a0\u00a0\u00a0\u00a0 <\/strong><strong>\u00a0\u00a0\u00a0\u00a0\u00a0\u00a0\u00a0\u00a0\u00a0\u00a0 \u00a0 \u00a0 \u00a0 \u00a0 \u00a0 \u00a0 \u00a0 \u00a0 \u00a0 Si el libro deseado est\u00e1 prestado a otro usuario, se puede realizar una reserva. El sistema env\u00eda un correo-e cuando el libro est\u00e9 disponible. \u00a0 \u00a0 \u00a0 \u00a0 \u00a0 \u00a0 \u00a0 \u00a0 \u00a0\u00a0 \u00a0 \u00a0 \u00a0 \u00a0 \u00a0 \u00a0 \u00a0 \u00a0 \u00a0 \u00a0 \u00a0 \u00a0 \u00a0 \u00a0 \u00a0 \u00a0 \u00a0 \u00a0 \u00a0 \u00a0 \u00a0\u00a0\u00a0 \u00a0 \u00a0 \u00a0\u00a0 El n\u00famero m\u00e1ximo de reservas es dos.<br \/>\n<\/strong><\/p>\n<p><strong>\u00a0<\/strong><span style=\"color: #993366;\"><strong><em><span style=\"color: #993366;\">Acceso al contenido del libro<\/span><\/em><\/strong><\/span><\/p>\n<p><strong>\u00a0<\/strong><strong>Una vez realizado el pr\u00e9stamo, tenemos dos opciones de acceso al contenido del libro:<\/strong><strong>\u00a0<\/strong><\/p>\n<ul>\n<li><strong>Leer el libro, se abre el texto del mismo en una nueva pesta\u00f1a del navegador. Tenemos que estar conectados a Internet.<\/strong><strong><br \/>\n<\/strong><\/li>\n<\/ul>\n<ul>\n<li><strong>Descargar el libro, podemos descargarlo y estar\u00e1 disponible en nuestro dispositivo durante el periodo de pr\u00e9stamo. No tenemos que estar conectados a Internet.<\/strong><\/li>\n<\/ul>\n<p><span style=\"color: #993366;\"><strong>\u00a0<\/strong><\/span><strong><em><span style=\"color: #993366;\">C\u00f3mo descargo los libros<\/span><\/em><\/strong><span style=\"color: #993366;\"><strong>\u00a0<\/strong><\/span><\/p>\n<p><strong>Se pueden descargar los libros en el ordenador, tel\u00e9fonos m\u00f3viles, tablets, etc. <\/strong><strong>Son necesarios dos requisitos: <\/strong><\/p>\n<ul>\n<li><strong>Crearse un<a href=\"https:\/\/biblioteca.unileon.es\/elibros\/adobe_id.pdf\" class=\"mtli_attachment mtli_pdf\" target=\"_blank\" rel=\"noopener noreferrer\"> \u201cID de Adobe\u201d<\/a>.<\/strong><\/li>\n<li><strong>Instalar un programa de lectura.<\/strong>\n<ul>\n<li><strong>Para ordenador:<span style=\"color: #993366;\"><a style=\"color: #993366;\" href=\"https:\/\/biblioteca.unileon.es\/elibros\/adobe_in.pdf\" class=\"mtli_attachment mtli_pdf\" target=\"_blank\" rel=\"noopener noreferrer\"> \u201cAdobe Digital Editions\u201d<\/a>.<\/span><\/strong><\/li>\n<li><strong>Para dispositivos m\u00f3viles: <span style=\"color: #993366;\"><a style=\"color: #993366;\" href=\"https:\/\/biblioteca.unileon.es\/elibros\/bluefire.pdf\" class=\"mtli_attachment mtli_pdf\" target=\"_blank\" rel=\"noopener noreferrer\">\u201cBluefire Reader\u201d<\/a><\/span>, disponible gratuitamente en el AppStore y en el Google Play. <\/strong><\/li>\n<\/ul>\n<\/li>\n<\/ul>\n<p><strong>Si necesitas m\u00e1s informaci\u00f3n, puedes consultar el<span style=\"color: #993366;\"><a style=\"color: #993366;\" href=\"https:\/\/bibliotecas.unileon.es\/derecho\/files\/2020\/07\/c\u00f3mo-prestar-y-leer-grial.pdf\" class=\"mtli_attachment mtli_pdf\" target=\"_blank\" rel=\"noopener noreferrer\">folleto explicativo<\/a><\/span> de pr\u00e9stamo de libros electr\u00f3nicos en GRIAL.<\/strong><\/p>\n<p><em><span style=\"color: #993366;\"><strong><span style=\"color: #993366;\">\u00a0<\/span><\/strong><\/span><\/em><\/p>\n<p>&nbsp;<\/p>\n","protected":false},"excerpt":{"rendered":"<p>\u00abGRIAL\u00bb es la Plataforma de Pr\u00e9stamo de Libros Electr\u00f3nicos para todos los usuarios de la Universidad de Le\u00f3n. \u00abGRIAL\u00bb (Gesti\u00f3n de Recursos de Informaci\u00f3n de Acceso en L\u00ednea) d\u00e1 acceso al pr\u00e9stamo de los libros electr\u00f3nicos de diferentes editoriales espa\u00f1olas: &hellip; <a href=\"https:\/\/bibliotecas.unileon.es\/derecho\/grial-plataforma-prestamo-libros-electronicos-ule\/\">Sigue leyendo <span class=\"meta-nav\">&rarr;<\/span><\/a><\/p>\n","protected":false},"author":23,"featured_media":0,"parent":0,"menu_order":0,"comment_status":"closed","ping_status":"closed","template":"","meta":{"_bbp_topic_count":0,"_bbp_reply_count":0,"_bbp_total_topic_count":0,"_bbp_total_reply_count":0,"_bbp_voice_count":0,"_bbp_anonymous_reply_count":0,"_bbp_topic_count_hidden":0,"_bbp_reply_count_hidden":0,"_bbp_forum_subforum_count":0,"footnotes":""},"class_list":["post-1950","page","type-page","status-publish","hentry"],"_links":{"self":[{"href":"https:\/\/bibliotecas.unileon.es\/derecho\/wp-json\/wp\/v2\/pages\/1950","targetHints":{"allow":["GET"]}}],"collection":[{"href":"https:\/\/bibliotecas.unileon.es\/derecho\/wp-json\/wp\/v2\/pages"}],"about":[{"href":"https:\/\/bibliotecas.unileon.es\/derecho\/wp-json\/wp\/v2\/types\/page"}],"author":[{"embeddable":true,"href":"https:\/\/bibliotecas.unileon.es\/derecho\/wp-json\/wp\/v2\/users\/23"}],"replies":[{"embeddable":true,"href":"https:\/\/bibliotecas.unileon.es\/derecho\/wp-json\/wp\/v2\/comments?post=1950"}],"version-history":[{"count":1,"href":"https:\/\/bibliotecas.unileon.es\/derecho\/wp-json\/wp\/v2\/pages\/1950\/revisions"}],"predecessor-version":[{"id":1956,"href":"https:\/\/bibliotecas.unileon.es\/derecho\/wp-json\/wp\/v2\/pages\/1950\/revisions\/1956"}],"wp:attachment":[{"href":"https:\/\/bibliotecas.unileon.es\/derecho\/wp-json\/wp\/v2\/media?parent=1950"}],"curies":[{"name":"wp","href":"https:\/\/api.w.org\/{rel}","templated":true}]}}