{"id":1966,"date":"2021-02-14T22:45:54","date_gmt":"2021-02-14T20:45:54","guid":{"rendered":"https:\/\/bibliotecas.unileon.es\/derecho\/?page_id=1966"},"modified":"2021-02-14T23:01:29","modified_gmt":"2021-02-14T21:01:29","slug":"revistas-electronicas-ciencias-juridicas-centro-de-estudios-politicos-y-constitucionales","status":"publish","type":"page","link":"https:\/\/bibliotecas.unileon.es\/derecho\/revistas-electronicas-ciencias-juridicas-centro-de-estudios-politicos-y-constitucionales\/","title":{"rendered":"Revistas electr\u00f3nicas de Ciencias Jur\u00eddicas \u201cCentro de Estudios Pol\u00edticos y Constitucionales\u201d"},"content":{"rendered":"<p><b><span style=\"color: #ff6600;\"><a style=\"color: #ff6600; text-decoration: underline;\" href=\"http:\/\/www.cepc.gob.es\/publicaciones\/revistas\/revistaselectronicas\" target=\"_blank\" rel=\"noopener\">El Centro de Estudios Pol\u00edticos y Constitucionales<\/a> <\/span><span style=\"color: #000000;\">(CEPC) es un Organismo dependiente del Ministerio de la Presidencia, cuya misi\u00f3n consiste en fomentar el an\u00e1lisis de la realidad jur\u00eddica y sociopol\u00edtica nacional e internacional.<\/span><\/b><\/p>\n<p><a href=\"http:\/\/www.cepc.gob.es\/publicaciones\/revistas\/revistaselectronicas\" target=\"_blank\" rel=\"noopener\"><img loading=\"lazy\" decoding=\"async\" class=\"wp-image-1967 aligncenter\" src=\"https:\/\/bibliotecas.unileon.es\/derecho\/files\/2021\/02\/centro-de-estudios.jpg\" alt=\"\" width=\"282\" height=\"54\" \/><\/a><\/p>\n<p><b><span style=\"color: #000000;\">Desde 2021 todas las revistas del Centro de Estudios Pol\u00edticos y Constitucionales ser\u00e1n de <span style=\"color: #ff6600;\">acceso gratuito<\/span> y libre en su versi\u00f3n electr\u00f3nica.<\/span><\/b><\/p>\n<p><span style=\"color: #000000;\"><strong>Relaci\u00f3n de Revistas del Centro de Estudios Pol\u00edticos\u00a0 y Constitucionales:<br \/>\n<\/strong><\/span><\/p>\n<p>&nbsp;<\/p>\n<table style=\"width: 91.4063%; height: 208px;\" width=\"478\">\n<tbody>\n<tr>\n<td style=\"width: 45.3125%;\" width=\"104\"><span style=\"color: #ff6600;\"><a style=\"color: #ff6600;\" href=\"http:\/\/www.cepc.gob.es\/publicaciones\/revistas\/revistaselectronicas?IDR=1\" target=\"_blank\" rel=\"noopener\">Revista de Administraci\u00f3n P\u00fablica<\/a><\/span><strong><br \/>\n<\/strong><\/td>\n<td style=\"width: 54.5313%;\" width=\"374\"><a href=\"http:\/\/www.cepc.gob.es\/publicaciones\/revistas\/revistaselectronicas?IDR=7\" target=\"_blank\" rel=\"noopener\"><span style=\"color: #ff6600;\">Derecho Privado y Constituci\u00f3n<\/span><\/a><\/td>\n<\/tr>\n<tr>\n<td style=\"width: 45.3125%;\" width=\"104\"><a href=\"http:\/\/www.cepc.gob.es\/publicaciones\/revistas\/revistaselectronicas?IDR=3\" target=\"_blank\" rel=\"noopener\"><span style=\"color: #ff6600;\">Revista de Estudios Pol\u00edticos<\/span><\/a><\/td>\n<td style=\"width: 54.5313%;\" width=\"374\"><a href=\"http:\/\/www.cepc.gob.es\/publicaciones\/revistas\/revistaselectronicas?IDR=8\" target=\"_blank\" rel=\"noopener\"><span style=\"color: #ff6600;\">Anuario Iberoamericano de Justicia Constitucional<\/span><\/a><\/td>\n<\/tr>\n<tr>\n<td style=\"width: 45.3125%;\" width=\"104\"><span style=\"color: #ff6600;\"><a style=\"color: #ff6600;\" href=\"http:\/\/www.cepc.gob.es\/publicaciones\/revistas\/revistaselectronicas?IDR=4\" target=\"_blank\" rel=\"noopener\">Revista de Derecho Comunitario Europeo<\/a><\/span><\/td>\n<td style=\"width: 54.5313%;\" width=\"374\"><span style=\"color: #ff6600;\"><a style=\"color: #ff6600;\" href=\"http:\/\/www.cepc.gob.es\/publicaciones\/revistas\/revistaselectronicas?IDR=9\" target=\"_blank\" rel=\"noopener\">Historia y Pol\u00edtica<\/a><\/span><\/td>\n<\/tr>\n<tr>\n<td style=\"width: 45.3125%;\" width=\"104\"><span style=\"color: #ff6600;\"><a style=\"color: #ff6600;\" href=\"http:\/\/www.cepc.gob.es\/publicaciones\/revistas\/revistaselectronicas?IDR=6\" target=\"_blank\" rel=\"noopener\">Revista Espa\u00f1ola de Derecho Constitucional<\/a><\/span><\/td>\n<td style=\"width: 54.5313%;\" width=\"374\"><span style=\"color: #ff6600;\"><a style=\"color: #ff6600;\" href=\"http:\/\/www.cepc.gob.es\/publicaciones\/revistas\/revistaselectronicas?IDR=16\" target=\"_blank\" rel=\"noopener\">IgualdadES<\/a><\/span><\/td>\n<\/tr>\n<\/tbody>\n<\/table>\n<p>&nbsp;<\/p>\n<p><img loading=\"lazy\" decoding=\"async\" class=\"wp-image-1969 alignnone\" src=\"https:\/\/bibliotecas.unileon.es\/derecho\/files\/2021\/02\/n.1.png\" alt=\"\" width=\"267\" height=\"153\" \/><\/p>\n<p><img loading=\"lazy\" decoding=\"async\" class=\"wp-image-1970 alignright\" src=\"https:\/\/bibliotecas.unileon.es\/derecho\/files\/2021\/02\/n.-2.png\" alt=\"\" width=\"243\" height=\"142\" \/><\/p>\n","protected":false},"excerpt":{"rendered":"<p>El Centro de Estudios Pol\u00edticos y Constitucionales (CEPC) es un Organismo dependiente del Ministerio de la Presidencia, cuya misi\u00f3n consiste en fomentar el an\u00e1lisis de la realidad jur\u00eddica y sociopol\u00edtica nacional e internacional. Desde 2021 todas las revistas del Centro &hellip; <a href=\"https:\/\/bibliotecas.unileon.es\/derecho\/revistas-electronicas-ciencias-juridicas-centro-de-estudios-politicos-y-constitucionales\/\">Sigue leyendo <span class=\"meta-nav\">&rarr;<\/span><\/a><\/p>\n","protected":false},"author":23,"featured_media":0,"parent":0,"menu_order":0,"comment_status":"closed","ping_status":"closed","template":"","meta":{"_bbp_topic_count":0,"_bbp_reply_count":0,"_bbp_total_topic_count":0,"_bbp_total_reply_count":0,"_bbp_voice_count":0,"_bbp_anonymous_reply_count":0,"_bbp_topic_count_hidden":0,"_bbp_reply_count_hidden":0,"_bbp_forum_subforum_count":0,"footnotes":""},"class_list":["post-1966","page","type-page","status-publish","hentry"],"_links":{"self":[{"href":"https:\/\/bibliotecas.unileon.es\/derecho\/wp-json\/wp\/v2\/pages\/1966","targetHints":{"allow":["GET"]}}],"collection":[{"href":"https:\/\/bibliotecas.unileon.es\/derecho\/wp-json\/wp\/v2\/pages"}],"about":[{"href":"https:\/\/bibliotecas.unileon.es\/derecho\/wp-json\/wp\/v2\/types\/page"}],"author":[{"embeddable":true,"href":"https:\/\/bibliotecas.unileon.es\/derecho\/wp-json\/wp\/v2\/users\/23"}],"replies":[{"embeddable":true,"href":"https:\/\/bibliotecas.unileon.es\/derecho\/wp-json\/wp\/v2\/comments?post=1966"}],"version-history":[{"count":1,"href":"https:\/\/bibliotecas.unileon.es\/derecho\/wp-json\/wp\/v2\/pages\/1966\/revisions"}],"predecessor-version":[{"id":1973,"href":"https:\/\/bibliotecas.unileon.es\/derecho\/wp-json\/wp\/v2\/pages\/1966\/revisions\/1973"}],"wp:attachment":[{"href":"https:\/\/bibliotecas.unileon.es\/derecho\/wp-json\/wp\/v2\/media?parent=1966"}],"curies":[{"name":"wp","href":"https:\/\/api.w.org\/{rel}","templated":true}]}}