{"id":429,"date":"2013-03-05T15:01:56","date_gmt":"2013-03-05T13:01:56","guid":{"rendered":"http:\/\/bibliotecas.unileon.es\/derecho\/?page_id=429"},"modified":"2020-04-20T13:58:55","modified_gmt":"2020-04-20T11:58:55","slug":"quienes-somos-2","status":"publish","type":"page","link":"https:\/\/bibliotecas.unileon.es\/derecho\/quienes-somos-2\/","title":{"rendered":"\u00bfQuienes somos?"},"content":{"rendered":"<table style=\"width: 591px; height: 498px;\" border=\"0\" cellpadding=\"0\">\n<tbody>\n<tr>\n<td style=\"background-color: #f5092a;\">\n<p align=\"center\"><span style=\"color: #ffffff;\"><strong>Ayudante de Biblioteca<\/strong><\/span><\/p>\n<\/td>\n<td width=\"257\">\n<p align=\"center\">Merce Mart\u00ednez Reguera<br \/>\n<a href=\"mailto:bufde1@unileon.es\">bufde1@unileon.es<\/a><\/p>\n<\/td>\n<td width=\"117\">\n<p align=\"center\">987 29 13 52<\/p>\n<\/td>\n<\/tr>\n<tr>\n<td style=\"background-color: #f5092a;\">\n<p align=\"center\"><span style=\"color: #ffffff;\"><strong>T\u00e9cnico de Biblioteca<\/strong><\/span><\/p>\n<\/td>\n<td width=\"257\">\n<p align=\"center\">Roberto Gonz\u00e1lez Pascual<\/p>\n<p align=\"center\">Laura LLamazares Bay\u00f3n<\/p>\n<p align=\"center\"><a href=\"mailto:bufde@unileon.es\">bufde@unileon.es<\/a><\/p>\n<\/td>\n<td width=\"117\">\n<p align=\"center\">987 29 32 65<\/p>\n<\/td>\n<\/tr>\n<tr>\n<td style=\"background-color: #f5092a;\">\n<p align=\"center\"><span style=\"color: #ffffff;\"><strong>T\u00e9cnico de Biblioteca<\/strong><\/span><\/p>\n<\/td>\n<td width=\"257\">\n<p align=\"center\">Mireya S\u00e1nchez Fern\u00e1ndez<br \/>\n<a href=\"mailto:bufde2@unileon.es\">bufde2@unileon.es<\/a><\/p>\n<\/td>\n<td valign=\"top\" width=\"117\">\n<p align=\"center\">987 29 35 59<\/p>\n<p>&nbsp;<\/td>\n<\/tr>\n<tr>\n<td style=\"background-color: #f5092a;\">\n<p align=\"center\"><span style=\"color: #ffffff;\"><strong>T\u00e9cnico de Biblioteca<\/strong><\/span><\/p>\n<\/td>\n<td width=\"257\">\n<p align=\"center\">Jes\u00fas Fern\u00e1ndez San Juan<br \/>\n<a href=\"mailto:bufde3@unileon.es\">bufde3@unileon.es<\/a><\/p>\n<\/td>\n<td valign=\"top\" width=\"117\">\n<p align=\"center\">987 29 35 59<\/p>\n<p align=\"center\">\n<\/td>\n<\/tr>\n<\/tbody>\n<\/table>\n<p>&nbsp;<\/p>\n","protected":false},"excerpt":{"rendered":"<p>Ayudante de Biblioteca Merce Mart\u00ednez Reguera bufde1@unileon.es 987 29 13 52 T\u00e9cnico de Biblioteca Roberto Gonz\u00e1lez Pascual Laura LLamazares Bay\u00f3n bufde@unileon.es 987 29 32 65 T\u00e9cnico de Biblioteca Mireya S\u00e1nchez Fern\u00e1ndez bufde2@unileon.es 987 29 35 59 &nbsp; T\u00e9cnico de Biblioteca &hellip; <a href=\"https:\/\/bibliotecas.unileon.es\/derecho\/quienes-somos-2\/\">Sigue leyendo <span class=\"meta-nav\">&rarr;<\/span><\/a><\/p>\n","protected":false},"author":23,"featured_media":0,"parent":0,"menu_order":0,"comment_status":"closed","ping_status":"closed","template":"","meta":{"_bbp_topic_count":0,"_bbp_reply_count":0,"_bbp_total_topic_count":0,"_bbp_total_reply_count":0,"_bbp_voice_count":0,"_bbp_anonymous_reply_count":0,"_bbp_topic_count_hidden":0,"_bbp_reply_count_hidden":0,"_bbp_forum_subforum_count":0,"footnotes":""},"class_list":["post-429","page","type-page","status-publish","hentry"],"_links":{"self":[{"href":"https:\/\/bibliotecas.unileon.es\/derecho\/wp-json\/wp\/v2\/pages\/429","targetHints":{"allow":["GET"]}}],"collection":[{"href":"https:\/\/bibliotecas.unileon.es\/derecho\/wp-json\/wp\/v2\/pages"}],"about":[{"href":"https:\/\/bibliotecas.unileon.es\/derecho\/wp-json\/wp\/v2\/types\/page"}],"author":[{"embeddable":true,"href":"https:\/\/bibliotecas.unileon.es\/derecho\/wp-json\/wp\/v2\/users\/23"}],"replies":[{"embeddable":true,"href":"https:\/\/bibliotecas.unileon.es\/derecho\/wp-json\/wp\/v2\/comments?post=429"}],"version-history":[{"count":9,"href":"https:\/\/bibliotecas.unileon.es\/derecho\/wp-json\/wp\/v2\/pages\/429\/revisions"}],"predecessor-version":[{"id":1793,"href":"https:\/\/bibliotecas.unileon.es\/derecho\/wp-json\/wp\/v2\/pages\/429\/revisions\/1793"}],"wp:attachment":[{"href":"https:\/\/bibliotecas.unileon.es\/derecho\/wp-json\/wp\/v2\/media?parent=429"}],"curies":[{"name":"wp","href":"https:\/\/api.w.org\/{rel}","templated":true}]}}