{"id":12,"date":"2012-10-25T09:53:01","date_gmt":"2012-10-25T07:53:01","guid":{"rendered":"http:\/\/bibliotecas.unileon.es\/educacion\/?page_id=12"},"modified":"2022-04-22T11:43:03","modified_gmt":"2022-04-22T09:43:03","slug":"quienes-somos","status":"publish","type":"page","link":"https:\/\/bibliotecas.unileon.es\/educacion\/quienes-somos\/","title":{"rendered":"\u00bfQui\u00e9nes somos?"},"content":{"rendered":"\n<!-- This is the start of the WP Twitter Button code -->\n<div id=\"rk_wp_twitter_button\" style=\"margin: 0px 0px 0px 0px; float: right\"><a href=\"http:\/\/twitter.com\/share\" class=\"twitter-share-button\" data-url=\"https:\/\/bibliotecas.unileon.es\/educacion\/quienes-somos\/\" data-count=\"horizontal\">Tweet<\/a><script type=\"text\/javascript\" src=\"http:\/\/platform.twitter.com\/widgets.js\"><\/script><\/div>\n<!-- This is the end of the WP Twitter Button code -->\n\n<table style=\"height: 16px;\" border=\"1\" width=\"94\" cellspacing=\"0\" cellpadding=\"0\">\n<thead>\n<tr>\n<th scope=\"col\"><\/th>\n<\/tr>\n<\/thead>\n<tbody>\n<tr>\n<td><\/td>\n<\/tr>\n<\/tbody>\n<\/table>\n<table border=\"1\" cellspacing=\"0\" cellpadding=\"0\">\n<thead>\n<tr>\n<th scope=\"col\">Pr\u00e9stamo e informaci\u00f3n al usuario \u00d3scar Guti\u00e9rrez Fern\u00e1ndez, Nuria L\u00e1iz y Montse Nosty<\/th>\n<\/tr>\n<\/thead>\n<tbody>\n<tr>\n<td>Tfno:\u00a0<strong>987 29 11 48<\/strong> \u00a0\u00a0 Email:\u00a0<a href=\"mailto:bufed2@unileon.es\">bufed1@unileon.es <\/a>, bufed2@unileon.es, <a href=\"mailto:bufed1@unileon.es\">bufed3@unileon.es<\/a><\/td>\n<\/tr>\n<\/tbody>\n<\/table>\n<table border=\"1\" cellspacing=\"0\" cellpadding=\"0\">\n<thead>\n<tr>\n<th scope=\"col\">Proceso t\u00e9cnico e informaci\u00f3n<\/th>\n<\/tr>\n<\/thead>\n<tbody>\n<tr>\n<td>Tfno :\u00a0<strong>987 29 11 46<\/strong>\u00a0<strong>\u00a0\u00a0 \u00a0 \u00a0 \u00a0 \u00a0 \u00a0 \u00a0<\/strong>Email:<\/td>\n<\/tr>\n<\/tbody>\n<\/table>\n<table border=\"1\" cellspacing=\"0\" cellpadding=\"0\">\n<thead>\n<tr>\n<th scope=\"col\">Direcci\u00f3n M\u00aa Victoria Cano Fuentes<\/th>\n<\/tr>\n<tr>\n<td>Tfno :\u00a0<strong>987 29 11 46<\/strong>\u00a0\u00a0 <strong>\u00a0 \u00a0 \u00a0 \u00a0<\/strong>\u00a0\u00a0 \u00a0Email:\u00a0<a href=\"mailto:bufed@unileon.es\">bufed@unileon.es<\/a><\/td>\n<\/tr>\n<\/thead>\n<\/table>\n<p>&nbsp;<\/p>\n","protected":false},"excerpt":{"rendered":"<p>Tweet Pr\u00e9stamo e informaci\u00f3n al usuario \u00d3scar Guti\u00e9rrez Fern\u00e1ndez, Nuria L\u00e1iz y Montse Nosty Tfno:\u00a0987 29 11 48 \u00a0\u00a0 Email:\u00a0bufed1@unileon.es , bufed2@unileon.es, bufed3@unileon.es Proceso t\u00e9cnico e informaci\u00f3n Tfno :\u00a0987 29 11 46\u00a0\u00a0\u00a0 \u00a0 \u00a0 \u00a0 \u00a0 \u00a0 \u00a0Email: Direcci\u00f3n M\u00aa &hellip; <a href=\"https:\/\/bibliotecas.unileon.es\/educacion\/quienes-somos\/\">Sigue leyendo <span class=\"meta-nav\">&rarr;<\/span><\/a><\/p>\n","protected":false},"author":3,"featured_media":0,"parent":0,"menu_order":0,"comment_status":"closed","ping_status":"closed","template":"","meta":{"_bbp_topic_count":0,"_bbp_reply_count":0,"_bbp_total_topic_count":0,"_bbp_total_reply_count":0,"_bbp_voice_count":0,"_bbp_anonymous_reply_count":0,"_bbp_topic_count_hidden":0,"_bbp_reply_count_hidden":0,"_bbp_forum_subforum_count":0,"footnotes":""},"class_list":["post-12","page","type-page","status-publish","hentry"],"_links":{"self":[{"href":"https:\/\/bibliotecas.unileon.es\/educacion\/wp-json\/wp\/v2\/pages\/12","targetHints":{"allow":["GET"]}}],"collection":[{"href":"https:\/\/bibliotecas.unileon.es\/educacion\/wp-json\/wp\/v2\/pages"}],"about":[{"href":"https:\/\/bibliotecas.unileon.es\/educacion\/wp-json\/wp\/v2\/types\/page"}],"author":[{"embeddable":true,"href":"https:\/\/bibliotecas.unileon.es\/educacion\/wp-json\/wp\/v2\/users\/3"}],"replies":[{"embeddable":true,"href":"https:\/\/bibliotecas.unileon.es\/educacion\/wp-json\/wp\/v2\/comments?post=12"}],"version-history":[{"count":6,"href":"https:\/\/bibliotecas.unileon.es\/educacion\/wp-json\/wp\/v2\/pages\/12\/revisions"}],"predecessor-version":[{"id":1182,"href":"https:\/\/bibliotecas.unileon.es\/educacion\/wp-json\/wp\/v2\/pages\/12\/revisions\/1182"}],"wp:attachment":[{"href":"https:\/\/bibliotecas.unileon.es\/educacion\/wp-json\/wp\/v2\/media?parent=12"}],"curies":[{"name":"wp","href":"https:\/\/api.w.org\/{rel}","templated":true}]}}