{"id":238,"date":"2013-05-08T10:41:59","date_gmt":"2013-05-08T08:41:59","guid":{"rendered":"http:\/\/bibliotecas.unileon.es\/educacion\/?page_id=238"},"modified":"2020-02-13T09:55:25","modified_gmt":"2020-02-13T07:55:25","slug":"recursos-web-sobre-educacion-primaria","status":"publish","type":"page","link":"https:\/\/bibliotecas.unileon.es\/educacion\/recursos-web-sobre-educacion-primaria\/","title":{"rendered":"Recursos web sobre Educaci\u00f3n Primaria"},"content":{"rendered":"\n<!-- This is the start of the WP Twitter Button code -->\n<div id=\"rk_wp_twitter_button\" style=\"margin: 0px 0px 0px 0px; float: right\"><a href=\"http:\/\/twitter.com\/share\" class=\"twitter-share-button\" data-url=\"https:\/\/bibliotecas.unileon.es\/educacion\/recursos-web-sobre-educacion-primaria\/\" data-count=\"horizontal\">Tweet<\/a><script type=\"text\/javascript\" src=\"http:\/\/platform.twitter.com\/widgets.js\"><\/script><\/div>\n<!-- This is the end of the WP Twitter Button code -->\n\n<p><strong>SEDES WEB<\/strong><\/p>\n<p><strong>\u2013 Institucionales<\/strong><\/p>\n<ul>\n<li><a href=\"http:\/\/www.educacion.gob.es\/cniie\">CNIIE <\/a>\u00a0: Centro Nacional de Innovaci\u00f3n e Investigaci\u00f3n Educativa<\/li>\n<li><a href=\"https:\/\/www.educa.jcyl.es\/es\">Educacyl<\/a>: Portal de educaci\u00f3n de la junta de Catilla y Le\u00f3n<\/li>\n<li><a href=\"https:\/\/www.fundeu.es\/\">Fundeu (Fundaci\u00f3n del Espa\u00f1ol Urgente)<\/a>: Para resolver dudas en el uso del idioma<\/li>\n<li><a href=\"http:\/\/www.ite.educacion.es\/\">INTEF\u00a0 : Instituto Nacional de Tecnolog\u00edas Educativas<\/a> y Formaci\u00f3n del Profesorado<\/li>\n<li><a href=\"http:\/\/www.educacionyfp.gob.es\/portada.html\">MEFP<\/a>: Ministerio de Educaci\u00f3n y Formaci\u00f3n Profesional<\/li>\n<li><a href=\"https:\/\/www.educacion.gob.es\/teseo\/irGestionarConsulta.do\">TESEO<\/a>: Base de datos sobre Tesis Doctorales le\u00eddas en Espa\u00f1a.<\/li>\n<li><a href=\"http:\/\/crei.centros.educa.jcyl.es\/sitio\/\">CREI : Centro de Recursos de Educaci\u00f3n Intercultural, Junta de Castilla y Le\u00f3n\u00a0<\/a><\/li>\n<li><a href=\"http:\/\/www.fundacionpromi.es\/historia\/\">PROMI: Fundaci\u00f3n para la Promoci\u00f3n del Minusv\u00e1lido<\/a><\/li>\n<li><a href=\"http:\/\/sid.usal.es\/default.aspx\">SID : Servicio de Informaci\u00f3n sobre la Discapacidad<\/a><\/li>\n<\/ul>\n<p><strong>\u2013 Personales<\/strong><\/p>\n<ul>\n<li><a href=\"http:\/\/www.becas.com\/\">Becas:<\/a> Informaci\u00f3n sobre becas, premios, ayudas, subvenciones y trabajo.<\/li>\n<li>Buscador de <a href=\"http:\/\/www.tumaster.com\/\">Masters<\/a> y Doctorados, seg\u00fan perfil del alumno. Tambi\u00e9n busca posibles becas.<\/li>\n<li><a href=\"http:\/\/www.uclm.es\/profesorado\/ricardo\/soft.htm\">Materiales Multimedia Educativos y otros recursos did\u00e1cticos para Educaci\u00f3n Infantil y Primaria<\/a><\/li>\n<li><a href=\"http:\/\/peremarques.pangea.org\/\">Tecnolog\u00eda Educativa : Web de Pere Marqu\u00e9s<\/a><\/li>\n<\/ul>\n<p><strong>BASES DE DATOS<\/strong><\/p>\n<ul>\n<li><a href=\"http:\/\/www.waece.org\/inicio.html\">Enciclopedia online de AMEI (Asociaci\u00f3n Mundial de Educadores Infantiles<\/a><\/li>\n<li><a href=\"http:\/\/www.magislex.com\/\">MAGISLEX : Servicio de legislaci\u00f3n educativa<\/a><\/li>\n<li><a href=\"http:\/\/www.redined.mec.es\/\">REDINET <\/a>: Red de bases de datos de informaci\u00f3n Educativa patrocinada por el Ministerio<\/li>\n<\/ul>\n<p><strong>RECURSOS WEB EN ABIERTO<\/strong><\/p>\n<p><strong>\u2013 Revistas tem\u00e1ticas Open Access<\/strong><\/p>\n<ul>\n<li style=\"list-style-type: none;\">\n<ul>\n<li><a href=\"http:\/\/recyt.fecyt.es\/index.php\/BORDON\">Bord\u00f3n <\/a><a href=\"http:\/\/revistas.educa.jcyl.es\/divergaceta\/\">Divergaceta (Junta de Castilla y Le\u00f3n)<\/a><\/li>\n<li><a href=\"https:\/\/revista.uclm.es\/index.php\/rdi\">Docencia e Investigaci\u00f3n<\/a><\/li>\n<li><a href=\"http:\/\/www.educaciontrespuntocero.com\/\">Educaci\u00f3n 3.0<\/a><\/li>\n<li><a href=\"http:\/\/www.edutec.es\/revista\/index.php\/edutec-e\">EDUTEC-E: Revista Electr\u00f3nica de Tecnolog\u00eda Educativa<\/a><\/li>\n<li><a href=\"http:\/\/www.enlanubetic.com.es\/\">En la nube TIC<\/a>: proyecto colaborativo de difusi\u00f3n de las TIC en el \u00e1mbito educativo<\/li>\n<li><a href=\"http:\/\/www.ugr.es\/%7Esevimeco\/revistaeticanet\/index.htm\">Etic@net<\/a><\/li>\n<li><a href=\"http:\/\/www.sinewton.org\/numeros\/\">N\u00fameros : Revista de Did\u00e1ctica de las Matem\u00e1ticas <\/a>\n<ul>\n<li><a href=\"http:\/\/www.padresymaestros.org\/\">Padres y Maestros<\/a><\/li>\n<li><a href=\"http:\/\/www.pna.es\/\">PNA : Revista de investigaci\u00f3n en Did\u00e1ctica de la Matem\u00e1tica\u00a0\u00a0\u00a0 <\/a><\/li>\n<li><a href=\"http:\/\/www.uv.es\/RELIEVE\/\">Relieve : Revista Electr\u00f3nica de Investigaci\u00f3n y Evaluaci\u00f2n Educativa<\/a><\/li>\n<li><a href=\"http:\/\/revistas.um.es\/rie\/index\">Revista de Investigaci\u00f3n Educativa<\/a><\/li>\n<li><a href=\"http:\/\/www.uclm.es\/profesorado\/ricardo\/Periodico.htm\">REVISTA DIGITAL :\u201dEL RECREO\u201d<\/a><\/li>\n<li><a href=\"http:\/\/www.revistadepedagogia.org\/\">Revista Espa\u00f1ola de pedagog\u00eda<\/a><\/li>\n<li><a href=\"http:\/\/www.rieoei.org\/presentar.php\">Revista Iberoamericana de Educaci\u00f3n<\/a><\/li>\n<li><a href=\"http:\/\/www.solidaridaddigital.es\/Paginas\/Home.aspx\">Solidaridad digital : El diario de la discapacidad<\/a><\/li>\n<\/ul>\n<\/li>\n<\/ul>\n<\/li>\n<\/ul>\n<p><strong>BLOGS Y WIKIS<\/strong><\/p>\n<ul>\n<li style=\"list-style-type: none;\">\n<ul>\n<li style=\"list-style-type: none;\">\n<ul>\n<li><a href=\"http:\/\/www.alqueria.es\/blogs\/alqueriatercerciclo\/\">Alquer\u00eda<\/a>: Blog de alumnos del tercer ciclo<\/li>\n<li><a href=\"http:\/\/www.ayudaparamaestros.com\/\">Ayuda para Maestros<\/a>: blog con recursos TIC para todas las etapas educativas<\/li>\n<li><a href=\"http:\/\/www.elblogdemanuvelasco.com\/\">Blog de Manu Velasco, El:<\/a> El autor del blog ha reunido en su espacio cantidad de recursos dirigidos a los docentes. Es, adem\u00e1s, especialista en innovaci\u00f3n educativa y TIC y formador de profesorado. Expolearning ha situado este espacio como el mejor blog de e-learning de Espa\u00f1a y Am\u00e9rica Latina.<\/li>\n<li><a href=\"http:\/\/rociocabanillas.blogspot.com\/\">Blog de Recursos Tic en Educaci\u00f3n<\/a><\/li>\n<li><a href=\"https:\/\/www.educaciontrespuntocero.com\/recursos\/blogs-sobre-primaria\/17721.html\">Blogs de Maestros de Primaria<\/a><\/li>\n<li><a href=\"http:\/\/elbuhoanacleto.blogspot.com.es\/\">El Buho Anacleto<\/a>: Blog de alumnos de primaria<\/li>\n<li><a href=\"http:\/\/www.fzayas.com\/darlealalengua\/\">Darle a la lengua<\/a><\/li>\n<li><a href=\"http:\/\/didactalia.net\/comunidad\/materialeducativo\">Didactalia : Contenidos digitales educativo<\/a>s<\/li>\n<li><a href=\"http:\/\/jttorres.webnode.com\/products\/edublogs-alumn-s-2008-magisterio-educacion-primaria\/\">EduBlogs Educaci\u00f3n Primaria<\/a><\/li>\n<li><a href=\"http:\/\/recursostic-cole.blogspot.com\/\">Enlaces educativos<\/a><\/li>\n<li><a href=\"http:\/\/familiaycole.com\/\">Familia y Cole<\/a>: Blog educativo para padres, maestros y profesionales<\/li>\n<li><a href=\"http:\/\/miclase.wordpress.com\/\">Mi Clase<\/a>: Blog de recursos educativos<\/li>\n<li><a href=\"http:\/\/orientatierra.blogspot.com.es\/\">OrientaTierra<\/a>: Blog de Orientaci\u00f3n Educativa<\/li>\n<li><a href=\"http:\/\/paraprofesypadres.blogspot.com.es\/p\/recursos-primaria.html\">Para Profes y Padres<\/a>: Recursos Educaci\u00f3n Primaria<\/li>\n<li><a href=\"http:\/\/ayudaparamaestros.blogspot.com.es\/\">Recursos para Maestros<\/a><\/li>\n<li><a href=\"http:\/\/miclase.wordpress.com\/\">RECURSOS PARA NUESTRA CLASE<\/a><\/li>\n<li><a href=\"http:\/\/isabelpgarcia.blogspot.com.es\/\">Las TIC en Primaria:<\/a> Blog sobre educaci\u00f3n y nuevas tecnolog\u00edas.<\/li>\n<\/ul>\n<\/li>\n<\/ul>\n<\/li>\n<\/ul>\n<p><strong>PORTALES TEM\u00c1TICOS<\/strong><\/p>\n<ul>\n<li style=\"list-style-type: none;\">\n<ul>\n<li style=\"list-style-type: none;\">\n<ul>\n<li><a href=\"http:\/\/www.ayudaparamaestros.com\/\">Ayuda para maestros:<\/a> Web con cantidad de herramientas y recursos del \u00e1mbito educativo<\/li>\n<li><a href=\"http:\/\/www.oei.es\/bibliotecadigital.php\">Biblioteca digital de la OEI<\/a><\/li>\n<li><a href=\"http:\/\/grupotecnologiaeducativa.es\/\">Biblioteca Virtual de Tecnolog\u00eda educativa <\/a><\/li>\n<li><a href=\"http:\/\/www.brujulaeducativa.com\/\">BR\u00daJULA EDUCATIVA<\/a><\/li>\n<li><a href=\"https:\/\/sites.google.com\/view\/cool-tools-for-schools\">Cool Tools for Schools<\/a>: Selecci\u00f3n de herramientas educativas de Google<\/li>\n<li><a href=\"http:\/\/www.cuadernalia.net\/\">Cuadernalia:<\/a> Portal Educativo de Informaci\u00f3n Docente y Recursos Did\u00e1cticos<\/li>\n<li><a href=\"http:\/\/www.cuadernointercultural.com\/\">Cuaderno intercultural : Recursos para la interculturalidad y la educaci\u00f3n intercultura<\/a>l<\/li>\n<li><strong><a href=\"http:\/\/www.sindromedown.net\/\">Down Espa\u00f1a : p\u00e1gina dedicada al S\u00edndrome de Down<\/a><\/strong><\/li>\n<li><a href=\"http:\/\/bibliowebfeteugt.es\/ciudadania-y-valores\/\">Educaci\u00f3n en Valores : Portal de FETE-UGT dedicado a la educaci\u00f3n en valores y la educaci\u00f3n para el desarrollo <\/a><\/li>\n<li><a href=\"http:\/\/www.educalim.com\/biblioteca\/\">EducaLIM : Recursos interactivos de ense\u00f1anza de materias<\/a><\/li>\n<li><a href=\"http:\/\/www.educanave.com\/\">EducaNave<\/a>: Recursos educativos digitales<\/li>\n<li><a href=\"http:\/\/www.eduguia.net\/\">Edugu\u00eda : La enciclopedia de la educaci\u00f3n en internet\u00a0\u00a0 <\/a><\/li>\n<li><a href=\"http:\/\/www.edured2000.net\/\">EDURED <\/a>: Comunidad virtual de recursos educativos<\/li>\n<li><a href=\"http:\/\/sansuena13.blogspot.com.es\/\">En forma con las mates (Primaria)<\/a><\/li>\n<li><u><a href=\"https:\/\/www.examtime.com\/es\/universitarios\/\">ExamTime: portal informativo para j\u00f3venes que quieren acceder a la Universidad y estudiantes universitarios<\/a><\/u>.<\/li>\n<li><strong><a href=\"http:\/\/www.asperger.es\/\">Federaci\u00f3n Asperger Espa\u00f1a<\/a><\/strong><\/li>\n<li><a href=\"http:\/\/leer.es\/\">Leer.es<\/a>: P\u00e1gina del ministerio de Educaci\u00f3n, para mejorar la comprensi\u00f3n lectora<\/li>\n<li><strong><a href=\"http:\/\/www3.gobiernodecanarias.org\/medusa\/ecoescuela\/ate\/medusa\/\">Portal Medusa<\/a>:<\/strong> P\u00e1gina de recursos educativos del Gobierno de Canarias<\/li>\n<li><a href=\"http:\/\/sauce.pntic.mec.es\/falcon\/recursos.html#EDUCACI%D3N_PRIMARIA\">Recursos Educativos<\/a><\/li>\n<li><a href=\"https:\/\/miclase.wordpress.com\/\">Recursos para nuestra clase:<\/a> en esta Web se pueden encontrar recursos did\u00e1cticos para Infantil y Primaria.<\/li>\n<li><a href=\"http:\/\/www.recursosmatematicos.com\/redemat.html\">REDEMAT : Recursos de Matem\u00e1ticas en Internet<\/a><\/li>\n<li><a href=\"http:\/\/www.refuerzovirtual.com\/\">Refuerzo virtual<\/a>: Recursos educativos dirigidos a profesores y alumnos de quinto y sexto de Educaci\u00f3n Primaria.<\/li>\n<li><a href=\"http:\/\/rimasdecolores.blogspot.com.es\/\">Rimas de Colores:<\/a> contiene poes\u00edas, rimas infantiles, cuentos, opiniones y res\u00famenes de libros, biograf\u00edas, canciones, v\u00eddeos, juegos did\u00e1cticos online, recursos para Educaci\u00f3n Primaria, actividades interactivas para aprender ingl\u00e9s y espa\u00f1ol, dibujos para colorear,&#8230;En resumen, aprendizaje divertido y todo lo que pueda activar la inteligencia en un ni\u00f1o.<\/li>\n<li><a href=\"http:\/\/www.discapnet.es\/castellano\/Paginas\/default.aspx\">Discapnet : El Portal de las Personas con Discapacidad<\/a><\/li>\n<li><a href=\"http:\/\/www.imagina.org\/\">Imagina : Iniciativa\u00a0M\u00faltiple de\u00a0Atenci\u00f3n de\u00a0Gaps (Grupo\u00a0Asociado de Progreso Social) a la\u00a0Integraci\u00f3n, Normalizaci\u00f3n y\u00a0Accesibilidad.<\/a><\/li>\n<li><a href=\"http:\/\/www.juntadeandalucia.es\/justiciaeinterior\/opam\/es\/node\/2615\">Manual digital de educaci\u00f3n intercultural<\/a><\/li>\n<li><a href=\"http:\/\/www.monografias.com\/Educacion\/index.shtml\">Monograf\u00edas.com<\/a>\u00a0 Educaci\u00f3n<\/li>\n<li><a href=\"http:\/\/www.vicentellop.com\/\">La p\u00e1gina del profesor de lengua<\/a><\/li>\n<li><a href=\"http:\/\/www.pipoclub.com\/\">PIPO CLUB : Juegos educativos para ni\u00f1os<\/a><\/li>\n<li><a href=\"http:\/\/recursostic.educacion.es\/descartes\/web\/\">Proyecto Descartes : Matem\u00e1ticas interacitivas<\/a><\/li>\n<li><a href=\"https:\/\/openlibra.com\/es\/collection\/search\/category\/educacion-biblioteca\">Open Libra Educaci\u00f3n<\/a>: Biblioteca online sobre educaci\u00f3n<\/li>\n<li><a href=\"http:\/\/blog.educastur.es\/48mora\/vocabulario-naturaleza\/\">Vocabulario para primaria<\/a><\/li>\n<li><a href=\"http:\/\/www.webespecial.com\/\">Web Especial :<\/a> El Mayor Portal Espa\u00f1ol sobre la Educaci\u00f3n Especial<\/li>\n<li><a href=\"http:\/\/www.slideshare.net\/susananavarrotarin\/webs-interesantes-educacin-primaria\">Webs interesantes educaci\u00f3n primaria<\/a><\/li>\n<li><a href=\"http:\/\/www.educa.jcyl.es\/educacyl\/cm\/zonaalumnos\">Zona de alumnos (Junta de Castilla Y Le\u00f3n)<\/a><\/li>\n<\/ul>\n<\/li>\n<\/ul>\n<\/li>\n<\/ul>\n<p>&nbsp;<\/p>\n<p>Elaborado por la Biblioteca de la Facultad de Educaci\u00f3n<br \/>\nFecha de actualizaci\u00f3n: 1 de febrero de 2020.<\/p>\n<p>&nbsp;<\/p>\n","protected":false},"excerpt":{"rendered":"<p>Tweet SEDES WEB \u2013 Institucionales CNIIE \u00a0: Centro Nacional de Innovaci\u00f3n e Investigaci\u00f3n Educativa Educacyl: Portal de educaci\u00f3n de la junta de Catilla y Le\u00f3n Fundeu (Fundaci\u00f3n del Espa\u00f1ol Urgente): Para resolver dudas en el uso del idioma INTEF\u00a0 : &hellip; <a href=\"https:\/\/bibliotecas.unileon.es\/educacion\/recursos-web-sobre-educacion-primaria\/\">Sigue leyendo <span class=\"meta-nav\">&rarr;<\/span><\/a><\/p>\n","protected":false},"author":24,"featured_media":0,"parent":0,"menu_order":0,"comment_status":"open","ping_status":"open","template":"","meta":{"_bbp_topic_count":0,"_bbp_reply_count":0,"_bbp_total_topic_count":0,"_bbp_total_reply_count":0,"_bbp_voice_count":0,"_bbp_anonymous_reply_count":0,"_bbp_topic_count_hidden":0,"_bbp_reply_count_hidden":0,"_bbp_forum_subforum_count":0,"footnotes":""},"class_list":["post-238","page","type-page","status-publish","hentry"],"_links":{"self":[{"href":"https:\/\/bibliotecas.unileon.es\/educacion\/wp-json\/wp\/v2\/pages\/238","targetHints":{"allow":["GET"]}}],"collection":[{"href":"https:\/\/bibliotecas.unileon.es\/educacion\/wp-json\/wp\/v2\/pages"}],"about":[{"href":"https:\/\/bibliotecas.unileon.es\/educacion\/wp-json\/wp\/v2\/types\/page"}],"author":[{"embeddable":true,"href":"https:\/\/bibliotecas.unileon.es\/educacion\/wp-json\/wp\/v2\/users\/24"}],"replies":[{"embeddable":true,"href":"https:\/\/bibliotecas.unileon.es\/educacion\/wp-json\/wp\/v2\/comments?post=238"}],"version-history":[{"count":2,"href":"https:\/\/bibliotecas.unileon.es\/educacion\/wp-json\/wp\/v2\/pages\/238\/revisions"}],"predecessor-version":[{"id":520,"href":"https:\/\/bibliotecas.unileon.es\/educacion\/wp-json\/wp\/v2\/pages\/238\/revisions\/520"}],"wp:attachment":[{"href":"https:\/\/bibliotecas.unileon.es\/educacion\/wp-json\/wp\/v2\/media?parent=238"}],"curies":[{"name":"wp","href":"https:\/\/api.w.org\/{rel}","templated":true}]}}