{"id":245,"date":"2013-05-08T10:57:27","date_gmt":"2013-05-08T08:57:27","guid":{"rendered":"http:\/\/bibliotecas.unileon.es\/educacion\/?page_id=245"},"modified":"2020-02-13T09:58:49","modified_gmt":"2020-02-13T07:58:49","slug":"recursos-web-sobre-master-educacion-secundaria","status":"publish","type":"page","link":"https:\/\/bibliotecas.unileon.es\/educacion\/recursos-web-sobre-master-educacion-secundaria\/","title":{"rendered":"Recursos web sobre M\u00e1ster Educaci\u00f3n Secundaria"},"content":{"rendered":"\n<!-- This is the start of the WP Twitter Button code -->\n<div id=\"rk_wp_twitter_button\" style=\"margin: 0px 0px 0px 0px; float: right\"><a href=\"http:\/\/twitter.com\/share\" class=\"twitter-share-button\" data-url=\"https:\/\/bibliotecas.unileon.es\/educacion\/recursos-web-sobre-master-educacion-secundaria\/\" data-count=\"horizontal\">Tweet<\/a><script type=\"text\/javascript\" src=\"http:\/\/platform.twitter.com\/widgets.js\"><\/script><\/div>\n<!-- This is the end of the WP Twitter Button code -->\n\n<p><strong>SEDES WEB<\/strong><\/p>\n<p><strong>\u2013 Institucionales<\/strong><\/p>\n<ul>\n<li><a href=\"http:\/\/www.juntadeandalucia.es\/educacion\/portalaverroes\">AVERROES: Red Telem\u00e1tica Educativa de Andaluc\u00eda<\/a><\/li>\n<li><a href=\"http:\/\/www.educacion.gob.es\/cniie\">CNIIE : Centro Nacional de Innovaci\u00f3n e Investigaci\u00f3n Educativa<\/a><\/li>\n<li><a href=\"http:\/\/www.educared.net\/\">EDUCARED<\/a>: Innovaci\u00f3n educativa a trav\u00e9s de las nuevas tecnolog\u00edas<\/li>\n<li><a href=\"https:\/\/www.educa.jcyl.es\/es\">Educacyl<\/a>: Portal de educaci\u00f3n de la junta de Catilla y Le\u00f3n<\/li>\n<li><a href=\"http:\/\/www.educaweb.com\/\">Educaweb.com<\/a>: \u201cportal especializado en educaci\u00f3n y formaci\u00f3n de mayor audiencia en Espa\u00f1a\u201d. Muy completo. Existe tambi\u00e9n una versi\u00f3n en catal\u00e1n.<\/li>\n<li><a href=\"https:\/\/webgate.ec.europa.eu\/fpfis\/mwikis\/eurydice\/index.php\/Main_Page\">EURYDICE: The information network on education in Europe <\/a><\/li>\n<li><a href=\"http:\/\/www.fiapas.es\/\">FIAPAS<\/a> (Federaci\u00f3n Espa\u00f1ola de Asociaciones de Padres y Amigos de los Sordos).<\/li>\n<li><a href=\"http:\/\/www.ite.educacion.es\/\">INTEF<\/a>: Instituto Nacional de Tecnolog\u00edas Educativas y de Formaci\u00f3n del Profesorado<\/li>\n<li><a href=\"http:\/\/inico.usal.es\/\">Integraci\u00f3n de Personas con Discapacidad<\/a>: Informaci\u00f3n sobre las actividades que se desarrollan en la Universidad de Salamanca en el campo de la integraci\u00f3n de personas con discapacidad (Master, Doctorado, Investigaci\u00f3n, etc.).<\/li>\n<li><a href=\"http:\/\/www.educacionyfp.gob.es\/portada.html\">Ministerio de Educaci\u00f3n y Formaci\u00f3n Profesional<\/a><\/li>\n<li><a href=\"http:\/\/www.educacionyfp.gob.es\/servicios-al-ciudadano\/catalogo\/empleo-publico.html\">Ministerio de Educaci\u00f3n y Formaci\u00f3n Profesional: Oferta de empleo p\u00fablico<\/a><\/li>\n<li><a href=\"http:\/\/www.observatoriodelainfancia.es\/oia\/esp\/index.aspx\">Observatorio de la infancia de Andaluc\u00eda<\/a><\/li>\n<li><a href=\"http:\/\/www.oei.es\/\">Organizaci\u00f3n de Estados Iberoamericanos. Informaci\u00f3n sobre Educaci\u00f3n, Ciencia y Cultura iberoamericana<\/a>s: Sistemas Educativos de los 23 pa\u00edses iberoamericanos. CREDI, Revista Iberoamericana de Educaci\u00f3n<\/li>\n<li><a href=\"https:\/\/www.educacion.gob.es\/teseo\/irGestionarConsulta.do\">TESEO<\/a>: Base de datos sobre Tesis Doctorales le\u00eddas en Espa\u00f1a.<\/li>\n<li><a href=\"http:\/\/xtec.gencat.cat\/ca\/\">XTEC<\/a>: Programa de inform\u00e1tica Educativa de la Generalidad de Catalu\u00f1a: Software (que incluye la maravilla del Clic), p\u00e1ginas interesante, actividades, etc.<\/li>\n<\/ul>\n<p><strong>\u2013 Personales<\/strong><\/p>\n<ul>\n<li><a href=\"http:\/\/www.becas.com\/\">Becas:<\/a> Informaci\u00f3n sobre becas, premios, ayudas, subvenciones y trabajo.<\/li>\n<li>Buscador de <a href=\"http:\/\/www.tumaster.com\/\">Masters<\/a> y Doctorados, seg\u00fan perfil del alumno. Tambi\u00e9n busca posibles becas.<\/li>\n<\/ul>\n<p><strong>DICCIONARIOS Y OTRAS FUENTES DE REFERENCIA<\/strong><\/p>\n<ul>\n<li><a href=\"http:\/\/www.atlapedia.com\/\">Atlapedia Online<\/a><\/li>\n<li><a href=\"http:\/\/www.fudepa.org\/Biblioteca\/sobre.aspx\">Biblioteca Digital sobre Migraciones e Interculturalidad<\/a><\/li>\n<li><a href=\"http:\/\/www.ucm.es\/info\/eurotheo\/diccionario\/\">Diccionario Cr\u00edtico de Ciencias Sociales<\/a><\/li>\n<li><a href=\"http:\/\/www.psychology.org\/\">Encyclopedia of Psychology<\/a><\/li>\n<li><a href=\"http:\/\/www.si.edu\/\">Encyclopedia Smithsonian<\/a><\/li>\n<li><a href=\"http:\/\/www.elalmanaque.com\/Ensenanza\/ensenanza.htm\">L\u00e9xico Educaci\u00f3n (El Almanaque)<\/a><\/li>\n<li><a href=\"http:\/\/www.chez.com\/sociol\/socio\/lexique.htm\">Lexique de la Sociologie<\/a><\/li>\n<li><a href=\"http:\/\/www.stars21.com\/sports.html\">Sports Glossaries<\/a><\/li>\n<li><a href=\"https:\/\/www.vocabularyserver.com\/eurydice\/es\/\">Tesauro Europeo de los Sistemas Educativos<\/a><\/li>\n<\/ul>\n<p><strong>BASES DE DATOS<\/strong><\/p>\n<ul>\n<li><u><a href=\"https:\/\/www.psicodoc.org\/\">Psicodoc<\/a><\/u>: es una base de datos sobre Psicolog\u00eda y disciplinas afines en el \u00e1mbito hispanohablante realizada por el Colegio Oficial de Psic\u00f3logos (COP) y la colaboraci\u00f3n de la Biblioteca de la Facultad de Psicolog\u00eda de la Universidad Complutense de Madrid. Incluye los trabajos publicados en revistas cient\u00edficas, congresos y libros compilados cuya tem\u00e1tica sea la Psicolog\u00eda y disciplinas afines, procedentes de Espa\u00f1a y Am\u00e9rica Latina, desde 1975 hasta la actualidad.<\/li>\n<li><a href=\"http:\/\/www.redined.mec.es\/\">REDINED <\/a>: Red de bases de datos de informaci\u00f3n Educativa patrocinada por el Ministerio<\/li>\n<\/ul>\n<p><strong>RECURSOS WEB EN ABIERTO<\/strong><\/p>\n<p><strong>\u2013 Revistas tem\u00e1ticas Open Access<\/strong><\/p>\n<ul>\n<li><a href=\"http:\/\/comunidad-escolar.cnice.mec.es\/874\/portada.html\">Comunidad escolar<\/a><\/li>\n<li><a href=\"http:\/\/www.uclm.es\/varios\/revistas\/docenciaeinvestigacion\/\">Docencia e Investigaci\u00f3n<\/a><\/li>\n<li><a href=\"http:\/\/www.edutec.es\/revista\/index.php\/edutec-e\">EDUTEC-E: Revista Electr\u00f3nica de Tecnolog\u00eda Educativa<\/a><\/li>\n<li><a href=\"http:\/\/www.finanzasparatodos.es\/gepeese\/index.html\">Gepeese: Programa de Educaci\u00f3n Financiera<\/a><\/li>\n<li><a href=\"http:\/\/www.juntadeandalucia.es\/educacion\/nav\/contenido.jsp?pag=\/Contenidos\/PSE\/orientacionyatenciondiversidad\/orientacion\/guiapoat\">Gu\u00eda para la elaboraci\u00f3n del Plan de Orientaci\u00f3n y Acci\u00f3n Tutorial en los Institutos de Educaci\u00f3n Secundaria:<\/a> documento elaborado por la Junta de Andaluc\u00eda<\/li>\n<li><a href=\"http:\/\/revistas.um.es\/rie\/index\">Revista de Investigaci\u00f3n Educativa<\/a><\/li>\n<li><a href=\"http:\/\/www.revistadepedagogia.org\/\">Revista Espa\u00f1ola de pedagog\u00eda<\/a><\/li>\n<li><a href=\"https:\/\/rieoei.org\/RIE\">Revista Iberoamericana de Educaci\u00f3n<\/a><\/li>\n<\/ul>\n<p><strong>BLOGS Y WIKIS<\/strong><\/p>\n<ul>\n<li><a href=\"http:\/\/www.ayudaparamaestros.com\/\">Ayuda para Maestros<\/a>: blog con recursos TIC para todas las etapas educativas<\/li>\n<li><a href=\"http:\/\/www.elblogdemanuvelasco.com\/\">Blog de Manu Velasco, El:<\/a> El autor del blog ha reunido en su espacio cantidad de recursos dirigidos a los docentes. Es, adem\u00e1s, especialista en innovaci\u00f3n educativa y TIC y formador de profesorado. Expolearning ha situado este espacio como el mejor blog de e-learning de Espa\u00f1a y Am\u00e9rica Latina.<\/li>\n<li><a href=\"http:\/\/www.fzayas.com\/darlealalengua\/\">Darle a la lengua<\/a><\/li>\n<li><a href=\"https:\/\/xarxatic.com\/edublogs\/\">Edublogs<\/a>: Selecci\u00f3n de direcciones de Blogs Educativos alojados en la p\u00e1gina <a href=\"https:\/\/xarxatic.com\/\">Xarxatic<\/a> del profesor Jordi Mart\u00ed.<\/li>\n<li><a href=\"http:\/\/recursostic-cole.blogspot.com\/\">Enlaces educativos<\/a><\/li>\n<li><a href=\"http:\/\/orientatierra.blogspot.com.es\/\">Orienta Tierra<\/a>: Blog de orientaci\u00f3n educativa<\/li>\n<li><a href=\"http:\/\/ayudaparamaestros.blogspot.com.es\/\">Recursos para Maestros<\/a><\/li>\n<li><u><a href=\"http:\/\/didactalia.net\/comunidad\/materialeducativo\">Didactalia: Contenidos digitales educativo<\/a>s<\/u><\/li>\n<\/ul>\n<p><strong>PORTALES TEM\u00c1TICOS<\/strong><\/p>\n<ul>\n<li><a href=\"http:\/\/www.agorabierta.com\/\">Agora Abierta<\/a>: Portal de recursos educativos<\/li>\n<li><a href=\"http:\/\/www.oei.es\/bibliotecadigital.php\">Biblioteca digital de la OEI<\/a><\/li>\n<li><a href=\"https:\/\/sites.google.com\/view\/cool-tools-for-schools\">Cool Tools for schools<\/a>: Selecci\u00f3n de herramientas educativas de Google<\/li>\n<li><a href=\"http:\/\/www.educacontic.es\/\">Educacontic<\/a>: el uso de las tic en el aula<\/li>\n<li><a href=\"http:\/\/www.edured2000.net\/\">EduRed 2000 : Comunidad virtual de recursos educativos<\/a><\/li>\n<li><a href=\"http:\/\/www.enlanubetic.com.es\/\">En la nube TIC<\/a>: proyecto colaborativo de difusi\u00f3n de las TIC en el \u00e1mbito educativo<\/li>\n<li><u><a href=\"https:\/\/www.examtime.com\/es\/universitarios\/\">ExamTime: portal informativo para j\u00f3venes que quieren acceder a la Universidad y estudiantes universitarios.<\/a><\/u><\/li>\n<li><a href=\"http:\/\/www.ub.edu\/histodidactica\/\">Histodid\u00e1ctica:<\/a> Did\u00e1ctica de la Historia y Otras Ciencias Sociales<\/li>\n<li><a href=\"http:\/\/www.claudiomoyano.es\/\">Instituto Claudio Moyano (Zamora):<\/a> P\u00e1gina web de este Instituto reconocido por la calidad de su ense\u00f1anza.<\/li>\n<li><a href=\"http:\/\/www.mad.es\/\">MAD<\/a>: Editorial especializada en oposiciones<\/li>\n<li><a href=\"http:\/\/www.monografias.com\/Educacion\/index.shtml\">Monograf\u00edas.com<\/a>\u00a0 (Educaci\u00f3n)<\/li>\n<li><a href=\"https:\/\/openlibra.com\/es\/collection\/search\/category\/educacion-biblioteca\">Open Libra Educaci\u00f3n<\/a>: Biblioteca online sobre educaci\u00f3n<\/li>\n<li><a href=\"https:\/\/www.grupoactitudes.com\/proyectoincoba\">Proyecto INCOBA<\/a>: propuesta del Grupo Actitudes para el desarrollo de las Competencias B\u00e1sicas en los centros escolares<\/li>\n<li><a href=\"http:\/\/sauce.pntic.mec.es\/falcon\/recursos.html#EDUCACI%D3N_PRIMARIA\">Recursos Educativos<\/a><\/li>\n<li><a href=\"http:\/\/www.unicoos.com\/\">Unicoos<\/a>: Unicoos es una organizaci\u00f3n educativa sin \u00e1nimo de lucro y un sitio web creado en 2011 por el ingeniero de sistemas de telecomunicaci\u00f3n espa\u00f1ol David Calle, licenciado por la Universidad Polit\u00e9cnica de Madrid, basada en el canal de YouTube del mismo nombre, donde pueden encontrarse cientos de v\u00eddeos de matem\u00e1ticas, f\u00edsica, qu\u00edmica y tecnolog\u00eda, principalmente de contenidos preuniversitarios (\u00faltimos a\u00f1os de secundaria y bachillerato) y primeros a\u00f1os universitarios. Las lecciones que imparte se pueden encontrar en su p\u00e1gina web y tambi\u00e9n en el canal de YouTube.<\/li>\n<li><a href=\"http:\/\/www.educa.jcyl.es\/educacyl\/cm\/zonaalumnos\">Zona de alumnos (Junta de Castilla Y Le\u00f3n)<\/a><\/li>\n<\/ul>\n<p><strong>DIRECCIONES WEB DE LAS ASIGNATURAS DEL MASTER DE EDUCACI\u00d3N SECUNDARIA<\/strong><\/p>\n<p><strong>ADMINISTRACI\u00d3N Y GESTI\u00d3N DE LA PEQUE\u00d1A EMPRESA<\/strong><\/p>\n<ul>\n<li><a href=\"http:\/\/www.cincodias.com\/\">CincoD\u00edas : econom\u00eda, finanzas y empresas<\/a><\/li>\n<li><a href=\"http:\/\/www.expansion.com\/index.html?a=1305a3f28a4328e4dc4dd91345f65675&amp;t=1315469420\">Expansi\u00f3n. <\/a><\/li>\n<li><a href=\"http:\/\/www.invertia.com\/\">Invertia.com. Noticias, bolsa, mercados, cotizaciones, finanzas, economia, fondos<\/a><\/li>\n<li><a href=\"http:\/\/www.minetur.gob.es\/es-ES\/Paginas\/index.aspx\">Ministerio de Industria, Energ\u00eda y Turismo<\/a><\/li>\n<li><a href=\"http:\/\/www.circe.es\/Circe.Publico.Web\/pub\/Default.aspx\">Portal CIRCE<\/a> : PYMES<\/li>\n<li><a href=\"http:\/\/www.icex.es\/icex\/es\/navegacion-principal\/todos-nuestros-servicios\/servicios-a-medida\/servicios-personalizados\/index.html\">Servicios Personalizados de Comercio Exterior \u2013 ICEX<\/a><\/li>\n<\/ul>\n<p><strong>APRENDIZAJE Y ENSE\u00d1ANZA DE LAS MATERIAS CORRESPONDIENTES (BIOLOG\u00cdA Y GEOLOG\u00cdA)<\/strong><\/p>\n<ul>\n<li><a href=\"http:\/\/www.oei.es\/es83.htm\">Revista eureka : Divulgaci\u00f3n del conocimiento, ciencia y cultura\u00a0\u00a0 <\/a><\/li>\n<li><a href=\"http:\/\/pubs.rsc.org\/en\/journals\/journalissues\/rp\">Chemistry Education Research and Practice\u00a0 Home-The journal for teachers, researchers and other practitioners in chemistry education.<\/a><\/li>\n<li><a href=\"http:\/\/pubs.acs.org\/journal\/jceda8\">Journal of Chemical Education Online<\/a><\/li>\n<li><a href=\"http:\/\/iopscience.iop.org\/0031-9120\/\">IOPscience : Physics Education<\/a><\/li>\n<li><a href=\"http:\/\/recursos.cnice.mec.es\/biosfera\/profesor\/unidades.htm\">Proyecto Biosfera<\/a>: Unidades did\u00e1cticas multimedia interactivas, herramientas y recursos para las materias de Biolog\u00eda y Geolog\u00eda para la Ense\u00f1anza Secundaria Obligatoria y Bachillerato<\/li>\n<\/ul>\n<p>&nbsp;<\/p>\n<p><strong>\u00a0<\/strong><\/p>\n<p><strong>APRENDIZAJE Y ENSE\u00d1ANZA DE LAS MATERIAS CORRESPONDIENTES (GEOGRAF\u00cdA E HISTORIA)<\/strong><\/p>\n<ul>\n<li><a href=\"http:\/\/www.artehistoria.com\/\">ARTEHISTORIA: la p\u00e1gina del Arte y la Cultura en Espa\u00f1ol<\/a><\/li>\n<li><a href=\"http:\/\/didactica-ciencias-sociales.org\/\">Ense\u00f1anza de las ciencias sociales (revista)\u00a0\u00a0\u00a0 <\/a><\/li>\n<li><a href=\"http:\/\/www.fao.org\/index_es.htm\">FAO: P\u00e1gina principal de la FAO<\/a><\/li>\n<li><a href=\"http:\/\/www.ub.edu\/histodidactica\/\">HIstodid\u00e1ctica : ENSE\u00d1ANZA DE LA HISTORIA \/ DID\u00c1CTICA DE LAS CIENCIAS SOCIALES \u00a0<\/a><\/li>\n<\/ul>\n<p><strong>APRENDIZAJE Y ENSE\u00d1ANZA DE LAS MATERIAS CORRESPONDIENTES (INGL\u00c9S)<\/strong><\/p>\n<ul>\n<li>British Council Site for Teaching English: \u00a0<strong><a href=\"http:\/\/www.teachingenglish.org.uk\/\">TeachingEnglish | British Council | BBC<\/a><\/strong><\/li>\n<li>European Language Portfolio: <strong><a href=\"https:\/\/www.coe.int\/en\/web\/portfolio\">Portfolio<\/a><\/strong><\/li>\n<li><strong><a href=\"http:\/\/iteslj.org\/\">Internet TESL Journal (For ESL\/EFL Teachers)<\/a><\/strong><\/li>\n<li>One Stop English: <strong><a href=\"http:\/\/www.onestopenglish.com\/\">Onestopenglish<\/a><\/strong><\/li>\n<li><strong><a href=\"http:\/\/www.literacy.uconn.edu\/compre.htm\">Reading Comprehension<\/a><\/strong><\/li>\n<\/ul>\n<p><strong>LA FORMACI\u00d3N PROFESIONAL EN\u00a0 EL SISTEMA EDUCATIVO<\/strong><\/p>\n<ul>\n<li><a href=\"http:\/\/www.todofp.es\/\">TodoFP : El portal de la Formaci\u00f3n Profesional<\/a><\/li>\n<\/ul>\n<p><strong>INNOVACI\u00d3N DOCENTE E INICIACI\u00d3N A LA INVESTIGACI\u00d3N EDUCATIVA (FORMACI\u00d3N Y ORIENTACI\u00d3N LABORAL)<\/strong><\/p>\n<ul>\n<li><a href=\"http:\/\/www.insht.es\/portal\/site\/Insht\/\">Instituto Nacional de Seguridad e Higiene en el Trabajo (INSHT)<\/a><\/li>\n<li><a href=\"http:\/\/www.mtin.es\/\">Ministerio de Trabajo e Inmigraci\u00f3n: P\u00e1gina principal<\/a><\/li>\n<li><a href=\"http:\/\/folexcontic.blogspot.com.es\/2009\/10\/sitios-webs-de-fol.html\">Sitios webs elaborados por profesores\/as de FOL<\/a><\/li>\n<\/ul>\n<p><strong>INNOVACI\u00d3N DOCENTE E INICIACI\u00d3N A LA INVESTIGACI\u00d3N EDUCATIVA (GEOGRAF\u00cdA E HISTORIA)<\/strong><\/p>\n<ul>\n<li><a href=\"http:\/\/www.educared.org\/global\/educared\/\">EducaRed<\/a><\/li>\n<li><a href=\"http:\/\/www.eduteka.org\/\">Eduteka <\/a><\/li>\n<li><a href=\"http:\/\/www.ite.educacion.es\/\">Instituto de Tecnolog\u00edas Educativas \u2013 ITE<\/a><\/li>\n<li><a href=\"http:\/\/www.educa.jcyl.es\/profesorado\/es\/innovacion-educativa\">Junta de Castilla y Le\u00f3n, Profesorado- Innovaci\u00f3n educativa<\/a><\/li>\n<li><a href=\"http:\/\/www.educa.jcyl.es\/profesorado\/es\/recursos-aula\">Junta de Castilla y Le\u00f3n , Profesorado &#8211; recursos para el aula)<\/a><\/li>\n<\/ul>\n<p><strong>INNOVACI\u00d3N DOCENTE E INICIACI\u00d3N A LA INVESTIGACI\u00d3N EDUCATIVA (INGL\u00c9S)<\/strong><\/p>\n<ul>\n<li><a href=\"http:\/\/flenet.rediris.es\/blog\/carnetweb.html\">Blogs en Educaci\u00f3n<\/a><\/li>\n<li><a href=\"http:\/\/www3.unileon.es\/dp\/dfm\/flenet\/grillesblogs.html\">Evaluaci\u00f3n y an\u00e1lisis : Weblogs y redes sociales<\/a><\/li>\n<li>Isabel\u2019s penpal projects <a href=\"http:\/\/www.isabelperez.com\/students.htm#Projects\">Student Projects &amp; Writings<\/a><\/li>\n<li><a href=\"http:\/\/www.isabelperez.com\/penpal.htm\">Penpal Links<\/a><\/li>\n<li><a href=\"http:\/\/flenet.rediris.es\/\">Red Iris- Projet Flenet (FLE, Fran\u00e7ais langue \u00e9trang\u00e8re et Internet, FLENET, RedIRIS<\/a><\/li>\n<\/ul>\n<p>Elaborado por la Biblioteca de la Facultad de Educaci\u00f3n<br \/>\nFecha de actualizaci\u00f3n: 1 de febrero de 2020.<\/p>\n","protected":false},"excerpt":{"rendered":"<p>Tweet SEDES WEB \u2013 Institucionales AVERROES: Red Telem\u00e1tica Educativa de Andaluc\u00eda CNIIE : Centro Nacional de Innovaci\u00f3n e Investigaci\u00f3n Educativa EDUCARED: Innovaci\u00f3n educativa a trav\u00e9s de las nuevas tecnolog\u00edas Educacyl: Portal de educaci\u00f3n de la junta de Catilla y Le\u00f3n &hellip; <a href=\"https:\/\/bibliotecas.unileon.es\/educacion\/recursos-web-sobre-master-educacion-secundaria\/\">Sigue leyendo <span class=\"meta-nav\">&rarr;<\/span><\/a><\/p>\n","protected":false},"author":24,"featured_media":0,"parent":0,"menu_order":0,"comment_status":"open","ping_status":"open","template":"","meta":{"_bbp_topic_count":0,"_bbp_reply_count":0,"_bbp_total_topic_count":0,"_bbp_total_reply_count":0,"_bbp_voice_count":0,"_bbp_anonymous_reply_count":0,"_bbp_topic_count_hidden":0,"_bbp_reply_count_hidden":0,"_bbp_forum_subforum_count":0,"footnotes":""},"class_list":["post-245","page","type-page","status-publish","hentry"],"_links":{"self":[{"href":"https:\/\/bibliotecas.unileon.es\/educacion\/wp-json\/wp\/v2\/pages\/245","targetHints":{"allow":["GET"]}}],"collection":[{"href":"https:\/\/bibliotecas.unileon.es\/educacion\/wp-json\/wp\/v2\/pages"}],"about":[{"href":"https:\/\/bibliotecas.unileon.es\/educacion\/wp-json\/wp\/v2\/types\/page"}],"author":[{"embeddable":true,"href":"https:\/\/bibliotecas.unileon.es\/educacion\/wp-json\/wp\/v2\/users\/24"}],"replies":[{"embeddable":true,"href":"https:\/\/bibliotecas.unileon.es\/educacion\/wp-json\/wp\/v2\/comments?post=245"}],"version-history":[{"count":2,"href":"https:\/\/bibliotecas.unileon.es\/educacion\/wp-json\/wp\/v2\/pages\/245\/revisions"}],"predecessor-version":[{"id":761,"href":"https:\/\/bibliotecas.unileon.es\/educacion\/wp-json\/wp\/v2\/pages\/245\/revisions\/761"}],"wp:attachment":[{"href":"https:\/\/bibliotecas.unileon.es\/educacion\/wp-json\/wp\/v2\/media?parent=245"}],"curies":[{"name":"wp","href":"https:\/\/api.w.org\/{rel}","templated":true}]}}