{"id":247,"date":"2013-05-08T10:59:13","date_gmt":"2013-05-08T08:59:13","guid":{"rendered":"http:\/\/bibliotecas.unileon.es\/educacion\/?page_id=247"},"modified":"2020-02-13T10:12:39","modified_gmt":"2020-02-13T08:12:39","slug":"recursos-web-sobre-educacion-en-general","status":"publish","type":"page","link":"https:\/\/bibliotecas.unileon.es\/educacion\/recursos-web-sobre-educacion-en-general\/","title":{"rendered":"Recursos web sobre Educaci\u00f3n en general"},"content":{"rendered":"\n<!-- This is the start of the WP Twitter Button code -->\n<div id=\"rk_wp_twitter_button\" style=\"margin: 0px 0px 0px 0px; float: right\"><a href=\"http:\/\/twitter.com\/share\" class=\"twitter-share-button\" data-url=\"https:\/\/bibliotecas.unileon.es\/educacion\/recursos-web-sobre-educacion-en-general\/\" data-count=\"horizontal\">Tweet<\/a><script type=\"text\/javascript\" src=\"http:\/\/platform.twitter.com\/widgets.js\"><\/script><\/div>\n<!-- This is the end of the WP Twitter Button code -->\n\n<h1><\/h1>\n<p>SEDES WEB<\/p>\n<p>\u2013 Institucionales<\/p>\n<ul>\n<li><a href=\"http:\/\/www.uv.es\/aidipe\/\">AIDIPE<\/a>: Asociaci\u00f3n Interuniversitaria de Investigaci\u00f3n Pedag\u00f3gica.<\/li>\n<li><a href=\"http:\/\/www.waece.org\/index.php\">AMEI<\/a>: Asociaci\u00f3n Mundial de Educadores Infantiles.<\/li>\n<li><a href=\"http:\/\/www.canalcursos.com\/Formacion-y-cursos-Ciencias-Sociales-mcat17.htm\">Canalcursos<\/a>: Buscador de cursos.<\/li>\n<li><a href=\"http:\/\/www.centrohuertadelrey.com\/\">Centro Huerta del Rey<\/a>: Especializado en superdotados. Mucho material interesante.<\/li>\n<li><a href=\"http:\/\/www.educacion.gob.es\/cniie\">Centro Nacional de Innovaci\u00f3n e Investigaci\u00f3n Educativa<\/a><\/li>\n<li><a href=\"http:\/\/www.conocimientosweb.net\/\">Conocimientosweb: El portal de la educaci\u00f3n no formal<\/a><\/li>\n<li><a href=\"http:\/\/www.asociacioncreatica.org\/\">Cre\u00e1tica. Asociaci\u00f3n venezolana sobre el desarrollo de la inteligencia<\/a>: realizan informes, talleres para el desarrollo de la inteligencia, publicaciones, etc.<\/li>\n<li><a href=\"http:\/\/www.educared.net\/\">EDUCARED<\/a>: Innovaci\u00f3n educativa a trav\u00e9s de las nuevas tecnolog\u00edas<\/li>\n<li><a href=\"https:\/\/www.educa.jcyl.es\/es\">Educacyl<\/a>: Portal de Educaci\u00f3n de la Junta de Catilla y Le\u00f3n<\/li>\n<li><a href=\"http:\/\/ec.europa.eu\/education\/index_en.html\">Education and Training<\/a> (Comisi\u00f3n Europea)<\/li>\n<li><a href=\"http:\/\/www.educaweb.com\/\">Educaweb.com<\/a>: \u201cportal especializado en educaci\u00f3n y formaci\u00f3n de mayor audiencia en Espa\u00f1a\u201d. Muy completo. Existe tambi\u00e9n una versi\u00f3n en catal\u00e1n.<\/li>\n<li><a href=\"http:\/\/www.e-logopedia.net\/portal.html\">E-Logopedianet:<\/a> montones de cosas sobre Logopedia<\/li>\n<li><a href=\"http:\/\/www.fesoca.org\/\">Federaci\u00f3n de Sordos de Catalu\u00f1a<\/a>: p\u00e1ginas con informaci\u00f3n variada sobre este tipo de discapacidad.<\/li>\n<li><a href=\"http:\/\/www.fiapas.es\/\">FIAPAS<\/a> (Federaci\u00f3n Espa\u00f1ola de Asociaciones de Padres y Amigos de los Sordos).<\/li>\n<li><a href=\"https:\/\/www.mecd.gob.es\/inee\/portada.html\">Instituto Nacional de Evaluaci\u00f3n Educativa<\/a>: Se dedica a la evaluaci\u00f3n de la calidad del sistema educativo. (Ministerio de Educaci\u00f3n)<\/li>\n<li><a href=\"http:\/\/www.ite.educacion.es\/\">Instituto Nacional de Tecnolog\u00edas Educativas y Formaci\u00f3n del Profesorado (INTEF) <\/a><\/li>\n<li><a href=\"http:\/\/inico.usal.es\/\">Integraci\u00f3n de Personas con Discapacidad<\/a>: Informaci\u00f3n sobre las actividades que se desarrollan en la Universidad de Salamanca en el campo de la integraci\u00f3n de personas con discapacidad (Master, Doctorado, Investigaci\u00f3n, etc.).<\/li>\n<li><a href=\"http:\/\/www.mansioningles.com\/\">La mansi\u00f3n del ingl\u00e9s<\/a>: Mucho material interesante para aprender y ense\u00f1ar ingl\u00e9s.<\/li>\n<li>Materiales e ideas para<a href=\"http:\/\/boj.pntic.mec.es\/~mbed0005\/\"> ense\u00f1ar Ingl\u00e9s <\/a>en Infantil y Primaria<\/li>\n<li><a href=\"http:\/\/www.educacionyfp.gob.es\/portada.html\">MEFP<\/a>: Ministerio de Educaci\u00f3n, Cultura y Deporte<\/li>\n<li><a href=\"http:\/\/www.oei.es\/\">Organizaci\u00f3n de Estados Iberoamericanos. Informaci\u00f3n sobre Educaci\u00f3n, Ciencia y Cultura iberoamericana<\/a>s: Sistemas Educativos de los 23 pa\u00edses iberoamericanos. CREDI, Revista Iberoamericana de Educaci\u00f3n<\/li>\n<li><a href=\"http:\/\/ec.europa.eu\/ploteus\/home_es.htm\">Ploteus <\/a>: Portal sobre oportunidades de aprendizaje en todo el espacio europeo<\/li>\n<li><a href=\"http:\/\/xtec.gencat.cat\/ca\/\">Programa de inform\u00e1tica Educativa de la Generalidad de Catalu\u00f1a<\/a>: Software (que incluye la maravilla del Clic), p\u00e1ginas interesante, actividades, etc.<\/li>\n<li><a href=\"http:\/\/www.mecd.gob.es\/educacion-mecd\/mc\/redie-eurydice\/inicio\">REDIE:<\/a> Red espa\u00f1ola de informaci\u00f3n sobre educaci\u00f3n (Eurydice Espa\u00f1a)<\/li>\n<li><a href=\"http:\/\/www.sindromedown.net\/\">S\u00edndrome de Down<\/a>: Pretende aumentar la comunicaci\u00f3n entre personas afectadas y padres de personas con el s\u00edndrome de Down.<\/li>\n<li><a href=\"http:\/\/www.sepedagogia.es\/\">Sociedad Espa\u00f1ola de Pedagog\u00eda<\/a><\/li>\n<li><a href=\"https:\/\/www.educacion.gob.es\/teseo\/irGestionarConsulta.do;jsessionid=3E788238C94E3679CA72FF21AF4CD87C\">TESEO<\/a>: Base de datos sobre Tesis Doctorales le\u00eddas en Espa\u00f1a.<\/li>\n<li><a href=\"http:\/\/www.unesco.org\/new\/es\/education\/\">UNESCO Educaci\u00f3n<\/a><\/li>\n<li><a href=\"http:\/\/pcuesta.webs.uvigo.es\/enlaces\/\">Universidad de Vigo:<\/a> Recopilaci\u00f3n de enlaces: \u00abAplicaciones educativas de la Web 2.0\u00bb<\/li>\n<li><a href=\"http:\/\/e-spacio.uned.es\/fez\/\">Universidad Nacional de Educaci\u00f3n a Distancia (UNED):<\/a> Repositorio Institucional<\/li>\n<\/ul>\n<p>\u2013 Personales<\/p>\n<ul>\n<li><a href=\"http:\/\/www.becas.com\/\">Becas:<\/a> Informaci\u00f3n sobre becas, premios, ayudas, subvenciones y trabajo.<\/li>\n<li>Buscador de <a href=\"http:\/\/www.tumaster.com\/\">Masters<\/a> y Doctorados, seg\u00fan perfil del alumno. Tambi\u00e9n busca posibles becas.<\/li>\n<li><a href=\"http:\/\/www.xtec.es\/~jlagares\/indexcastella.htm\">P\u00e1gina de Jordi Lagares<\/a>: Especialmente dedicado a profesores y entusiastas de las matem\u00e1ticas, f\u00edsica, educaci\u00f3n especial, programadores de aplicaciones educativas, multimedia \u2026<\/li>\n<li><a href=\"http:\/\/www.rauldiego.es\/blog\/\">P\u00e1gina de Ra\u00fal Diego:<\/a> blog de recursos educativos (muy bueno)<\/li>\n<\/ul>\n<p>&nbsp;<\/p>\n<p>OBRAS DE REFERENCIA<\/p>\n<ul>\n<li><a href=\"http:\/\/www.educaguia.com\/buscador-portal-educativo.asp\">Buscadores y portales educativos\u00a0<\/a><\/li>\n<\/ul>\n<p>&nbsp;<\/p>\n<p>BASES DE DATOS<\/p>\n<ul>\n<li><a href=\"http:\/\/www.magislex.com\/index.asp\">Magislex<\/a>: Servicio de legislaci\u00f3n educativa.<\/li>\n<li><a href=\"http:\/\/www.redined.mec.es\/\">REDINET<\/a>: Red de base de datos de informaci\u00f3n educativa.<\/li>\n<\/ul>\n<p>&nbsp;<\/p>\n<p>RECURSOS WEB EN ABIERTO<\/p>\n<p>\u2013 Colecciones digitales<\/p>\n<ul>\n<li><a href=\"http:\/\/www.lmi.ub.es\/te\/\">Biblioteca Digital de la OEI:<\/a> Centro de Recursos Documentales e Inform\u00e1ticos (CREDI).<\/li>\n<li><u><a href=\"http:\/\/didactalia.net\/comunidad\/materialeducativo\">Didactalia : Contenidos digitales educativo<\/a>s<\/u><\/li>\n<li><a href=\"https:\/\/socialwebssite.wordpress.com\/eduredes\/\">EDUREDES:<\/a> redes sociales educativas<\/li>\n<li><a href=\"http:\/\/www.enlanubetic.com.es\/\">En la nube TIC<\/a>: proyecto colaborativo de difusi\u00f3n de las TIC en el \u00e1mbito educativo<\/li>\n<li><a href=\"http:\/\/www.monografias.com\/Educacion\/\">Monograf\u00edas.com<\/a>: El Centro de Tesis, Documentos, Publicaciones y Recursos Educativos m\u00e1s amplio de la Red.<\/li>\n<\/ul>\n<p>\u2013 Revistas tem\u00e1ticas Open Access<\/p>\n<ul>\n<li><a href=\"http:\/\/www.aplicaciones.info\/index.html\">Aplicaciones did\u00e1cticas<\/a><\/li>\n<li><a href=\"http:\/\/ojs.uv.es\/index.php\/attic\">@tic<\/a>: Revista d\u2019innovaci\u00f3 educativa (Universidad de Valencia)<\/li>\n<li><a href=\"http:\/\/recyt.fecyt.es\/index.php\/BORDON\">BORD\u00d3N<\/a>: Revista de la Sociedad Espa\u00f1ola de Pedagog\u00eda.<\/li>\n<li><a href=\"http:\/\/www.revistacomunicar.com\/index.php?contenido=online\">COMUNICAR:<\/a> Revista cient\u00edfica Iberoamericana de Educaci\u00f3n y Comunicaci\u00f3n.<\/li>\n<li><a href=\"http:\/\/comunidad-escolar.pntic.mec.es\/825\/portada.html\">Comunidad Escolar<\/a>: Peri\u00f3digo digital de informaci\u00f3n educativa.<\/li>\n<li><a href=\"http:\/\/www.investigacion-psicopedagogica.org\/revista\/new\/\">Education and Psychology<\/a>: Revista Cient\u00edfica y Profesional de Psicolog\u00eda Educativa.<\/li>\n<li><a href=\"http:\/\/epaa.asu.edu\/ojs\/\">Education Policy Analysis Archives<\/a><\/li>\n<li><a href=\"http:\/\/www.forodeeducacion.com\/\">Foro de educaci\u00f3n<\/a><\/li>\n<li><a href=\"http:\/\/www2.uca.es\/HEURESIS\/\">HEURESIS<\/a>: Revista electr\u00f3nica de investigaci\u00f3n curricular y educativa.<\/li>\n<li><a href=\"http:\/\/www.revistaeducacion.mec.es\/\">Revista de Educaci\u00f3n<\/a> (Ministerio de Educaci\u00f3n ).<\/li>\n<li><a href=\"http:\/\/www.uv.es\/RELIEVE\/\">RELIEVE<\/a>: Revista electr\u00f3nica de Investigaci\u00f3n y Evaluaci\u00f3n Educativa.<\/li>\n<li><a href=\"http:\/\/www.revistadepedagogia.org\/\">Revista espa\u00f1ola de pedagog\u00eda<\/a><\/li>\n<li><a href=\"https:\/\/rieoei.org\/RIE\">Revista Iberoamericana de Educaci\u00f3n<\/a><\/li>\n<li><a href=\"http:\/\/reddigital.cnice.mec.es\/6\/Portada\/portada.php\">RED DIGITAL<\/a>: Revista de tecnolog\u00edas de la informaci\u00f3n y comunicaci\u00f3n educativas<\/li>\n<\/ul>\n<p>&nbsp;<\/p>\n<p>PORTALES TEM\u00c1TICOS<\/p>\n<ul>\n<li><a href=\"http:\/\/ardilladigital.com\/index.htm\">La Ardilla Digital<\/a>: Recursos digitales para Educaci\u00f3n Especial<\/li>\n<li><a href=\"http:\/\/www.ayudaparamaestros.com\/\">Ayuda para Maestros<\/a>: blog con recursos TIC para todas las etapas educativas<\/li>\n<li><a href=\"http:\/\/www.elblogdemanuvelasco.com\/\">Blog de Manu Velasco, El:<\/a> El autor del blog ha reunido en su espacio cantidad de recursos dirigidos a los docentes. Es, adem\u00e1s, especialista en innovaci\u00f3n educativa y TIC y formador de profesorado. Expolearning ha situado este espacio como el mejor blog de e-learning de Espa\u00f1a y Am\u00e9rica Latina.<\/li>\n<li><a href=\"https:\/\/sites.google.com\/view\/cool-tools-for-schools\">Cool Tools for Schools<\/a>: Selecci\u00f3n de herramientas educativas de Google<\/li>\n<li><a href=\"http:\/\/www.educacontic.es\/\">Educacontic<\/a>: el uso de las tic en el aula<\/li>\n<li><a href=\"http:\/\/www.educa2.madrid.org\/educamadrid\/\">EducaMadrid:<\/a> ofrece servicios educativos basados en la tecnolog\u00eda para profesores, alumnos, familias y centros.<\/li>\n<li><a href=\"http:\/\/www.educaplay.com\/\">Educaplay:<\/a> Portal de Actividades Educativas multimedia<\/li>\n<li><a href=\"http:\/\/www.eduguia.net\/\">Edugu\u00eda : La enciclopedia de la educaci\u00f3n en internet\u00a0\u00a0 <\/a><\/li>\n<li><a href=\"http:\/\/www.eduteka.org\/\">EDUTEKA:<\/a> Portal gratuito para docentes y directivos escolares interesados en mejorar la educaci\u00f3n con el apoyo de las Tecnolog\u00edas de la Informaci\u00f3n y la Comunicaci\u00f3n.<\/li>\n<li><a href=\"http:\/\/www.escuela21.org\/\">Escuela 21<\/a>: un viaje alrededor del mundo visitando las escuelas m\u00e1s innovadoras<\/li>\n<li><a href=\"http:\/\/www.eun.org\/web\/guest;jsessionid=6937FD60DB564F1DF9C5D2619FBE47AE\">European SchoolNet<\/a><\/li>\n<li><a href=\"https:\/\/eacea.ec.europa.eu\/national-policies\/eurydice\/home_es\">EURYDICE<\/a>: The information network on education in Europe.<\/li>\n<li><a href=\"http:\/\/nti.uji.es\/\">Grupo de Nuevas Tecnolog\u00edas de la Informaci\u00f3n (NTI) aplicadas a la Educaci\u00f3n<\/a> del Departamento de Educaci\u00f3n de la Universitat Jaume I en Castell\u00f3n.<\/li>\n<li><a href=\"http:\/\/www.educalim.com\/biblioteca\/\">EducaLIM : Recursos interactivos de ense\u00f1anza de materias<\/a><\/li>\n<li><u><a href=\"https:\/\/www.examtime.com\/es\/universitarios\/\">ExamTime: portal informativo para j\u00f3venes que quieren acceder a la Universidad y estudiantes universitarios.<\/a><\/u><\/li>\n<li><a href=\"https:\/\/openlibra.com\/es\/collection\/search\/category\/educacion-biblioteca\">Open Libra Educaci\u00f3n<\/a>: Biblioteca online sobre educaci\u00f3n<\/li>\n<li><a href=\"http:\/\/peremarques.pangea.org\/pizarra.htm\">La pizarra digital<\/a><\/li>\n<li><a href=\"http:\/\/www.pipoclub.com\/\">PIPO CLUB : Juegos educativos para ni\u00f1os<\/a><\/li>\n<li><a href=\"https:\/\/proyectodescartes.org\/descartescms\/\">Proyecto Descartes<\/a>: Este portal es de la \u00abRed Educativa Digital Descartes\u00bb (RED Descartes), asociaci\u00f3n no gubernamental sin \u00e1nimo de lucro que tiene como fin promover la renovaci\u00f3n y cambio metodol\u00f3gico en los procesos de aprendizaje y ense\u00f1anza de las Matem\u00e1ticas, y tambi\u00e9n en otras \u00e1reas de conocimiento, utilizando los recursos digitales interactivos generados en el Proyecto Descartes<\/li>\n<li><a href=\"https:\/\/www.grupoactitudes.com\/proyectoincoba\">Proyecto INCOBA<\/a>: propuesta del Grupo Actitudes para el desarrollo de las Competencias B\u00e1sicas en los centros escolares<\/li>\n<li><a href=\"http:\/\/www.quadernsdigitals.net\/\">QuadernsDigitals.net<\/a><\/li>\n<li><a href=\"http:\/\/www.recursosmatematicos.com\/redemat.html\">REDEMAT : Recursos de Matem\u00e1ticas en Internet<\/a><\/li>\n<li><a href=\"http:\/\/www.relpe.org\/\">RELPE<\/a>: Red Latinoamericana de Portales Educativos<\/li>\n<li><a href=\"http:\/\/www.unicoos.com\/\">Unicoos<\/a>: Unicoos es una organizaci\u00f3n educativa sin \u00e1nimo de lucro y un sitio web creado en 2011 por el ingeniero de sistemas de telecomunicaci\u00f3n espa\u00f1ol David Calle, licenciado por la Universidad Polit\u00e9cnica de Madrid, basada en el canal de YouTube del mismo nombre, donde pueden encontrarse cientos de v\u00eddeos de matem\u00e1ticas, f\u00edsica, qu\u00edmica y tecnolog\u00eda, principalmente de contenidos preuniversitarios (\u00faltimos a\u00f1os de secundaria y bachillerato) y primeros a\u00f1os universitarios. Las lecciones que imparte se pueden encontrar en su p\u00e1gina web y tambi\u00e9n en el canal de YouTube.<\/li>\n<\/ul>\n<p>&nbsp;<\/p>\n<p>Elaborada por la Biblioteca de la Facultad de Educaci\u00f3n.<\/p>\n<p>Fecha de actualizaci\u00f3n: 1 de febrero de 2020.<\/p>\n<p>&nbsp;<\/p>\n","protected":false},"excerpt":{"rendered":"<p>Tweet SEDES WEB \u2013 Institucionales AIDIPE: Asociaci\u00f3n Interuniversitaria de Investigaci\u00f3n Pedag\u00f3gica. AMEI: Asociaci\u00f3n Mundial de Educadores Infantiles. Canalcursos: Buscador de cursos. Centro Huerta del Rey: Especializado en superdotados. Mucho material interesante. Centro Nacional de Innovaci\u00f3n e Investigaci\u00f3n Educativa Conocimientosweb: El &hellip; <a href=\"https:\/\/bibliotecas.unileon.es\/educacion\/recursos-web-sobre-educacion-en-general\/\">Sigue leyendo <span class=\"meta-nav\">&rarr;<\/span><\/a><\/p>\n","protected":false},"author":24,"featured_media":0,"parent":0,"menu_order":0,"comment_status":"open","ping_status":"open","template":"","meta":{"_bbp_topic_count":0,"_bbp_reply_count":0,"_bbp_total_topic_count":0,"_bbp_total_reply_count":0,"_bbp_voice_count":0,"_bbp_anonymous_reply_count":0,"_bbp_topic_count_hidden":0,"_bbp_reply_count_hidden":0,"_bbp_forum_subforum_count":0,"footnotes":""},"class_list":["post-247","page","type-page","status-publish","hentry"],"_links":{"self":[{"href":"https:\/\/bibliotecas.unileon.es\/educacion\/wp-json\/wp\/v2\/pages\/247","targetHints":{"allow":["GET"]}}],"collection":[{"href":"https:\/\/bibliotecas.unileon.es\/educacion\/wp-json\/wp\/v2\/pages"}],"about":[{"href":"https:\/\/bibliotecas.unileon.es\/educacion\/wp-json\/wp\/v2\/types\/page"}],"author":[{"embeddable":true,"href":"https:\/\/bibliotecas.unileon.es\/educacion\/wp-json\/wp\/v2\/users\/24"}],"replies":[{"embeddable":true,"href":"https:\/\/bibliotecas.unileon.es\/educacion\/wp-json\/wp\/v2\/comments?post=247"}],"version-history":[{"count":3,"href":"https:\/\/bibliotecas.unileon.es\/educacion\/wp-json\/wp\/v2\/pages\/247\/revisions"}],"predecessor-version":[{"id":519,"href":"https:\/\/bibliotecas.unileon.es\/educacion\/wp-json\/wp\/v2\/pages\/247\/revisions\/519"}],"wp:attachment":[{"href":"https:\/\/bibliotecas.unileon.es\/educacion\/wp-json\/wp\/v2\/media?parent=247"}],"curies":[{"name":"wp","href":"https:\/\/api.w.org\/{rel}","templated":true}]}}