{"id":366,"date":"2013-07-24T10:38:07","date_gmt":"2013-07-24T08:38:07","guid":{"rendered":"http:\/\/bibliotecas.unileon.es\/educacion\/?page_id=366"},"modified":"2020-02-13T10:16:37","modified_gmt":"2020-02-13T08:16:37","slug":"nuestras-revistas","status":"publish","type":"page","link":"https:\/\/bibliotecas.unileon.es\/educacion\/nuestras-revistas\/","title":{"rendered":"Nuestras revistas"},"content":{"rendered":"\n<!-- This is the start of the WP Twitter Button code -->\n<div id=\"rk_wp_twitter_button\" style=\"margin: 0px 0px 0px 0px; float: right\"><a href=\"http:\/\/twitter.com\/share\" class=\"twitter-share-button\" data-url=\"https:\/\/bibliotecas.unileon.es\/educacion\/nuestras-revistas\/\" data-count=\"horizontal\">Tweet<\/a><script type=\"text\/javascript\" src=\"http:\/\/platform.twitter.com\/widgets.js\"><\/script><\/div>\n<!-- This is the end of the WP Twitter Button code -->\n\n<p>&nbsp;<\/p>\n<p>En el enlace podr\u00e1s encontrar las publicaciones peri\u00f3dicas que tenemos en la Biblioteca de la Facultad. Algunas de ellas se reciben en la actualidad y otras forman parte de nuestro fondo hist\u00f3rico.<\/p>\n<p>Hemos inclu\u00eddo el \u00edndice de impacto ya que nos parec\u00eda de inter\u00e9s.<\/p>\n<p><a href=\"https:\/\/bibliotecas.unileon.es\/educacion\/files\/2020\/02\/Revistas-de-Educaci\u00f3n-diciembre-2019-Factor-de-Impacto.pdf\" class=\"mtli_attachment mtli_pdf\">Revistas de Educaci\u00f3n (diciembre 2019) + Factor de Impacto<\/a><\/p>\n<p>(Actualizado el 13 de febrero de 2020)<\/p>\n","protected":false},"excerpt":{"rendered":"<p>Tweet &nbsp; En el enlace podr\u00e1s encontrar las publicaciones peri\u00f3dicas que tenemos en la Biblioteca de la Facultad. Algunas de ellas se reciben en la actualidad y otras forman parte de nuestro fondo hist\u00f3rico. Hemos inclu\u00eddo el \u00edndice de impacto &hellip; <a href=\"https:\/\/bibliotecas.unileon.es\/educacion\/nuestras-revistas\/\">Sigue leyendo <span class=\"meta-nav\">&rarr;<\/span><\/a><\/p>\n","protected":false},"author":24,"featured_media":0,"parent":0,"menu_order":0,"comment_status":"open","ping_status":"open","template":"","meta":{"_bbp_topic_count":0,"_bbp_reply_count":0,"_bbp_total_topic_count":0,"_bbp_total_reply_count":0,"_bbp_voice_count":0,"_bbp_anonymous_reply_count":0,"_bbp_topic_count_hidden":0,"_bbp_reply_count_hidden":0,"_bbp_forum_subforum_count":0,"footnotes":""},"class_list":["post-366","page","type-page","status-publish","hentry"],"_links":{"self":[{"href":"https:\/\/bibliotecas.unileon.es\/educacion\/wp-json\/wp\/v2\/pages\/366","targetHints":{"allow":["GET"]}}],"collection":[{"href":"https:\/\/bibliotecas.unileon.es\/educacion\/wp-json\/wp\/v2\/pages"}],"about":[{"href":"https:\/\/bibliotecas.unileon.es\/educacion\/wp-json\/wp\/v2\/types\/page"}],"author":[{"embeddable":true,"href":"https:\/\/bibliotecas.unileon.es\/educacion\/wp-json\/wp\/v2\/users\/24"}],"replies":[{"embeddable":true,"href":"https:\/\/bibliotecas.unileon.es\/educacion\/wp-json\/wp\/v2\/comments?post=366"}],"version-history":[{"count":1,"href":"https:\/\/bibliotecas.unileon.es\/educacion\/wp-json\/wp\/v2\/pages\/366\/revisions"}],"predecessor-version":[{"id":484,"href":"https:\/\/bibliotecas.unileon.es\/educacion\/wp-json\/wp\/v2\/pages\/366\/revisions\/484"}],"wp:attachment":[{"href":"https:\/\/bibliotecas.unileon.es\/educacion\/wp-json\/wp\/v2\/media?parent=366"}],"curies":[{"name":"wp","href":"https:\/\/api.w.org\/{rel}","templated":true}]}}