{"id":419,"date":"2013-10-31T11:31:39","date_gmt":"2013-10-31T09:31:39","guid":{"rendered":"http:\/\/bibliotecas.unileon.es\/educacion\/?page_id=419"},"modified":"2020-01-20T10:45:41","modified_gmt":"2020-01-20T08:45:41","slug":"hacer-un-trabajo-serio","status":"publish","type":"page","link":"https:\/\/bibliotecas.unileon.es\/educacion\/hacer-un-trabajo-serio\/","title":{"rendered":"Gu\u00eda para elaborar un trabajo"},"content":{"rendered":"\n<!-- This is the start of the WP Twitter Button code -->\n<div id=\"rk_wp_twitter_button\" style=\"margin: 0px 0px 0px 0px; float: right\"><a href=\"http:\/\/twitter.com\/share\" class=\"twitter-share-button\" data-url=\"https:\/\/bibliotecas.unileon.es\/educacion\/hacer-un-trabajo-serio\/\" data-count=\"horizontal\">Tweet<\/a><script type=\"text\/javascript\" src=\"http:\/\/platform.twitter.com\/widgets.js\"><\/script><\/div>\n<!-- This is the end of the WP Twitter Button code -->\n\n<p><strong><strong>\u00bfDudas con tu Trabajo Fin de Grado?\u00bfTienes que presentar un trabajo acad\u00e9mico? \u00a1En la Biblioteca te ayudamos!<\/strong><\/strong><\/p>\n<p>&nbsp;<\/p>\n<p><a href=\"http:\/\/biblioteca.unileon.es\/servicios\/servicios-para-alumnos\/trabajo-fin-grado\">Entra en la web de la biblioteca-Servicios &#8211;Servicios para alumnos<\/a><\/p>\n<p>y puedes completar la informaci\u00f3n en este otro apartado tambi\u00e9n de la <a href=\"http:\/\/biblioteca.unileon.es\/ayuda-formacion\">p\u00e1gina web de la biblioteca-Aprendizaje e Investigaci\u00f3n<\/a><\/p>\n<p>Consulta las gu\u00edas super r\u00e1pidas de dos p\u00e1ginas de: Google Acad\u00e9mico, Dialnet, Teseo, Buler\u00eda, Cat\u00e1logo de la Biblioteca y Worldcat en el apartado <a href=\"http:\/\/bibliotecas.unileon.es\/educacion\/quienes-somos\/hacer-un-trabajo-mini-guias\/\">\u00abHacer un trabajo: mini gu\u00edas\u00bb<\/a> que hemos preparado desde la biblioteca.<\/p>\n<p>Puedes consultar el listado de libros existentes en la biblioteca que te ayudar\u00e1n a hacer tu trabajo : <a href=\"https:\/\/bibliotecas.unileon.es\/educacion\/files\/2020\/01\/TFG-TFM-Libros.pdf\" class=\"mtli_attachment mtli_pdf\">TFG &#8211; TFM Libros<\/a><\/p>\n<p><strong>\u00a0<\/strong><\/p>\n","protected":false},"excerpt":{"rendered":"<p>Tweet \u00bfDudas con tu Trabajo Fin de Grado?\u00bfTienes que presentar un trabajo acad\u00e9mico? \u00a1En la Biblioteca te ayudamos! &nbsp; Entra en la web de la biblioteca-Servicios &#8211;Servicios para alumnos y puedes completar la informaci\u00f3n en este otro apartado tambi\u00e9n de &hellip; <a href=\"https:\/\/bibliotecas.unileon.es\/educacion\/hacer-un-trabajo-serio\/\">Sigue leyendo <span class=\"meta-nav\">&rarr;<\/span><\/a><\/p>\n","protected":false},"author":24,"featured_media":0,"parent":0,"menu_order":0,"comment_status":"open","ping_status":"open","template":"","meta":{"_bbp_topic_count":0,"_bbp_reply_count":0,"_bbp_total_topic_count":0,"_bbp_total_reply_count":0,"_bbp_voice_count":0,"_bbp_anonymous_reply_count":0,"_bbp_topic_count_hidden":0,"_bbp_reply_count_hidden":0,"_bbp_forum_subforum_count":0,"footnotes":""},"class_list":["post-419","page","type-page","status-publish","hentry"],"_links":{"self":[{"href":"https:\/\/bibliotecas.unileon.es\/educacion\/wp-json\/wp\/v2\/pages\/419","targetHints":{"allow":["GET"]}}],"collection":[{"href":"https:\/\/bibliotecas.unileon.es\/educacion\/wp-json\/wp\/v2\/pages"}],"about":[{"href":"https:\/\/bibliotecas.unileon.es\/educacion\/wp-json\/wp\/v2\/types\/page"}],"author":[{"embeddable":true,"href":"https:\/\/bibliotecas.unileon.es\/educacion\/wp-json\/wp\/v2\/users\/24"}],"replies":[{"embeddable":true,"href":"https:\/\/bibliotecas.unileon.es\/educacion\/wp-json\/wp\/v2\/comments?post=419"}],"version-history":[{"count":1,"href":"https:\/\/bibliotecas.unileon.es\/educacion\/wp-json\/wp\/v2\/pages\/419\/revisions"}],"predecessor-version":[{"id":471,"href":"https:\/\/bibliotecas.unileon.es\/educacion\/wp-json\/wp\/v2\/pages\/419\/revisions\/471"}],"wp:attachment":[{"href":"https:\/\/bibliotecas.unileon.es\/educacion\/wp-json\/wp\/v2\/media?parent=419"}],"curies":[{"name":"wp","href":"https:\/\/api.w.org\/{rel}","templated":true}]}}