{"id":453,"date":"2014-03-18T14:38:45","date_gmt":"2014-03-18T12:38:45","guid":{"rendered":"http:\/\/bibliotecas.unileon.es\/educacion\/?page_id=453"},"modified":"2020-10-20T12:51:23","modified_gmt":"2020-10-20T10:51:23","slug":"hacer-un-trabajo-mini-guias","status":"publish","type":"page","link":"https:\/\/bibliotecas.unileon.es\/educacion\/quienes-somos\/hacer-un-trabajo-mini-guias\/","title":{"rendered":"Hacer un trabajo (mini gu\u00edas)"},"content":{"rendered":"\n<!-- This is the start of the WP Twitter Button code -->\n<div id=\"rk_wp_twitter_button\" style=\"margin: 0px 0px 0px 0px; float: right\"><a href=\"http:\/\/twitter.com\/share\" class=\"twitter-share-button\" data-url=\"https:\/\/bibliotecas.unileon.es\/educacion\/quienes-somos\/hacer-un-trabajo-mini-guias\/\" data-count=\"horizontal\">Tweet<\/a><script type=\"text\/javascript\" src=\"http:\/\/platform.twitter.com\/widgets.js\"><\/script><\/div>\n<!-- This is the end of the WP Twitter Button code -->\n\n<p>Desde la biblioteca queremos aportar nuestro granito de arena a la hora de hacer un trabajo. Te presentamos unas peque\u00f1as gu\u00edas que te facilitar\u00e1n la tarea.<\/p>\n<p><a href=\"https:\/\/bibliotecas.unileon.es\/educacion\/files\/2020\/02\/GOOGLE-ACAD\u00c9MICO-2018.pdf\" class=\"mtli_attachment mtli_pdf\">GOOGLE ACAD\u00c9MICO<\/a> Localizas informaci\u00f3n cient\u00edfica.<\/p>\n<p><a href=\"https:\/\/bibliotecas.unileon.es\/educacion\/files\/2020\/10\/DIALNET-gu\u00eda-folio-2020-21.pdf\" class=\"mtli_attachment mtli_pdf\">DIALNET <\/a>Puedes consultar cerca de 10.800 t\u00edtulos de revistas hispano-portuguesas de las que el 40% est\u00e1n a texto completo.<\/p>\n<p><a href=\"https:\/\/bibliotecas.unileon.es\/educacion\/files\/2020\/10\/TESEO-gu\u00eda-folio-2020-21.pdf\" class=\"mtli_attachment mtli_pdf\">TESEO <\/a><a href=\"http:\/\/bibliotecas.unileon.es\/educacion\/files\/2018\/09\/Teseo-gu\u00eda-rapida-2018-2019.pdf\" class=\"mtli_attachment mtli_pdf\">. <\/a>Encontrar\u00e1s tesis doctorales le\u00eddas en Espa\u00f1a.<\/p>\n<p><a href=\"http:\/\/bibliotecas.unileon.es\/educacion\/files\/2018\/09\/BULERIA-gu\u00eda-r\u00e1pida-2018-2019.pdf\" class=\"mtli_attachment mtli_pdf\">BULERIA. <\/a>Archivo digital abierto de la Universidad de LE\u00f3n y 100%\u00a0 de texto completo.<\/p>\n<p><a href=\"https:\/\/bibliotecas.unileon.es\/educacion\/files\/2020\/10\/CONSULTA-AL-CAT\u00c1LOGO-2020-21.pdf\" class=\"mtli_attachment mtli_pdf\">Cat\u00e1logo de la Biblioteca de la ULE<\/a>. Contiene informaci\u00f3n de las obras existentes en la Biblioteca Universitaria.<\/p>\n<p><a href=\"https:\/\/bibliotecas.unileon.es\/educacion\/files\/2020\/10\/Recursos-Electr\u00f3nicos-gu\u00eda-folio-2020-21.pdf\" class=\"mtli_attachment mtli_pdf\">Recursos Electr\u00f3nicos<\/a> suscritos por la Biblioteca Universitaria a los que acceder en cualquier momento desde casa o dispositivos m\u00f3viles.<\/p>\n<p><a href=\"https:\/\/bibliotecas.unileon.es\/educacion\/files\/2020\/10\/ERIC-gu\u00eda-folio-2020-21.pdf\" class=\"mtli_attachment mtli_pdf\">ERIC <\/a>. Es el mayor archivo digital de bibliograf\u00eda del mundo educativo y es considerado como el recurso electr\u00f3nico referencial m\u00e1s utilizado tanto en el \u00e1mbito de la educaci\u00f3n como en las disciplinas afines.<\/p>\n<p><a href=\"https:\/\/bibliotecas.unileon.es\/educacion\/files\/2020\/10\/PSICODOC-gu\u00eda-Folio-2020-21.pdf\" class=\"mtli_attachment mtli_pdf\">PSICODOC <\/a>. Es una base de datos bibliogr\u00e1fica, especializada en Psicolog\u00eda.<\/p>\n<p><a href=\"https:\/\/bibliotecas.unileon.es\/educacion\/files\/2020\/10\/SCOPUS-gu\u00eda-folio-2020-21.pdf\" class=\"mtli_attachment mtli_pdf\">SCOPUS <\/a> . Es una base de datos bibliogr\u00e1fica de res\u00famenes y citas de art\u00edculos de revistas cient\u00edficas. Cubre \u00e1reas de: ciencia, tecnolog\u00eda, medicina y ciencias sociales (incluyendo artes y humanidades). Abarca m\u00e1s de 41.000 t\u00edtulos de todas las \u00e1reas. A parte de revistas, tiene series monogr\u00e1ficas, actas de congresos, libros. Producida por Elsevier, adem\u00e1s, permite el acceso al texto completo de los art\u00edculos de revistas que la Universidad tenga suscritas.<\/p>\n<p><a href=\"http:\/\/bibliotecas.unileon.es\/educacion\/files\/2018\/09\/GU\u00cdA-R\u00c1PIDA-DE-MENDELEY.-folio.pdf\" class=\"mtli_attachment mtli_pdf\">MENDELEY<\/a>. Te ayuda a gestionar la bibliograf\u00eda que necesitas.<\/p>\n<p>Actualizado a 13 de febrero de 2020<\/p>\n<p>&nbsp;<\/p>\n","protected":false},"excerpt":{"rendered":"<p>Tweet Desde la biblioteca queremos aportar nuestro granito de arena a la hora de hacer un trabajo. Te presentamos unas peque\u00f1as gu\u00edas que te facilitar\u00e1n la tarea. GOOGLE ACAD\u00c9MICO Localizas informaci\u00f3n cient\u00edfica. DIALNET Puedes consultar cerca de 10.800 t\u00edtulos de &hellip; <a href=\"https:\/\/bibliotecas.unileon.es\/educacion\/quienes-somos\/hacer-un-trabajo-mini-guias\/\">Sigue leyendo <span class=\"meta-nav\">&rarr;<\/span><\/a><\/p>\n","protected":false},"author":24,"featured_media":0,"parent":12,"menu_order":0,"comment_status":"open","ping_status":"open","template":"","meta":{"_bbp_topic_count":0,"_bbp_reply_count":0,"_bbp_total_topic_count":0,"_bbp_total_reply_count":0,"_bbp_voice_count":0,"_bbp_anonymous_reply_count":0,"_bbp_topic_count_hidden":0,"_bbp_reply_count_hidden":0,"_bbp_forum_subforum_count":0,"footnotes":""},"class_list":["post-453","page","type-page","status-publish","hentry"],"_links":{"self":[{"href":"https:\/\/bibliotecas.unileon.es\/educacion\/wp-json\/wp\/v2\/pages\/453","targetHints":{"allow":["GET"]}}],"collection":[{"href":"https:\/\/bibliotecas.unileon.es\/educacion\/wp-json\/wp\/v2\/pages"}],"about":[{"href":"https:\/\/bibliotecas.unileon.es\/educacion\/wp-json\/wp\/v2\/types\/page"}],"author":[{"embeddable":true,"href":"https:\/\/bibliotecas.unileon.es\/educacion\/wp-json\/wp\/v2\/users\/24"}],"replies":[{"embeddable":true,"href":"https:\/\/bibliotecas.unileon.es\/educacion\/wp-json\/wp\/v2\/comments?post=453"}],"version-history":[{"count":1,"href":"https:\/\/bibliotecas.unileon.es\/educacion\/wp-json\/wp\/v2\/pages\/453\/revisions"}],"predecessor-version":[{"id":463,"href":"https:\/\/bibliotecas.unileon.es\/educacion\/wp-json\/wp\/v2\/pages\/453\/revisions\/463"}],"up":[{"embeddable":true,"href":"https:\/\/bibliotecas.unileon.es\/educacion\/wp-json\/wp\/v2\/pages\/12"}],"wp:attachment":[{"href":"https:\/\/bibliotecas.unileon.es\/educacion\/wp-json\/wp\/v2\/media?parent=453"}],"curies":[{"name":"wp","href":"https:\/\/api.w.org\/{rel}","templated":true}]}}