{"id":485,"date":"2014-05-05T13:09:44","date_gmt":"2014-05-05T11:09:44","guid":{"rendered":"http:\/\/bibliotecas.unileon.es\/educacion\/?page_id=485"},"modified":"2020-02-13T10:17:19","modified_gmt":"2020-02-13T08:17:19","slug":"nuestras-revistas-en-linea-exclusivamente","status":"publish","type":"page","link":"https:\/\/bibliotecas.unileon.es\/educacion\/nuestras-revistas-en-linea-exclusivamente\/","title":{"rendered":"Nuestras revistas en l\u00ednea exclusivamente"},"content":{"rendered":"\n<!-- This is the start of the WP Twitter Button code -->\n<div id=\"rk_wp_twitter_button\" style=\"margin: 0px 0px 0px 0px; float: right\"><a href=\"http:\/\/twitter.com\/share\" class=\"twitter-share-button\" data-url=\"https:\/\/bibliotecas.unileon.es\/educacion\/nuestras-revistas-en-linea-exclusivamente\/\" data-count=\"horizontal\">Tweet<\/a><script type=\"text\/javascript\" src=\"http:\/\/platform.twitter.com\/widgets.js\"><\/script><\/div>\n<!-- This is the end of the WP Twitter Button code -->\n\n<p>El factor o \u00edndice de impacto mide la repercusi\u00f3n que ha tenido una revista en la literatura cient\u00edfica a partir del an\u00e1lisis de las citaciones que han recibido los art\u00edculos que se han publicado en ella. Permite comparar revistas, establecer rankings en funci\u00f3n de este factor y reflejar la relevancia relativa de cada t\u00edtulo<\/p>\n<p>&nbsp;<\/p>\n<p>Entre el verano y el oto\u00f1o de 2018 se publicaron algunos factores de impacto en las publicaciones peri\u00f3dicas, lo que nos llev\u00f3 a revisar los t\u00edtulos existentes en la biblioteca. Observamos que muchas publicaciones electr\u00f3nicas del \u00e1mbito de la educaci\u00f3n, estaban bien posicionadas en los \u00edndices as\u00ed que las hemos incluido en el cat\u00e1logo de la biblioteca de la ULE.<\/p>\n<p><a href=\"https:\/\/bibliotecas.unileon.es\/educacion\/files\/2020\/02\/Revistas-Electr\u00f3nicas-diciembre-2019-Factor-de-Impacto.pdf\" class=\"mtli_attachment mtli_pdf\">Revistas Electr\u00f3nicas (diciembre 2019) + Factor de Impacto<\/a><\/p>\n<p>&nbsp;<\/p>\n","protected":false},"excerpt":{"rendered":"<p>Tweet El factor o \u00edndice de impacto mide la repercusi\u00f3n que ha tenido una revista en la literatura cient\u00edfica a partir del an\u00e1lisis de las citaciones que han recibido los art\u00edculos que se han publicado en ella. Permite comparar revistas, &hellip; <a href=\"https:\/\/bibliotecas.unileon.es\/educacion\/nuestras-revistas-en-linea-exclusivamente\/\">Sigue leyendo <span class=\"meta-nav\">&rarr;<\/span><\/a><\/p>\n","protected":false},"author":24,"featured_media":0,"parent":0,"menu_order":0,"comment_status":"open","ping_status":"open","template":"","meta":{"_bbp_topic_count":0,"_bbp_reply_count":0,"_bbp_total_topic_count":0,"_bbp_total_reply_count":0,"_bbp_voice_count":0,"_bbp_anonymous_reply_count":0,"_bbp_topic_count_hidden":0,"_bbp_reply_count_hidden":0,"_bbp_forum_subforum_count":0,"footnotes":""},"class_list":["post-485","page","type-page","status-publish","hentry"],"_links":{"self":[{"href":"https:\/\/bibliotecas.unileon.es\/educacion\/wp-json\/wp\/v2\/pages\/485","targetHints":{"allow":["GET"]}}],"collection":[{"href":"https:\/\/bibliotecas.unileon.es\/educacion\/wp-json\/wp\/v2\/pages"}],"about":[{"href":"https:\/\/bibliotecas.unileon.es\/educacion\/wp-json\/wp\/v2\/types\/page"}],"author":[{"embeddable":true,"href":"https:\/\/bibliotecas.unileon.es\/educacion\/wp-json\/wp\/v2\/users\/24"}],"replies":[{"embeddable":true,"href":"https:\/\/bibliotecas.unileon.es\/educacion\/wp-json\/wp\/v2\/comments?post=485"}],"version-history":[{"count":1,"href":"https:\/\/bibliotecas.unileon.es\/educacion\/wp-json\/wp\/v2\/pages\/485\/revisions"}],"predecessor-version":[{"id":558,"href":"https:\/\/bibliotecas.unileon.es\/educacion\/wp-json\/wp\/v2\/pages\/485\/revisions\/558"}],"wp:attachment":[{"href":"https:\/\/bibliotecas.unileon.es\/educacion\/wp-json\/wp\/v2\/media?parent=485"}],"curies":[{"name":"wp","href":"https:\/\/api.w.org\/{rel}","templated":true}]}}