{"id":499,"date":"2014-12-11T10:55:20","date_gmt":"2014-12-11T08:55:20","guid":{"rendered":"http:\/\/bibliotecas.unileon.es\/educacion\/?page_id=499"},"modified":"2020-03-09T11:39:08","modified_gmt":"2020-03-09T09:39:08","slug":"refworks-y-apa","status":"publish","type":"page","link":"https:\/\/bibliotecas.unileon.es\/educacion\/refworks-y-apa\/","title":{"rendered":"RefWorks, Mendeley  y el estilo APA"},"content":{"rendered":"\n<!-- This is the start of the WP Twitter Button code -->\n<div id=\"rk_wp_twitter_button\" style=\"margin: 0px 0px 0px 0px; float: right\"><a href=\"http:\/\/twitter.com\/share\" class=\"twitter-share-button\" data-url=\"https:\/\/bibliotecas.unileon.es\/educacion\/refworks-y-apa\/\" data-count=\"horizontal\">Tweet<\/a><script type=\"text\/javascript\" src=\"http:\/\/platform.twitter.com\/widgets.js\"><\/script><\/div>\n<!-- This is the end of the WP Twitter Button code -->\n\n<p><a href=\"https:\/\/www.refworks.com\/refworks2\/default.aspx?r=authentication::init&amp;groupcode=RWULeon\" target=\"_blank\" rel=\"noopener noreferrer\"><img loading=\"lazy\" decoding=\"async\" class=\"aligncenter size-medium wp-image-1022\" src=\"http:\/\/bibliotecas.unileon.es\/ciencias-economicas-empresariales\/files\/2014\/10\/logo-refworks-300x97.jpg\" alt=\"logo refworks\" width=\"300\" height=\"97\" \/><\/a><\/p>\n<ul>\n<li>RefWorks es una herramienta inform\u00e1tica que te permite almacenar en una base de datos personal las referencias bibliogr\u00e1ficas de los libros, art\u00edculos de revistas o p\u00e1ginas web que hayas utilizado para realizar un trabajo acad\u00e9mico. Y, posteriormente, esta informaci\u00f3n la podr\u00e1s utilizar para insertar citas dentro de un texto a medida que lo escribes y generar\u00a0 la lista final de referencias redactada y ordenada seg\u00fan el estilo bibliogr\u00e1fico\u00a0 APA.<\/li>\n<li>\u00a0Si utilizas RefWorks no tendr\u00e1s que memorizar las Normas APA ni redactar las referencias de una en una.<\/li>\n<\/ul>\n<p>Deja que RefWorks trabaje por ti.<\/p>\n<ul>\n<li>RefWorks funciona en l\u00ednea.<\/li>\n<li>Para poder utilizarlo s\u00f3lo tienes que crearte una cuenta desde un ordenador de la ULE. A partir de ese momento podr\u00e1s acceder a la informaci\u00f3n desde cualquier ordenador que tenga conexi\u00f3n a Internet, incluso si ya no estudias en la Universidad.<\/li>\n<li>La informaci\u00f3n est\u00e1 en la nube, no ocupa sitio en tu ordenador ni necesitas descargar ning\u00fan programa.<\/li>\n<\/ul>\n<p>&nbsp;<\/p>\n<h3><strong>Materiales de formaci\u00f3n sobre RefWorks elaborados por la Biblioteca<br \/>\n<\/strong><\/h3>\n<p>Estos son los materiales que utilizamos en nuestras formaciones:<\/p>\n<ul>\n<li><a class=\"mtli_attachment mtli_pdf mtli_attachment mtli_pdf\" href=\"http:\/\/www9.unileon.es\/ule\/wwulebig\/elibros\/manual_rf.pdf\" target=\"_blank\" rel=\"noopener noreferrer\">Manual RefWorks y APA<\/a>: curso de formaci\u00f3n para alumnos de la Facultad de CC. Econ\u00f3micas y Empresariales de la Universidad de Le\u00f3n.<\/li>\n<li><a class=\"mtli_attachment mtli_pdf mtli_attachment mtli_pdf\" href=\"http:\/\/bibliotecas.unileon.es\/ciencias-economicas-empresariales\/files\/2013\/02\/formatos-de-citacion-para-la-web.pdf\" target=\"_blank\" rel=\"noopener noreferrer\">Formatos de citaci\u00f3n<\/a><\/li>\n<li><a href=\"http:\/\/biblioteca.unileon.es\/content\/gestores-bibliogr%C3%A1ficos\" target=\"_blank\" rel=\"noopener noreferrer\">Gu\u00edas de importaci\u00f3n<\/a> Acceso a las gu\u00edas preparadas por la Biblioteca con instrucciones para a\u00f1adir referencias a RefWorks desde todas las bases de datos contratadas por la ULE, tanto de forma directa como indirecta.<\/li>\n<\/ul>\n<h1 id=\"page-title\" class=\"title\">Mendeley<\/h1>\n<div class=\"tabs\"><\/div>\n<div class=\"region region-content\">\n<div id=\"block-system-main\" class=\"block block-system\">\n<div class=\"content\">\n<div id=\"node-790\" class=\"piece-of-news node node-page\">\n<div class=\"content clearfix\">\n<div class=\"field field-name-body field-type-text-with-summary field-label-hidden\">\n<div class=\"field-items\">\n<div class=\"field-item even\">\n<p><a href=\"https:\/\/www.mendeley.com\/\" target=\"_blank\" rel=\"noopener noreferrer\"><img decoding=\"async\" src=\"https:\/\/lh3.googleusercontent.com\/-szf-CSVvkls\/USTYF9mAAEI\/AAAAAAAAD_I\/bFvERqnZY4k\/s230\/logo-mendeley.png\" alt=\"Acceso a Mendeley\" \/><\/a><\/p>\n<p>Mendeley es<\/p>\n<ul>\n<li>Una herramienta inform\u00e1tica que captura referencias bibliogr\u00e1ficas de bases de datos como Dialnet, Scopus, ABI\/Inform, Google Acad\u00e9mico, etc. y las almacena en tu biblioteca personal de referencias.<\/li>\n<li>Tambi\u00e9n permite la captura de datos a partir de documentos PDF guardados en tu ordenador personal y los almacena junto a la referencia. As\u00ed evitas tener que imprimirlos.<\/li>\n<li>Puedes utilizar la informaci\u00f3n almacenada para insertar citas a medida que escribes un trabajo y generar la lista final de referencias en formato APA 6th.<\/li>\n<li>Mendeley tambi\u00e9n es una gran red social que te permite publicar en la red tu perfil y contactar con usuarios e investigadores que comparten tus mismos intereses para intercambiar informaci\u00f3n y formar grupos.<\/li>\n<\/ul>\n<p>Si quieres ver como este gestor te ayuda con la bibliograf\u00eda, consulta el <a href=\"http:\/\/biblioteca.unileon.es\/ayuda-formacion\/gestores-bibliograficos\/mendeley\" target=\"_blank\" rel=\"noopener noreferrer\">enlace <\/a><\/p>\n<p>Nuestra compa\u00f1era Mar\u00eda del Mar Garc\u00eda Casado ha eleborado el Manual sobre Mendeley y APA que puedes consultar tambi\u00e9n<\/p>\n<p>&nbsp;<\/p>\n<p style=\"text-align: center;\"><strong>Aqu\u00ed ten\u00e9is unos ejemplos (elaborados en la Biblioteca de Econ\u00f3micas). Febrero 2020<br \/>\n<\/strong><\/p>\n<h1 class=\"entry-title\">\u00bfQu\u00e9 hay de nuevo en APA 7th sobre citas y referencias?<\/h1>\n<div class=\"entry-content\">\n<div class=\"pf-content\">\n<p>&nbsp;<\/p>\n<table>\n<tbody>\n<tr>\n<td><a href=\"https:\/\/catoute.unileon.es\/permalink\/34BUC_ULE\/4pbkoc\/alma991008728063005772\" target=\"_blank\" rel=\"noopener noreferrer\"><img loading=\"lazy\" decoding=\"async\" class=\"\" src=\"https:\/\/bibliotecas.unileon.es\/ciencias-economicas-empresariales\/files\/2020\/02\/manual-apa7th.png\" alt=\"\" width=\"253\" height=\"360\" \/><\/a><\/td>\n<td>En Octubre de 2019 se public\u00f3 una nueva edici\u00f3n (7th) del <strong><em>Publication Manual of the American Psychological Association<\/em><\/strong>.<br \/>\nEn los cap\u00edtulos 8 y 9 se desarrollan todos los aspectos relativos a APA como est\u00e1ndar bibliogr\u00e1fico, es decir, la forma de las citas dentro del texto y la lista final de referencias. En el cap\u00edtulo 10 se incluyen adem\u00e1s m\u00faltiples ejemplos.<br \/>\nTodav\u00eda no hay traducci\u00f3n al espa\u00f1ol. Tres ejemplares del Manual en ingl\u00e9s est\u00e1n disponibles en la <a href=\"https:\/\/buc-ule.primo.exlibrisgroup.com\/discovery\/fulldisplay?docid=alma991008750377605772&amp;context=U&amp;vid=34BUC_ULE:VU1_depracated_20200206_121710&amp;lang=es\" target=\"_blank\" rel=\"noopener noreferrer\">Biblioteca de la Facultad de Educaci\u00f3n<\/a><\/td>\n<\/tr>\n<\/tbody>\n<\/table>\n<p>Estos son los cambios m\u00e1s importantes introducidos repecto a la 6\u00aa edici\u00f3n.<\/p>\n<h4>1. <strong>Ya no es necesario incluir el lugar del editor en la referencia<\/strong> (libro entero o cap\u00edtulo de libro)<\/h4>\n<p><img loading=\"lazy\" decoding=\"async\" class=\"\" src=\"https:\/\/bibliotecas.unileon.es\/ciencias-economicas-empresariales\/files\/2020\/02\/no-city.jpg\" alt=\"\" width=\"490\" height=\"160\" \/><\/p>\n<h4>2. En las referencias de sitios y p\u00e1ginas web:<\/h4>\n<ul>\n<li><strong>El t\u00edtulo se pone en cursivas<\/strong><\/li>\n<li><strong>No es necesario anteponer el texto \u201cRecuperado de\u201d<\/strong> antes de la URL a menos que sea imprescindible hacer constar la fecha de consulta (s\u00f3lo para sitios cuyo contenido sea susceptible de cambiar continuamente y no dispongan de versi\u00f3n archivada).<\/li>\n<\/ul>\n<p><img loading=\"lazy\" decoding=\"async\" class=\"\" src=\"https:\/\/bibliotecas.unileon.es\/ciencias-economicas-empresariales\/files\/2020\/02\/no-recuperado-de.jpg\" alt=\"\" width=\"489\" height=\"171\" \/><\/p>\n<ul>\n<li><strong>Si la URL es demasiado larga se puede abreviar<\/strong> con un programa acortador de URLs.<\/li>\n<\/ul>\n<ul>\n<li>Antes de la URL <strong>hay que a\u00f1adir el nombre del sitio o de la web<\/strong>, excepto cuando es el mismo que figura en el campo Autor.<\/li>\n<\/ul>\n<p><img loading=\"lazy\" decoding=\"async\" class=\"\" src=\"https:\/\/bibliotecas.unileon.es\/ciencias-economicas-empresariales\/files\/2020\/02\/trolls.jpg\" alt=\"\" width=\"489\" height=\"241\" \/><\/p>\n<ul>\n<li><strong>Los blogs se consideran un tipo dentro de las publicaciones peri\u00f3dicas<\/strong>, no dentro de las p\u00e1ginas web. Por ello, el nombre del blog se pone en cursiva (como si fuera el t\u00edtulo de una revista). Y se elimina la expresi\u00f3n [Mensaje en un blog].<\/li>\n<\/ul>\n<p><img loading=\"lazy\" decoding=\"async\" class=\"\" src=\"https:\/\/bibliotecas.unileon.es\/ciencias-economicas-empresariales\/files\/2020\/02\/blog2-1.jpg\" alt=\"\" width=\"498\" height=\"285\" \/><\/p>\n<h4>3. <strong>El DOI se a\u00f1ade siempre que sea posible y en forma de URL <\/strong>(antes precedido de la expresi\u00f3n DOI:)<\/h4>\n<p><img loading=\"lazy\" decoding=\"async\" class=\"\" src=\"https:\/\/bibliotecas.unileon.es\/ciencias-economicas-empresariales\/files\/2020\/02\/godos.jpg\" alt=\"\" width=\"489\" height=\"323\" \/><\/p>\n<h4>4. <strong>Para obras de tres o m\u00e1s autores la cita en el texto incluye s\u00f3lo el primero seguido de <\/strong><em><strong>et al<\/strong>.<\/em> APA 6th mostraba hasta 6 autores la primera vez y a\u00f1ad\u00eda<em> et al<\/em>. las siguientes.<\/h4>\n<p><img loading=\"lazy\" decoding=\"async\" class=\"\" src=\"https:\/\/bibliotecas.unileon.es\/ciencias-economicas-empresariales\/files\/2020\/02\/cita-et-al.jpg\" alt=\"\" width=\"489\" height=\"169\" \/><\/p>\n<h4>5. <strong>La referencia en la lista final muestra hasta 20 autores<\/strong> (6 en APA 6th)<\/h4>\n<p><img loading=\"lazy\" decoding=\"async\" class=\"\" src=\"https:\/\/bibliotecas.unileon.es\/ciencias-economicas-empresariales\/files\/2020\/02\/7-autores.jpg\" alt=\"\" width=\"489\" height=\"241\" \/><\/p>\n<p>Para mas informaci\u00f3n consulta el texto completo en <a href=\"https:\/\/buleria.unileon.es\/handle\/10612\/11684\">BULERIA<\/a>.<\/p>\n<div class=\"printfriendly pf-alignleft\"><a class=\"noslimstat\" title=\"Printer Friendly, PDF &amp; Email\" href=\"https:\/\/bibliotecas.unileon.es\/ciencias-economicas-empresariales\/2020\/02\/26\/que-hay-de-nuevo-en-apa-7th-sobre-citas-y-referencias\/#\" rel=\"nofollow\"><img decoding=\"async\" src=\"https:\/\/cdn.printfriendly.com\/buttons\/printfriendly-pdf-button-nobg.png\" alt=\"Print Friendly, PDF &amp; Email\" \/><\/a><\/div>\n<\/div>\n<div><a title=\"\u0421\u043f\u043e\u0434\u0435\u043b\u0438 \u0432 Edno23\" href=\"http:\/\/edno23.com\/pf:open\/?loadlink=https:\/\/bibliotecas.unileon.es\/ciencias-economicas-empresariales\/2020\/02\/26\/que-hay-de-nuevo-en-apa-7th-sobre-citas-y-referencias\/&amp;loadtext=\u00bfQu\u00e9+hay+de+nuevo+en+APA+7th+sobre+citas+y+referencias?\" target=\"_blank\" rel=\"noopener noreferrer\"> <img decoding=\"async\" src=\"https:\/\/bibliotecas.unileon.es\/ciencias-economicas-empresariales\/wp-content\/plugins\/share-it\/images\/edno23.png\" alt=\"Edno23\" border=\"0\" \/> <\/a> <a title=\"\u0421\u043f\u043e\u0434\u0435\u043b\u0438 \u0432 Populqrno\" href=\"http:\/\/populqrno.com\/submit\/?url=https:\/\/bibliotecas.unileon.es\/ciencias-economicas-empresariales\/2020\/02\/26\/que-hay-de-nuevo-en-apa-7th-sobre-citas-y-referencias\/&amp;phase=1&amp;randkey=2479463&amp;id=c_1\"> <img decoding=\"async\" src=\"https:\/\/bibliotecas.unileon.es\/ciencias-economicas-empresariales\/wp-content\/plugins\/share-it\/images\/populqrno.png\" alt=\"Populqrno\" border=\"0\" \/> <\/a> <a title=\"\u0421\u043f\u043e\u0434\u0435\u043b\u0438 \u0432 Svejo\" href=\"http:\/\/svejo.net\/story\/submit_by_url?url=https:\/\/bibliotecas.unileon.es\/ciencias-economicas-empresariales\/2020\/02\/26\/que-hay-de-nuevo-en-apa-7th-sobre-citas-y-referencias\/&amp;title=\u00bfQu\u00e9+hay+de+nuevo+en+APA+7th+sobre+citas+y+referencias?\" target=\"_blank\" rel=\"noopener noreferrer\"> <img decoding=\"async\" src=\"https:\/\/bibliotecas.unileon.es\/ciencias-economicas-empresariales\/wp-content\/plugins\/share-it\/images\/svejo.png\" alt=\"Svejo\" border=\"0\" \/> <\/a> <a title=\"\u0421\u043f\u043e\u0434\u0435\u043b\u0438 \u0432 Twitter\" href=\"http:\/\/twitter.com\/home?status=\u00bfQu\u00e9+hay+de+nuevo+en+APA+7th+sobre+citas+y+referencias? - https:\/\/bibliotecas.unileon.es\/ciencias-economicas-empresariales\/2020\/02\/26\/que-hay-de-nuevo-en-apa-7th-sobre-citas-y-referencias\/\" target=\"_blank\" rel=\"noopener noreferrer\"> <img decoding=\"async\" src=\"https:\/\/bibliotecas.unileon.es\/ciencias-economicas-empresariales\/wp-content\/plugins\/share-it\/images\/twitter.png\" alt=\"Twitter\" border=\"0\" \/> <\/a> <a title=\"\u0421\u043f\u043e\u0434\u0435\u043b\u0438 \u0432 Facebook\" href=\"http:\/\/facebook.com\/sharer.php?u=https:\/\/bibliotecas.unileon.es\/ciencias-economicas-empresariales\/2020\/02\/26\/que-hay-de-nuevo-en-apa-7th-sobre-citas-y-referencias\/&amp;t=\u00bfQu\u00e9+hay+de+nuevo+en+APA+7th+sobre+citas+y+referencias?\" target=\"_blank\" rel=\"noopener noreferrer\"> <img decoding=\"async\" src=\"https:\/\/bibliotecas.unileon.es\/ciencias-economicas-empresariales\/wp-content\/plugins\/share-it\/images\/facebook.png\" alt=\"Facebook\" border=\"0\" \/> <\/a> <a title=\"\u0421\u043f\u043e\u0434\u0435\u043b\u0438 \u0432 Google Buzz\" href=\"http:\/\/www.google.com\/reader\/link?url=https:\/\/bibliotecas.unileon.es\/ciencias-economicas-empresariales\/2020\/02\/26\/que-hay-de-nuevo-en-apa-7th-sobre-citas-y-referencias\/&amp;title=\u00bfQu\u00e9+hay+de+nuevo+en+APA+7th+sobre+citas+y+referencias?&amp;srcURL=https:\/\/bibliotecas.unileon.es\/ciencias-economicas-empresariales\/2020\/02\/26\/que-hay-de-nuevo-en-apa-7th-sobre-citas-y-referencias\/\" target=\"_blank\" rel=\"noopener noreferrer\"> <img decoding=\"async\" src=\"https:\/\/bibliotecas.unileon.es\/ciencias-economicas-empresariales\/wp-content\/plugins\/share-it\/images\/google-buzz.png\" alt=\"Google Buzz\" border=\"0\" \/> <\/a><\/div>\n<\/div>\n<table class=\" aligncenter\">\n<tbody>\n<tr>\n<td><\/td>\n<td><\/td>\n<\/tr>\n<tr>\n<td><\/td>\n<td><\/td>\n<\/tr>\n<tr>\n<td><\/td>\n<td><\/td>\n<\/tr>\n<tr>\n<td><\/td>\n<td><\/td>\n<\/tr>\n<\/tbody>\n<\/table>\n<table>\n<tbody>\n<tr>\n<td><\/td>\n<\/tr>\n<tr>\n<td><\/td>\n<\/tr>\n<\/tbody>\n<\/table>\n<\/div>\n<\/div>\n<\/div>\n<\/div>\n<\/div>\n<\/div>\n<\/div>\n<\/div>\n","protected":false},"excerpt":{"rendered":"<p>Tweet RefWorks es una herramienta inform\u00e1tica que te permite almacenar en una base de datos personal las referencias bibliogr\u00e1ficas de los libros, art\u00edculos de revistas o p\u00e1ginas web que hayas utilizado para realizar un trabajo acad\u00e9mico. Y, posteriormente, esta informaci\u00f3n &hellip; <a href=\"https:\/\/bibliotecas.unileon.es\/educacion\/refworks-y-apa\/\">Sigue leyendo <span class=\"meta-nav\">&rarr;<\/span><\/a><\/p>\n","protected":false},"author":24,"featured_media":0,"parent":0,"menu_order":0,"comment_status":"open","ping_status":"open","template":"","meta":{"_bbp_topic_count":0,"_bbp_reply_count":0,"_bbp_total_topic_count":0,"_bbp_total_reply_count":0,"_bbp_voice_count":0,"_bbp_anonymous_reply_count":0,"_bbp_topic_count_hidden":0,"_bbp_reply_count_hidden":0,"_bbp_forum_subforum_count":0,"footnotes":""},"class_list":["post-499","page","type-page","status-publish","hentry"],"_links":{"self":[{"href":"https:\/\/bibliotecas.unileon.es\/educacion\/wp-json\/wp\/v2\/pages\/499","targetHints":{"allow":["GET"]}}],"collection":[{"href":"https:\/\/bibliotecas.unileon.es\/educacion\/wp-json\/wp\/v2\/pages"}],"about":[{"href":"https:\/\/bibliotecas.unileon.es\/educacion\/wp-json\/wp\/v2\/types\/page"}],"author":[{"embeddable":true,"href":"https:\/\/bibliotecas.unileon.es\/educacion\/wp-json\/wp\/v2\/users\/24"}],"replies":[{"embeddable":true,"href":"https:\/\/bibliotecas.unileon.es\/educacion\/wp-json\/wp\/v2\/comments?post=499"}],"version-history":[{"count":1,"href":"https:\/\/bibliotecas.unileon.es\/educacion\/wp-json\/wp\/v2\/pages\/499\/revisions"}],"predecessor-version":[{"id":580,"href":"https:\/\/bibliotecas.unileon.es\/educacion\/wp-json\/wp\/v2\/pages\/499\/revisions\/580"}],"wp:attachment":[{"href":"https:\/\/bibliotecas.unileon.es\/educacion\/wp-json\/wp\/v2\/media?parent=499"}],"curies":[{"name":"wp","href":"https:\/\/api.w.org\/{rel}","templated":true}]}}