{"id":6,"date":"2012-10-25T09:52:21","date_gmt":"2012-10-25T07:52:21","guid":{"rendered":"http:\/\/bibliotecas.unileon.es\/educacion\/?page_id=6"},"modified":"2020-02-13T10:50:40","modified_gmt":"2020-02-13T08:50:40","slug":"ubicacion","status":"publish","type":"page","link":"https:\/\/bibliotecas.unileon.es\/educacion\/ubicacion\/","title":{"rendered":"Ubicaci\u00f3n"},"content":{"rendered":"\n<!-- This is the start of the WP Twitter Button code -->\n<div id=\"rk_wp_twitter_button\" style=\"margin: 0px 0px 0px 0px; float: right\"><a href=\"http:\/\/twitter.com\/share\" class=\"twitter-share-button\" data-url=\"https:\/\/bibliotecas.unileon.es\/educacion\/ubicacion\/\" data-count=\"horizontal\">Tweet<\/a><script type=\"text\/javascript\" src=\"http:\/\/platform.twitter.com\/widgets.js\"><\/script><\/div>\n<!-- This is the end of the WP Twitter Button code -->\n\n<p>La biblioteca est\u00e1 en el edificio de la Facultad de Educaci\u00f3n entrando en el hall y siguiendo el pasillo que se encuentra a su derecha.<\/p>\n<p>Facultad de Educaci\u00f3n Biblioteca<\/p>\n<p>Campus de Vegazana, s\/n<\/p>\n<p>24071 Le\u00f3n<\/p>\n<p>&nbsp;<\/p>\n<p>&nbsp;<\/p>\n","protected":false},"excerpt":{"rendered":"<p>Tweet La biblioteca est\u00e1 en el edificio de la Facultad de Educaci\u00f3n entrando en el hall y siguiendo el pasillo que se encuentra a su derecha. Facultad de Educaci\u00f3n Biblioteca Campus de Vegazana, s\/n 24071 Le\u00f3n &nbsp; &nbsp;<\/p>\n","protected":false},"author":3,"featured_media":0,"parent":0,"menu_order":0,"comment_status":"closed","ping_status":"closed","template":"","meta":{"_bbp_topic_count":0,"_bbp_reply_count":0,"_bbp_total_topic_count":0,"_bbp_total_reply_count":0,"_bbp_voice_count":0,"_bbp_anonymous_reply_count":0,"_bbp_topic_count_hidden":0,"_bbp_reply_count_hidden":0,"_bbp_forum_subforum_count":0,"footnotes":""},"class_list":["post-6","page","type-page","status-publish","hentry"],"_links":{"self":[{"href":"https:\/\/bibliotecas.unileon.es\/educacion\/wp-json\/wp\/v2\/pages\/6","targetHints":{"allow":["GET"]}}],"collection":[{"href":"https:\/\/bibliotecas.unileon.es\/educacion\/wp-json\/wp\/v2\/pages"}],"about":[{"href":"https:\/\/bibliotecas.unileon.es\/educacion\/wp-json\/wp\/v2\/types\/page"}],"author":[{"embeddable":true,"href":"https:\/\/bibliotecas.unileon.es\/educacion\/wp-json\/wp\/v2\/users\/3"}],"replies":[{"embeddable":true,"href":"https:\/\/bibliotecas.unileon.es\/educacion\/wp-json\/wp\/v2\/comments?post=6"}],"version-history":[{"count":3,"href":"https:\/\/bibliotecas.unileon.es\/educacion\/wp-json\/wp\/v2\/pages\/6\/revisions"}],"predecessor-version":[{"id":109,"href":"https:\/\/bibliotecas.unileon.es\/educacion\/wp-json\/wp\/v2\/pages\/6\/revisions\/109"}],"wp:attachment":[{"href":"https:\/\/bibliotecas.unileon.es\/educacion\/wp-json\/wp\/v2\/media?parent=6"}],"curies":[{"name":"wp","href":"https:\/\/api.w.org\/{rel}","templated":true}]}}