{"id":64,"date":"2012-11-09T09:12:35","date_gmt":"2012-11-09T07:12:35","guid":{"rendered":"http:\/\/bibliotecas.unileon.es\/educacion\/?page_id=64"},"modified":"2020-02-13T09:52:25","modified_gmt":"2020-02-13T07:52:25","slug":"recursos-en-internet-interesantes-sobre-educacion","status":"publish","type":"page","link":"https:\/\/bibliotecas.unileon.es\/educacion\/recursos-en-internet-interesantes-sobre-educacion\/","title":{"rendered":"Recursos web sobre Educaci\u00f3n Infantil"},"content":{"rendered":"\n<!-- This is the start of the WP Twitter Button code -->\n<div id=\"rk_wp_twitter_button\" style=\"margin: 0px 0px 0px 0px; float: right\"><a href=\"http:\/\/twitter.com\/share\" class=\"twitter-share-button\" data-url=\"https:\/\/bibliotecas.unileon.es\/educacion\/recursos-en-internet-interesantes-sobre-educacion\/\" data-count=\"horizontal\">Tweet<\/a><script type=\"text\/javascript\" src=\"http:\/\/platform.twitter.com\/widgets.js\"><\/script><\/div>\n<!-- This is the end of the WP Twitter Button code -->\n\n<p><strong>SEDES WEB<\/strong><\/p>\n<p><strong>\u2013 Institucionales<\/strong><\/p>\n<ul>\n<li><a href=\"http:\/\/www.waece.org\/\">Asociaci\u00f3n Mundial de Educadores Infantiles<\/a>. Contiene diversas informaciones de inter\u00e9s: cursos, dosieres, revistas, etc.<\/li>\n<li><a href=\"http:\/\/www.educacion.gob.es\/cniie\">CNIIE <\/a>: Centro Nacional de Innovaci\u00f3n e Investigaci\u00f3n Educativa<\/li>\n<li><a href=\"https:\/\/www.educa.jcyl.es\/es\">Educacyl<\/a>: Portal de educaci\u00f3n de la junta de Catilla y Le\u00f3n<\/li>\n<li><a href=\"http:\/\/www.educared.net\/\">EDUCARED<\/a>: Innovaci\u00f3n educativa a trav\u00e9s de las nuevas tecnolog\u00edas<\/li>\n<li><a href=\"http:\/\/www.ite.educacion.es\/\">INTEF\u00a0 : Instituto Nacional de Tecnolog\u00edas Educativas<\/a> y Formaci\u00f3n del Profesorado<\/li>\n<li><a href=\"http:\/\/www.educacionyfp.gob.es\/portada.html\">MEFP<\/a>: Ministerio de Educaci\u00f3n y Formaci\u00f3n Profesional<\/li>\n<li><a href=\"https:\/\/www.educacion.gob.es\/teseo\/irGestionarConsulta.do\">TESEO<\/a>: Base de datos sobre Tesis Doctorales le\u00eddas en Espa\u00f1a.<\/li>\n<\/ul>\n<p><strong>\u2013 Personales<\/strong><\/p>\n<ul>\n<li><a href=\"http:\/\/www.becas.com\/\">Becas:<\/a> Informaci\u00f3n sobre becas, premios, ayudas, subvenciones y trabajo.<\/li>\n<li>Buscador de <a href=\"http:\/\/www.tumaster.com\/\">Masters<\/a> y Doctorados, seg\u00fan perfil del alumno. Tambi\u00e9n busca posibles becas.<\/li>\n<li><a href=\"http:\/\/www.eduso.net\/\">EDUSO<\/a>: Eduso es un servicio de los colectivos de Educadores Sociales que pretende ser un lugar de encuentro, di\u00e1logo, apoyo, dinamizaci\u00f3n, reflexi\u00f3n, de las personas y entidades vinculadas a la Educaci\u00f3n Social.<\/li>\n<li><a href=\"http:\/\/www.uclm.es\/profesorado\/ricardo\/soft.htm\">Materiales Multimedia Educativos y otros recursos did\u00e1cticos para Educaci\u00f3n Infantil y Primaria<\/a><\/li>\n<li><a href=\"http:\/\/peremarques.pangea.org\/\">Tecnolog\u00eda Educativa : Web de Pere Marqu\u00e9s<\/a><\/li>\n<\/ul>\n<p><strong>BASES DE DATOS<\/strong><\/p>\n<ul>\n<li><a href=\"http:\/\/www.elhuevodechocolate.com\/index.html\">El Huevo de Chocolate<\/a>: Recursos para la Educaci\u00f3n Infantil<\/li>\n<li><a href=\"http:\/\/www.waece.org\/inicio.html\">Enciclopedia online de AMEI (Asociaci\u00f3n Mundial de Educadores Infantiles<\/a><\/li>\n<li><a href=\"http:\/\/www.magislex.com\/\">MAGISLEX : Servicio de legislaci\u00f3n educativa<\/a><\/li>\n<li><a href=\"http:\/\/www.redined.mec.es\/\">REDINED <\/a>: Red de bases de datos de informaci\u00f3n Educativa patrocinada por el Ministerio<\/li>\n<\/ul>\n<p><strong>RECURSOS WEB <\/strong><\/p>\n<p><strong>\u2013 Revistas tem\u00e1ticas <\/strong><\/p>\n<ul>\n<li><a href=\"http:\/\/aulainfantil.grao.com\/\">Aula Infantil<\/a><\/li>\n<li><a href=\"http:\/\/recyt.fecyt.es\/index.php\/BORDON\">Bord\u00f3n<\/a><\/li>\n<li><a href=\"http:\/\/revistas.educa.jcyl.es\/divergaceta\/\">Divergaceta (Junta de Castilla y Le\u00f3n)<\/a><\/li>\n<li><a href=\"https:\/\/revista.uclm.es\/index.php\/rdi\">Docencia e Investigaci\u00f3n<\/a><\/li>\n<li><a href=\"http:\/\/www.educandoeninfantil.es\/\">Educando en Infantil:<\/a> Educando en Infantil es un espacio on-line para toda la comunidad educativa, dise\u00f1ado para ayudar a docentes y familias a resolver dudas sobre el desarrollo del ni\u00f1o entre los 3 y los 6 a\u00f1os.<\/li>\n<li><a href=\"http:\/\/www.edutec.es\/revista\/index.php\/edutec-e\">EDUTEC-E: Revista Electr\u00f3nica de Tecnolog\u00eda Educativa<\/a><\/li>\n<li><a href=\"http:\/\/www.enlanubetic.com.es\/\">En la nube TIC<\/a>: proyecto colaborativo de difusi\u00f3n de las TIC en el \u00e1mbito educativo<\/li>\n<li><a href=\"http:\/\/www.ugr.es\/%7Esevimeco\/revistaeticanet\/index.htm\">Etic@net<\/a><\/li>\n<li><a href=\"http:\/\/revistas.upcomillas.es\/index.php\/padresymaestros\">Padres y Maestros<\/a><\/li>\n<li><a href=\"http:\/\/www.uv.es\/RELIEVE\/\">Relieve : Revista Electr\u00f3nica de Investigaci\u00f3n y Evaluaci\u00f2n Educativa<\/a><\/li>\n<li><a href=\"http:\/\/revistas.um.es\/rie\/index\">Revista de Investigaci\u00f3n Educativa<\/a><\/li>\n<li><a href=\"http:\/\/www.uclm.es\/profesorado\/ricardo\/Periodico.htm\">REVISTA DIGITAL :\u201dEL RECREO\u201d<\/a><\/li>\n<li><a href=\"http:\/\/revistadepedagogia.org\/\">Revista Espa\u00f1ola de Pedagog\u00eda <\/a><\/li>\n<li><a href=\"http:\/\/www.rieoei.org\/presentar.php\">Revista Iberoamericana de Educaci\u00f3n<\/a><\/li>\n<\/ul>\n<p><strong>BLOGS Y WIKIS<\/strong><\/p>\n<ul>\n<li><a href=\"http:\/\/www.ayudaparamaestros.com\/\">Ayuda para Maestros<\/a>: blog con recursos TIC para todas las etapas educativas<\/li>\n<li><a href=\"http:\/\/www.elblogdemanuvelasco.com\/\">Blog de Manu Velasco, El:<\/a> El autor del blog ha reunido en su espacio cantidad de recursos dirigidos a los docentes. Es, adem\u00e1s, especialista en innovaci\u00f3n educativa y TIC y formador de profesorado. Expolearning ha situado este espacio como el mejor blog de e-learning de Espa\u00f1a y Am\u00e9rica Latina.<\/li>\n<li><a href=\"http:\/\/didactalia.net\/comunidad\/materialeducativo\">Didactalia : Contenidos digitales educativo<\/a>s<\/li>\n<li><a href=\"http:\/\/etapainfantil.blogspot.com\/\">Educaci\u00f3n Infantil<\/a><\/li>\n<li><a href=\"http:\/\/familiaycole.com\/\">Familia y Cole<\/a>: Blog educativo para padres, maestros y profesionales<\/li>\n<li><a href=\"http:\/\/lospequesdemicole.blogspot.com.es\/\">Los peques de mi cole<\/a><\/li>\n<li><a href=\"http:\/\/marife.wordpress.com\/\">RECURSOS PARA EDUCACI\u00d3N INFANTIL<\/a><\/li>\n<li><a href=\"http:\/\/blogs.ua.es\/educa06\/\">Recursos para Educaci\u00f3n Infantil<\/a><\/li>\n<li><a href=\"http:\/\/miclase.wordpress.com\/\">RECURSOS PARA NUESTRA CLASE<\/a><\/li>\n<\/ul>\n<p><strong>PORTALES TEM\u00c1TICOS<\/strong><\/p>\n<ul>\n<li><a href=\"http:\/\/www.ayudaparamaestros.com\/\">Ayuda para maestros:<\/a> Web con cantidad de herramientas y recursos del \u00e1mbito educativo<\/li>\n<li><a href=\"http:\/\/www.oei.es\/bibliotecadigital.php\">Biblioteca digital de la OEI<\/a><\/li>\n<li><a href=\"http:\/\/grupotecnologiaeducativa.es\/\">Biblioteca Virtual de Tecnolog\u00eda educativa <\/a><\/li>\n<li><a href=\"https:\/\/sites.google.com\/view\/cool-tools-for-schools\">Cool Tools for Schools<\/a>: Selecci\u00f3n de herramientas educativas de Google<\/li>\n<li><strong><a href=\"http:\/\/www.sindromedown.net\/\">Down Espa\u00f1a : p\u00e1gina dedicada al S\u00edndrome de Down<\/a><\/strong><\/li>\n<li><strong><a href=\"http:\/\/bibliowebfeteugt.es\/ciudadania-y-valores\/\">Educaci\u00f3n en Valores : Portal de FETE-UGT dedicado a la educaci\u00f3n en valores y la Educaci\u00f3n para el desarrollo <\/a><\/strong><\/li>\n<li><strong><a href=\"http:\/\/www.eduguia.net\/\">Edugu\u00eda : La enciclopedia de la educaci\u00f3n en internet\u00a0\u00a0 <\/a><\/strong><\/li>\n<li><a href=\"http:\/\/www.edured2000.net\/\">EDURED <\/a>: Comunidad virtual de recursos educativos<\/li>\n<li><u><a href=\"https:\/\/www.examtime.com\/es\/universitarios\/\">ExamTime: portal informativo para j\u00f3venes que quieren acceder a la Universidad y estudiantes universitarios.<\/a><\/u><\/li>\n<li><strong><a href=\"http:\/\/www.asperger.es\/\">Federaci\u00f3n Asperger Espa\u00f1a<\/a><\/strong><\/li>\n<li><strong><a href=\"http:\/\/fichasinfantiles.blogspot.com.es\/\">Fichas Infantiles<\/a><\/strong><\/li>\n<li><a href=\"http:\/\/www.monografias.com\/Educacion\/index.shtml\">Monograf\u00edas.com<\/a>\u00a0 Educaci\u00f3n<\/li>\n<li><a href=\"https:\/\/openlibra.com\/es\/collection\/search\/category\/educacion-biblioteca\">Open Libra Educaci\u00f3n<\/a>: Biblioteca online sobre educaci\u00f3n<\/li>\n<li><a href=\"http:\/\/www.pipoclub.com\/\">PIPO CLUB : Juegos educativos para ni\u00f1os<\/a><\/li>\n<li><a href=\"http:\/\/www3.gobiernodecanarias.org\/medusa\/ecoescuela\/ate\/\">Portal Medusa (\u00c1rea de Tecnolog\u00eda Educativa): P\u00e1gina de recursos educativos del Gobierno de Canarias<\/a><\/li>\n<li><a href=\"http:\/\/www.primeraescuela.com\/\">PRIMERA ESCUELA<\/a><\/li>\n<li><a href=\"http:\/\/rimasdecolores.blogspot.com.es\/\">Rimas de Colores:<\/a> contiene poes\u00edas, rimas infantiles, cuentos, opiniones y res\u00famenes de libros, biograf\u00edas, canciones, v\u00eddeos, juegos did\u00e1cticos online, recursos para Educaci\u00f3n Primaria, actividades interactivas para aprender ingl\u00e9s y espa\u00f1ol, dibujos para colorear,&#8230;En resumen, aprendizaje divertido y todo lo que pueda activar la inteligencia en un ni\u00f1o.<\/li>\n<li><strong><a href=\"http:\/\/www.educa.jcyl.es\/educacyl\/cm\/infantil\">Zona Infantil (Junta de Castilla y Le\u00f3n)<\/a><\/strong><\/li>\n<\/ul>\n<p><strong>\u00a0<\/strong><\/p>\n<p>Elaborado por la Biblioteca de la Facultad de Educaci\u00f3n<br \/>\nFecha de actualizaci\u00f3n: 1 de febrero de 2020.<\/p>\n","protected":false},"excerpt":{"rendered":"<p>Tweet SEDES WEB \u2013 Institucionales Asociaci\u00f3n Mundial de Educadores Infantiles. Contiene diversas informaciones de inter\u00e9s: cursos, dosieres, revistas, etc. CNIIE : Centro Nacional de Innovaci\u00f3n e Investigaci\u00f3n Educativa Educacyl: Portal de educaci\u00f3n de la junta de Catilla y Le\u00f3n EDUCARED: &hellip; <a href=\"https:\/\/bibliotecas.unileon.es\/educacion\/recursos-en-internet-interesantes-sobre-educacion\/\">Sigue leyendo <span class=\"meta-nav\">&rarr;<\/span><\/a><\/p>\n","protected":false},"author":24,"featured_media":0,"parent":0,"menu_order":0,"comment_status":"open","ping_status":"open","template":"","meta":{"_bbp_topic_count":0,"_bbp_reply_count":0,"_bbp_total_topic_count":0,"_bbp_total_reply_count":0,"_bbp_voice_count":0,"_bbp_anonymous_reply_count":0,"_bbp_topic_count_hidden":0,"_bbp_reply_count_hidden":0,"_bbp_forum_subforum_count":0,"footnotes":""},"class_list":["post-64","page","type-page","status-publish","hentry"],"_links":{"self":[{"href":"https:\/\/bibliotecas.unileon.es\/educacion\/wp-json\/wp\/v2\/pages\/64","targetHints":{"allow":["GET"]}}],"collection":[{"href":"https:\/\/bibliotecas.unileon.es\/educacion\/wp-json\/wp\/v2\/pages"}],"about":[{"href":"https:\/\/bibliotecas.unileon.es\/educacion\/wp-json\/wp\/v2\/types\/page"}],"author":[{"embeddable":true,"href":"https:\/\/bibliotecas.unileon.es\/educacion\/wp-json\/wp\/v2\/users\/24"}],"replies":[{"embeddable":true,"href":"https:\/\/bibliotecas.unileon.es\/educacion\/wp-json\/wp\/v2\/comments?post=64"}],"version-history":[{"count":10,"href":"https:\/\/bibliotecas.unileon.es\/educacion\/wp-json\/wp\/v2\/pages\/64\/revisions"}],"predecessor-version":[{"id":254,"href":"https:\/\/bibliotecas.unileon.es\/educacion\/wp-json\/wp\/v2\/pages\/64\/revisions\/254"}],"wp:attachment":[{"href":"https:\/\/bibliotecas.unileon.es\/educacion\/wp-json\/wp\/v2\/media?parent=64"}],"curies":[{"name":"wp","href":"https:\/\/api.w.org\/{rel}","templated":true}]}}