{"id":644,"date":"2016-01-27T15:02:24","date_gmt":"2016-01-27T13:02:24","guid":{"rendered":"http:\/\/bibliotecas.unileon.es\/educacion\/?page_id=644"},"modified":"2022-04-22T10:09:49","modified_gmt":"2022-04-22T08:09:49","slug":"top-35-de-los-libros-mas-prestados-del-ano-2014","status":"publish","type":"page","link":"https:\/\/bibliotecas.unileon.es\/educacion\/top-35-de-los-libros-mas-prestados-del-ano-2014\/","title":{"rendered":"Top 25 de los libros mas prestados del a\u00f1o 2021"},"content":{"rendered":"\n<!-- This is the start of the WP Twitter Button code -->\n<div id=\"rk_wp_twitter_button\" style=\"margin: 0px 0px 0px 0px; float: right\"><a href=\"http:\/\/twitter.com\/share\" class=\"twitter-share-button\" data-url=\"https:\/\/bibliotecas.unileon.es\/educacion\/top-35-de-los-libros-mas-prestados-del-ano-2014\/\" data-count=\"horizontal\">Tweet<\/a><script type=\"text\/javascript\" src=\"http:\/\/platform.twitter.com\/widgets.js\"><\/script><\/div>\n<!-- This is the end of the WP Twitter Button code -->\n\n<p>&nbsp;<\/p>\n<p><a href=\"http:\/\/bibliotecas.unileon.es\/educacion\/files\/2019\/06\/Los-libros-mas-prestados-de-2018.pdf\" class=\"mtli_attachment mtli_pdf\">Los libros mas prestados de 2018<\/a><\/p>\n<p><a href=\"http:\/\/bibliotecas.unileon.es\/educacion\/files\/2018\/02\/Los-libros-mas-prestados-de-2017.pdf\" class=\"mtli_attachment mtli_pdf\">Los libros mas prestados de 2017<\/a><\/p>\n<p><a href=\"http:\/\/bibliotecas.unileon.es\/educacion\/files\/2016\/01\/Los-libros-mas-prestados-de-2016.pdf\" class=\"mtli_attachment mtli_pdf\">Los libros mas prestados de 2016<\/a><\/p>\n<p><a href=\"http:\/\/bibliotecas.unileon.es\/educacion\/files\/2016\/01\/Los-libros-mas-prestados-de-2015-1.pdf\" class=\"mtli_attachment mtli_pdf\">Los libros mas prestados de 2015<\/a><\/p>\n<p>&nbsp;<\/p>\n<p><b>Los 25 libros m\u00e1s prestados en 2021<\/b><\/p>\n<p>&nbsp;<\/p>\n<table>\n<tbody>\n<tr>\n<td><\/td>\n<td><b>T\u00edtulo y autor<\/b><\/td>\n<td><b>Pr\u00e9stamos en 2021<\/b><\/td>\n<\/tr>\n<tr>\n<td>1<\/td>\n<td><a href=\"https:\/\/catoute.unileon.es\/discovery\/search?query=any%2ccontains%2c991008855377305772&amp;tab=Everything&amp;search_scope=MyInst_and_CI&amp;vid=34BUC_ULE:VU1&amp;lang=es&amp;offset=0\"><span style=\"font-weight: 400;\">Dise\u00f1o de mejoras educativas : formaci\u00f3n, gest\u00ed\u00f3n del conocimiento y tecnolog\u00eda<\/span><\/a><span style=\"font-weight: 400;\"> \/ Isabel Cant\u00f3n Mayo, Ruth Ca\u00f1\u00f3n Rodr\u00edguez y Mario Grande Prado [coords.]<\/span><\/td>\n<td><span style=\"font-weight: 400;\">12<\/span><\/td>\n<\/tr>\n<tr>\n<td>2<\/td>\n<td><a href=\"https:\/\/catoute.unileon.es\/discovery\/search?query=any%2ccontains%2c991008728075605772&amp;tab=Everything&amp;search_scope=MyInst_and_CI&amp;vid=34BUC_ULE:VU1&amp;lang=es&amp;offset=0\"><span style=\"font-weight: 400;\">Profesores de Ensen\u0303anza Secundaria, f\u00edsica y qu\u00edmica. Temario<\/span><\/a><span style=\"font-weight: 400;\"> \/ coordinaci\u00f3n, Isabel Garc\u00eda Lucas ; [Jes\u00fas Ruiz Mart\u00ednez, Herminio Rodr\u00edguez S\u00e1nchez, Fernando Fern\u00e1ndez Sanmart\u00edn]<\/span><\/td>\n<td><span style=\"font-weight: 400;\">12<\/span><\/td>\n<\/tr>\n<tr>\n<td>3<\/td>\n<td><a href=\"https:\/\/catoute.unileon.es\/discovery\/search?query=any%2ccontains%2c991003562839705772&amp;tab=Everything&amp;search_scope=MyInst_and_CI&amp;vid=34BUC_ULE:VU1&amp;lang=es&amp;offset=0\"><span style=\"font-weight: 400;\">Natural science. Primary 5<\/span><\/a><\/td>\n<td><span style=\"font-weight: 400;\">11<\/span><\/td>\n<\/tr>\n<tr>\n<td>4<\/td>\n<td><a href=\"https:\/\/catoute.unileon.es\/discovery\/search?query=any%2ccontains%2c991008746889705772&amp;tab=Everything&amp;search_scope=MyInst_and_CI&amp;vid=34BUC_ULE:VU1&amp;lang=es&amp;offset=0\"><span style=\"font-weight: 400;\">Estre\u0301s, burnout y mobbing : recursos y estrategias de afrontamiento : con instrumentos para su evaluaci\u00f3n<\/span><\/a><span style=\"font-weight: 400;\"> \/ Consuelo Mora\u0301n Astorga ; [pro\u0301logo de Juan Jesu\u0301s Cruz Herna\u0301ndez]<\/span><\/td>\n<td><span style=\"font-weight: 400;\">9<\/span><\/td>\n<\/tr>\n<tr>\n<td>5<\/td>\n<td><a href=\"https:\/\/catoute.unileon.es\/discovery\/search?query=any%2ccontains%2c991004586619705772&amp;tab=Everything&amp;search_scope=MyInst_and_CI&amp;vid=34BUC_ULE:VU1&amp;lang=es&amp;offset=0\"><span style=\"font-weight: 400;\">Natural sciences 6. [Class book]. Module 0, Living things<\/span><\/a><span style=\"font-weight: 400;\"> \/ [author of the adapted text, Amanda Jane McLoughlin]<\/span><\/td>\n<td><span style=\"font-weight: 400;\">9<\/span><\/td>\n<\/tr>\n<tr>\n<td>6<\/td>\n<td><a href=\"https:\/\/catoute.unileon.es\/discovery\/search?query=any%2ccontains%2c991005580569705772&amp;tab=Everything&amp;search_scope=MyInst_and_CI&amp;vid=34BUC_ULE:VU1&amp;lang=es&amp;offset=0\"><span style=\"font-weight: 400;\">Cocodrilos en el diccionario : hacia donde camina el espan\u0303ol<\/span><\/a><span style=\"font-weight: 400;\"> \/ Julio Borrego Nieto (dir.) ; Lorena Domi\u0301nguez Garci\u0301a &#8230; [et al.]<\/span><\/td>\n<td><span style=\"font-weight: 400;\">8<\/span><\/td>\n<\/tr>\n<tr>\n<td>7<\/td>\n<td><a href=\"https:\/\/catoute.unileon.es\/discovery\/search?query=any%2ccontains%2c991004054229705772&amp;tab=Everything&amp;search_scope=MyInst_and_CI&amp;vid=34BUC_ULE:VU1&amp;lang=es&amp;offset=0\"><span style=\"font-weight: 400;\">El ingenioso hidalgo Don Quijote de la Mancha<\/span><\/a><span style=\"font-weight: 400;\"> \/ compuesto por Miguel de Cervantes Saavedra ; ilustrado por el dibujante Jose\u0301 Passos<\/span><\/td>\n<td><span style=\"font-weight: 400;\">8<\/span><\/td>\n<\/tr>\n<tr>\n<td>8<\/td>\n<td><a href=\"https:\/\/catoute.unileon.es\/discovery\/search?query=any%2ccontains%2c991000061809705772&amp;tab=Everything&amp;search_scope=MyInst_and_CI&amp;vid=34BUC_ULE:VU1&amp;lang=es&amp;offset=0\"><span style=\"font-weight: 400;\">Los hilos de Ariadna : diez descubrimientos cienti\u0301ficos que cambiaron la visio\u0301n del mundo<\/span><\/a><span style=\"font-weight: 400;\"> \/ Manuel Lozano Leyva<\/span><\/td>\n<td><span style=\"font-weight: 400;\">8<\/span><\/td>\n<\/tr>\n<tr>\n<td>9<\/td>\n<td><a href=\"https:\/\/catoute.unileon.es\/discovery\/search?query=any%2ccontains%2c991005277019705772&amp;tab=Everything&amp;search_scope=MyInst_and_CI&amp;vid=34BUC_ULE:VU1&amp;lang=es&amp;offset=0\"><span style=\"font-weight: 400;\">Natural science. 3 Primary<\/span><\/a><span style=\"font-weight: 400;\"> \/ [authors, Alicia Soria, Alberto Navarro, Sergio Lo\u0301pez]<\/span><\/td>\n<td><span style=\"font-weight: 400;\">8<\/span><\/td>\n<\/tr>\n<tr>\n<td>10<\/td>\n<td><a href=\"https:\/\/catoute.unileon.es\/discovery\/search?query=any%2ccontains%2c991005285369705772&amp;tab=Everything&amp;search_scope=MyInst_and_CI&amp;vid=34BUC_ULE:VU1&amp;lang=es&amp;offset=0\"><span style=\"font-weight: 400;\">Natural science. 5 Primary<\/span><\/a><span style=\"font-weight: 400;\"> \/ [authors, Isabel Pueyo &#8230; et al.]<\/span><\/td>\n<td><span style=\"font-weight: 400;\">8<\/span><\/td>\n<\/tr>\n<tr>\n<td>11<\/td>\n<td><a href=\"https:\/\/catoute.unileon.es\/discovery\/search?query=any%2ccontains%2c991006986319705772&amp;tab=Everything&amp;search_scope=MyInst_and_CI&amp;vid=34BUC_ULE:VU1&amp;lang=es&amp;offset=0\"><span style=\"font-weight: 400;\">Ortografi\u0301a de la lengua espan\u0303ola<\/span><\/a><span style=\"font-weight: 400;\"> \/ Real Academia Espan\u0303ola, Asociacio\u0301n de Academias de la Lengua Espan\u0303ola<\/span><\/td>\n<td><span style=\"font-weight: 400;\">8<\/span><\/td>\n<\/tr>\n<tr>\n<td>12<\/td>\n<td><a href=\"https:\/\/catoute.unileon.es\/discovery\/search?query=any%2ccontains%2c991008639619705772&amp;tab=Everything&amp;search_scope=MyInst_and_CI&amp;vid=34BUC_ULE:VU1&amp;lang=es&amp;offset=0\"><span style=\"font-weight: 400;\">Historia y perspectiva actual de la Educacio\u0301n Infantil<\/span><\/a><span style=\"font-weight: 400;\"> \/ Carmen Sanchidria\u0301n, Julio Ruiz Berrio (coords.) ; C. Colmenar &#8230; [et al.]<\/span><\/td>\n<td><span style=\"font-weight: 400;\">8<\/span><\/td>\n<\/tr>\n<tr>\n<td>13<\/td>\n<td><a href=\"https:\/\/catoute.unileon.es\/discovery\/search?query=any%2ccontains%2c991000978939705772&amp;tab=Everything&amp;search_scope=MyInst_and_CI&amp;vid=34BUC_ULE:VU1&amp;lang=es&amp;offset=0\"><span style=\"font-weight: 400;\">Cuerpo en armoni\u0301a : leyes naturales del movimiento<\/span><\/a><span style=\"font-weight: 400;\"> \/ Joaqui\u0301n Benito Vallejo.<\/span><\/td>\n<td><span style=\"font-weight: 400;\">7<\/span><\/td>\n<\/tr>\n<tr>\n<td>14<\/td>\n<td><a href=\"https:\/\/catoute.unileon.es\/discovery\/search?query=any%2ccontains%2c991003561329705772&amp;tab=Everything&amp;search_scope=MyInst_and_CI&amp;vid=34BUC_ULE:VU1&amp;lang=es&amp;offset=0\"><span style=\"font-weight: 400;\">Natural science. 3 Primary<\/span><\/a><span style=\"font-weight: 400;\"> \/ supervision of Antonio Brandi Ferna\u0301ndez ; writer Mari\u0301a Antonia Ferna\u0301ndez ; managing editor Beatriz Garci\u0301a Hipo\u0301lito ; proofreading Beatriz Berjarano del Palacio, Sheila Klaiber ; illustrations Digitalartis, Jose\u0301 Luis Navarro, Marcelo Pe\u0301rez<\/span><\/td>\n<td><span style=\"font-weight: 400;\">7<\/span><\/td>\n<\/tr>\n<tr>\n<td>15<\/td>\n<td><a href=\"https:\/\/catoute.unileon.es\/discovery\/search?query=any%2ccontains%2c991004525579705772&amp;tab=Everything&amp;search_scope=MyInst_and_CI&amp;vid=34BUC_ULE:VU1&amp;lang=es&amp;offset=0\"><span style=\"font-weight: 400;\">Natural science. Primary 6<\/span><\/a><span style=\"font-weight: 400;\"> \/ author, Beatrice Sadovy ; cooperative learning consultant, Jose\u0301 Manuel Palomino<\/span><\/td>\n<td><span style=\"font-weight: 400;\">7<\/span><\/td>\n<\/tr>\n<tr>\n<td>16<\/td>\n<td><a href=\"https:\/\/catoute.unileon.es\/discovery\/search?query=any%2ccontains%2c991008728075405772&amp;tab=Everything&amp;search_scope=MyInst_and_CI&amp;vid=34BUC_ULE:VU1&amp;lang=es&amp;offset=0\"><span style=\"font-weight: 400;\">Profesores de Ensen\u0303anza Secundaria, intervenci\u00f3n sociocomunitaria. Temario<\/span><\/a><span style=\"font-weight: 400;\"> \/ [M.\u00aa Dolores Ribes Antu\u00f1a]<\/span><\/td>\n<td><span style=\"font-weight: 400;\">7<\/span><\/td>\n<\/tr>\n<tr>\n<td>17<\/td>\n<td><a href=\"https:\/\/catoute.unileon.es\/discovery\/search?query=any%2ccontains%2c991003606119705772&amp;tab=Everything&amp;search_scope=MyInst_and_CI&amp;vid=34BUC_ULE:VU1&amp;lang=es&amp;offset=0\"><span style=\"font-weight: 400;\">Psicologi\u0301a de la educacio\u0301n<\/span><\/a><span style=\"font-weight: 400;\"> \/ Gonzalo Sampascual Maicas<\/span><\/td>\n<td><span style=\"font-weight: 400;\">7<\/span><\/td>\n<\/tr>\n<tr>\n<td>18<\/td>\n<td><a href=\"https:\/\/catoute.unileon.es\/discovery\/search?query=any%2ccontains%2c991004277819705772&amp;tab=Everything&amp;search_scope=MyInst_and_CI&amp;vid=34BUC_ULE:VU1&amp;lang=es&amp;offset=0\"><span style=\"font-weight: 400;\">Carta a una maestra<\/span><\/a><span style=\"font-weight: 400;\"> \/ alumnos de la Escuela de Barbiana<\/span><\/td>\n<td><span style=\"font-weight: 400;\">6<\/span><\/td>\n<\/tr>\n<tr>\n<td>19<\/td>\n<td><a href=\"https:\/\/catoute.unileon.es\/discovery\/search?query=any%2ccontains%2c991003542459705772&amp;tab=Everything&amp;search_scope=MyInst_and_CI&amp;vid=34BUC_ULE:VU1&amp;lang=es&amp;offset=0\"><span style=\"font-weight: 400;\">Ciencias de la naturaleza. 3 Primaria<\/span><\/a><span style=\"font-weight: 400;\"> \/ autores, M.\u00aa del Mar de la Mata de la Mata, Javier Garci\u0301a Iglesias ; cooperamos para aprender Pere Pujola\u0300s Maset, Pedro A\u0301ngel Jime\u0301nez Velando ; emprendo y aprendo Ce\u0301sar Garci\u0301a-Rinco\u0301n de Castro, Jero\u0301nimo Garci\u0301a Ugarte ; proyecto PBL Juan Enri\u0301que Redondo Cantueso ; colaboradores Equipo Qurtuba ; revisores te\u0301cnicos, Mari\u0301a de Hoyos, Raquel Manchen\u0303o<\/span><\/td>\n<td><span style=\"font-weight: 400;\">6<\/span><\/td>\n<\/tr>\n<tr>\n<td>20<\/td>\n<td><a href=\"https:\/\/catoute.unileon.es\/discovery\/search?query=any%2ccontains%2c991003546299705772&amp;tab=Everything&amp;search_scope=MyInst_and_CI&amp;vid=34BUC_ULE:VU1&amp;lang=es&amp;offset=0\"><span style=\"font-weight: 400;\">Ciencias de la naturaleza. 5 Primaria<\/span><\/a><span style=\"font-weight: 400;\"> \/ lecturas Roberto Aliaga Sa\u0301nchez, Antonio Vicente Lucerga ; emprendo y aprendo Ce\u0301sar Garci\u0301a-Rinco\u0301n de Castro, Jero\u0301nimo Garci\u0301a Ugarte ; cooperamos para aprender Pere Pujola\u0300s Maset, Pedro A\u0301ngel Jime\u0301nez Velando ; proyecto PBL Juan Enri\u0301que Redondo Cantueso ; colaboradores Joaqui\u0301n Ferreiro Oliva, Mari\u0301a Generosa Luz Go\u0301mez Gira\u0301ldez, Raquel Manchen\u0303o Gonza\u0301lez ; revisor te\u0301cnico, Juan V. Ferna\u0301ndez de la Gala<\/span><\/td>\n<td><span style=\"font-weight: 400;\">6<\/span><\/td>\n<\/tr>\n<tr>\n<td>21<\/td>\n<td><a href=\"about:blank\"><span style=\"font-weight: 400;\">Ciencias de la naturaleza. 6 Primaria<\/span><\/a><span style=\"font-weight: 400;\"> \/ dirigido por Teresa Grence Ruiz ; en su elaboracio\u0301n y edicio\u0301n ha participado el siguiente equipo, texto, Susana Lobo Ferna\u0301ndez &#8230; [et al.] ; ilustracio\u0301n, Alademosca il\u00b7Ilustracio\u0301, Digitalartis ; edicio\u0301n, Rau\u0301l Carreras Soriano &#8230; [et al.] ; edicio\u0301n ejecutiva, Juan Ignacio Medina Crespo ; direccio\u0301n del proyecto, Antonio Brandi Ferna\u0301ndez ; direccio\u0301n y coordinacio\u0301n editorial de primaria, Maite Lo\u0301pez-Sa\u0301ez Rodri\u0301guez-Pin\u0303ero<\/span><\/td>\n<td><span style=\"font-weight: 400;\">6<\/span><\/td>\n<\/tr>\n<tr>\n<td>22<\/td>\n<td><a href=\"https:\/\/catoute.unileon.es\/discovery\/search?query=any%2ccontains%2c991007120169705772&amp;tab=Everything&amp;search_scope=MyInst_and_CI&amp;vid=34BUC_ULE:VU1&amp;lang=es&amp;offset=0\"><span style=\"font-weight: 400;\">Ensen\u0303ar historia del arte : una propuesta dida\u0301ctica para Primaria y Secundaria<\/span><\/a><span style=\"font-weight: 400;\"> \/ Isabel de la Cruz Soli\u0301s<\/span><\/td>\n<td><span style=\"font-weight: 400;\">6<\/span><\/td>\n<\/tr>\n<tr>\n<td>23<\/td>\n<td><a href=\"https:\/\/catoute.unileon.es\/discovery\/search?query=any%2ccontains%2c991000242849705772&amp;tab=Everything&amp;search_scope=MyInst_and_CI&amp;vid=34BUC_ULE:VU1&amp;lang=es&amp;offset=0\"><span style=\"font-weight: 400;\">Lengua castellana y literatura 3 : Secundaria Edelvives<\/span><\/a><span style=\"font-weight: 400;\"> \/ autoras, Raquel Benitez Burraco Carmen Chirivella Osma, Mar\u00eda Esperanza S\u00e1nchez V\u00e1zquez ; espacio \u00abmaker\u00bb Lourdes Carmona Fern\u00e1ndez<\/span><\/td>\n<td><span style=\"font-weight: 400;\">6<\/span><\/td>\n<\/tr>\n<tr>\n<td>24<\/td>\n<td><a href=\"https:\/\/catoute.unileon.es\/discovery\/search?query=any%2ccontains%2c991005386269705772&amp;tab=Everything&amp;search_scope=MyInst_and_CI&amp;vid=34BUC_ULE:VU1&amp;lang=es&amp;offset=0\"><span style=\"font-weight: 400;\">Lengua y literatura. ESO 4<\/span><\/a><span style=\"font-weight: 400;\"> \/ [Salvador Gutie\u0301rrez &#8230; et al.]<\/span><\/td>\n<td><span style=\"font-weight: 400;\">6<\/span><\/td>\n<\/tr>\n<tr>\n<td>25<\/td>\n<td><a href=\"https:\/\/catoute.unileon.es\/discovery\/search?query=any%2ccontains%2c991003841149705772&amp;tab=Everything&amp;search_scope=MyInst_and_CI&amp;vid=34BUC_ULE:VU1&amp;lang=es&amp;offset=0\"><span style=\"font-weight: 400;\">Medio 4 : medio natural, social y cultural. Educacio\u0301n Primaria. Segundo ciclo, cuarto curso<\/span><\/a><span style=\"font-weight: 400;\"> \/ R. Casajuana Botines &#8230; [et al.]<\/span><\/td>\n<td><span style=\"font-weight: 400;\">6<\/span><\/td>\n<\/tr>\n<\/tbody>\n<\/table>\n<p>&nbsp;<\/p>\n","protected":false},"excerpt":{"rendered":"<p>Tweet &nbsp; Los libros mas prestados de 2018 Los libros mas prestados de 2017 Los libros mas prestados de 2016 Los libros mas prestados de 2015 &nbsp; Los 25 libros m\u00e1s prestados en 2021 &nbsp; T\u00edtulo y autor Pr\u00e9stamos en &hellip; <a href=\"https:\/\/bibliotecas.unileon.es\/educacion\/top-35-de-los-libros-mas-prestados-del-ano-2014\/\">Sigue leyendo <span class=\"meta-nav\">&rarr;<\/span><\/a><\/p>\n","protected":false},"author":24,"featured_media":0,"parent":0,"menu_order":0,"comment_status":"closed","ping_status":"closed","template":"","meta":{"_bbp_topic_count":0,"_bbp_reply_count":0,"_bbp_total_topic_count":0,"_bbp_total_reply_count":0,"_bbp_voice_count":0,"_bbp_anonymous_reply_count":0,"_bbp_topic_count_hidden":0,"_bbp_reply_count_hidden":0,"_bbp_forum_subforum_count":0,"footnotes":""},"class_list":["post-644","page","type-page","status-publish","hentry"],"_links":{"self":[{"href":"https:\/\/bibliotecas.unileon.es\/educacion\/wp-json\/wp\/v2\/pages\/644","targetHints":{"allow":["GET"]}}],"collection":[{"href":"https:\/\/bibliotecas.unileon.es\/educacion\/wp-json\/wp\/v2\/pages"}],"about":[{"href":"https:\/\/bibliotecas.unileon.es\/educacion\/wp-json\/wp\/v2\/types\/page"}],"author":[{"embeddable":true,"href":"https:\/\/bibliotecas.unileon.es\/educacion\/wp-json\/wp\/v2\/users\/24"}],"replies":[{"embeddable":true,"href":"https:\/\/bibliotecas.unileon.es\/educacion\/wp-json\/wp\/v2\/comments?post=644"}],"version-history":[{"count":1,"href":"https:\/\/bibliotecas.unileon.es\/educacion\/wp-json\/wp\/v2\/pages\/644\/revisions"}],"predecessor-version":[{"id":648,"href":"https:\/\/bibliotecas.unileon.es\/educacion\/wp-json\/wp\/v2\/pages\/644\/revisions\/648"}],"wp:attachment":[{"href":"https:\/\/bibliotecas.unileon.es\/educacion\/wp-json\/wp\/v2\/media?parent=644"}],"curies":[{"name":"wp","href":"https:\/\/api.w.org\/{rel}","templated":true}]}}