{"id":8,"date":"2012-10-25T09:55:41","date_gmt":"2012-10-25T07:55:41","guid":{"rendered":"http:\/\/bibliotecas.unileon.es\/filosofia-y-letras\/?page_id=8"},"modified":"2013-09-23T09:35:36","modified_gmt":"2013-09-23T07:35:36","slug":"la-biblioteca-en-cifras","status":"publish","type":"page","link":"https:\/\/bibliotecas.unileon.es\/filosofia-y-letras\/la-biblioteca-en-cifras\/","title":{"rendered":"La biblioteca en cifras"},"content":{"rendered":"<p>La biblioteca de Filosof\u00eda y Letras cuenta con un volumen de <span style=\"font-size: large;\">45608 monograf\u00edas<\/span> y una hemeroteca compuesta por <span style=\"font-size: large;\">559 t\u00edtulos de revistas<\/span>. La tem\u00e1tica de este fondo bibliogr\u00e1fico es variada, pero principalmente abarca temas de humanidades: historia, geograf\u00eda, lenguas, literatura, biblioteconom\u00eda, etc. Adem\u00e1s, la biblioteca dispone de:<\/p>\n<p><span style=\"font-size: large;\">64 puestos de lectura\/trabajo<\/span><\/p>\n<p><span style=\"font-size: large;\">2 salas de trabajo en grupo<\/span><\/p>\n<p><span style=\"font-size: large;\">1 Aula de Grados<\/span><\/p>\n<p><span style=\"font-size: large;\">11 ordenadores para su consulta<\/span><\/p>\n\n<!-- This is the start of the WP Twitter Button code -->\n<div id=\"rk_wp_twitter_button\" style=\"margin: 0px 0px 0px 0px; float: left\"><a href=\"http:\/\/twitter.com\/share\" class=\"twitter-share-button\" data-url=\"https:\/\/bibliotecas.unileon.es\/filosofia-y-letras\/la-biblioteca-en-cifras\/\" data-count=\"horizontal\" data-via=\"letibarrionuevo\">Tweet<\/a><script type=\"text\/javascript\" src=\"http:\/\/platform.twitter.com\/widgets.js\"><\/script><\/div>\n<!-- This is the end of the WP Twitter Button code -->\n\n","protected":false},"excerpt":{"rendered":"<p>La biblioteca de Filosof\u00eda y Letras cuenta con un volumen de 45608 monograf\u00edas y una hemeroteca compuesta por 559 t\u00edtulos de revistas. La tem\u00e1tica de este fondo bibliogr\u00e1fico es variada, pero principalmente abarca temas de humanidades: historia, geograf\u00eda, lenguas, literatura, &hellip; <a href=\"https:\/\/bibliotecas.unileon.es\/filosofia-y-letras\/la-biblioteca-en-cifras\/\">Sigue leyendo <span class=\"meta-nav\">&rarr;<\/span><\/a><\/p>\n","protected":false},"author":3,"featured_media":0,"parent":0,"menu_order":0,"comment_status":"closed","ping_status":"closed","template":"","meta":{"_bbp_topic_count":0,"_bbp_reply_count":0,"_bbp_total_topic_count":0,"_bbp_total_reply_count":0,"_bbp_voice_count":0,"_bbp_anonymous_reply_count":0,"_bbp_topic_count_hidden":0,"_bbp_reply_count_hidden":0,"_bbp_forum_subforum_count":0,"_monsterinsights_skip_tracking":false,"_monsterinsights_sitenote_active":false,"_monsterinsights_sitenote_note":"","_monsterinsights_sitenote_category":0,"footnotes":""},"class_list":["post-8","page","type-page","status-publish","hentry"],"_links":{"self":[{"href":"https:\/\/bibliotecas.unileon.es\/filosofia-y-letras\/wp-json\/wp\/v2\/pages\/8","targetHints":{"allow":["GET"]}}],"collection":[{"href":"https:\/\/bibliotecas.unileon.es\/filosofia-y-letras\/wp-json\/wp\/v2\/pages"}],"about":[{"href":"https:\/\/bibliotecas.unileon.es\/filosofia-y-letras\/wp-json\/wp\/v2\/types\/page"}],"author":[{"embeddable":true,"href":"https:\/\/bibliotecas.unileon.es\/filosofia-y-letras\/wp-json\/wp\/v2\/users\/3"}],"replies":[{"embeddable":true,"href":"https:\/\/bibliotecas.unileon.es\/filosofia-y-letras\/wp-json\/wp\/v2\/comments?post=8"}],"version-history":[{"count":8,"href":"https:\/\/bibliotecas.unileon.es\/filosofia-y-letras\/wp-json\/wp\/v2\/pages\/8\/revisions"}],"predecessor-version":[{"id":1132,"href":"https:\/\/bibliotecas.unileon.es\/filosofia-y-letras\/wp-json\/wp\/v2\/pages\/8\/revisions\/1132"}],"wp:attachment":[{"href":"https:\/\/bibliotecas.unileon.es\/filosofia-y-letras\/wp-json\/wp\/v2\/media?parent=8"}],"curies":[{"name":"wp","href":"https:\/\/api.w.org\/{rel}","templated":true}]}}