{"id":10,"date":"2012-10-25T09:59:19","date_gmt":"2012-10-25T07:59:19","guid":{"rendered":"http:\/\/bibliotecas.unileon.es\/ingenierias-industrial-informatica\/?page_id=10"},"modified":"2023-11-13T19:33:40","modified_gmt":"2023-11-13T18:33:40","slug":"la-biblioteca-en-cifras","status":"publish","type":"page","link":"https:\/\/bibliotecas.unileon.es\/ingenierias-industrial-informatica\/la-biblioteca-en-cifras\/","title":{"rendered":"La biblioteca en cifras"},"content":{"rendered":"\n<!-- This is the start of the WP Twitter Button code -->\n<div id=\"rk_wp_twitter_button\" style=\"margin: 0px 0px 0px 0px; float: right\"><a href=\"http:\/\/twitter.com\/share\" class=\"twitter-share-button\" data-url=\"https:\/\/bibliotecas.unileon.es\/ingenierias-industrial-informatica\/la-biblioteca-en-cifras\/\" data-count=\"horizontal\">Tweet<\/a><script type=\"text\/javascript\" src=\"http:\/\/platform.twitter.com\/widgets.js\"><\/script><\/div>\n<!-- This is the end of the WP Twitter Button code -->\n\n<table style=\"width: 100%; height: 723px;\">\n<tbody>\n<tr style=\"height: 46px;\">\n<td style=\"border-color: #f01313; height: 46px;\">Superficie<\/td>\n<td style=\"border-color: #f01313; height: 46px;\">\n<ul style=\"list-style-type: circle;\">\n<li>315 m\u00b2<\/li>\n<\/ul>\n<\/td>\n<\/tr>\n<tr style=\"height: 141px;\">\n<td style=\"border-color: #f01313; height: 141px;\">Instalaciones<\/td>\n<td style=\"border-color: #f01313; height: 141px;\">\n<ul style=\"list-style-type: circle;\">\n<li>Dos plantas<\/li>\n<li>Todo en libre acceso<\/li>\n<li>4 salas de trabajo en grupo (2 salas para 8 personas y 2 salas para 6)<\/li>\n<li>Dos despachos profesionales<\/li>\n<\/ul>\n<\/td>\n<\/tr>\n<tr style=\"height: 46px;\">\n<td style=\"border-color: #f01313; height: 46px;\">Estanter\u00edas<\/td>\n<td style=\"border-color: #f01313; height: 46px;\">\n<ul style=\"list-style-type: circle;\">\n<li>285,50 ml<\/li>\n<\/ul>\n<\/td>\n<\/tr>\n<tr style=\"height: 46px;\">\n<td style=\"border-color: #f01313; height: 46px;\">Puestos de lectura<\/td>\n<td style=\"border-color: #f01313; height: 46px;\">\n<ul style=\"list-style-type: circle;\">\n<li>220<span style=\"color: #339966;\"><br \/>\n<\/span><\/li>\n<\/ul>\n<\/td>\n<\/tr>\n<tr style=\"height: 212px;\">\n<td style=\"border-color: #f01313; height: 212px;\">Equipos inform\u00e1ticos para el p\u00fablico<\/td>\n<td style=\"border-color: #f01313; height: 212px;\">\n<ul style=\"list-style-type: circle;\">\n<li>Port\u00e1tiles para pr\u00e9stamo:\n<ul style=\"list-style-type: circle;\">\n<li>12\u00a0 windows<\/li>\n<li>2\u00a0 linux<\/li>\n<li>1\u00a0 macOS<\/li>\n<\/ul>\n<\/li>\n<li>2 ipads (2013) para pr\u00e9stamo<\/li>\n<li>1 terminal de consulta opac<\/li>\n<li>Otros:\n<ul style=\"list-style-type: circle;\">\n<li>proyector<\/li>\n<li>monitor<\/li>\n<\/ul>\n<\/li>\n<\/ul>\n<\/td>\n<\/tr>\n<tr style=\"height: 232px;\">\n<td style=\"border-color: #f01313; height: 232px;\">Colecciones<\/td>\n<td style=\"border-color: #f01313; height: 232px;\">\n<ul style=\"list-style-type: circle;\">\n<li>Colecci\u00f3n de Publicaciones peri\u00f3dicas en papel, con 12 t\u00edtulos<\/li>\n<li>Bibliograf\u00eda b\u00e1sica, recomendada en las asignaturas de las titulaciones que se imparten en la Escuela<\/li>\n<li>Monograf\u00edas, bibliograf\u00eda complementaria de la b\u00e1sica y de apoyo a la docencia<\/li>\n<li>Colecci\u00f3n de Referencia<\/li>\n<li>Colecci\u00f3n de Trabajos fin de grado\/ m\u00e1ster<\/li>\n<li>Colecci\u00f3n de Secci\u00f3n de divulgaci\u00f3n cient\u00edfica<\/li>\n<\/ul>\n<\/td>\n<\/tr>\n<\/tbody>\n<\/table>\n<p>&nbsp;<\/p>\n","protected":false},"excerpt":{"rendered":"<p>Tweet Superficie 315 m\u00b2 Instalaciones Dos plantas Todo en libre acceso 4 salas de trabajo en grupo (2 salas para 8 personas y 2 salas para 6) Dos despachos profesionales Estanter\u00edas 285,50 ml Puestos de lectura 220 Equipos inform\u00e1ticos para &hellip; <a href=\"https:\/\/bibliotecas.unileon.es\/ingenierias-industrial-informatica\/la-biblioteca-en-cifras\/\">Sigue leyendo <span class=\"meta-nav\">&rarr;<\/span><\/a><\/p>\n","protected":false},"author":3,"featured_media":0,"parent":0,"menu_order":0,"comment_status":"closed","ping_status":"closed","template":"","meta":{"_bbp_topic_count":0,"_bbp_reply_count":0,"_bbp_total_topic_count":0,"_bbp_total_reply_count":0,"_bbp_voice_count":0,"_bbp_anonymous_reply_count":0,"_bbp_topic_count_hidden":0,"_bbp_reply_count_hidden":0,"_bbp_forum_subforum_count":0,"footnotes":""},"class_list":["post-10","page","type-page","status-publish","hentry"],"_links":{"self":[{"href":"https:\/\/bibliotecas.unileon.es\/ingenierias-industrial-informatica\/wp-json\/wp\/v2\/pages\/10","targetHints":{"allow":["GET"]}}],"collection":[{"href":"https:\/\/bibliotecas.unileon.es\/ingenierias-industrial-informatica\/wp-json\/wp\/v2\/pages"}],"about":[{"href":"https:\/\/bibliotecas.unileon.es\/ingenierias-industrial-informatica\/wp-json\/wp\/v2\/types\/page"}],"author":[{"embeddable":true,"href":"https:\/\/bibliotecas.unileon.es\/ingenierias-industrial-informatica\/wp-json\/wp\/v2\/users\/3"}],"replies":[{"embeddable":true,"href":"https:\/\/bibliotecas.unileon.es\/ingenierias-industrial-informatica\/wp-json\/wp\/v2\/comments?post=10"}],"version-history":[{"count":4,"href":"https:\/\/bibliotecas.unileon.es\/ingenierias-industrial-informatica\/wp-json\/wp\/v2\/pages\/10\/revisions"}],"predecessor-version":[{"id":4381,"href":"https:\/\/bibliotecas.unileon.es\/ingenierias-industrial-informatica\/wp-json\/wp\/v2\/pages\/10\/revisions\/4381"}],"wp:attachment":[{"href":"https:\/\/bibliotecas.unileon.es\/ingenierias-industrial-informatica\/wp-json\/wp\/v2\/media?parent=10"}],"curies":[{"name":"wp","href":"https:\/\/api.w.org\/{rel}","templated":true}]}}