{"id":14,"date":"2012-10-25T09:59:39","date_gmt":"2012-10-25T07:59:39","guid":{"rendered":"http:\/\/bibliotecas.unileon.es\/ingenierias-industrial-informatica\/?page_id=14"},"modified":"2026-02-06T10:01:35","modified_gmt":"2026-02-06T09:01:35","slug":"quienes-somos","status":"publish","type":"page","link":"https:\/\/bibliotecas.unileon.es\/ingenierias-industrial-informatica\/quienes-somos\/","title":{"rendered":"\u00bfQui\u00e9nes somos?"},"content":{"rendered":"\n<!-- This is the start of the WP Twitter Button code -->\n<div id=\"rk_wp_twitter_button\" style=\"margin: 0px 0px 0px 0px; float: right\"><a href=\"http:\/\/twitter.com\/share\" class=\"twitter-share-button\" data-url=\"https:\/\/bibliotecas.unileon.es\/ingenierias-industrial-informatica\/quienes-somos\/\" data-count=\"horizontal\">Tweet<\/a><script type=\"text\/javascript\" src=\"http:\/\/platform.twitter.com\/widgets.js\"><\/script><\/div>\n<!-- This is the end of the WP Twitter Button code -->\n\n<p>M\u00f3nica Fern\u00e1ndez Sarmiento \/ Marta Osa Cadenas<\/p>\n<p>T\u00e9cnico especialista en biblioteca<\/p>\n<p>tfno.: 987 291768<\/p>\n<p>e-mail: <a href=\"mailto:bueii3@unileon.es\" target=\"_blank\" rel=\"noopener noreferrer\">bueii3@unileon.es<\/a><\/p>\n<p>&nbsp;<\/p>\n<p>Laura Llamazares Bay\u00f3n<\/p>\n<p>T\u00e9cnico especialista en biblioteca<\/p>\n<p>tfno.: 987 291768<\/p>\n<p>e-mail: <a href=\"bueii2@unileon.es\">bueii2@unileon.es<\/a><\/p>\n<p>&nbsp;<\/p>\n<p>Isabel Villa Rodr\u00edguez<\/p>\n<p>Oficial de biblioteca<\/p>\n<p>tfno.: 987 291768<\/p>\n<p>e-mail: <a href=\"mailto:mcaslr@unileon.es\">bueii1@unileon.es<\/a><\/p>\n<p>&nbsp;<\/p>\n<p>M\u00aa Aurora Riesco Pel\u00e1ez<\/p>\n<p>Responsable de biblioteca<\/p>\n<p>tfno.: 987 291767<\/p>\n<p>e-mail: <a href=\"mailto:bueii@unileon.es\" target=\"_blank\" rel=\"noopener noreferrer\">bueii@unileon.es<\/a><\/p>\n<p>&nbsp;<\/p>\n<p>&nbsp;<\/p>\n","protected":false},"excerpt":{"rendered":"<p>Tweet M\u00f3nica Fern\u00e1ndez Sarmiento \/ Marta Osa Cadenas T\u00e9cnico especialista en biblioteca tfno.: 987 291768 e-mail: bueii3@unileon.es &nbsp; Laura Llamazares Bay\u00f3n T\u00e9cnico especialista en biblioteca tfno.: 987 291768 e-mail: bueii2@unileon.es &nbsp; Isabel Villa Rodr\u00edguez Oficial de biblioteca tfno.: 987 291768 &hellip; <a href=\"https:\/\/bibliotecas.unileon.es\/ingenierias-industrial-informatica\/quienes-somos\/\">Sigue leyendo <span class=\"meta-nav\">&rarr;<\/span><\/a><\/p>\n","protected":false},"author":3,"featured_media":0,"parent":0,"menu_order":0,"comment_status":"closed","ping_status":"closed","template":"","meta":{"_bbp_topic_count":0,"_bbp_reply_count":0,"_bbp_total_topic_count":0,"_bbp_total_reply_count":0,"_bbp_voice_count":0,"_bbp_anonymous_reply_count":0,"_bbp_topic_count_hidden":0,"_bbp_reply_count_hidden":0,"_bbp_forum_subforum_count":0,"footnotes":""},"class_list":["post-14","page","type-page","status-publish","hentry"],"_links":{"self":[{"href":"https:\/\/bibliotecas.unileon.es\/ingenierias-industrial-informatica\/wp-json\/wp\/v2\/pages\/14","targetHints":{"allow":["GET"]}}],"collection":[{"href":"https:\/\/bibliotecas.unileon.es\/ingenierias-industrial-informatica\/wp-json\/wp\/v2\/pages"}],"about":[{"href":"https:\/\/bibliotecas.unileon.es\/ingenierias-industrial-informatica\/wp-json\/wp\/v2\/types\/page"}],"author":[{"embeddable":true,"href":"https:\/\/bibliotecas.unileon.es\/ingenierias-industrial-informatica\/wp-json\/wp\/v2\/users\/3"}],"replies":[{"embeddable":true,"href":"https:\/\/bibliotecas.unileon.es\/ingenierias-industrial-informatica\/wp-json\/wp\/v2\/comments?post=14"}],"version-history":[{"count":10,"href":"https:\/\/bibliotecas.unileon.es\/ingenierias-industrial-informatica\/wp-json\/wp\/v2\/pages\/14\/revisions"}],"predecessor-version":[{"id":4768,"href":"https:\/\/bibliotecas.unileon.es\/ingenierias-industrial-informatica\/wp-json\/wp\/v2\/pages\/14\/revisions\/4768"}],"wp:attachment":[{"href":"https:\/\/bibliotecas.unileon.es\/ingenierias-industrial-informatica\/wp-json\/wp\/v2\/media?parent=14"}],"curies":[{"name":"wp","href":"https:\/\/api.w.org\/{rel}","templated":true}]}}